{"id":1768,"date":"2024-02-02T09:51:09","date_gmt":"2024-02-02T08:51:09","guid":{"rendered":"https:\/\/www.domainesrichard.fr\/chateau-de-corcelles\/?post_type=product&#038;p=1768"},"modified":"2025-10-07T08:05:37","modified_gmt":"2025-10-07T06:05:37","slug":"fleurie-poncie-2022","status":"publish","type":"product","link":"https:\/\/www.domainesrichard.fr\/chateau-de-corcelles\/en\/wine\/fleurie-poncie-2022\/","title":{"rendered":"Fleurie Ponci\u00e9 <span class='vintage the_title'>2022<\/span>"},"content":{"rendered":"<p>Within the setting of Ch\u00e2teau de Corcelles, under the Beaujolais sky, the magic of our Fleurie Ponci\u00e9, a remarkable named place, begins to bloom. Old vines, cradled by pink granite, whisper aromas of black fruits and mineral essences. This wine sketches a harmony between strength and finesse in the mouth, revealing the soul of our sloped vineyards. In Fleurie Ponci\u00e9 is an invitation to savor the moment, an ode to the nourishing earth, captured in the brilliance of a glass. Discover the quintessence of our Fleurie plots, where every drop celebrates the meeting of time and passion.<\/p>","protected":false},"excerpt":{"rendered":"<p>Within the setting of Ch\u00e2teau de Corcelles, under the Beaujolais sky, the magic of our Fleurie Ponci\u00e9, a remarkable named place, begins to bloom. Old vines, cradled by pink granite, whisper aromas of black fruits and mineral essences. This wine sketches a harmony between strength and finesse in the mouth, revealing the soul of our [&hellip;]<\/p>","protected":false},"featured_media":2316,"template":"","meta":{"_acf_changed":false},"product_brand":[],"product_cat":[109],"product_tag":[],"class_list":{"0":"post-1768","1":"product","2":"type-product","3":"status-publish","4":"has-post-thumbnail","6":"product_cat-fleurie-poncie-en","8":"first","9":"instock","10":"taxable","11":"shipping-taxable","12":"purchasable","13":"product-type-simple"},"acf":[],"yoast_head":"<!-- This site is optimized with the Yoast SEO plugin v27.0 - https:\/\/yoast.com\/product\/yoast-seo-wordpress\/ -->\n<title>Fleurie Poncie 2022 - Ch\u00e2teau de Corcelles<\/title>\n<meta name=\"description\" content=\"On the remarkable Ponci\u00e9 lieu-dit, our old Fleurie vines offer an intensely fruity and complex interlude. A Ch\u00e2teau de Corcelles unique moment .\" \/>\n<meta name=\"robots\" content=\"index, follow, max-snippet:-1, max-image-preview:large, max-video-preview:-1\" \/>\n<link rel=\"canonical\" href=\"https:\/\/www.domainesrichard.fr\/chateau-de-corcelles\/en\/wine\/fleurie-poncie-2022\/\" \/>\n<meta property=\"og:locale\" content=\"en_US\" \/>\n<meta property=\"og:type\" content=\"article\" \/>\n<meta property=\"og:title\" content=\"Fleurie Poncie 2022 - Ch\u00e2teau de Corcelles\" \/>\n<meta property=\"og:description\" content=\"On the remarkable Ponci\u00e9 lieu-dit, our old Fleurie vines offer an intensely fruity and complex interlude. A Ch\u00e2teau de Corcelles unique moment .\" \/>\n<meta property=\"og:url\" content=\"https:\/\/www.domainesrichard.fr\/chateau-de-corcelles\/en\/wine\/fleurie-poncie-2022\/\" \/>\n<meta property=\"og:site_name\" content=\"Ch\u00e2teau de Corcelles\" \/>\n<meta property=\"article:publisher\" content=\"https:\/\/www.facebook.com\/chateaudecorcellesenbeaujolais\" \/>\n<meta property=\"article:modified_time\" content=\"2025-10-07T06:05:37+00:00\" \/>\n<meta property=\"og:image\" content=\"https:\/\/www.domainesrichard.fr\/chateau-de-corcelles\/wp-content\/uploads\/sites\/2\/2024\/02\/CORCELLES-PONCIE-ROUGE.jpg\" \/>\n\t<meta property=\"og:image:width\" content=\"600\" \/>\n\t<meta property=\"og:image:height\" content=\"600\" \/>\n\t<meta property=\"og:image:type\" content=\"image\/jpeg\" \/>\n<meta name=\"twitter:card\" content=\"summary_large_image\" \/>\n<meta name=\"twitter:label1\" content=\"Est. reading time\" \/>\n\t<meta name=\"twitter:data1\" content=\"1 minute\" \/>\n<script type=\"application\/ld+json\" class=\"yoast-schema-graph\">{\"@context\":\"https:\/\/schema.org\",\"@graph\":[{\"@type\":\"WebPage\",\"@id\":\"https:\/\/www.domainesrichard.fr\/chateau-de-corcelles\/en\/wine\/fleurie-poncie-2022\/\",\"url\":\"https:\/\/www.domainesrichard.fr\/chateau-de-corcelles\/en\/wine\/fleurie-poncie-2022\/\",\"name\":\"Fleurie Poncie 2022 - Ch\u00e2teau de Corcelles\",\"isPartOf\":{\"@id\":\"https:\/\/www.domainesrichard.fr\/chateau-de-corcelles\/en\/#website\"},\"primaryImageOfPage\":{\"@id\":\"https:\/\/www.domainesrichard.fr\/chateau-de-corcelles\/en\/wine\/fleurie-poncie-2022\/#primaryimage\"},\"image\":{\"@id\":\"https:\/\/www.domainesrichard.fr\/chateau-de-corcelles\/en\/wine\/fleurie-poncie-2022\/#primaryimage\"},\"thumbnailUrl\":\"https:\/\/www.domainesrichard.fr\/chateau-de-corcelles\/wp-content\/uploads\/sites\/2\/2024\/02\/CORCELLES-PONCIE-ROUGE.jpg\",\"datePublished\":\"2024-02-02T08:51:09+00:00\",\"dateModified\":\"2025-10-07T06:05:37+00:00\",\"description\":\"On the remarkable Ponci\u00e9 lieu-dit, our old Fleurie vines offer an intensely fruity and complex interlude. A Ch\u00e2teau de Corcelles unique moment .\",\"breadcrumb\":{\"@id\":\"https:\/\/www.domainesrichard.fr\/chateau-de-corcelles\/en\/wine\/fleurie-poncie-2022\/#breadcrumb\"},\"inLanguage\":\"en-US\",\"potentialAction\":[{\"@type\":\"ReadAction\",\"target\":[\"https:\/\/www.domainesrichard.fr\/chateau-de-corcelles\/en\/wine\/fleurie-poncie-2022\/\"]}]},{\"@type\":\"ImageObject\",\"inLanguage\":\"en-US\",\"@id\":\"https:\/\/www.domainesrichard.fr\/chateau-de-corcelles\/en\/wine\/fleurie-poncie-2022\/#primaryimage\",\"url\":\"https:\/\/www.domainesrichard.fr\/chateau-de-corcelles\/wp-content\/uploads\/sites\/2\/2024\/02\/CORCELLES-PONCIE-ROUGE.jpg\",\"contentUrl\":\"https:\/\/www.domainesrichard.fr\/chateau-de-corcelles\/wp-content\/uploads\/sites\/2\/2024\/02\/CORCELLES-PONCIE-ROUGE.jpg\",\"width\":600,\"height\":600,\"caption\":\"Fleurie Ponci\u00e9\"},{\"@type\":\"BreadcrumbList\",\"@id\":\"https:\/\/www.domainesrichard.fr\/chateau-de-corcelles\/en\/wine\/fleurie-poncie-2022\/#breadcrumb\",\"itemListElement\":[{\"@type\":\"ListItem\",\"position\":1,\"name\":\"Wines\",\"item\":\"https:\/\/www.domainesrichard.fr\/chateau-de-corcelles\/en\/wines\/\"},{\"@type\":\"ListItem\",\"position\":2,\"name\":\"Fleurie Ponci\u00e9 2022\"}]},{\"@type\":\"WebSite\",\"@id\":\"https:\/\/www.domainesrichard.fr\/chateau-de-corcelles\/en\/#website\",\"url\":\"https:\/\/www.domainesrichard.fr\/chateau-de-corcelles\/en\/\",\"name\":\"Ch\u00e2teau de Corcelles\",\"description\":\"L&#039;\u00e2me du Beaujolais\",\"publisher\":{\"@id\":\"https:\/\/www.domainesrichard.fr\/chateau-de-corcelles\/en\/#organization\"},\"potentialAction\":[{\"@type\":\"SearchAction\",\"target\":{\"@type\":\"EntryPoint\",\"urlTemplate\":\"https:\/\/www.domainesrichard.fr\/chateau-de-corcelles\/en\/?s={search_term_string}\"},\"query-input\":{\"@type\":\"PropertyValueSpecification\",\"valueRequired\":true,\"valueName\":\"search_term_string\"}}],\"inLanguage\":\"en-US\"},{\"@type\":\"Organization\",\"@id\":\"https:\/\/www.domainesrichard.fr\/chateau-de-corcelles\/en\/#organization\",\"name\":\"Ch\u00e2teau de Corcelles\",\"url\":\"https:\/\/www.domainesrichard.fr\/chateau-de-corcelles\/en\/\",\"logo\":{\"@type\":\"ImageObject\",\"inLanguage\":\"en-US\",\"@id\":\"https:\/\/www.domainesrichard.fr\/chateau-de-corcelles\/en\/#\/schema\/logo\/image\/\",\"url\":\"https:\/\/www.domainesrichard.fr\/chateau-de-corcelles\/wp-content\/uploads\/sites\/2\/2022\/02\/chateau-de-corcelles-logo.png\",\"contentUrl\":\"https:\/\/www.domainesrichard.fr\/chateau-de-corcelles\/wp-content\/uploads\/sites\/2\/2022\/02\/chateau-de-corcelles-logo.png\",\"width\":600,\"height\":503,\"caption\":\"Ch\u00e2teau de Corcelles\"},\"image\":{\"@id\":\"https:\/\/www.domainesrichard.fr\/chateau-de-corcelles\/en\/#\/schema\/logo\/image\/\"},\"sameAs\":[\"https:\/\/www.facebook.com\/chateaudecorcellesenbeaujolais\",\"https:\/\/www.instagram.com\/chateaudecorcelles\",\"https:\/\/www.linkedin.com\/company\/domaines-richard\"]}]}<\/script>\n<!-- \/ Yoast SEO plugin. -->","yoast_head_json":{"title":"Fleurie Poncie 2022 - Ch\u00e2teau de Corcelles","description":"On the remarkable Ponci\u00e9 lieu-dit, our old Fleurie vines offer an intensely fruity and complex interlude. A Ch\u00e2teau de Corcelles unique moment .","robots":{"index":"index","follow":"follow","max-snippet":"max-snippet:-1","max-image-preview":"max-image-preview:large","max-video-preview":"max-video-preview:-1"},"canonical":"https:\/\/www.domainesrichard.fr\/chateau-de-corcelles\/en\/wine\/fleurie-poncie-2022\/","og_locale":"en_US","og_type":"article","og_title":"Fleurie Poncie 2022 - Ch\u00e2teau de Corcelles","og_description":"On the remarkable Ponci\u00e9 lieu-dit, our old Fleurie vines offer an intensely fruity and complex interlude. A Ch\u00e2teau de Corcelles unique moment .","og_url":"https:\/\/www.domainesrichard.fr\/chateau-de-corcelles\/en\/wine\/fleurie-poncie-2022\/","og_site_name":"Ch\u00e2teau de Corcelles","article_publisher":"https:\/\/www.facebook.com\/chateaudecorcellesenbeaujolais","article_modified_time":"2025-10-07T06:05:37+00:00","og_image":[{"width":600,"height":600,"url":"https:\/\/www.domainesrichard.fr\/chateau-de-corcelles\/wp-content\/uploads\/sites\/2\/2024\/02\/CORCELLES-PONCIE-ROUGE.jpg","type":"image\/jpeg"}],"twitter_card":"summary_large_image","twitter_misc":{"Est. reading time":"1 minute"},"schema":{"@context":"https:\/\/schema.org","@graph":[{"@type":"WebPage","@id":"https:\/\/www.domainesrichard.fr\/chateau-de-corcelles\/en\/wine\/fleurie-poncie-2022\/","url":"https:\/\/www.domainesrichard.fr\/chateau-de-corcelles\/en\/wine\/fleurie-poncie-2022\/","name":"Fleurie Poncie 2022 - Ch\u00e2teau de Corcelles","isPartOf":{"@id":"https:\/\/www.domainesrichard.fr\/chateau-de-corcelles\/en\/#website"},"primaryImageOfPage":{"@id":"https:\/\/www.domainesrichard.fr\/chateau-de-corcelles\/en\/wine\/fleurie-poncie-2022\/#primaryimage"},"image":{"@id":"https:\/\/www.domainesrichard.fr\/chateau-de-corcelles\/en\/wine\/fleurie-poncie-2022\/#primaryimage"},"thumbnailUrl":"https:\/\/www.domainesrichard.fr\/chateau-de-corcelles\/wp-content\/uploads\/sites\/2\/2024\/02\/CORCELLES-PONCIE-ROUGE.jpg","datePublished":"2024-02-02T08:51:09+00:00","dateModified":"2025-10-07T06:05:37+00:00","description":"On the remarkable Ponci\u00e9 lieu-dit, our old Fleurie vines offer an intensely fruity and complex interlude. A Ch\u00e2teau de Corcelles unique moment .","breadcrumb":{"@id":"https:\/\/www.domainesrichard.fr\/chateau-de-corcelles\/en\/wine\/fleurie-poncie-2022\/#breadcrumb"},"inLanguage":"en-US","potentialAction":[{"@type":"ReadAction","target":["https:\/\/www.domainesrichard.fr\/chateau-de-corcelles\/en\/wine\/fleurie-poncie-2022\/"]}]},{"@type":"ImageObject","inLanguage":"en-US","@id":"https:\/\/www.domainesrichard.fr\/chateau-de-corcelles\/en\/wine\/fleurie-poncie-2022\/#primaryimage","url":"https:\/\/www.domainesrichard.fr\/chateau-de-corcelles\/wp-content\/uploads\/sites\/2\/2024\/02\/CORCELLES-PONCIE-ROUGE.jpg","contentUrl":"https:\/\/www.domainesrichard.fr\/chateau-de-corcelles\/wp-content\/uploads\/sites\/2\/2024\/02\/CORCELLES-PONCIE-ROUGE.jpg","width":600,"height":600,"caption":"Fleurie Ponci\u00e9"},{"@type":"BreadcrumbList","@id":"https:\/\/www.domainesrichard.fr\/chateau-de-corcelles\/en\/wine\/fleurie-poncie-2022\/#breadcrumb","itemListElement":[{"@type":"ListItem","position":1,"name":"Wines","item":"https:\/\/www.domainesrichard.fr\/chateau-de-corcelles\/en\/wines\/"},{"@type":"ListItem","position":2,"name":"Fleurie Ponci\u00e9 2022"}]},{"@type":"WebSite","@id":"https:\/\/www.domainesrichard.fr\/chateau-de-corcelles\/en\/#website","url":"https:\/\/www.domainesrichard.fr\/chateau-de-corcelles\/en\/","name":"Ch\u00e2teau de Corcelles","description":"L&#039;\u00e2me du Beaujolais","publisher":{"@id":"https:\/\/www.domainesrichard.fr\/chateau-de-corcelles\/en\/#organization"},"potentialAction":[{"@type":"SearchAction","target":{"@type":"EntryPoint","urlTemplate":"https:\/\/www.domainesrichard.fr\/chateau-de-corcelles\/en\/?s={search_term_string}"},"query-input":{"@type":"PropertyValueSpecification","valueRequired":true,"valueName":"search_term_string"}}],"inLanguage":"en-US"},{"@type":"Organization","@id":"https:\/\/www.domainesrichard.fr\/chateau-de-corcelles\/en\/#organization","name":"Ch\u00e2teau de Corcelles","url":"https:\/\/www.domainesrichard.fr\/chateau-de-corcelles\/en\/","logo":{"@type":"ImageObject","inLanguage":"en-US","@id":"https:\/\/www.domainesrichard.fr\/chateau-de-corcelles\/en\/#\/schema\/logo\/image\/","url":"https:\/\/www.domainesrichard.fr\/chateau-de-corcelles\/wp-content\/uploads\/sites\/2\/2022\/02\/chateau-de-corcelles-logo.png","contentUrl":"https:\/\/www.domainesrichard.fr\/chateau-de-corcelles\/wp-content\/uploads\/sites\/2\/2022\/02\/chateau-de-corcelles-logo.png","width":600,"height":503,"caption":"Ch\u00e2teau de Corcelles"},"image":{"@id":"https:\/\/www.domainesrichard.fr\/chateau-de-corcelles\/en\/#\/schema\/logo\/image\/"},"sameAs":["https:\/\/www.facebook.com\/chateaudecorcellesenbeaujolais","https:\/\/www.instagram.com\/chateaudecorcelles","https:\/\/www.linkedin.com\/company\/domaines-richard"]}]}},"_links":{"self":[{"href":"https:\/\/www.domainesrichard.fr\/chateau-de-corcelles\/en\/wp-json\/wp\/v2\/product\/1768","targetHints":{"allow":["GET"]}}],"collection":[{"href":"https:\/\/www.domainesrichard.fr\/chateau-de-corcelles\/en\/wp-json\/wp\/v2\/product"}],"about":[{"href":"https:\/\/www.domainesrichard.fr\/chateau-de-corcelles\/en\/wp-json\/wp\/v2\/types\/product"}],"wp:featuredmedia":[{"embeddable":true,"href":"https:\/\/www.domainesrichard.fr\/chateau-de-corcelles\/en\/wp-json\/wp\/v2\/media\/2316"}],"wp:attachment":[{"href":"https:\/\/www.domainesrichard.fr\/chateau-de-corcelles\/en\/wp-json\/wp\/v2\/media?parent=1768"}],"wp:term":[{"taxonomy":"product_brand","embeddable":true,"href":"https:\/\/www.domainesrichard.fr\/chateau-de-corcelles\/en\/wp-json\/wp\/v2\/product_brand?post=1768"},{"taxonomy":"product_cat","embeddable":true,"href":"https:\/\/www.domainesrichard.fr\/chateau-de-corcelles\/en\/wp-json\/wp\/v2\/product_cat?post=1768"},{"taxonomy":"product_tag","embeddable":true,"href":"https:\/\/www.domainesrichard.fr\/chateau-de-corcelles\/en\/wp-json\/wp\/v2\/product_tag?post=1768"}],"curies":[{"name":"wp","href":"https:\/\/api.w.org\/{rel}","templated":true}]}}