{"id":2929,"date":"2025-04-14T13:37:28","date_gmt":"2025-04-14T11:37:29","guid":{"rendered":"https:\/\/www.domainesrichard.fr\/chateau-de-corcelles\/?post_type=product&#038;p=2929"},"modified":"2025-04-14T13:56:02","modified_gmt":"2025-04-14T11:56:02","slug":"rose-dune-nuit-2024","status":"publish","type":"product","link":"https:\/\/www.domainesrichard.fr\/chateau-de-corcelles\/en\/wine\/rose-dune-nuit-2024\/","title":{"rendered":"Ros\u00e9 d&#8217;une Nuit <span class='vintage the_title'>2024<\/span>"},"content":{"rendered":"<p>So pale pink in color it would make other ros\u00e9s blush. As crisp as summer fruit and as fresh as the &#8220;dew of a night&#8221;. The &#8220;Ros\u00e9 d&#8217;une Nuit&#8221; takes its name from how it is made. Nights are short during the harvest, only 4 to 6 hours, as is the maceration process. An intensely fruity and gourmet gamay, this wine is a godsend for summertime cooking!<\/p>","protected":false},"excerpt":{"rendered":"<p>So pale pink in color it would make other ros\u00e9s blush. As crisp as summer fruit and as fresh as the &#8220;dew of a night&#8221;. The &#8220;Ros\u00e9 d&#8217;une Nuit&#8221; takes its name from how it is made. Nights are short during the harvest, only 4 to 6 hours, as is the maceration process. An intensely [&hellip;]<\/p>","protected":false},"featured_media":2328,"template":"","meta":{"_acf_changed":false},"product_brand":[],"product_cat":[67],"product_tag":[],"class_list":{"0":"post-2929","1":"product","2":"type-product","3":"status-publish","4":"has-post-thumbnail","6":"product_cat-rose-dune-nuit-en","8":"first","9":"instock","10":"taxable","11":"shipping-taxable","12":"purchasable","13":"product-type-simple"},"acf":[],"yoast_head":"<!-- This site is optimized with the Yoast SEO plugin v27.0 - https:\/\/yoast.com\/product\/yoast-seo-wordpress\/ -->\n<title>Beaujolais &#039;Ros\u00e9 d&#039;une Nuit&#039; 2024 - Ch\u00e2teau de Corcelles<\/title>\n<meta name=\"description\" content=\"An intensely fruity and indulgent gamay ros\u00e9. The wine takes its name from its production: short harvests of 4 to 6 hours and short maceration.\" \/>\n<meta name=\"robots\" content=\"index, follow, max-snippet:-1, max-image-preview:large, max-video-preview:-1\" \/>\n<link rel=\"canonical\" href=\"https:\/\/www.domainesrichard.fr\/chateau-de-corcelles\/en\/wine\/rose-dune-nuit-2024\/\" \/>\n<meta property=\"og:locale\" content=\"en_US\" \/>\n<meta property=\"og:type\" content=\"article\" \/>\n<meta property=\"og:title\" content=\"Beaujolais &#039;Ros\u00e9 d&#039;une Nuit&#039; 2024 - Ch\u00e2teau de Corcelles\" \/>\n<meta property=\"og:description\" content=\"An intensely fruity and indulgent gamay ros\u00e9. The wine takes its name from its production: short harvests of 4 to 6 hours and short maceration.\" \/>\n<meta property=\"og:url\" content=\"https:\/\/www.domainesrichard.fr\/chateau-de-corcelles\/en\/wine\/rose-dune-nuit-2024\/\" \/>\n<meta property=\"og:site_name\" content=\"Ch\u00e2teau de Corcelles\" \/>\n<meta property=\"article:publisher\" content=\"https:\/\/www.facebook.com\/chateaudecorcellesenbeaujolais\" \/>\n<meta property=\"article:modified_time\" content=\"2025-04-14T11:56:02+00:00\" \/>\n<meta property=\"og:image\" content=\"https:\/\/www.domainesrichard.fr\/chateau-de-corcelles\/wp-content\/uploads\/sites\/2\/2024\/03\/CORCELLES-ROSE-DUNE-NUIT-ROSE.jpg\" \/>\n\t<meta property=\"og:image:width\" content=\"600\" \/>\n\t<meta property=\"og:image:height\" content=\"600\" \/>\n\t<meta property=\"og:image:type\" content=\"image\/jpeg\" \/>\n<meta name=\"twitter:card\" content=\"summary_large_image\" \/>\n<meta name=\"twitter:label1\" content=\"Est. reading time\" \/>\n\t<meta name=\"twitter:data1\" content=\"1 minute\" \/>\n<script type=\"application\/ld+json\" class=\"yoast-schema-graph\">{\"@context\":\"https:\/\/schema.org\",\"@graph\":[{\"@type\":\"WebPage\",\"@id\":\"https:\/\/www.domainesrichard.fr\/chateau-de-corcelles\/en\/wine\/rose-dune-nuit-2024\/\",\"url\":\"https:\/\/www.domainesrichard.fr\/chateau-de-corcelles\/en\/wine\/rose-dune-nuit-2024\/\",\"name\":\"Beaujolais 'Ros\u00e9 d'une Nuit' 2024 - Ch\u00e2teau de Corcelles\",\"isPartOf\":{\"@id\":\"https:\/\/www.domainesrichard.fr\/chateau-de-corcelles\/en\/#website\"},\"primaryImageOfPage\":{\"@id\":\"https:\/\/www.domainesrichard.fr\/chateau-de-corcelles\/en\/wine\/rose-dune-nuit-2024\/#primaryimage\"},\"image\":{\"@id\":\"https:\/\/www.domainesrichard.fr\/chateau-de-corcelles\/en\/wine\/rose-dune-nuit-2024\/#primaryimage\"},\"thumbnailUrl\":\"https:\/\/www.domainesrichard.fr\/chateau-de-corcelles\/wp-content\/uploads\/sites\/2\/2024\/03\/CORCELLES-ROSE-DUNE-NUIT-ROSE.jpg\",\"datePublished\":\"2025-04-14T11:37:29+00:00\",\"dateModified\":\"2025-04-14T11:56:02+00:00\",\"description\":\"An intensely fruity and indulgent gamay ros\u00e9. The wine takes its name from its production: short harvests of 4 to 6 hours and short maceration.\",\"breadcrumb\":{\"@id\":\"https:\/\/www.domainesrichard.fr\/chateau-de-corcelles\/en\/wine\/rose-dune-nuit-2024\/#breadcrumb\"},\"inLanguage\":\"en-US\",\"potentialAction\":[{\"@type\":\"ReadAction\",\"target\":[\"https:\/\/www.domainesrichard.fr\/chateau-de-corcelles\/en\/wine\/rose-dune-nuit-2024\/\"]}]},{\"@type\":\"ImageObject\",\"inLanguage\":\"en-US\",\"@id\":\"https:\/\/www.domainesrichard.fr\/chateau-de-corcelles\/en\/wine\/rose-dune-nuit-2024\/#primaryimage\",\"url\":\"https:\/\/www.domainesrichard.fr\/chateau-de-corcelles\/wp-content\/uploads\/sites\/2\/2024\/03\/CORCELLES-ROSE-DUNE-NUIT-ROSE.jpg\",\"contentUrl\":\"https:\/\/www.domainesrichard.fr\/chateau-de-corcelles\/wp-content\/uploads\/sites\/2\/2024\/03\/CORCELLES-ROSE-DUNE-NUIT-ROSE.jpg\",\"width\":600,\"height\":600,\"caption\":\"Ros\u00e9 d'Une Nuit\"},{\"@type\":\"BreadcrumbList\",\"@id\":\"https:\/\/www.domainesrichard.fr\/chateau-de-corcelles\/en\/wine\/rose-dune-nuit-2024\/#breadcrumb\",\"itemListElement\":[{\"@type\":\"ListItem\",\"position\":1,\"name\":\"Wines\",\"item\":\"https:\/\/www.domainesrichard.fr\/chateau-de-corcelles\/en\/wines\/\"},{\"@type\":\"ListItem\",\"position\":2,\"name\":\"Ros\u00e9 d&rsquo;une Nuit 2024\"}]},{\"@type\":\"WebSite\",\"@id\":\"https:\/\/www.domainesrichard.fr\/chateau-de-corcelles\/en\/#website\",\"url\":\"https:\/\/www.domainesrichard.fr\/chateau-de-corcelles\/en\/\",\"name\":\"Ch\u00e2teau de Corcelles\",\"description\":\"L&#039;\u00e2me du Beaujolais\",\"publisher\":{\"@id\":\"https:\/\/www.domainesrichard.fr\/chateau-de-corcelles\/en\/#organization\"},\"potentialAction\":[{\"@type\":\"SearchAction\",\"target\":{\"@type\":\"EntryPoint\",\"urlTemplate\":\"https:\/\/www.domainesrichard.fr\/chateau-de-corcelles\/en\/?s={search_term_string}\"},\"query-input\":{\"@type\":\"PropertyValueSpecification\",\"valueRequired\":true,\"valueName\":\"search_term_string\"}}],\"inLanguage\":\"en-US\"},{\"@type\":\"Organization\",\"@id\":\"https:\/\/www.domainesrichard.fr\/chateau-de-corcelles\/en\/#organization\",\"name\":\"Ch\u00e2teau de Corcelles\",\"url\":\"https:\/\/www.domainesrichard.fr\/chateau-de-corcelles\/en\/\",\"logo\":{\"@type\":\"ImageObject\",\"inLanguage\":\"en-US\",\"@id\":\"https:\/\/www.domainesrichard.fr\/chateau-de-corcelles\/en\/#\/schema\/logo\/image\/\",\"url\":\"https:\/\/www.domainesrichard.fr\/chateau-de-corcelles\/wp-content\/uploads\/sites\/2\/2022\/02\/chateau-de-corcelles-logo.png\",\"contentUrl\":\"https:\/\/www.domainesrichard.fr\/chateau-de-corcelles\/wp-content\/uploads\/sites\/2\/2022\/02\/chateau-de-corcelles-logo.png\",\"width\":600,\"height\":503,\"caption\":\"Ch\u00e2teau de Corcelles\"},\"image\":{\"@id\":\"https:\/\/www.domainesrichard.fr\/chateau-de-corcelles\/en\/#\/schema\/logo\/image\/\"},\"sameAs\":[\"https:\/\/www.facebook.com\/chateaudecorcellesenbeaujolais\",\"https:\/\/www.instagram.com\/chateaudecorcelles\",\"https:\/\/www.linkedin.com\/company\/domaines-richard\"]}]}<\/script>\n<!-- \/ Yoast SEO plugin. -->","yoast_head_json":{"title":"Beaujolais 'Ros\u00e9 d'une Nuit' 2024 - Ch\u00e2teau de Corcelles","description":"An intensely fruity and indulgent gamay ros\u00e9. The wine takes its name from its production: short harvests of 4 to 6 hours and short maceration.","robots":{"index":"index","follow":"follow","max-snippet":"max-snippet:-1","max-image-preview":"max-image-preview:large","max-video-preview":"max-video-preview:-1"},"canonical":"https:\/\/www.domainesrichard.fr\/chateau-de-corcelles\/en\/wine\/rose-dune-nuit-2024\/","og_locale":"en_US","og_type":"article","og_title":"Beaujolais 'Ros\u00e9 d'une Nuit' 2024 - Ch\u00e2teau de Corcelles","og_description":"An intensely fruity and indulgent gamay ros\u00e9. The wine takes its name from its production: short harvests of 4 to 6 hours and short maceration.","og_url":"https:\/\/www.domainesrichard.fr\/chateau-de-corcelles\/en\/wine\/rose-dune-nuit-2024\/","og_site_name":"Ch\u00e2teau de Corcelles","article_publisher":"https:\/\/www.facebook.com\/chateaudecorcellesenbeaujolais","article_modified_time":"2025-04-14T11:56:02+00:00","og_image":[{"width":600,"height":600,"url":"https:\/\/www.domainesrichard.fr\/chateau-de-corcelles\/wp-content\/uploads\/sites\/2\/2024\/03\/CORCELLES-ROSE-DUNE-NUIT-ROSE.jpg","type":"image\/jpeg"}],"twitter_card":"summary_large_image","twitter_misc":{"Est. reading time":"1 minute"},"schema":{"@context":"https:\/\/schema.org","@graph":[{"@type":"WebPage","@id":"https:\/\/www.domainesrichard.fr\/chateau-de-corcelles\/en\/wine\/rose-dune-nuit-2024\/","url":"https:\/\/www.domainesrichard.fr\/chateau-de-corcelles\/en\/wine\/rose-dune-nuit-2024\/","name":"Beaujolais 'Ros\u00e9 d'une Nuit' 2024 - Ch\u00e2teau de Corcelles","isPartOf":{"@id":"https:\/\/www.domainesrichard.fr\/chateau-de-corcelles\/en\/#website"},"primaryImageOfPage":{"@id":"https:\/\/www.domainesrichard.fr\/chateau-de-corcelles\/en\/wine\/rose-dune-nuit-2024\/#primaryimage"},"image":{"@id":"https:\/\/www.domainesrichard.fr\/chateau-de-corcelles\/en\/wine\/rose-dune-nuit-2024\/#primaryimage"},"thumbnailUrl":"https:\/\/www.domainesrichard.fr\/chateau-de-corcelles\/wp-content\/uploads\/sites\/2\/2024\/03\/CORCELLES-ROSE-DUNE-NUIT-ROSE.jpg","datePublished":"2025-04-14T11:37:29+00:00","dateModified":"2025-04-14T11:56:02+00:00","description":"An intensely fruity and indulgent gamay ros\u00e9. The wine takes its name from its production: short harvests of 4 to 6 hours and short maceration.","breadcrumb":{"@id":"https:\/\/www.domainesrichard.fr\/chateau-de-corcelles\/en\/wine\/rose-dune-nuit-2024\/#breadcrumb"},"inLanguage":"en-US","potentialAction":[{"@type":"ReadAction","target":["https:\/\/www.domainesrichard.fr\/chateau-de-corcelles\/en\/wine\/rose-dune-nuit-2024\/"]}]},{"@type":"ImageObject","inLanguage":"en-US","@id":"https:\/\/www.domainesrichard.fr\/chateau-de-corcelles\/en\/wine\/rose-dune-nuit-2024\/#primaryimage","url":"https:\/\/www.domainesrichard.fr\/chateau-de-corcelles\/wp-content\/uploads\/sites\/2\/2024\/03\/CORCELLES-ROSE-DUNE-NUIT-ROSE.jpg","contentUrl":"https:\/\/www.domainesrichard.fr\/chateau-de-corcelles\/wp-content\/uploads\/sites\/2\/2024\/03\/CORCELLES-ROSE-DUNE-NUIT-ROSE.jpg","width":600,"height":600,"caption":"Ros\u00e9 d'Une Nuit"},{"@type":"BreadcrumbList","@id":"https:\/\/www.domainesrichard.fr\/chateau-de-corcelles\/en\/wine\/rose-dune-nuit-2024\/#breadcrumb","itemListElement":[{"@type":"ListItem","position":1,"name":"Wines","item":"https:\/\/www.domainesrichard.fr\/chateau-de-corcelles\/en\/wines\/"},{"@type":"ListItem","position":2,"name":"Ros\u00e9 d&rsquo;une Nuit 2024"}]},{"@type":"WebSite","@id":"https:\/\/www.domainesrichard.fr\/chateau-de-corcelles\/en\/#website","url":"https:\/\/www.domainesrichard.fr\/chateau-de-corcelles\/en\/","name":"Ch\u00e2teau de Corcelles","description":"L&#039;\u00e2me du Beaujolais","publisher":{"@id":"https:\/\/www.domainesrichard.fr\/chateau-de-corcelles\/en\/#organization"},"potentialAction":[{"@type":"SearchAction","target":{"@type":"EntryPoint","urlTemplate":"https:\/\/www.domainesrichard.fr\/chateau-de-corcelles\/en\/?s={search_term_string}"},"query-input":{"@type":"PropertyValueSpecification","valueRequired":true,"valueName":"search_term_string"}}],"inLanguage":"en-US"},{"@type":"Organization","@id":"https:\/\/www.domainesrichard.fr\/chateau-de-corcelles\/en\/#organization","name":"Ch\u00e2teau de Corcelles","url":"https:\/\/www.domainesrichard.fr\/chateau-de-corcelles\/en\/","logo":{"@type":"ImageObject","inLanguage":"en-US","@id":"https:\/\/www.domainesrichard.fr\/chateau-de-corcelles\/en\/#\/schema\/logo\/image\/","url":"https:\/\/www.domainesrichard.fr\/chateau-de-corcelles\/wp-content\/uploads\/sites\/2\/2022\/02\/chateau-de-corcelles-logo.png","contentUrl":"https:\/\/www.domainesrichard.fr\/chateau-de-corcelles\/wp-content\/uploads\/sites\/2\/2022\/02\/chateau-de-corcelles-logo.png","width":600,"height":503,"caption":"Ch\u00e2teau de Corcelles"},"image":{"@id":"https:\/\/www.domainesrichard.fr\/chateau-de-corcelles\/en\/#\/schema\/logo\/image\/"},"sameAs":["https:\/\/www.facebook.com\/chateaudecorcellesenbeaujolais","https:\/\/www.instagram.com\/chateaudecorcelles","https:\/\/www.linkedin.com\/company\/domaines-richard"]}]}},"_links":{"self":[{"href":"https:\/\/www.domainesrichard.fr\/chateau-de-corcelles\/en\/wp-json\/wp\/v2\/product\/2929","targetHints":{"allow":["GET"]}}],"collection":[{"href":"https:\/\/www.domainesrichard.fr\/chateau-de-corcelles\/en\/wp-json\/wp\/v2\/product"}],"about":[{"href":"https:\/\/www.domainesrichard.fr\/chateau-de-corcelles\/en\/wp-json\/wp\/v2\/types\/product"}],"wp:featuredmedia":[{"embeddable":true,"href":"https:\/\/www.domainesrichard.fr\/chateau-de-corcelles\/en\/wp-json\/wp\/v2\/media\/2328"}],"wp:attachment":[{"href":"https:\/\/www.domainesrichard.fr\/chateau-de-corcelles\/en\/wp-json\/wp\/v2\/media?parent=2929"}],"wp:term":[{"taxonomy":"product_brand","embeddable":true,"href":"https:\/\/www.domainesrichard.fr\/chateau-de-corcelles\/en\/wp-json\/wp\/v2\/product_brand?post=2929"},{"taxonomy":"product_cat","embeddable":true,"href":"https:\/\/www.domainesrichard.fr\/chateau-de-corcelles\/en\/wp-json\/wp\/v2\/product_cat?post=2929"},{"taxonomy":"product_tag","embeddable":true,"href":"https:\/\/www.domainesrichard.fr\/chateau-de-corcelles\/en\/wp-json\/wp\/v2\/product_tag?post=2929"}],"curies":[{"name":"wp","href":"https:\/\/api.w.org\/{rel}","templated":true}]}}