{"id":297,"date":"2022-02-22T15:18:39","date_gmt":"2022-02-22T14:18:39","guid":{"rendered":"https:\/\/www.domainesrichard.fr\/chateau-de-corcelles\/?page_id=297"},"modified":"2025-01-28T08:58:55","modified_gmt":"2025-01-28T07:58:55","slug":"boutique","status":"publish","type":"page","link":"https:\/\/www.domainesrichard.fr\/chateau-de-corcelles\/boutique\/","title":{"rendered":"Boutique"},"content":{"rendered":"\t\t<div data-elementor-type=\"wp-page\" data-elementor-id=\"297\" class=\"elementor elementor-297\" data-elementor-post-type=\"page\">\n\t\t\t\t\t\t<section class=\"elementor-section elementor-top-section elementor-element elementor-element-12d22ea elementor-section-boxed elementor-section-height-default elementor-section-height-default qodef-elementor-content-no qodef-elementor-overlay-no\" data-id=\"12d22ea\" data-element_type=\"section\" data-e-type=\"section\">\n\t\t\t\t\t\t<div class=\"elementor-container elementor-column-gap-default\">\n\t\t\t\t\t<div class=\"elementor-column elementor-col-100 elementor-top-column elementor-element elementor-element-ac6d453\" data-id=\"ac6d453\" data-element_type=\"column\" data-e-type=\"column\">\n\t\t\t<div class=\"elementor-widget-wrap elementor-element-populated\">\n\t\t\t\t\t\t<section class=\"elementor-section elementor-inner-section elementor-element elementor-element-a972921 elementor-section-full_width elementor-section-height-default elementor-section-height-default qodef-elementor-content-no qodef-elementor-overlay-no elementor-invisible\" data-id=\"a972921\" data-element_type=\"section\" data-e-type=\"section\" data-settings=\"{&quot;animation&quot;:&quot;fadeIn&quot;,&quot;animation_delay&quot;:&quot;300&quot;}\">\n\t\t\t\t\t\t<div class=\"elementor-container elementor-column-gap-no\">\n\t\t\t\t\t<div class=\"elementor-column elementor-col-100 elementor-inner-column elementor-element elementor-element-f137828\" data-id=\"f137828\" data-element_type=\"column\" data-e-type=\"column\">\n\t\t\t<div class=\"elementor-widget-wrap elementor-element-populated\">\n\t\t\t\t\t\t<div class=\"elementor-element elementor-element-8ecd7f5 elementor-widget elementor-widget-image\" data-id=\"8ecd7f5\" data-element_type=\"widget\" data-e-type=\"widget\" data-widget_type=\"image.default\">\n\t\t\t\t<div class=\"elementor-widget-container\">\n\t\t\t\t\t\t\t\t\t\t\t\t\t\t\t<img decoding=\"async\" width=\"300\" height=\"76\" src=\"https:\/\/www.domainesrichard.fr\/chateau-de-corcelles\/wp-content\/uploads\/sites\/2\/2022\/10\/chateau-corcelles-logo-simple-300x76.png\" class=\"attachment-medium size-medium wp-image-957\" alt=\"Ch\u00e2teau de Corcelles\" srcset=\"https:\/\/www.domainesrichard.fr\/chateau-de-corcelles\/wp-content\/uploads\/sites\/2\/2022\/10\/chateau-corcelles-logo-simple-300x76.png 300w, https:\/\/www.domainesrichard.fr\/chateau-de-corcelles\/wp-content\/uploads\/sites\/2\/2022\/10\/chateau-corcelles-logo-simple.png 500w\" sizes=\"(max-width: 300px) 100vw, 300px\" \/>\t\t\t\t\t\t\t\t\t\t\t\t\t\t\t<\/div>\n\t\t\t\t<\/div>\n\t\t\t\t<div class=\"elementor-element elementor-element-3268118 elementor-widget elementor-widget-heading\" data-id=\"3268118\" data-element_type=\"widget\" data-e-type=\"widget\" data-widget_type=\"heading.default\">\n\t\t\t\t<div class=\"elementor-widget-container\">\n\t\t\t\t\t<h1 class=\"elementor-heading-title elementor-size-default\">Boutique en ligne<\/h1>\t\t\t\t<\/div>\n\t\t\t\t<\/div>\n\t\t\t\t<div class=\"elementor-element elementor-element-25d38d5 elementor-widget elementor-widget-shortcode\" data-id=\"25d38d5\" data-element_type=\"widget\" data-e-type=\"widget\" data-widget_type=\"shortcode.default\">\n\t\t\t\t<div class=\"elementor-widget-container\">\n\t\t\t\t\t\t\t<div class=\"elementor-shortcode\"><\/div>\n\t\t\t\t\t\t<\/div>\n\t\t\t\t<\/div>\n\t\t\t\t<div class=\"elementor-element elementor-element-c4c648d prices-shipping-info elementor-widget elementor-widget-text-editor\" data-id=\"c4c648d\" data-element_type=\"widget\" data-e-type=\"widget\" data-widget_type=\"text-editor.default\">\n\t\t\t\t<div class=\"elementor-widget-container\">\n\t\t\t\t\t\t\t\t\t<p>Livraison en France m\u00e9tropolitaine uniquement (hors Corse)<\/p><p>Nous contacter pour des livraisons hors France m\u00e9tropolitaine&nbsp;: <a href=\"mailto:contact@chateaudecorcelles.fr\">contact@chateaudecorcelles.fr<\/a><\/p><p>Commande de 6 bouteilles de 75cl minimum ou 3 de 150cl<br \/>Frais de port (32\u20ac) offerts \u00e0 partir de 250\u20ac d&rsquo;achat.<br \/><em><small>Tarif valable selon les stocks disponibles.<\/small><\/em><\/p>\t\t\t\t\t\t\t\t<\/div>\n\t\t\t\t<\/div>\n\t\t\t\t\t<\/div>\n\t\t<\/div>\n\t\t\t\t\t<\/div>\n\t\t<\/section>\n\t\t\t\t\t<\/div>\n\t\t<\/div>\n\t\t\t\t\t<\/div>\n\t\t<\/section>\n\t\t\t\t<section class=\"elementor-section elementor-top-section elementor-element elementor-element-103347a opc-container elementor-section-boxed elementor-section-height-default elementor-section-height-default qodef-elementor-content-no qodef-elementor-overlay-no\" data-id=\"103347a\" data-element_type=\"section\" data-e-type=\"section\">\n\t\t\t\t\t\t<div class=\"elementor-container elementor-column-gap-default\">\n\t\t\t\t\t<div class=\"elementor-column elementor-col-100 elementor-top-column elementor-element elementor-element-69b084e\" data-id=\"69b084e\" data-element_type=\"column\" data-e-type=\"column\">\n\t\t\t<div class=\"elementor-widget-wrap elementor-element-populated\">\n\t\t\t\t\t\t<div class=\"elementor-element elementor-element-4524a51 elementor-widget elementor-widget-text-editor\" data-id=\"4524a51\" data-element_type=\"widget\" data-e-type=\"widget\" data-widget_type=\"text-editor.default\">\n\t\t\t\t<div class=\"elementor-widget-container\">\n\t\t\t\t\t\t\t\t\t<div class=\"wcopc\"><\/div>\t\t\t\t\t\t\t\t<\/div>\n\t\t\t\t<\/div>\n\t\t\t\t\t<\/div>\n\t\t<\/div>\n\t\t\t\t\t<\/div>\n\t\t<\/section>\n\t\t\t\t<section class=\"elementor-section elementor-top-section elementor-element elementor-element-a6a7371 elementor-section-full_width elementor-section-stretched elementor-section-height-default elementor-section-height-default qodef-elementor-content-no qodef-elementor-overlay-no\" data-id=\"a6a7371\" data-element_type=\"section\" data-e-type=\"section\" data-settings=\"{&quot;stretch_section&quot;:&quot;section-stretched&quot;}\">\n\t\t\t\t\t\t<div class=\"elementor-container elementor-column-gap-default\">\n\t\t\t\t\t<div class=\"elementor-column elementor-col-100 elementor-top-column elementor-element elementor-element-2a29393\" data-id=\"2a29393\" data-element_type=\"column\" data-e-type=\"column\">\n\t\t\t<div class=\"elementor-widget-wrap elementor-element-populated\">\n\t\t\t\t\t\t<div class=\"elementor-element elementor-element-07eb808 elementor-widget elementor-widget-image\" data-id=\"07eb808\" data-element_type=\"widget\" data-e-type=\"widget\" data-widget_type=\"image.default\">\n\t\t\t\t<div class=\"elementor-widget-container\">\n\t\t\t\t\t\t\t\t\t\t\t\t\t\t\t<img decoding=\"async\" width=\"962\" height=\"137\" src=\"https:\/\/www.domainesrichard.fr\/chateau-de-corcelles\/wp-content\/uploads\/sites\/2\/2022\/05\/bandeau-legal-alcool.png\" class=\"attachment-full size-full wp-image-566\" alt=\"Interdictions de vente de boissons alcooliques aux mineurs de moins de 18 ans\" srcset=\"https:\/\/www.domainesrichard.fr\/chateau-de-corcelles\/wp-content\/uploads\/sites\/2\/2022\/05\/bandeau-legal-alcool.png 962w, https:\/\/www.domainesrichard.fr\/chateau-de-corcelles\/wp-content\/uploads\/sites\/2\/2022\/05\/bandeau-legal-alcool-300x43.png 300w, https:\/\/www.domainesrichard.fr\/chateau-de-corcelles\/wp-content\/uploads\/sites\/2\/2022\/05\/bandeau-legal-alcool-768x109.png 768w, https:\/\/www.domainesrichard.fr\/chateau-de-corcelles\/wp-content\/uploads\/sites\/2\/2022\/05\/bandeau-legal-alcool-600x85.png 600w\" sizes=\"(max-width: 962px) 100vw, 962px\" \/>\t\t\t\t\t\t\t\t\t\t\t\t\t\t\t<\/div>\n\t\t\t\t<\/div>\n\t\t\t\t\t<\/div>\n\t\t<\/div>\n\t\t\t\t\t<\/div>\n\t\t<\/section>\n\t\t\t\t<\/div>","protected":false},"excerpt":{"rendered":"<p>Boutique en ligne Livraison en France m\u00e9tropolitaine uniquement (hors Corse) Nous contacter pour des livraisons hors France m\u00e9tropolitaine&nbsp;: contact@chateaudecorcelles.fr Commande de 6 bouteilles de 75cl minimum ou 3 de 150clFrais de port (32\u20ac) offerts \u00e0 partir de 250\u20ac d&rsquo;achat.Tarif valable selon les stocks disponibles.<\/p>","protected":false},"author":1,"featured_media":0,"parent":0,"menu_order":0,"comment_status":"closed","ping_status":"closed","template":"","meta":{"_acf_changed":false,"footnotes":""},"class_list":["post-297","page","type-page","status-publish","hentry"],"acf":[],"yoast_head":"<!-- This site is optimized with the Yoast SEO plugin v27.5 - https:\/\/yoast.com\/product\/yoast-seo-wordpress\/ -->\n<title>Achetez les vins du Beaujolais du Ch\u00e2teau de Corcelles<\/title>\n<meta name=\"description\" content=\"Achetez les vins du Beaujolais du Ch\u00e2teau de Corcelles en direct de la propri\u00e9t\u00e9.\" \/>\n<meta name=\"robots\" content=\"index, follow, max-snippet:-1, max-image-preview:large, max-video-preview:-1\" \/>\n<link rel=\"canonical\" href=\"https:\/\/www.domainesrichard.fr\/chateau-de-corcelles\/boutique\/\" \/>\n<meta property=\"og:locale\" content=\"fr_FR\" \/>\n<meta property=\"og:type\" content=\"article\" \/>\n<meta property=\"og:title\" content=\"Achetez les vins du Beaujolais du Ch\u00e2teau de Corcelles\" \/>\n<meta property=\"og:description\" content=\"Achetez les vins du Beaujolais du Ch\u00e2teau de Corcelles en direct de la propri\u00e9t\u00e9.\" \/>\n<meta property=\"og:url\" content=\"https:\/\/www.domainesrichard.fr\/chateau-de-corcelles\/boutique\/\" \/>\n<meta property=\"og:site_name\" content=\"Ch\u00e2teau de Corcelles\" \/>\n<meta property=\"article:publisher\" content=\"https:\/\/www.facebook.com\/chateaudecorcellesenbeaujolais\" \/>\n<meta property=\"article:modified_time\" content=\"2025-01-28T07:58:55+00:00\" \/>\n<meta property=\"og:image\" content=\"https:\/\/www.domainesrichard.fr\/chateau-de-corcelles\/wp-content\/uploads\/sites\/2\/2022\/10\/chateau-corcelles-logo-simple.png\" \/>\n\t<meta property=\"og:image:width\" content=\"500\" \/>\n\t<meta property=\"og:image:height\" content=\"127\" \/>\n\t<meta property=\"og:image:type\" content=\"image\/png\" \/>\n<meta name=\"twitter:card\" content=\"summary_large_image\" \/>\n<meta name=\"twitter:label1\" content=\"Dur\u00e9e de lecture estim\u00e9e\" \/>\n\t<meta name=\"twitter:data1\" content=\"1 minute\" \/>\n<script type=\"application\/ld+json\" class=\"yoast-schema-graph\">{\"@context\":\"https:\\\/\\\/schema.org\",\"@graph\":[{\"@type\":\"WebPage\",\"@id\":\"https:\\\/\\\/www.domainesrichard.fr\\\/chateau-de-corcelles\\\/boutique\\\/\",\"url\":\"https:\\\/\\\/www.domainesrichard.fr\\\/chateau-de-corcelles\\\/boutique\\\/\",\"name\":\"Achetez les vins du Beaujolais du Ch\u00e2teau de Corcelles\",\"isPartOf\":{\"@id\":\"https:\\\/\\\/www.domainesrichard.fr\\\/chateau-de-corcelles\\\/#website\"},\"primaryImageOfPage\":{\"@id\":\"https:\\\/\\\/www.domainesrichard.fr\\\/chateau-de-corcelles\\\/boutique\\\/#primaryimage\"},\"image\":{\"@id\":\"https:\\\/\\\/www.domainesrichard.fr\\\/chateau-de-corcelles\\\/boutique\\\/#primaryimage\"},\"thumbnailUrl\":\"https:\\\/\\\/www.domainesrichard.fr\\\/chateau-de-corcelles\\\/wp-content\\\/uploads\\\/sites\\\/2\\\/2022\\\/10\\\/chateau-corcelles-logo-simple-300x76.png\",\"datePublished\":\"2022-02-22T14:18:39+00:00\",\"dateModified\":\"2025-01-28T07:58:55+00:00\",\"description\":\"Achetez les vins du Beaujolais du Ch\u00e2teau de Corcelles en direct de la propri\u00e9t\u00e9.\",\"inLanguage\":\"fr-FR\",\"potentialAction\":[{\"@type\":\"ReadAction\",\"target\":[\"https:\\\/\\\/www.domainesrichard.fr\\\/chateau-de-corcelles\\\/boutique\\\/\"]}]},{\"@type\":\"ImageObject\",\"inLanguage\":\"fr-FR\",\"@id\":\"https:\\\/\\\/www.domainesrichard.fr\\\/chateau-de-corcelles\\\/boutique\\\/#primaryimage\",\"url\":\"https:\\\/\\\/www.domainesrichard.fr\\\/chateau-de-corcelles\\\/wp-content\\\/uploads\\\/sites\\\/2\\\/2022\\\/10\\\/chateau-corcelles-logo-simple.png\",\"contentUrl\":\"https:\\\/\\\/www.domainesrichard.fr\\\/chateau-de-corcelles\\\/wp-content\\\/uploads\\\/sites\\\/2\\\/2022\\\/10\\\/chateau-corcelles-logo-simple.png\",\"width\":500,\"height\":127,\"caption\":\"Ch\u00e2teau de Corcelles\"},{\"@type\":\"WebSite\",\"@id\":\"https:\\\/\\\/www.domainesrichard.fr\\\/chateau-de-corcelles\\\/#website\",\"url\":\"https:\\\/\\\/www.domainesrichard.fr\\\/chateau-de-corcelles\\\/\",\"name\":\"Ch\u00e2teau de Corcelles\",\"description\":\"L&#039;\u00e2me du Beaujolais\",\"publisher\":{\"@id\":\"https:\\\/\\\/www.domainesrichard.fr\\\/chateau-de-corcelles\\\/#organization\"},\"potentialAction\":[{\"@type\":\"SearchAction\",\"target\":{\"@type\":\"EntryPoint\",\"urlTemplate\":\"https:\\\/\\\/www.domainesrichard.fr\\\/chateau-de-corcelles\\\/?s={search_term_string}\"},\"query-input\":{\"@type\":\"PropertyValueSpecification\",\"valueRequired\":true,\"valueName\":\"search_term_string\"}}],\"inLanguage\":\"fr-FR\"},{\"@type\":\"Organization\",\"@id\":\"https:\\\/\\\/www.domainesrichard.fr\\\/chateau-de-corcelles\\\/#organization\",\"name\":\"Ch\u00e2teau de Corcelles\",\"url\":\"https:\\\/\\\/www.domainesrichard.fr\\\/chateau-de-corcelles\\\/\",\"logo\":{\"@type\":\"ImageObject\",\"inLanguage\":\"fr-FR\",\"@id\":\"https:\\\/\\\/www.domainesrichard.fr\\\/chateau-de-corcelles\\\/#\\\/schema\\\/logo\\\/image\\\/\",\"url\":\"https:\\\/\\\/www.domainesrichard.fr\\\/chateau-de-corcelles\\\/wp-content\\\/uploads\\\/sites\\\/2\\\/2022\\\/02\\\/chateau-de-corcelles-logo.png\",\"contentUrl\":\"https:\\\/\\\/www.domainesrichard.fr\\\/chateau-de-corcelles\\\/wp-content\\\/uploads\\\/sites\\\/2\\\/2022\\\/02\\\/chateau-de-corcelles-logo.png\",\"width\":600,\"height\":503,\"caption\":\"Ch\u00e2teau de Corcelles\"},\"image\":{\"@id\":\"https:\\\/\\\/www.domainesrichard.fr\\\/chateau-de-corcelles\\\/#\\\/schema\\\/logo\\\/image\\\/\"},\"sameAs\":[\"https:\\\/\\\/www.facebook.com\\\/chateaudecorcellesenbeaujolais\",\"https:\\\/\\\/www.instagram.com\\\/chateaudecorcelles\",\"https:\\\/\\\/www.linkedin.com\\\/company\\\/domaines-richard\"]}]}<\/script>\n<!-- \/ Yoast SEO plugin. -->","yoast_head_json":{"title":"Achetez les vins du Beaujolais du Ch\u00e2teau de Corcelles","description":"Achetez les vins du Beaujolais du Ch\u00e2teau de Corcelles en direct de la propri\u00e9t\u00e9.","robots":{"index":"index","follow":"follow","max-snippet":"max-snippet:-1","max-image-preview":"max-image-preview:large","max-video-preview":"max-video-preview:-1"},"canonical":"https:\/\/www.domainesrichard.fr\/chateau-de-corcelles\/boutique\/","og_locale":"fr_FR","og_type":"article","og_title":"Achetez les vins du Beaujolais du Ch\u00e2teau de Corcelles","og_description":"Achetez les vins du Beaujolais du Ch\u00e2teau de Corcelles en direct de la propri\u00e9t\u00e9.","og_url":"https:\/\/www.domainesrichard.fr\/chateau-de-corcelles\/boutique\/","og_site_name":"Ch\u00e2teau de Corcelles","article_publisher":"https:\/\/www.facebook.com\/chateaudecorcellesenbeaujolais","article_modified_time":"2025-01-28T07:58:55+00:00","og_image":[{"width":500,"height":127,"url":"https:\/\/www.domainesrichard.fr\/chateau-de-corcelles\/wp-content\/uploads\/sites\/2\/2022\/10\/chateau-corcelles-logo-simple.png","type":"image\/png"}],"twitter_card":"summary_large_image","twitter_misc":{"Dur\u00e9e de lecture estim\u00e9e":"1 minute"},"schema":{"@context":"https:\/\/schema.org","@graph":[{"@type":"WebPage","@id":"https:\/\/www.domainesrichard.fr\/chateau-de-corcelles\/boutique\/","url":"https:\/\/www.domainesrichard.fr\/chateau-de-corcelles\/boutique\/","name":"Achetez les vins du Beaujolais du Ch\u00e2teau de Corcelles","isPartOf":{"@id":"https:\/\/www.domainesrichard.fr\/chateau-de-corcelles\/#website"},"primaryImageOfPage":{"@id":"https:\/\/www.domainesrichard.fr\/chateau-de-corcelles\/boutique\/#primaryimage"},"image":{"@id":"https:\/\/www.domainesrichard.fr\/chateau-de-corcelles\/boutique\/#primaryimage"},"thumbnailUrl":"https:\/\/www.domainesrichard.fr\/chateau-de-corcelles\/wp-content\/uploads\/sites\/2\/2022\/10\/chateau-corcelles-logo-simple-300x76.png","datePublished":"2022-02-22T14:18:39+00:00","dateModified":"2025-01-28T07:58:55+00:00","description":"Achetez les vins du Beaujolais du Ch\u00e2teau de Corcelles en direct de la propri\u00e9t\u00e9.","inLanguage":"fr-FR","potentialAction":[{"@type":"ReadAction","target":["https:\/\/www.domainesrichard.fr\/chateau-de-corcelles\/boutique\/"]}]},{"@type":"ImageObject","inLanguage":"fr-FR","@id":"https:\/\/www.domainesrichard.fr\/chateau-de-corcelles\/boutique\/#primaryimage","url":"https:\/\/www.domainesrichard.fr\/chateau-de-corcelles\/wp-content\/uploads\/sites\/2\/2022\/10\/chateau-corcelles-logo-simple.png","contentUrl":"https:\/\/www.domainesrichard.fr\/chateau-de-corcelles\/wp-content\/uploads\/sites\/2\/2022\/10\/chateau-corcelles-logo-simple.png","width":500,"height":127,"caption":"Ch\u00e2teau de Corcelles"},{"@type":"WebSite","@id":"https:\/\/www.domainesrichard.fr\/chateau-de-corcelles\/#website","url":"https:\/\/www.domainesrichard.fr\/chateau-de-corcelles\/","name":"Ch\u00e2teau de Corcelles","description":"L&#039;\u00e2me du Beaujolais","publisher":{"@id":"https:\/\/www.domainesrichard.fr\/chateau-de-corcelles\/#organization"},"potentialAction":[{"@type":"SearchAction","target":{"@type":"EntryPoint","urlTemplate":"https:\/\/www.domainesrichard.fr\/chateau-de-corcelles\/?s={search_term_string}"},"query-input":{"@type":"PropertyValueSpecification","valueRequired":true,"valueName":"search_term_string"}}],"inLanguage":"fr-FR"},{"@type":"Organization","@id":"https:\/\/www.domainesrichard.fr\/chateau-de-corcelles\/#organization","name":"Ch\u00e2teau de Corcelles","url":"https:\/\/www.domainesrichard.fr\/chateau-de-corcelles\/","logo":{"@type":"ImageObject","inLanguage":"fr-FR","@id":"https:\/\/www.domainesrichard.fr\/chateau-de-corcelles\/#\/schema\/logo\/image\/","url":"https:\/\/www.domainesrichard.fr\/chateau-de-corcelles\/wp-content\/uploads\/sites\/2\/2022\/02\/chateau-de-corcelles-logo.png","contentUrl":"https:\/\/www.domainesrichard.fr\/chateau-de-corcelles\/wp-content\/uploads\/sites\/2\/2022\/02\/chateau-de-corcelles-logo.png","width":600,"height":503,"caption":"Ch\u00e2teau de Corcelles"},"image":{"@id":"https:\/\/www.domainesrichard.fr\/chateau-de-corcelles\/#\/schema\/logo\/image\/"},"sameAs":["https:\/\/www.facebook.com\/chateaudecorcellesenbeaujolais","https:\/\/www.instagram.com\/chateaudecorcelles","https:\/\/www.linkedin.com\/company\/domaines-richard"]}]}},"_links":{"self":[{"href":"https:\/\/www.domainesrichard.fr\/chateau-de-corcelles\/wp-json\/wp\/v2\/pages\/297","targetHints":{"allow":["GET"]}}],"collection":[{"href":"https:\/\/www.domainesrichard.fr\/chateau-de-corcelles\/wp-json\/wp\/v2\/pages"}],"about":[{"href":"https:\/\/www.domainesrichard.fr\/chateau-de-corcelles\/wp-json\/wp\/v2\/types\/page"}],"author":[{"embeddable":true,"href":"https:\/\/www.domainesrichard.fr\/chateau-de-corcelles\/wp-json\/wp\/v2\/users\/1"}],"replies":[{"embeddable":true,"href":"https:\/\/www.domainesrichard.fr\/chateau-de-corcelles\/wp-json\/wp\/v2\/comments?post=297"}],"version-history":[{"count":10,"href":"https:\/\/www.domainesrichard.fr\/chateau-de-corcelles\/wp-json\/wp\/v2\/pages\/297\/revisions"}],"predecessor-version":[{"id":2885,"href":"https:\/\/www.domainesrichard.fr\/chateau-de-corcelles\/wp-json\/wp\/v2\/pages\/297\/revisions\/2885"}],"wp:attachment":[{"href":"https:\/\/www.domainesrichard.fr\/chateau-de-corcelles\/wp-json\/wp\/v2\/media?parent=297"}],"curies":[{"name":"wp","href":"https:\/\/api.w.org\/{rel}","templated":true}]}}