{"id":1065,"date":"2023-01-24T15:22:45","date_gmt":"2023-01-24T14:22:45","guid":{"rendered":"https:\/\/www.domainesrichard.fr\/chateau-de-corcelles\/?post_type=product&#038;p=1065"},"modified":"2024-06-12T15:00:35","modified_gmt":"2024-06-12T13:00:35","slug":"beaujolais-villages-vieilles-vignes-2021","status":"publish","type":"product","link":"https:\/\/www.domainesrichard.fr\/chateau-de-corcelles\/vin\/beaujolais-villages-vieilles-vignes-2021\/","title":{"rendered":"Beaujolais-Villages Vieilles Vignes <span class='vintage the_title'>2021<\/span>"},"content":{"rendered":"<p>L\u00e0-bas sur la partie septentrionale du vignoble du Beaujolais, l\u2019ensemble de nos parcelles couvre la diversit\u00e9 des terroirs des Beaujolais Villages faisant du style de ce vin une expression fid\u00e8le de l\u2019appellation. Rouge rubis, il a su rendre le gamay irr\u00e9sistible. Il suffit d\u2019y ajouter un brin de gourmandise et quelques pinc\u00e9es de convivialit\u00e9 pour l\u2019appr\u00e9cier dans son enti\u00e8ret\u00e9. Sans aucun doute un vin de plaisir \u00e0 partager en toute sinc\u00e9rit\u00e9.<\/p>","protected":false},"excerpt":{"rendered":"<p>L\u00e0-bas sur la partie septentrionale du vignoble du Beaujolais, l\u2019ensemble de nos parcelles couvre la diversit\u00e9 des terroirs des Beaujolais Villages faisant du style de ce vin une expression fid\u00e8le de l\u2019appellation. Rouge rubis, il a su rendre le gamay irr\u00e9sistible. Il suffit d\u2019y ajouter un brin de gourmandise et quelques pinc\u00e9es de convivialit\u00e9 pour [&hellip;]<\/p>","protected":false},"featured_media":2322,"template":"","meta":{"_acf_changed":false},"product_brand":[],"product_cat":[33],"product_tag":[],"class_list":{"0":"post-1065","1":"product","2":"type-product","3":"status-publish","4":"has-post-thumbnail","6":"product_cat-beaujolais-villages","8":"first","9":"instock","10":"sale","11":"taxable","12":"shipping-taxable","13":"purchasable","14":"product-type-simple"},"acf":[],"yoast_head":"<!-- This site is optimized with the Yoast SEO plugin v27.0 - https:\/\/yoast.com\/product\/yoast-seo-wordpress\/ -->\n<title>Beaujolais Villages Vieilles Vignes 2021 - Ch\u00e2teau de Corcelles<\/title>\n<meta name=\"description\" content=\"Au nord du Beaujolais, nos parcelles couvrent diff\u00e9rents terroirs des Beaujolais Villages faisant de ce vin une expression fid\u00e8le de l\u2019appellation.\" \/>\n<meta name=\"robots\" content=\"index, follow, max-snippet:-1, max-image-preview:large, max-video-preview:-1\" \/>\n<link rel=\"canonical\" href=\"https:\/\/www.domainesrichard.fr\/chateau-de-corcelles\/vin\/beaujolais-villages-vieilles-vignes-2021\/\" \/>\n<meta property=\"og:locale\" content=\"fr_FR\" \/>\n<meta property=\"og:type\" content=\"article\" \/>\n<meta property=\"og:title\" content=\"Beaujolais Villages Vieilles Vignes 2021 - Ch\u00e2teau de Corcelles\" \/>\n<meta property=\"og:description\" content=\"Au nord du Beaujolais, nos parcelles couvrent diff\u00e9rents terroirs des Beaujolais Villages faisant de ce vin une expression fid\u00e8le de l\u2019appellation.\" \/>\n<meta property=\"og:url\" content=\"https:\/\/www.domainesrichard.fr\/chateau-de-corcelles\/vin\/beaujolais-villages-vieilles-vignes-2021\/\" \/>\n<meta property=\"og:site_name\" content=\"Ch\u00e2teau de Corcelles\" \/>\n<meta property=\"article:publisher\" content=\"https:\/\/www.facebook.com\/chateaudecorcellesenbeaujolais\" \/>\n<meta property=\"article:modified_time\" content=\"2024-06-12T13:00:35+00:00\" \/>\n<meta property=\"og:image\" content=\"https:\/\/www.domainesrichard.fr\/chateau-de-corcelles\/wp-content\/uploads\/sites\/2\/2023\/07\/CORCELLES-BEAUJOLAIS-VILLAGES-ROUGE.jpg\" \/>\n\t<meta property=\"og:image:width\" content=\"600\" \/>\n\t<meta property=\"og:image:height\" content=\"600\" \/>\n\t<meta property=\"og:image:type\" content=\"image\/jpeg\" \/>\n<meta name=\"twitter:card\" content=\"summary_large_image\" \/>\n<meta name=\"twitter:label1\" content=\"Dur\u00e9e de lecture estim\u00e9e\" \/>\n\t<meta name=\"twitter:data1\" content=\"1 minute\" \/>\n<script type=\"application\/ld+json\" class=\"yoast-schema-graph\">{\"@context\":\"https:\/\/schema.org\",\"@graph\":[{\"@type\":\"WebPage\",\"@id\":\"https:\/\/www.domainesrichard.fr\/chateau-de-corcelles\/vin\/beaujolais-villages-vieilles-vignes-2021\/\",\"url\":\"https:\/\/www.domainesrichard.fr\/chateau-de-corcelles\/vin\/beaujolais-villages-vieilles-vignes-2021\/\",\"name\":\"Beaujolais Villages Vieilles Vignes 2021 - Ch\u00e2teau de Corcelles\",\"isPartOf\":{\"@id\":\"https:\/\/www.domainesrichard.fr\/chateau-de-corcelles\/#website\"},\"primaryImageOfPage\":{\"@id\":\"https:\/\/www.domainesrichard.fr\/chateau-de-corcelles\/vin\/beaujolais-villages-vieilles-vignes-2021\/#primaryimage\"},\"image\":{\"@id\":\"https:\/\/www.domainesrichard.fr\/chateau-de-corcelles\/vin\/beaujolais-villages-vieilles-vignes-2021\/#primaryimage\"},\"thumbnailUrl\":\"https:\/\/www.domainesrichard.fr\/chateau-de-corcelles\/wp-content\/uploads\/sites\/2\/2023\/07\/CORCELLES-BEAUJOLAIS-VILLAGES-ROUGE.jpg\",\"datePublished\":\"2023-01-24T14:22:45+00:00\",\"dateModified\":\"2024-06-12T13:00:35+00:00\",\"description\":\"Au nord du Beaujolais, nos parcelles couvrent diff\u00e9rents terroirs des Beaujolais Villages faisant de ce vin une expression fid\u00e8le de l\u2019appellation.\",\"breadcrumb\":{\"@id\":\"https:\/\/www.domainesrichard.fr\/chateau-de-corcelles\/vin\/beaujolais-villages-vieilles-vignes-2021\/#breadcrumb\"},\"inLanguage\":\"fr-FR\",\"potentialAction\":[{\"@type\":\"ReadAction\",\"target\":[\"https:\/\/www.domainesrichard.fr\/chateau-de-corcelles\/vin\/beaujolais-villages-vieilles-vignes-2021\/\"]}]},{\"@type\":\"ImageObject\",\"inLanguage\":\"fr-FR\",\"@id\":\"https:\/\/www.domainesrichard.fr\/chateau-de-corcelles\/vin\/beaujolais-villages-vieilles-vignes-2021\/#primaryimage\",\"url\":\"https:\/\/www.domainesrichard.fr\/chateau-de-corcelles\/wp-content\/uploads\/sites\/2\/2023\/07\/CORCELLES-BEAUJOLAIS-VILLAGES-ROUGE.jpg\",\"contentUrl\":\"https:\/\/www.domainesrichard.fr\/chateau-de-corcelles\/wp-content\/uploads\/sites\/2\/2023\/07\/CORCELLES-BEAUJOLAIS-VILLAGES-ROUGE.jpg\",\"width\":600,\"height\":600,\"caption\":\"Beaujolais Villages Vieilles Vignes\"},{\"@type\":\"BreadcrumbList\",\"@id\":\"https:\/\/www.domainesrichard.fr\/chateau-de-corcelles\/vin\/beaujolais-villages-vieilles-vignes-2021\/#breadcrumb\",\"itemListElement\":[{\"@type\":\"ListItem\",\"position\":1,\"name\":\"Vins\",\"item\":\"https:\/\/www.domainesrichard.fr\/chateau-de-corcelles\/vins\/\"},{\"@type\":\"ListItem\",\"position\":2,\"name\":\"Beaujolais-Villages Vieilles Vignes 2021\"}]},{\"@type\":\"WebSite\",\"@id\":\"https:\/\/www.domainesrichard.fr\/chateau-de-corcelles\/#website\",\"url\":\"https:\/\/www.domainesrichard.fr\/chateau-de-corcelles\/\",\"name\":\"Ch\u00e2teau de Corcelles\",\"description\":\"L&#039;\u00e2me du Beaujolais\",\"publisher\":{\"@id\":\"https:\/\/www.domainesrichard.fr\/chateau-de-corcelles\/#organization\"},\"potentialAction\":[{\"@type\":\"SearchAction\",\"target\":{\"@type\":\"EntryPoint\",\"urlTemplate\":\"https:\/\/www.domainesrichard.fr\/chateau-de-corcelles\/?s={search_term_string}\"},\"query-input\":{\"@type\":\"PropertyValueSpecification\",\"valueRequired\":true,\"valueName\":\"search_term_string\"}}],\"inLanguage\":\"fr-FR\"},{\"@type\":\"Organization\",\"@id\":\"https:\/\/www.domainesrichard.fr\/chateau-de-corcelles\/#organization\",\"name\":\"Ch\u00e2teau de Corcelles\",\"url\":\"https:\/\/www.domainesrichard.fr\/chateau-de-corcelles\/\",\"logo\":{\"@type\":\"ImageObject\",\"inLanguage\":\"fr-FR\",\"@id\":\"https:\/\/www.domainesrichard.fr\/chateau-de-corcelles\/#\/schema\/logo\/image\/\",\"url\":\"https:\/\/www.domainesrichard.fr\/chateau-de-corcelles\/wp-content\/uploads\/sites\/2\/2022\/02\/chateau-de-corcelles-logo.png\",\"contentUrl\":\"https:\/\/www.domainesrichard.fr\/chateau-de-corcelles\/wp-content\/uploads\/sites\/2\/2022\/02\/chateau-de-corcelles-logo.png\",\"width\":600,\"height\":503,\"caption\":\"Ch\u00e2teau de Corcelles\"},\"image\":{\"@id\":\"https:\/\/www.domainesrichard.fr\/chateau-de-corcelles\/#\/schema\/logo\/image\/\"},\"sameAs\":[\"https:\/\/www.facebook.com\/chateaudecorcellesenbeaujolais\",\"https:\/\/www.instagram.com\/chateaudecorcelles\",\"https:\/\/www.linkedin.com\/company\/domaines-richard\"]}]}<\/script>\n<!-- \/ Yoast SEO plugin. -->","yoast_head_json":{"title":"Beaujolais Villages Vieilles Vignes 2021 - Ch\u00e2teau de Corcelles","description":"Au nord du Beaujolais, nos parcelles couvrent diff\u00e9rents terroirs des Beaujolais Villages faisant de ce vin une expression fid\u00e8le de l\u2019appellation.","robots":{"index":"index","follow":"follow","max-snippet":"max-snippet:-1","max-image-preview":"max-image-preview:large","max-video-preview":"max-video-preview:-1"},"canonical":"https:\/\/www.domainesrichard.fr\/chateau-de-corcelles\/vin\/beaujolais-villages-vieilles-vignes-2021\/","og_locale":"fr_FR","og_type":"article","og_title":"Beaujolais Villages Vieilles Vignes 2021 - Ch\u00e2teau de Corcelles","og_description":"Au nord du Beaujolais, nos parcelles couvrent diff\u00e9rents terroirs des Beaujolais Villages faisant de ce vin une expression fid\u00e8le de l\u2019appellation.","og_url":"https:\/\/www.domainesrichard.fr\/chateau-de-corcelles\/vin\/beaujolais-villages-vieilles-vignes-2021\/","og_site_name":"Ch\u00e2teau de Corcelles","article_publisher":"https:\/\/www.facebook.com\/chateaudecorcellesenbeaujolais","article_modified_time":"2024-06-12T13:00:35+00:00","og_image":[{"width":600,"height":600,"url":"https:\/\/www.domainesrichard.fr\/chateau-de-corcelles\/wp-content\/uploads\/sites\/2\/2023\/07\/CORCELLES-BEAUJOLAIS-VILLAGES-ROUGE.jpg","type":"image\/jpeg"}],"twitter_card":"summary_large_image","twitter_misc":{"Dur\u00e9e de lecture estim\u00e9e":"1 minute"},"schema":{"@context":"https:\/\/schema.org","@graph":[{"@type":"WebPage","@id":"https:\/\/www.domainesrichard.fr\/chateau-de-corcelles\/vin\/beaujolais-villages-vieilles-vignes-2021\/","url":"https:\/\/www.domainesrichard.fr\/chateau-de-corcelles\/vin\/beaujolais-villages-vieilles-vignes-2021\/","name":"Beaujolais Villages Vieilles Vignes 2021 - Ch\u00e2teau de Corcelles","isPartOf":{"@id":"https:\/\/www.domainesrichard.fr\/chateau-de-corcelles\/#website"},"primaryImageOfPage":{"@id":"https:\/\/www.domainesrichard.fr\/chateau-de-corcelles\/vin\/beaujolais-villages-vieilles-vignes-2021\/#primaryimage"},"image":{"@id":"https:\/\/www.domainesrichard.fr\/chateau-de-corcelles\/vin\/beaujolais-villages-vieilles-vignes-2021\/#primaryimage"},"thumbnailUrl":"https:\/\/www.domainesrichard.fr\/chateau-de-corcelles\/wp-content\/uploads\/sites\/2\/2023\/07\/CORCELLES-BEAUJOLAIS-VILLAGES-ROUGE.jpg","datePublished":"2023-01-24T14:22:45+00:00","dateModified":"2024-06-12T13:00:35+00:00","description":"Au nord du Beaujolais, nos parcelles couvrent diff\u00e9rents terroirs des Beaujolais Villages faisant de ce vin une expression fid\u00e8le de l\u2019appellation.","breadcrumb":{"@id":"https:\/\/www.domainesrichard.fr\/chateau-de-corcelles\/vin\/beaujolais-villages-vieilles-vignes-2021\/#breadcrumb"},"inLanguage":"fr-FR","potentialAction":[{"@type":"ReadAction","target":["https:\/\/www.domainesrichard.fr\/chateau-de-corcelles\/vin\/beaujolais-villages-vieilles-vignes-2021\/"]}]},{"@type":"ImageObject","inLanguage":"fr-FR","@id":"https:\/\/www.domainesrichard.fr\/chateau-de-corcelles\/vin\/beaujolais-villages-vieilles-vignes-2021\/#primaryimage","url":"https:\/\/www.domainesrichard.fr\/chateau-de-corcelles\/wp-content\/uploads\/sites\/2\/2023\/07\/CORCELLES-BEAUJOLAIS-VILLAGES-ROUGE.jpg","contentUrl":"https:\/\/www.domainesrichard.fr\/chateau-de-corcelles\/wp-content\/uploads\/sites\/2\/2023\/07\/CORCELLES-BEAUJOLAIS-VILLAGES-ROUGE.jpg","width":600,"height":600,"caption":"Beaujolais Villages Vieilles Vignes"},{"@type":"BreadcrumbList","@id":"https:\/\/www.domainesrichard.fr\/chateau-de-corcelles\/vin\/beaujolais-villages-vieilles-vignes-2021\/#breadcrumb","itemListElement":[{"@type":"ListItem","position":1,"name":"Vins","item":"https:\/\/www.domainesrichard.fr\/chateau-de-corcelles\/vins\/"},{"@type":"ListItem","position":2,"name":"Beaujolais-Villages Vieilles Vignes 2021"}]},{"@type":"WebSite","@id":"https:\/\/www.domainesrichard.fr\/chateau-de-corcelles\/#website","url":"https:\/\/www.domainesrichard.fr\/chateau-de-corcelles\/","name":"Ch\u00e2teau de Corcelles","description":"L&#039;\u00e2me du Beaujolais","publisher":{"@id":"https:\/\/www.domainesrichard.fr\/chateau-de-corcelles\/#organization"},"potentialAction":[{"@type":"SearchAction","target":{"@type":"EntryPoint","urlTemplate":"https:\/\/www.domainesrichard.fr\/chateau-de-corcelles\/?s={search_term_string}"},"query-input":{"@type":"PropertyValueSpecification","valueRequired":true,"valueName":"search_term_string"}}],"inLanguage":"fr-FR"},{"@type":"Organization","@id":"https:\/\/www.domainesrichard.fr\/chateau-de-corcelles\/#organization","name":"Ch\u00e2teau de Corcelles","url":"https:\/\/www.domainesrichard.fr\/chateau-de-corcelles\/","logo":{"@type":"ImageObject","inLanguage":"fr-FR","@id":"https:\/\/www.domainesrichard.fr\/chateau-de-corcelles\/#\/schema\/logo\/image\/","url":"https:\/\/www.domainesrichard.fr\/chateau-de-corcelles\/wp-content\/uploads\/sites\/2\/2022\/02\/chateau-de-corcelles-logo.png","contentUrl":"https:\/\/www.domainesrichard.fr\/chateau-de-corcelles\/wp-content\/uploads\/sites\/2\/2022\/02\/chateau-de-corcelles-logo.png","width":600,"height":503,"caption":"Ch\u00e2teau de Corcelles"},"image":{"@id":"https:\/\/www.domainesrichard.fr\/chateau-de-corcelles\/#\/schema\/logo\/image\/"},"sameAs":["https:\/\/www.facebook.com\/chateaudecorcellesenbeaujolais","https:\/\/www.instagram.com\/chateaudecorcelles","https:\/\/www.linkedin.com\/company\/domaines-richard"]}]}},"_links":{"self":[{"href":"https:\/\/www.domainesrichard.fr\/chateau-de-corcelles\/wp-json\/wp\/v2\/product\/1065","targetHints":{"allow":["GET"]}}],"collection":[{"href":"https:\/\/www.domainesrichard.fr\/chateau-de-corcelles\/wp-json\/wp\/v2\/product"}],"about":[{"href":"https:\/\/www.domainesrichard.fr\/chateau-de-corcelles\/wp-json\/wp\/v2\/types\/product"}],"wp:featuredmedia":[{"embeddable":true,"href":"https:\/\/www.domainesrichard.fr\/chateau-de-corcelles\/wp-json\/wp\/v2\/media\/2322"}],"wp:attachment":[{"href":"https:\/\/www.domainesrichard.fr\/chateau-de-corcelles\/wp-json\/wp\/v2\/media?parent=1065"}],"wp:term":[{"taxonomy":"product_brand","embeddable":true,"href":"https:\/\/www.domainesrichard.fr\/chateau-de-corcelles\/wp-json\/wp\/v2\/product_brand?post=1065"},{"taxonomy":"product_cat","embeddable":true,"href":"https:\/\/www.domainesrichard.fr\/chateau-de-corcelles\/wp-json\/wp\/v2\/product_cat?post=1065"},{"taxonomy":"product_tag","embeddable":true,"href":"https:\/\/www.domainesrichard.fr\/chateau-de-corcelles\/wp-json\/wp\/v2\/product_tag?post=1065"}],"curies":[{"name":"wp","href":"https:\/\/api.w.org\/{rel}","templated":true}]}}