{"id":1097,"date":"2023-02-17T16:09:21","date_gmt":"2023-02-17T15:09:21","guid":{"rendered":"https:\/\/www.domainesrichard.fr\/chateau-de-corcelles\/?post_type=product&#038;p=1097"},"modified":"2024-06-19T13:44:21","modified_gmt":"2024-06-19T11:44:21","slug":"chardonnay-2022","status":"publish","type":"product","link":"https:\/\/www.domainesrichard.fr\/chateau-de-corcelles\/vin\/chardonnay-2022\/","title":{"rendered":"Chardonnay <span class='vintage the_title'>2022<\/span>"},"content":{"rendered":"<p>C\u2019est autour du Ch\u00e2teau de Corcelles que s\u2019\u00e9panouissent nos vignes, l\u00e0-bas le terroir livre discr\u00e8tement cette touche de min\u00e9ralit\u00e9, fid\u00e8le \u00e0 son c\u00e9page \u00ab\u00a0chardonnay\u00a0\u00bb. Depuis 2020, le f\u00fbt joue de son influence avec une signature d\u00e9licatement bois\u00e9e. Il ne manque plus qu\u2019un poisson \u00e0 la plancha pour se r\u00e9galer.<\/p>","protected":false},"excerpt":{"rendered":"<p>C\u2019est autour du Ch\u00e2teau de Corcelles que s\u2019\u00e9panouissent nos vignes, l\u00e0-bas le terroir livre discr\u00e8tement cette touche de min\u00e9ralit\u00e9, fid\u00e8le \u00e0 son c\u00e9page \u00ab\u00a0chardonnay\u00a0\u00bb. Depuis 2020, le f\u00fbt joue de son influence avec une signature d\u00e9licatement bois\u00e9e. Il ne manque plus qu\u2019un poisson \u00e0 la plancha pour se r\u00e9galer.<\/p>","protected":false},"featured_media":2324,"template":"","meta":{"_acf_changed":false},"product_brand":[],"product_cat":[34],"product_tag":[],"class_list":{"0":"post-1097","1":"product","2":"type-product","3":"status-publish","4":"has-post-thumbnail","6":"product_cat-beaujolais-blanc-chardonnay","8":"first","9":"outofstock","10":"taxable","11":"shipping-taxable","12":"purchasable","13":"product-type-simple"},"acf":[],"yoast_head":"<!-- This site is optimized with the Yoast SEO plugin v27.0 - https:\/\/yoast.com\/product\/yoast-seo-wordpress\/ -->\n<title>Beaujolais Blanc Chardonnay 2022 - Ch\u00e2teau de Corcelles<\/title>\n<meta name=\"description\" content=\"Un Beaujolais Blanc 100% Chardonnay issu de vignes plant\u00e9es autour du Ch\u00e2teau de Corcelles. Un vin min\u00e9ral et cisel\u00e9 \u00e0 la finale persistante.\" \/>\n<meta name=\"robots\" content=\"index, follow, max-snippet:-1, max-image-preview:large, max-video-preview:-1\" \/>\n<link rel=\"canonical\" href=\"https:\/\/www.domainesrichard.fr\/chateau-de-corcelles\/vin\/chardonnay-2022\/\" \/>\n<meta property=\"og:locale\" content=\"fr_FR\" \/>\n<meta property=\"og:type\" content=\"article\" \/>\n<meta property=\"og:title\" content=\"Beaujolais Blanc Chardonnay 2022 - Ch\u00e2teau de Corcelles\" \/>\n<meta property=\"og:description\" content=\"Un Beaujolais Blanc 100% Chardonnay issu de vignes plant\u00e9es autour du Ch\u00e2teau de Corcelles. Un vin min\u00e9ral et cisel\u00e9 \u00e0 la finale persistante.\" \/>\n<meta property=\"og:url\" content=\"https:\/\/www.domainesrichard.fr\/chateau-de-corcelles\/vin\/chardonnay-2022\/\" \/>\n<meta property=\"og:site_name\" content=\"Ch\u00e2teau de Corcelles\" \/>\n<meta property=\"article:publisher\" content=\"https:\/\/www.facebook.com\/chateaudecorcellesenbeaujolais\" \/>\n<meta property=\"article:modified_time\" content=\"2024-06-19T11:44:21+00:00\" \/>\n<meta property=\"og:image\" content=\"https:\/\/www.domainesrichard.fr\/chateau-de-corcelles\/wp-content\/uploads\/sites\/2\/2023\/02\/CORCELLES-CHARDONNAY-BLANC.jpg\" \/>\n\t<meta property=\"og:image:width\" content=\"600\" \/>\n\t<meta property=\"og:image:height\" content=\"600\" \/>\n\t<meta property=\"og:image:type\" content=\"image\/jpeg\" \/>\n<meta name=\"twitter:card\" content=\"summary_large_image\" \/>\n<meta name=\"twitter:label1\" content=\"Dur\u00e9e de lecture estim\u00e9e\" \/>\n\t<meta name=\"twitter:data1\" content=\"1 minute\" \/>\n<script type=\"application\/ld+json\" class=\"yoast-schema-graph\">{\"@context\":\"https:\/\/schema.org\",\"@graph\":[{\"@type\":\"WebPage\",\"@id\":\"https:\/\/www.domainesrichard.fr\/chateau-de-corcelles\/vin\/chardonnay-2022\/\",\"url\":\"https:\/\/www.domainesrichard.fr\/chateau-de-corcelles\/vin\/chardonnay-2022\/\",\"name\":\"Beaujolais Blanc Chardonnay 2022 - Ch\u00e2teau de Corcelles\",\"isPartOf\":{\"@id\":\"https:\/\/www.domainesrichard.fr\/chateau-de-corcelles\/#website\"},\"primaryImageOfPage\":{\"@id\":\"https:\/\/www.domainesrichard.fr\/chateau-de-corcelles\/vin\/chardonnay-2022\/#primaryimage\"},\"image\":{\"@id\":\"https:\/\/www.domainesrichard.fr\/chateau-de-corcelles\/vin\/chardonnay-2022\/#primaryimage\"},\"thumbnailUrl\":\"https:\/\/www.domainesrichard.fr\/chateau-de-corcelles\/wp-content\/uploads\/sites\/2\/2023\/02\/CORCELLES-CHARDONNAY-BLANC.jpg\",\"datePublished\":\"2023-02-17T15:09:21+00:00\",\"dateModified\":\"2024-06-19T11:44:21+00:00\",\"description\":\"Un Beaujolais Blanc 100% Chardonnay issu de vignes plant\u00e9es autour du Ch\u00e2teau de Corcelles. Un vin min\u00e9ral et cisel\u00e9 \u00e0 la finale persistante.\",\"breadcrumb\":{\"@id\":\"https:\/\/www.domainesrichard.fr\/chateau-de-corcelles\/vin\/chardonnay-2022\/#breadcrumb\"},\"inLanguage\":\"fr-FR\",\"potentialAction\":[{\"@type\":\"ReadAction\",\"target\":[\"https:\/\/www.domainesrichard.fr\/chateau-de-corcelles\/vin\/chardonnay-2022\/\"]}]},{\"@type\":\"ImageObject\",\"inLanguage\":\"fr-FR\",\"@id\":\"https:\/\/www.domainesrichard.fr\/chateau-de-corcelles\/vin\/chardonnay-2022\/#primaryimage\",\"url\":\"https:\/\/www.domainesrichard.fr\/chateau-de-corcelles\/wp-content\/uploads\/sites\/2\/2023\/02\/CORCELLES-CHARDONNAY-BLANC.jpg\",\"contentUrl\":\"https:\/\/www.domainesrichard.fr\/chateau-de-corcelles\/wp-content\/uploads\/sites\/2\/2023\/02\/CORCELLES-CHARDONNAY-BLANC.jpg\",\"width\":600,\"height\":600,\"caption\":\"Chardonnay\"},{\"@type\":\"BreadcrumbList\",\"@id\":\"https:\/\/www.domainesrichard.fr\/chateau-de-corcelles\/vin\/chardonnay-2022\/#breadcrumb\",\"itemListElement\":[{\"@type\":\"ListItem\",\"position\":1,\"name\":\"Vins\",\"item\":\"https:\/\/www.domainesrichard.fr\/chateau-de-corcelles\/vins\/\"},{\"@type\":\"ListItem\",\"position\":2,\"name\":\"Chardonnay 2022\"}]},{\"@type\":\"WebSite\",\"@id\":\"https:\/\/www.domainesrichard.fr\/chateau-de-corcelles\/#website\",\"url\":\"https:\/\/www.domainesrichard.fr\/chateau-de-corcelles\/\",\"name\":\"Ch\u00e2teau de Corcelles\",\"description\":\"L&#039;\u00e2me du Beaujolais\",\"publisher\":{\"@id\":\"https:\/\/www.domainesrichard.fr\/chateau-de-corcelles\/#organization\"},\"potentialAction\":[{\"@type\":\"SearchAction\",\"target\":{\"@type\":\"EntryPoint\",\"urlTemplate\":\"https:\/\/www.domainesrichard.fr\/chateau-de-corcelles\/?s={search_term_string}\"},\"query-input\":{\"@type\":\"PropertyValueSpecification\",\"valueRequired\":true,\"valueName\":\"search_term_string\"}}],\"inLanguage\":\"fr-FR\"},{\"@type\":\"Organization\",\"@id\":\"https:\/\/www.domainesrichard.fr\/chateau-de-corcelles\/#organization\",\"name\":\"Ch\u00e2teau de Corcelles\",\"url\":\"https:\/\/www.domainesrichard.fr\/chateau-de-corcelles\/\",\"logo\":{\"@type\":\"ImageObject\",\"inLanguage\":\"fr-FR\",\"@id\":\"https:\/\/www.domainesrichard.fr\/chateau-de-corcelles\/#\/schema\/logo\/image\/\",\"url\":\"https:\/\/www.domainesrichard.fr\/chateau-de-corcelles\/wp-content\/uploads\/sites\/2\/2022\/02\/chateau-de-corcelles-logo.png\",\"contentUrl\":\"https:\/\/www.domainesrichard.fr\/chateau-de-corcelles\/wp-content\/uploads\/sites\/2\/2022\/02\/chateau-de-corcelles-logo.png\",\"width\":600,\"height\":503,\"caption\":\"Ch\u00e2teau de Corcelles\"},\"image\":{\"@id\":\"https:\/\/www.domainesrichard.fr\/chateau-de-corcelles\/#\/schema\/logo\/image\/\"},\"sameAs\":[\"https:\/\/www.facebook.com\/chateaudecorcellesenbeaujolais\",\"https:\/\/www.instagram.com\/chateaudecorcelles\",\"https:\/\/www.linkedin.com\/company\/domaines-richard\"]}]}<\/script>\n<!-- \/ Yoast SEO plugin. -->","yoast_head_json":{"title":"Beaujolais Blanc Chardonnay 2022 - Ch\u00e2teau de Corcelles","description":"Un Beaujolais Blanc 100% Chardonnay issu de vignes plant\u00e9es autour du Ch\u00e2teau de Corcelles. Un vin min\u00e9ral et cisel\u00e9 \u00e0 la finale persistante.","robots":{"index":"index","follow":"follow","max-snippet":"max-snippet:-1","max-image-preview":"max-image-preview:large","max-video-preview":"max-video-preview:-1"},"canonical":"https:\/\/www.domainesrichard.fr\/chateau-de-corcelles\/vin\/chardonnay-2022\/","og_locale":"fr_FR","og_type":"article","og_title":"Beaujolais Blanc Chardonnay 2022 - Ch\u00e2teau de Corcelles","og_description":"Un Beaujolais Blanc 100% Chardonnay issu de vignes plant\u00e9es autour du Ch\u00e2teau de Corcelles. Un vin min\u00e9ral et cisel\u00e9 \u00e0 la finale persistante.","og_url":"https:\/\/www.domainesrichard.fr\/chateau-de-corcelles\/vin\/chardonnay-2022\/","og_site_name":"Ch\u00e2teau de Corcelles","article_publisher":"https:\/\/www.facebook.com\/chateaudecorcellesenbeaujolais","article_modified_time":"2024-06-19T11:44:21+00:00","og_image":[{"width":600,"height":600,"url":"https:\/\/www.domainesrichard.fr\/chateau-de-corcelles\/wp-content\/uploads\/sites\/2\/2023\/02\/CORCELLES-CHARDONNAY-BLANC.jpg","type":"image\/jpeg"}],"twitter_card":"summary_large_image","twitter_misc":{"Dur\u00e9e de lecture estim\u00e9e":"1 minute"},"schema":{"@context":"https:\/\/schema.org","@graph":[{"@type":"WebPage","@id":"https:\/\/www.domainesrichard.fr\/chateau-de-corcelles\/vin\/chardonnay-2022\/","url":"https:\/\/www.domainesrichard.fr\/chateau-de-corcelles\/vin\/chardonnay-2022\/","name":"Beaujolais Blanc Chardonnay 2022 - Ch\u00e2teau de Corcelles","isPartOf":{"@id":"https:\/\/www.domainesrichard.fr\/chateau-de-corcelles\/#website"},"primaryImageOfPage":{"@id":"https:\/\/www.domainesrichard.fr\/chateau-de-corcelles\/vin\/chardonnay-2022\/#primaryimage"},"image":{"@id":"https:\/\/www.domainesrichard.fr\/chateau-de-corcelles\/vin\/chardonnay-2022\/#primaryimage"},"thumbnailUrl":"https:\/\/www.domainesrichard.fr\/chateau-de-corcelles\/wp-content\/uploads\/sites\/2\/2023\/02\/CORCELLES-CHARDONNAY-BLANC.jpg","datePublished":"2023-02-17T15:09:21+00:00","dateModified":"2024-06-19T11:44:21+00:00","description":"Un Beaujolais Blanc 100% Chardonnay issu de vignes plant\u00e9es autour du Ch\u00e2teau de Corcelles. Un vin min\u00e9ral et cisel\u00e9 \u00e0 la finale persistante.","breadcrumb":{"@id":"https:\/\/www.domainesrichard.fr\/chateau-de-corcelles\/vin\/chardonnay-2022\/#breadcrumb"},"inLanguage":"fr-FR","potentialAction":[{"@type":"ReadAction","target":["https:\/\/www.domainesrichard.fr\/chateau-de-corcelles\/vin\/chardonnay-2022\/"]}]},{"@type":"ImageObject","inLanguage":"fr-FR","@id":"https:\/\/www.domainesrichard.fr\/chateau-de-corcelles\/vin\/chardonnay-2022\/#primaryimage","url":"https:\/\/www.domainesrichard.fr\/chateau-de-corcelles\/wp-content\/uploads\/sites\/2\/2023\/02\/CORCELLES-CHARDONNAY-BLANC.jpg","contentUrl":"https:\/\/www.domainesrichard.fr\/chateau-de-corcelles\/wp-content\/uploads\/sites\/2\/2023\/02\/CORCELLES-CHARDONNAY-BLANC.jpg","width":600,"height":600,"caption":"Chardonnay"},{"@type":"BreadcrumbList","@id":"https:\/\/www.domainesrichard.fr\/chateau-de-corcelles\/vin\/chardonnay-2022\/#breadcrumb","itemListElement":[{"@type":"ListItem","position":1,"name":"Vins","item":"https:\/\/www.domainesrichard.fr\/chateau-de-corcelles\/vins\/"},{"@type":"ListItem","position":2,"name":"Chardonnay 2022"}]},{"@type":"WebSite","@id":"https:\/\/www.domainesrichard.fr\/chateau-de-corcelles\/#website","url":"https:\/\/www.domainesrichard.fr\/chateau-de-corcelles\/","name":"Ch\u00e2teau de Corcelles","description":"L&#039;\u00e2me du Beaujolais","publisher":{"@id":"https:\/\/www.domainesrichard.fr\/chateau-de-corcelles\/#organization"},"potentialAction":[{"@type":"SearchAction","target":{"@type":"EntryPoint","urlTemplate":"https:\/\/www.domainesrichard.fr\/chateau-de-corcelles\/?s={search_term_string}"},"query-input":{"@type":"PropertyValueSpecification","valueRequired":true,"valueName":"search_term_string"}}],"inLanguage":"fr-FR"},{"@type":"Organization","@id":"https:\/\/www.domainesrichard.fr\/chateau-de-corcelles\/#organization","name":"Ch\u00e2teau de Corcelles","url":"https:\/\/www.domainesrichard.fr\/chateau-de-corcelles\/","logo":{"@type":"ImageObject","inLanguage":"fr-FR","@id":"https:\/\/www.domainesrichard.fr\/chateau-de-corcelles\/#\/schema\/logo\/image\/","url":"https:\/\/www.domainesrichard.fr\/chateau-de-corcelles\/wp-content\/uploads\/sites\/2\/2022\/02\/chateau-de-corcelles-logo.png","contentUrl":"https:\/\/www.domainesrichard.fr\/chateau-de-corcelles\/wp-content\/uploads\/sites\/2\/2022\/02\/chateau-de-corcelles-logo.png","width":600,"height":503,"caption":"Ch\u00e2teau de Corcelles"},"image":{"@id":"https:\/\/www.domainesrichard.fr\/chateau-de-corcelles\/#\/schema\/logo\/image\/"},"sameAs":["https:\/\/www.facebook.com\/chateaudecorcellesenbeaujolais","https:\/\/www.instagram.com\/chateaudecorcelles","https:\/\/www.linkedin.com\/company\/domaines-richard"]}]}},"_links":{"self":[{"href":"https:\/\/www.domainesrichard.fr\/chateau-de-corcelles\/wp-json\/wp\/v2\/product\/1097","targetHints":{"allow":["GET"]}}],"collection":[{"href":"https:\/\/www.domainesrichard.fr\/chateau-de-corcelles\/wp-json\/wp\/v2\/product"}],"about":[{"href":"https:\/\/www.domainesrichard.fr\/chateau-de-corcelles\/wp-json\/wp\/v2\/types\/product"}],"wp:featuredmedia":[{"embeddable":true,"href":"https:\/\/www.domainesrichard.fr\/chateau-de-corcelles\/wp-json\/wp\/v2\/media\/2324"}],"wp:attachment":[{"href":"https:\/\/www.domainesrichard.fr\/chateau-de-corcelles\/wp-json\/wp\/v2\/media?parent=1097"}],"wp:term":[{"taxonomy":"product_brand","embeddable":true,"href":"https:\/\/www.domainesrichard.fr\/chateau-de-corcelles\/wp-json\/wp\/v2\/product_brand?post=1097"},{"taxonomy":"product_cat","embeddable":true,"href":"https:\/\/www.domainesrichard.fr\/chateau-de-corcelles\/wp-json\/wp\/v2\/product_cat?post=1097"},{"taxonomy":"product_tag","embeddable":true,"href":"https:\/\/www.domainesrichard.fr\/chateau-de-corcelles\/wp-json\/wp\/v2\/product_tag?post=1097"}],"curies":[{"name":"wp","href":"https:\/\/api.w.org\/{rel}","templated":true}]}}