{"id":1723,"date":"2023-12-14T10:46:10","date_gmt":"2023-12-14T09:46:10","guid":{"rendered":"https:\/\/www.domainesrichard.fr\/chateau-de-corcelles\/?post_type=product&#038;p=1723"},"modified":"2024-01-11T15:55:35","modified_gmt":"2024-01-11T14:55:35","slug":"offre-de-noel","status":"publish","type":"product","link":"https:\/\/www.domainesrichard.fr\/chateau-de-corcelles\/vin\/offre-de-noel\/","title":{"rendered":"Offre de No\u00ebl <span class='vintage the_title'><\/span>"},"content":{"rendered":"<p>Pour les f\u00eates de fin d&rsquo;ann\u00e9e, le Ch\u00e2teau de Corcelles vous propose un coffret comprenant nos trois cuv\u00e9es parcellaires:<br \/>\n2 Beaujolais \u00ab\u00a0Le Perr\u00e9on\u00a0\u00bb 2022<br \/>\n2 Brouilly \u00ab\u00a0Les Roches\u00a0\u00bb 2022<br \/>\n2 Fleurie \u00ab\u00a0Ponci\u00e9\u00a0\u00bb 2022<\/p>\n<p>Cette offre est valable jusqu&rsquo;au 7 janvier 2024, profitez en&nbsp;!<\/p>\n<p>Bonnes f\u00eates \u00e0 toutes et \u00e0 tous&nbsp;!<\/p>","protected":false},"excerpt":{"rendered":"<ul>\n<li>2 Beaujolais \u00ab\u00a0Le Perr\u00e9on\u00a0\u00bb 2022 &#8211; 75cl<\/li>\n<li>2 Brouilly \u00ab\u00a0Les Roches\u00a0\u00bb 2022 &#8211; 75cl<\/li>\n<li>2 Fleurie \u00ab\u00a0Ponci\u00e9\u00a0\u00bb 2022 &#8211; 75cl<\/li>\n<\/ul>","protected":false},"featured_media":1733,"template":"","meta":{"_acf_changed":false},"product_brand":[],"product_cat":[93],"product_tag":[],"class_list":{"0":"post-1723","1":"product","2":"type-product","3":"status-publish","4":"has-post-thumbnail","6":"product_cat-offres","8":"first","9":"instock","10":"taxable","11":"shipping-taxable","12":"purchasable","13":"product-type-simple"},"acf":[],"yoast_head":"<!-- This site is optimized with the Yoast SEO plugin v27.5 - https:\/\/yoast.com\/product\/yoast-seo-wordpress\/ -->\n<title>Offre de No\u00ebl  - Ch\u00e2teau de Corcelles<\/title>\n<meta name=\"robots\" content=\"index, follow, max-snippet:-1, max-image-preview:large, max-video-preview:-1\" \/>\n<link rel=\"canonical\" href=\"https:\/\/www.domainesrichard.fr\/chateau-de-corcelles\/vin\/offre-de-noel\/\" \/>\n<meta property=\"og:locale\" content=\"fr_FR\" \/>\n<meta property=\"og:type\" content=\"article\" \/>\n<meta property=\"og:title\" content=\"Offre de No\u00ebl  - Ch\u00e2teau de Corcelles\" \/>\n<meta property=\"og:description\" content=\"2 Beaujolais &quot;Le Perr\u00e9on&quot; 2022 - 75cl  2 Brouilly &quot;Les Roches&quot; 2022 - 75cl  2 Fleurie &quot;Ponci\u00e9&quot; 2022 - 75cl\" \/>\n<meta property=\"og:url\" content=\"https:\/\/www.domainesrichard.fr\/chateau-de-corcelles\/vin\/offre-de-noel\/\" \/>\n<meta property=\"og:site_name\" content=\"Ch\u00e2teau de Corcelles\" \/>\n<meta property=\"article:publisher\" content=\"https:\/\/www.facebook.com\/chateaudecorcellesenbeaujolais\" \/>\n<meta property=\"article:modified_time\" content=\"2024-01-11T14:55:35+00:00\" \/>\n<meta property=\"og:image\" content=\"https:\/\/www.domainesrichard.fr\/chateau-de-corcelles\/wp-content\/uploads\/sites\/2\/2023\/12\/Offre-de-noel-Corcelles-1.png\" \/>\n\t<meta property=\"og:image:width\" content=\"600\" \/>\n\t<meta property=\"og:image:height\" content=\"600\" \/>\n\t<meta property=\"og:image:type\" content=\"image\/png\" \/>\n<meta name=\"twitter:card\" content=\"summary_large_image\" \/>\n<meta name=\"twitter:label1\" content=\"Dur\u00e9e de lecture estim\u00e9e\" \/>\n\t<meta name=\"twitter:data1\" content=\"1 minute\" \/>\n<script type=\"application\/ld+json\" class=\"yoast-schema-graph\">{\"@context\":\"https:\\\/\\\/schema.org\",\"@graph\":[{\"@type\":\"WebPage\",\"@id\":\"https:\\\/\\\/www.domainesrichard.fr\\\/chateau-de-corcelles\\\/vin\\\/offre-de-noel\\\/\",\"url\":\"https:\\\/\\\/www.domainesrichard.fr\\\/chateau-de-corcelles\\\/vin\\\/offre-de-noel\\\/\",\"name\":\"Offre de No\u00ebl - Ch\u00e2teau de Corcelles\",\"isPartOf\":{\"@id\":\"https:\\\/\\\/www.domainesrichard.fr\\\/chateau-de-corcelles\\\/#website\"},\"primaryImageOfPage\":{\"@id\":\"https:\\\/\\\/www.domainesrichard.fr\\\/chateau-de-corcelles\\\/vin\\\/offre-de-noel\\\/#primaryimage\"},\"image\":{\"@id\":\"https:\\\/\\\/www.domainesrichard.fr\\\/chateau-de-corcelles\\\/vin\\\/offre-de-noel\\\/#primaryimage\"},\"thumbnailUrl\":\"https:\\\/\\\/www.domainesrichard.fr\\\/chateau-de-corcelles\\\/wp-content\\\/uploads\\\/sites\\\/2\\\/2023\\\/12\\\/Offre-de-noel-Corcelles-1.png\",\"datePublished\":\"2023-12-14T09:46:10+00:00\",\"dateModified\":\"2024-01-11T14:55:35+00:00\",\"breadcrumb\":{\"@id\":\"https:\\\/\\\/www.domainesrichard.fr\\\/chateau-de-corcelles\\\/vin\\\/offre-de-noel\\\/#breadcrumb\"},\"inLanguage\":\"fr-FR\",\"potentialAction\":[{\"@type\":\"ReadAction\",\"target\":[\"https:\\\/\\\/www.domainesrichard.fr\\\/chateau-de-corcelles\\\/vin\\\/offre-de-noel\\\/\"]}]},{\"@type\":\"ImageObject\",\"inLanguage\":\"fr-FR\",\"@id\":\"https:\\\/\\\/www.domainesrichard.fr\\\/chateau-de-corcelles\\\/vin\\\/offre-de-noel\\\/#primaryimage\",\"url\":\"https:\\\/\\\/www.domainesrichard.fr\\\/chateau-de-corcelles\\\/wp-content\\\/uploads\\\/sites\\\/2\\\/2023\\\/12\\\/Offre-de-noel-Corcelles-1.png\",\"contentUrl\":\"https:\\\/\\\/www.domainesrichard.fr\\\/chateau-de-corcelles\\\/wp-content\\\/uploads\\\/sites\\\/2\\\/2023\\\/12\\\/Offre-de-noel-Corcelles-1.png\",\"width\":600,\"height\":600},{\"@type\":\"BreadcrumbList\",\"@id\":\"https:\\\/\\\/www.domainesrichard.fr\\\/chateau-de-corcelles\\\/vin\\\/offre-de-noel\\\/#breadcrumb\",\"itemListElement\":[{\"@type\":\"ListItem\",\"position\":1,\"name\":\"Vins\",\"item\":\"https:\\\/\\\/www.domainesrichard.fr\\\/chateau-de-corcelles\\\/vins\\\/\"},{\"@type\":\"ListItem\",\"position\":2,\"name\":\"Offre de No\u00ebl\"}]},{\"@type\":\"WebSite\",\"@id\":\"https:\\\/\\\/www.domainesrichard.fr\\\/chateau-de-corcelles\\\/#website\",\"url\":\"https:\\\/\\\/www.domainesrichard.fr\\\/chateau-de-corcelles\\\/\",\"name\":\"Ch\u00e2teau de Corcelles\",\"description\":\"L&#039;\u00e2me du Beaujolais\",\"publisher\":{\"@id\":\"https:\\\/\\\/www.domainesrichard.fr\\\/chateau-de-corcelles\\\/#organization\"},\"potentialAction\":[{\"@type\":\"SearchAction\",\"target\":{\"@type\":\"EntryPoint\",\"urlTemplate\":\"https:\\\/\\\/www.domainesrichard.fr\\\/chateau-de-corcelles\\\/?s={search_term_string}\"},\"query-input\":{\"@type\":\"PropertyValueSpecification\",\"valueRequired\":true,\"valueName\":\"search_term_string\"}}],\"inLanguage\":\"fr-FR\"},{\"@type\":\"Organization\",\"@id\":\"https:\\\/\\\/www.domainesrichard.fr\\\/chateau-de-corcelles\\\/#organization\",\"name\":\"Ch\u00e2teau de Corcelles\",\"url\":\"https:\\\/\\\/www.domainesrichard.fr\\\/chateau-de-corcelles\\\/\",\"logo\":{\"@type\":\"ImageObject\",\"inLanguage\":\"fr-FR\",\"@id\":\"https:\\\/\\\/www.domainesrichard.fr\\\/chateau-de-corcelles\\\/#\\\/schema\\\/logo\\\/image\\\/\",\"url\":\"https:\\\/\\\/www.domainesrichard.fr\\\/chateau-de-corcelles\\\/wp-content\\\/uploads\\\/sites\\\/2\\\/2022\\\/02\\\/chateau-de-corcelles-logo.png\",\"contentUrl\":\"https:\\\/\\\/www.domainesrichard.fr\\\/chateau-de-corcelles\\\/wp-content\\\/uploads\\\/sites\\\/2\\\/2022\\\/02\\\/chateau-de-corcelles-logo.png\",\"width\":600,\"height\":503,\"caption\":\"Ch\u00e2teau de Corcelles\"},\"image\":{\"@id\":\"https:\\\/\\\/www.domainesrichard.fr\\\/chateau-de-corcelles\\\/#\\\/schema\\\/logo\\\/image\\\/\"},\"sameAs\":[\"https:\\\/\\\/www.facebook.com\\\/chateaudecorcellesenbeaujolais\",\"https:\\\/\\\/www.instagram.com\\\/chateaudecorcelles\",\"https:\\\/\\\/www.linkedin.com\\\/company\\\/domaines-richard\"]}]}<\/script>\n<!-- \/ Yoast SEO plugin. -->","yoast_head_json":{"title":"Offre de No\u00ebl  - Ch\u00e2teau de Corcelles","robots":{"index":"index","follow":"follow","max-snippet":"max-snippet:-1","max-image-preview":"max-image-preview:large","max-video-preview":"max-video-preview:-1"},"canonical":"https:\/\/www.domainesrichard.fr\/chateau-de-corcelles\/vin\/offre-de-noel\/","og_locale":"fr_FR","og_type":"article","og_title":"Offre de No\u00ebl  - Ch\u00e2teau de Corcelles","og_description":"2 Beaujolais \"Le Perr\u00e9on\" 2022 - 75cl  2 Brouilly \"Les Roches\" 2022 - 75cl  2 Fleurie \"Ponci\u00e9\" 2022 - 75cl","og_url":"https:\/\/www.domainesrichard.fr\/chateau-de-corcelles\/vin\/offre-de-noel\/","og_site_name":"Ch\u00e2teau de Corcelles","article_publisher":"https:\/\/www.facebook.com\/chateaudecorcellesenbeaujolais","article_modified_time":"2024-01-11T14:55:35+00:00","og_image":[{"width":600,"height":600,"url":"https:\/\/www.domainesrichard.fr\/chateau-de-corcelles\/wp-content\/uploads\/sites\/2\/2023\/12\/Offre-de-noel-Corcelles-1.png","type":"image\/png"}],"twitter_card":"summary_large_image","twitter_misc":{"Dur\u00e9e de lecture estim\u00e9e":"1 minute"},"schema":{"@context":"https:\/\/schema.org","@graph":[{"@type":"WebPage","@id":"https:\/\/www.domainesrichard.fr\/chateau-de-corcelles\/vin\/offre-de-noel\/","url":"https:\/\/www.domainesrichard.fr\/chateau-de-corcelles\/vin\/offre-de-noel\/","name":"Offre de No\u00ebl - Ch\u00e2teau de Corcelles","isPartOf":{"@id":"https:\/\/www.domainesrichard.fr\/chateau-de-corcelles\/#website"},"primaryImageOfPage":{"@id":"https:\/\/www.domainesrichard.fr\/chateau-de-corcelles\/vin\/offre-de-noel\/#primaryimage"},"image":{"@id":"https:\/\/www.domainesrichard.fr\/chateau-de-corcelles\/vin\/offre-de-noel\/#primaryimage"},"thumbnailUrl":"https:\/\/www.domainesrichard.fr\/chateau-de-corcelles\/wp-content\/uploads\/sites\/2\/2023\/12\/Offre-de-noel-Corcelles-1.png","datePublished":"2023-12-14T09:46:10+00:00","dateModified":"2024-01-11T14:55:35+00:00","breadcrumb":{"@id":"https:\/\/www.domainesrichard.fr\/chateau-de-corcelles\/vin\/offre-de-noel\/#breadcrumb"},"inLanguage":"fr-FR","potentialAction":[{"@type":"ReadAction","target":["https:\/\/www.domainesrichard.fr\/chateau-de-corcelles\/vin\/offre-de-noel\/"]}]},{"@type":"ImageObject","inLanguage":"fr-FR","@id":"https:\/\/www.domainesrichard.fr\/chateau-de-corcelles\/vin\/offre-de-noel\/#primaryimage","url":"https:\/\/www.domainesrichard.fr\/chateau-de-corcelles\/wp-content\/uploads\/sites\/2\/2023\/12\/Offre-de-noel-Corcelles-1.png","contentUrl":"https:\/\/www.domainesrichard.fr\/chateau-de-corcelles\/wp-content\/uploads\/sites\/2\/2023\/12\/Offre-de-noel-Corcelles-1.png","width":600,"height":600},{"@type":"BreadcrumbList","@id":"https:\/\/www.domainesrichard.fr\/chateau-de-corcelles\/vin\/offre-de-noel\/#breadcrumb","itemListElement":[{"@type":"ListItem","position":1,"name":"Vins","item":"https:\/\/www.domainesrichard.fr\/chateau-de-corcelles\/vins\/"},{"@type":"ListItem","position":2,"name":"Offre de No\u00ebl"}]},{"@type":"WebSite","@id":"https:\/\/www.domainesrichard.fr\/chateau-de-corcelles\/#website","url":"https:\/\/www.domainesrichard.fr\/chateau-de-corcelles\/","name":"Ch\u00e2teau de Corcelles","description":"L&#039;\u00e2me du Beaujolais","publisher":{"@id":"https:\/\/www.domainesrichard.fr\/chateau-de-corcelles\/#organization"},"potentialAction":[{"@type":"SearchAction","target":{"@type":"EntryPoint","urlTemplate":"https:\/\/www.domainesrichard.fr\/chateau-de-corcelles\/?s={search_term_string}"},"query-input":{"@type":"PropertyValueSpecification","valueRequired":true,"valueName":"search_term_string"}}],"inLanguage":"fr-FR"},{"@type":"Organization","@id":"https:\/\/www.domainesrichard.fr\/chateau-de-corcelles\/#organization","name":"Ch\u00e2teau de Corcelles","url":"https:\/\/www.domainesrichard.fr\/chateau-de-corcelles\/","logo":{"@type":"ImageObject","inLanguage":"fr-FR","@id":"https:\/\/www.domainesrichard.fr\/chateau-de-corcelles\/#\/schema\/logo\/image\/","url":"https:\/\/www.domainesrichard.fr\/chateau-de-corcelles\/wp-content\/uploads\/sites\/2\/2022\/02\/chateau-de-corcelles-logo.png","contentUrl":"https:\/\/www.domainesrichard.fr\/chateau-de-corcelles\/wp-content\/uploads\/sites\/2\/2022\/02\/chateau-de-corcelles-logo.png","width":600,"height":503,"caption":"Ch\u00e2teau de Corcelles"},"image":{"@id":"https:\/\/www.domainesrichard.fr\/chateau-de-corcelles\/#\/schema\/logo\/image\/"},"sameAs":["https:\/\/www.facebook.com\/chateaudecorcellesenbeaujolais","https:\/\/www.instagram.com\/chateaudecorcelles","https:\/\/www.linkedin.com\/company\/domaines-richard"]}]}},"_links":{"self":[{"href":"https:\/\/www.domainesrichard.fr\/chateau-de-corcelles\/wp-json\/wp\/v2\/product\/1723","targetHints":{"allow":["GET"]}}],"collection":[{"href":"https:\/\/www.domainesrichard.fr\/chateau-de-corcelles\/wp-json\/wp\/v2\/product"}],"about":[{"href":"https:\/\/www.domainesrichard.fr\/chateau-de-corcelles\/wp-json\/wp\/v2\/types\/product"}],"wp:featuredmedia":[{"embeddable":true,"href":"https:\/\/www.domainesrichard.fr\/chateau-de-corcelles\/wp-json\/wp\/v2\/media\/1733"}],"wp:attachment":[{"href":"https:\/\/www.domainesrichard.fr\/chateau-de-corcelles\/wp-json\/wp\/v2\/media?parent=1723"}],"wp:term":[{"taxonomy":"product_brand","embeddable":true,"href":"https:\/\/www.domainesrichard.fr\/chateau-de-corcelles\/wp-json\/wp\/v2\/product_brand?post=1723"},{"taxonomy":"product_cat","embeddable":true,"href":"https:\/\/www.domainesrichard.fr\/chateau-de-corcelles\/wp-json\/wp\/v2\/product_cat?post=1723"},{"taxonomy":"product_tag","embeddable":true,"href":"https:\/\/www.domainesrichard.fr\/chateau-de-corcelles\/wp-json\/wp\/v2\/product_tag?post=1723"}],"curies":[{"name":"wp","href":"https:\/\/api.w.org\/{rel}","templated":true}]}}