{"id":2928,"date":"2025-04-14T13:37:28","date_gmt":"2025-04-14T11:37:28","guid":{"rendered":"https:\/\/www.domainesrichard.fr\/chateau-de-corcelles\/?post_type=product&#038;p=2928"},"modified":"2025-04-14T13:43:46","modified_gmt":"2025-04-14T11:43:46","slug":"rose-dune-nuit-2024","status":"publish","type":"product","link":"https:\/\/www.domainesrichard.fr\/chateau-de-corcelles\/vin\/rose-dune-nuit-2024\/","title":{"rendered":"Ros\u00e9 d&rsquo;une Nuit <span class='vintage the_title'>2024<\/span>"},"content":{"rendered":"<p>La p\u00e2leur de sa robe ferait rougir les autres ros\u00e9s. Il a le croquant des fruits d\u2019\u00e9t\u00e9, et la fra\u00eecheur de la \u00ab\u00a0ros\u00e9e d\u2019une nuit\u00a0\u00bb. Sa vinification lui donne son nom, les nuits sont courtes pendant les vendanges, seulement 4 \u00e0 6 heures, de m\u00eame que la mac\u00e9ration. La promesse d\u2019un gamay intens\u00e9ment fruit\u00e9 et gourmand. Une aubaine pour nos cuisines estivales\u00a0!<\/p>","protected":false},"excerpt":{"rendered":"<p>La p\u00e2leur de sa robe ferait rougir les autres ros\u00e9s. Il a le croquant des fruits d\u2019\u00e9t\u00e9, et la fra\u00eecheur de la \u00ab\u00a0ros\u00e9e d\u2019une nuit\u00a0\u00bb. Sa vinification lui donne son nom, les nuits sont courtes pendant les vendanges, seulement 4 \u00e0 6 heures, de m\u00eame que la mac\u00e9ration. La promesse d\u2019un gamay intens\u00e9ment fruit\u00e9 et [&hellip;]<\/p>","protected":false},"featured_media":2327,"template":"","meta":{"_acf_changed":false},"product_brand":[],"product_cat":[35],"product_tag":[],"class_list":{"0":"post-2928","1":"product","2":"type-product","3":"status-publish","4":"has-post-thumbnail","6":"product_cat-rose-dune-nuit","8":"first","9":"instock","10":"taxable","11":"shipping-taxable","12":"purchasable","13":"product-type-simple"},"acf":[],"yoast_head":"<!-- This site is optimized with the Yoast SEO plugin v27.0 - https:\/\/yoast.com\/product\/yoast-seo-wordpress\/ -->\n<title>Beaujolais &#039;Ros\u00e9 d&#039;une Nuit&#039; 2024 - Ch\u00e2teau de Corcelles<\/title>\n<meta name=\"description\" content=\"Un gamay ros\u00e9 intens\u00e9ment fruit\u00e9 et gourmand. Sa vinification lui donne son nom : des vendanges courtes de 4 \u00e0 6 heures, de m\u00eame que la mac\u00e9ration.\" \/>\n<meta name=\"robots\" content=\"index, follow, max-snippet:-1, max-image-preview:large, max-video-preview:-1\" \/>\n<link rel=\"canonical\" href=\"https:\/\/www.domainesrichard.fr\/chateau-de-corcelles\/vin\/rose-dune-nuit-2024\/\" \/>\n<meta property=\"og:locale\" content=\"fr_FR\" \/>\n<meta property=\"og:type\" content=\"article\" \/>\n<meta property=\"og:title\" content=\"Beaujolais &#039;Ros\u00e9 d&#039;une Nuit&#039; 2024 - Ch\u00e2teau de Corcelles\" \/>\n<meta property=\"og:description\" content=\"Un gamay ros\u00e9 intens\u00e9ment fruit\u00e9 et gourmand. Sa vinification lui donne son nom : des vendanges courtes de 4 \u00e0 6 heures, de m\u00eame que la mac\u00e9ration.\" \/>\n<meta property=\"og:url\" content=\"https:\/\/www.domainesrichard.fr\/chateau-de-corcelles\/vin\/rose-dune-nuit-2024\/\" \/>\n<meta property=\"og:site_name\" content=\"Ch\u00e2teau de Corcelles\" \/>\n<meta property=\"article:publisher\" content=\"https:\/\/www.facebook.com\/chateaudecorcellesenbeaujolais\" \/>\n<meta property=\"article:modified_time\" content=\"2025-04-14T11:43:46+00:00\" \/>\n<meta property=\"og:image\" content=\"https:\/\/www.domainesrichard.fr\/chateau-de-corcelles\/wp-content\/uploads\/sites\/2\/2024\/03\/CORCELLES-ROSE-DUNE-NUIT-ROSE.jpg\" \/>\n\t<meta property=\"og:image:width\" content=\"600\" \/>\n\t<meta property=\"og:image:height\" content=\"600\" \/>\n\t<meta property=\"og:image:type\" content=\"image\/jpeg\" \/>\n<meta name=\"twitter:card\" content=\"summary_large_image\" \/>\n<meta name=\"twitter:label1\" content=\"Dur\u00e9e de lecture estim\u00e9e\" \/>\n\t<meta name=\"twitter:data1\" content=\"1 minute\" \/>\n<script type=\"application\/ld+json\" class=\"yoast-schema-graph\">{\"@context\":\"https:\/\/schema.org\",\"@graph\":[{\"@type\":\"WebPage\",\"@id\":\"https:\/\/www.domainesrichard.fr\/chateau-de-corcelles\/vin\/rose-dune-nuit-2024\/\",\"url\":\"https:\/\/www.domainesrichard.fr\/chateau-de-corcelles\/vin\/rose-dune-nuit-2024\/\",\"name\":\"Beaujolais 'Ros\u00e9 d'une Nuit' 2024 - Ch\u00e2teau de Corcelles\",\"isPartOf\":{\"@id\":\"https:\/\/www.domainesrichard.fr\/chateau-de-corcelles\/#website\"},\"primaryImageOfPage\":{\"@id\":\"https:\/\/www.domainesrichard.fr\/chateau-de-corcelles\/vin\/rose-dune-nuit-2024\/#primaryimage\"},\"image\":{\"@id\":\"https:\/\/www.domainesrichard.fr\/chateau-de-corcelles\/vin\/rose-dune-nuit-2024\/#primaryimage\"},\"thumbnailUrl\":\"https:\/\/www.domainesrichard.fr\/chateau-de-corcelles\/wp-content\/uploads\/sites\/2\/2024\/03\/CORCELLES-ROSE-DUNE-NUIT-ROSE.jpg\",\"datePublished\":\"2025-04-14T11:37:28+00:00\",\"dateModified\":\"2025-04-14T11:43:46+00:00\",\"description\":\"Un gamay ros\u00e9 intens\u00e9ment fruit\u00e9 et gourmand. Sa vinification lui donne son nom : des vendanges courtes de 4 \u00e0 6 heures, de m\u00eame que la mac\u00e9ration.\",\"breadcrumb\":{\"@id\":\"https:\/\/www.domainesrichard.fr\/chateau-de-corcelles\/vin\/rose-dune-nuit-2024\/#breadcrumb\"},\"inLanguage\":\"fr-FR\",\"potentialAction\":[{\"@type\":\"ReadAction\",\"target\":[\"https:\/\/www.domainesrichard.fr\/chateau-de-corcelles\/vin\/rose-dune-nuit-2024\/\"]}]},{\"@type\":\"ImageObject\",\"inLanguage\":\"fr-FR\",\"@id\":\"https:\/\/www.domainesrichard.fr\/chateau-de-corcelles\/vin\/rose-dune-nuit-2024\/#primaryimage\",\"url\":\"https:\/\/www.domainesrichard.fr\/chateau-de-corcelles\/wp-content\/uploads\/sites\/2\/2024\/03\/CORCELLES-ROSE-DUNE-NUIT-ROSE.jpg\",\"contentUrl\":\"https:\/\/www.domainesrichard.fr\/chateau-de-corcelles\/wp-content\/uploads\/sites\/2\/2024\/03\/CORCELLES-ROSE-DUNE-NUIT-ROSE.jpg\",\"width\":600,\"height\":600,\"caption\":\"Ros\u00e9 d'Une Nuit\"},{\"@type\":\"BreadcrumbList\",\"@id\":\"https:\/\/www.domainesrichard.fr\/chateau-de-corcelles\/vin\/rose-dune-nuit-2024\/#breadcrumb\",\"itemListElement\":[{\"@type\":\"ListItem\",\"position\":1,\"name\":\"Vins\",\"item\":\"https:\/\/www.domainesrichard.fr\/chateau-de-corcelles\/vins\/\"},{\"@type\":\"ListItem\",\"position\":2,\"name\":\"Ros\u00e9 d&rsquo;une Nuit 2024\"}]},{\"@type\":\"WebSite\",\"@id\":\"https:\/\/www.domainesrichard.fr\/chateau-de-corcelles\/#website\",\"url\":\"https:\/\/www.domainesrichard.fr\/chateau-de-corcelles\/\",\"name\":\"Ch\u00e2teau de Corcelles\",\"description\":\"L&#039;\u00e2me du Beaujolais\",\"publisher\":{\"@id\":\"https:\/\/www.domainesrichard.fr\/chateau-de-corcelles\/#organization\"},\"potentialAction\":[{\"@type\":\"SearchAction\",\"target\":{\"@type\":\"EntryPoint\",\"urlTemplate\":\"https:\/\/www.domainesrichard.fr\/chateau-de-corcelles\/?s={search_term_string}\"},\"query-input\":{\"@type\":\"PropertyValueSpecification\",\"valueRequired\":true,\"valueName\":\"search_term_string\"}}],\"inLanguage\":\"fr-FR\"},{\"@type\":\"Organization\",\"@id\":\"https:\/\/www.domainesrichard.fr\/chateau-de-corcelles\/#organization\",\"name\":\"Ch\u00e2teau de Corcelles\",\"url\":\"https:\/\/www.domainesrichard.fr\/chateau-de-corcelles\/\",\"logo\":{\"@type\":\"ImageObject\",\"inLanguage\":\"fr-FR\",\"@id\":\"https:\/\/www.domainesrichard.fr\/chateau-de-corcelles\/#\/schema\/logo\/image\/\",\"url\":\"https:\/\/www.domainesrichard.fr\/chateau-de-corcelles\/wp-content\/uploads\/sites\/2\/2022\/02\/chateau-de-corcelles-logo.png\",\"contentUrl\":\"https:\/\/www.domainesrichard.fr\/chateau-de-corcelles\/wp-content\/uploads\/sites\/2\/2022\/02\/chateau-de-corcelles-logo.png\",\"width\":600,\"height\":503,\"caption\":\"Ch\u00e2teau de Corcelles\"},\"image\":{\"@id\":\"https:\/\/www.domainesrichard.fr\/chateau-de-corcelles\/#\/schema\/logo\/image\/\"},\"sameAs\":[\"https:\/\/www.facebook.com\/chateaudecorcellesenbeaujolais\",\"https:\/\/www.instagram.com\/chateaudecorcelles\",\"https:\/\/www.linkedin.com\/company\/domaines-richard\"]}]}<\/script>\n<!-- \/ Yoast SEO plugin. -->","yoast_head_json":{"title":"Beaujolais 'Ros\u00e9 d'une Nuit' 2024 - Ch\u00e2teau de Corcelles","description":"Un gamay ros\u00e9 intens\u00e9ment fruit\u00e9 et gourmand. Sa vinification lui donne son nom : des vendanges courtes de 4 \u00e0 6 heures, de m\u00eame que la mac\u00e9ration.","robots":{"index":"index","follow":"follow","max-snippet":"max-snippet:-1","max-image-preview":"max-image-preview:large","max-video-preview":"max-video-preview:-1"},"canonical":"https:\/\/www.domainesrichard.fr\/chateau-de-corcelles\/vin\/rose-dune-nuit-2024\/","og_locale":"fr_FR","og_type":"article","og_title":"Beaujolais 'Ros\u00e9 d'une Nuit' 2024 - Ch\u00e2teau de Corcelles","og_description":"Un gamay ros\u00e9 intens\u00e9ment fruit\u00e9 et gourmand. Sa vinification lui donne son nom : des vendanges courtes de 4 \u00e0 6 heures, de m\u00eame que la mac\u00e9ration.","og_url":"https:\/\/www.domainesrichard.fr\/chateau-de-corcelles\/vin\/rose-dune-nuit-2024\/","og_site_name":"Ch\u00e2teau de Corcelles","article_publisher":"https:\/\/www.facebook.com\/chateaudecorcellesenbeaujolais","article_modified_time":"2025-04-14T11:43:46+00:00","og_image":[{"width":600,"height":600,"url":"https:\/\/www.domainesrichard.fr\/chateau-de-corcelles\/wp-content\/uploads\/sites\/2\/2024\/03\/CORCELLES-ROSE-DUNE-NUIT-ROSE.jpg","type":"image\/jpeg"}],"twitter_card":"summary_large_image","twitter_misc":{"Dur\u00e9e de lecture estim\u00e9e":"1 minute"},"schema":{"@context":"https:\/\/schema.org","@graph":[{"@type":"WebPage","@id":"https:\/\/www.domainesrichard.fr\/chateau-de-corcelles\/vin\/rose-dune-nuit-2024\/","url":"https:\/\/www.domainesrichard.fr\/chateau-de-corcelles\/vin\/rose-dune-nuit-2024\/","name":"Beaujolais 'Ros\u00e9 d'une Nuit' 2024 - Ch\u00e2teau de Corcelles","isPartOf":{"@id":"https:\/\/www.domainesrichard.fr\/chateau-de-corcelles\/#website"},"primaryImageOfPage":{"@id":"https:\/\/www.domainesrichard.fr\/chateau-de-corcelles\/vin\/rose-dune-nuit-2024\/#primaryimage"},"image":{"@id":"https:\/\/www.domainesrichard.fr\/chateau-de-corcelles\/vin\/rose-dune-nuit-2024\/#primaryimage"},"thumbnailUrl":"https:\/\/www.domainesrichard.fr\/chateau-de-corcelles\/wp-content\/uploads\/sites\/2\/2024\/03\/CORCELLES-ROSE-DUNE-NUIT-ROSE.jpg","datePublished":"2025-04-14T11:37:28+00:00","dateModified":"2025-04-14T11:43:46+00:00","description":"Un gamay ros\u00e9 intens\u00e9ment fruit\u00e9 et gourmand. Sa vinification lui donne son nom : des vendanges courtes de 4 \u00e0 6 heures, de m\u00eame que la mac\u00e9ration.","breadcrumb":{"@id":"https:\/\/www.domainesrichard.fr\/chateau-de-corcelles\/vin\/rose-dune-nuit-2024\/#breadcrumb"},"inLanguage":"fr-FR","potentialAction":[{"@type":"ReadAction","target":["https:\/\/www.domainesrichard.fr\/chateau-de-corcelles\/vin\/rose-dune-nuit-2024\/"]}]},{"@type":"ImageObject","inLanguage":"fr-FR","@id":"https:\/\/www.domainesrichard.fr\/chateau-de-corcelles\/vin\/rose-dune-nuit-2024\/#primaryimage","url":"https:\/\/www.domainesrichard.fr\/chateau-de-corcelles\/wp-content\/uploads\/sites\/2\/2024\/03\/CORCELLES-ROSE-DUNE-NUIT-ROSE.jpg","contentUrl":"https:\/\/www.domainesrichard.fr\/chateau-de-corcelles\/wp-content\/uploads\/sites\/2\/2024\/03\/CORCELLES-ROSE-DUNE-NUIT-ROSE.jpg","width":600,"height":600,"caption":"Ros\u00e9 d'Une Nuit"},{"@type":"BreadcrumbList","@id":"https:\/\/www.domainesrichard.fr\/chateau-de-corcelles\/vin\/rose-dune-nuit-2024\/#breadcrumb","itemListElement":[{"@type":"ListItem","position":1,"name":"Vins","item":"https:\/\/www.domainesrichard.fr\/chateau-de-corcelles\/vins\/"},{"@type":"ListItem","position":2,"name":"Ros\u00e9 d&rsquo;une Nuit 2024"}]},{"@type":"WebSite","@id":"https:\/\/www.domainesrichard.fr\/chateau-de-corcelles\/#website","url":"https:\/\/www.domainesrichard.fr\/chateau-de-corcelles\/","name":"Ch\u00e2teau de Corcelles","description":"L&#039;\u00e2me du Beaujolais","publisher":{"@id":"https:\/\/www.domainesrichard.fr\/chateau-de-corcelles\/#organization"},"potentialAction":[{"@type":"SearchAction","target":{"@type":"EntryPoint","urlTemplate":"https:\/\/www.domainesrichard.fr\/chateau-de-corcelles\/?s={search_term_string}"},"query-input":{"@type":"PropertyValueSpecification","valueRequired":true,"valueName":"search_term_string"}}],"inLanguage":"fr-FR"},{"@type":"Organization","@id":"https:\/\/www.domainesrichard.fr\/chateau-de-corcelles\/#organization","name":"Ch\u00e2teau de Corcelles","url":"https:\/\/www.domainesrichard.fr\/chateau-de-corcelles\/","logo":{"@type":"ImageObject","inLanguage":"fr-FR","@id":"https:\/\/www.domainesrichard.fr\/chateau-de-corcelles\/#\/schema\/logo\/image\/","url":"https:\/\/www.domainesrichard.fr\/chateau-de-corcelles\/wp-content\/uploads\/sites\/2\/2022\/02\/chateau-de-corcelles-logo.png","contentUrl":"https:\/\/www.domainesrichard.fr\/chateau-de-corcelles\/wp-content\/uploads\/sites\/2\/2022\/02\/chateau-de-corcelles-logo.png","width":600,"height":503,"caption":"Ch\u00e2teau de Corcelles"},"image":{"@id":"https:\/\/www.domainesrichard.fr\/chateau-de-corcelles\/#\/schema\/logo\/image\/"},"sameAs":["https:\/\/www.facebook.com\/chateaudecorcellesenbeaujolais","https:\/\/www.instagram.com\/chateaudecorcelles","https:\/\/www.linkedin.com\/company\/domaines-richard"]}]}},"_links":{"self":[{"href":"https:\/\/www.domainesrichard.fr\/chateau-de-corcelles\/wp-json\/wp\/v2\/product\/2928","targetHints":{"allow":["GET"]}}],"collection":[{"href":"https:\/\/www.domainesrichard.fr\/chateau-de-corcelles\/wp-json\/wp\/v2\/product"}],"about":[{"href":"https:\/\/www.domainesrichard.fr\/chateau-de-corcelles\/wp-json\/wp\/v2\/types\/product"}],"wp:featuredmedia":[{"embeddable":true,"href":"https:\/\/www.domainesrichard.fr\/chateau-de-corcelles\/wp-json\/wp\/v2\/media\/2327"}],"wp:attachment":[{"href":"https:\/\/www.domainesrichard.fr\/chateau-de-corcelles\/wp-json\/wp\/v2\/media?parent=2928"}],"wp:term":[{"taxonomy":"product_brand","embeddable":true,"href":"https:\/\/www.domainesrichard.fr\/chateau-de-corcelles\/wp-json\/wp\/v2\/product_brand?post=2928"},{"taxonomy":"product_cat","embeddable":true,"href":"https:\/\/www.domainesrichard.fr\/chateau-de-corcelles\/wp-json\/wp\/v2\/product_cat?post=2928"},{"taxonomy":"product_tag","embeddable":true,"href":"https:\/\/www.domainesrichard.fr\/chateau-de-corcelles\/wp-json\/wp\/v2\/product_tag?post=2928"}],"curies":[{"name":"wp","href":"https:\/\/api.w.org\/{rel}","templated":true}]}}