{"id":3015,"date":"2025-07-16T14:02:47","date_gmt":"2025-07-16T12:02:47","guid":{"rendered":"https:\/\/www.domainesrichard.fr\/chateau-de-corcelles\/?post_type=product&#038;p=3015"},"modified":"2025-07-23T11:00:44","modified_gmt":"2025-07-23T09:00:44","slug":"beaujolais-le-perreon-2023","status":"publish","type":"product","link":"https:\/\/www.domainesrichard.fr\/chateau-de-corcelles\/vin\/beaujolais-le-perreon-2023\/","title":{"rendered":"Beaujolais Le Perr\u00e9on <span class='vintage the_title'>2023<\/span>"},"content":{"rendered":"<p class=\"p1\">Le Beaujolais Le Perr\u00e9on n\u00e9 au c\u0153ur des Beaujolais-Villages, sur notre lieu-dit remarquable du D\u00e9l\u00e8che. Promesse de fra\u00eecheur et de gourmandise, il c\u00e9l\u00e8bre l\u2019unicit\u00e9 des terroirs r\u00e9gionaux et l&rsquo;\u00e9l\u00e9gance des vieilles vignes de Gamay Noir. Une invitation \u00e0 savourer l\u2019authenticit\u00e9&nbsp;!<\/p>","protected":false},"excerpt":{"rendered":"<p>Le Beaujolais Le Perr\u00e9on n\u00e9 au c\u0153ur des Beaujolais-Villages, sur notre lieu-dit remarquable du D\u00e9l\u00e8che. Promesse de fra\u00eecheur et de gourmandise, il c\u00e9l\u00e8bre l\u2019unicit\u00e9 des terroirs r\u00e9gionaux et l&rsquo;\u00e9l\u00e9gance des vieilles vignes de Gamay Noir. Une invitation \u00e0 savourer l\u2019authenticit\u00e9&nbsp;!<\/p>","protected":false},"featured_media":2504,"template":"","meta":{"_acf_changed":false},"product_brand":[],"product_cat":[116],"product_tag":[],"class_list":{"0":"post-3015","1":"product","2":"type-product","3":"status-publish","4":"has-post-thumbnail","6":"product_cat-beaujolais-le-perreon","8":"first","9":"instock","10":"taxable","11":"shipping-taxable","12":"purchasable","13":"product-type-simple"},"acf":[],"yoast_head":"<!-- This site is optimized with the Yoast SEO plugin v27.0 - https:\/\/yoast.com\/product\/yoast-seo-wordpress\/ -->\n<title>Beaujolais Le Perr\u00e9on 2023 - Ch\u00e2teau de Corcelles<\/title>\n<meta name=\"description\" content=\"Le Beaujolais Le Perr\u00e9on n\u00e9 au c\u0153ur des Beaujolais-Villages, sur notre lieu-dit remarquable du D\u00e9l\u00e8che. Il promet fracheur et gourmandise.\" \/>\n<meta name=\"robots\" content=\"index, follow, max-snippet:-1, max-image-preview:large, max-video-preview:-1\" \/>\n<link rel=\"canonical\" href=\"https:\/\/www.domainesrichard.fr\/chateau-de-corcelles\/vin\/beaujolais-le-perreon-2023\/\" \/>\n<meta property=\"og:locale\" content=\"fr_FR\" \/>\n<meta property=\"og:type\" content=\"article\" \/>\n<meta property=\"og:title\" content=\"Beaujolais Le Perr\u00e9on 2023 - Ch\u00e2teau de Corcelles\" \/>\n<meta property=\"og:description\" content=\"Le Beaujolais Le Perr\u00e9on n\u00e9 au c\u0153ur des Beaujolais-Villages, sur notre lieu-dit remarquable du D\u00e9l\u00e8che. Il promet fracheur et gourmandise.\" \/>\n<meta property=\"og:url\" content=\"https:\/\/www.domainesrichard.fr\/chateau-de-corcelles\/vin\/beaujolais-le-perreon-2023\/\" \/>\n<meta property=\"og:site_name\" content=\"Ch\u00e2teau de Corcelles\" \/>\n<meta property=\"article:publisher\" content=\"https:\/\/www.facebook.com\/chateaudecorcellesenbeaujolais\" \/>\n<meta property=\"article:modified_time\" content=\"2025-07-23T09:00:44+00:00\" \/>\n<meta property=\"og:image\" content=\"https:\/\/www.domainesrichard.fr\/chateau-de-corcelles\/wp-content\/uploads\/sites\/2\/2024\/06\/Design-sans-titre-2.png\" \/>\n\t<meta property=\"og:image:width\" content=\"1000\" \/>\n\t<meta property=\"og:image:height\" content=\"1000\" \/>\n\t<meta property=\"og:image:type\" content=\"image\/png\" \/>\n<meta name=\"twitter:card\" content=\"summary_large_image\" \/>\n<meta name=\"twitter:label1\" content=\"Dur\u00e9e de lecture estim\u00e9e\" \/>\n\t<meta name=\"twitter:data1\" content=\"1 minute\" \/>\n<script type=\"application\/ld+json\" class=\"yoast-schema-graph\">{\"@context\":\"https:\/\/schema.org\",\"@graph\":[{\"@type\":\"WebPage\",\"@id\":\"https:\/\/www.domainesrichard.fr\/chateau-de-corcelles\/vin\/beaujolais-le-perreon-2023\/\",\"url\":\"https:\/\/www.domainesrichard.fr\/chateau-de-corcelles\/vin\/beaujolais-le-perreon-2023\/\",\"name\":\"Beaujolais Le Perr\u00e9on 2023 - Ch\u00e2teau de Corcelles\",\"isPartOf\":{\"@id\":\"https:\/\/www.domainesrichard.fr\/chateau-de-corcelles\/#website\"},\"primaryImageOfPage\":{\"@id\":\"https:\/\/www.domainesrichard.fr\/chateau-de-corcelles\/vin\/beaujolais-le-perreon-2023\/#primaryimage\"},\"image\":{\"@id\":\"https:\/\/www.domainesrichard.fr\/chateau-de-corcelles\/vin\/beaujolais-le-perreon-2023\/#primaryimage\"},\"thumbnailUrl\":\"https:\/\/www.domainesrichard.fr\/chateau-de-corcelles\/wp-content\/uploads\/sites\/2\/2024\/06\/Design-sans-titre-2.png\",\"datePublished\":\"2025-07-16T12:02:47+00:00\",\"dateModified\":\"2025-07-23T09:00:44+00:00\",\"description\":\"Le Beaujolais Le Perr\u00e9on n\u00e9 au c\u0153ur des Beaujolais-Villages, sur notre lieu-dit remarquable du D\u00e9l\u00e8che. Il promet fracheur et gourmandise.\",\"breadcrumb\":{\"@id\":\"https:\/\/www.domainesrichard.fr\/chateau-de-corcelles\/vin\/beaujolais-le-perreon-2023\/#breadcrumb\"},\"inLanguage\":\"fr-FR\",\"potentialAction\":[{\"@type\":\"ReadAction\",\"target\":[\"https:\/\/www.domainesrichard.fr\/chateau-de-corcelles\/vin\/beaujolais-le-perreon-2023\/\"]}]},{\"@type\":\"ImageObject\",\"inLanguage\":\"fr-FR\",\"@id\":\"https:\/\/www.domainesrichard.fr\/chateau-de-corcelles\/vin\/beaujolais-le-perreon-2023\/#primaryimage\",\"url\":\"https:\/\/www.domainesrichard.fr\/chateau-de-corcelles\/wp-content\/uploads\/sites\/2\/2024\/06\/Design-sans-titre-2.png\",\"contentUrl\":\"https:\/\/www.domainesrichard.fr\/chateau-de-corcelles\/wp-content\/uploads\/sites\/2\/2024\/06\/Design-sans-titre-2.png\",\"width\":1000,\"height\":1000},{\"@type\":\"BreadcrumbList\",\"@id\":\"https:\/\/www.domainesrichard.fr\/chateau-de-corcelles\/vin\/beaujolais-le-perreon-2023\/#breadcrumb\",\"itemListElement\":[{\"@type\":\"ListItem\",\"position\":1,\"name\":\"Vins\",\"item\":\"https:\/\/www.domainesrichard.fr\/chateau-de-corcelles\/vins\/\"},{\"@type\":\"ListItem\",\"position\":2,\"name\":\"Beaujolais Le Perr\u00e9on 2023\"}]},{\"@type\":\"WebSite\",\"@id\":\"https:\/\/www.domainesrichard.fr\/chateau-de-corcelles\/#website\",\"url\":\"https:\/\/www.domainesrichard.fr\/chateau-de-corcelles\/\",\"name\":\"Ch\u00e2teau de Corcelles\",\"description\":\"L&#039;\u00e2me du Beaujolais\",\"publisher\":{\"@id\":\"https:\/\/www.domainesrichard.fr\/chateau-de-corcelles\/#organization\"},\"potentialAction\":[{\"@type\":\"SearchAction\",\"target\":{\"@type\":\"EntryPoint\",\"urlTemplate\":\"https:\/\/www.domainesrichard.fr\/chateau-de-corcelles\/?s={search_term_string}\"},\"query-input\":{\"@type\":\"PropertyValueSpecification\",\"valueRequired\":true,\"valueName\":\"search_term_string\"}}],\"inLanguage\":\"fr-FR\"},{\"@type\":\"Organization\",\"@id\":\"https:\/\/www.domainesrichard.fr\/chateau-de-corcelles\/#organization\",\"name\":\"Ch\u00e2teau de Corcelles\",\"url\":\"https:\/\/www.domainesrichard.fr\/chateau-de-corcelles\/\",\"logo\":{\"@type\":\"ImageObject\",\"inLanguage\":\"fr-FR\",\"@id\":\"https:\/\/www.domainesrichard.fr\/chateau-de-corcelles\/#\/schema\/logo\/image\/\",\"url\":\"https:\/\/www.domainesrichard.fr\/chateau-de-corcelles\/wp-content\/uploads\/sites\/2\/2022\/02\/chateau-de-corcelles-logo.png\",\"contentUrl\":\"https:\/\/www.domainesrichard.fr\/chateau-de-corcelles\/wp-content\/uploads\/sites\/2\/2022\/02\/chateau-de-corcelles-logo.png\",\"width\":600,\"height\":503,\"caption\":\"Ch\u00e2teau de Corcelles\"},\"image\":{\"@id\":\"https:\/\/www.domainesrichard.fr\/chateau-de-corcelles\/#\/schema\/logo\/image\/\"},\"sameAs\":[\"https:\/\/www.facebook.com\/chateaudecorcellesenbeaujolais\",\"https:\/\/www.instagram.com\/chateaudecorcelles\",\"https:\/\/www.linkedin.com\/company\/domaines-richard\"]}]}<\/script>\n<!-- \/ Yoast SEO plugin. -->","yoast_head_json":{"title":"Beaujolais Le Perr\u00e9on 2023 - Ch\u00e2teau de Corcelles","description":"Le Beaujolais Le Perr\u00e9on n\u00e9 au c\u0153ur des Beaujolais-Villages, sur notre lieu-dit remarquable du D\u00e9l\u00e8che. Il promet fracheur et gourmandise.","robots":{"index":"index","follow":"follow","max-snippet":"max-snippet:-1","max-image-preview":"max-image-preview:large","max-video-preview":"max-video-preview:-1"},"canonical":"https:\/\/www.domainesrichard.fr\/chateau-de-corcelles\/vin\/beaujolais-le-perreon-2023\/","og_locale":"fr_FR","og_type":"article","og_title":"Beaujolais Le Perr\u00e9on 2023 - Ch\u00e2teau de Corcelles","og_description":"Le Beaujolais Le Perr\u00e9on n\u00e9 au c\u0153ur des Beaujolais-Villages, sur notre lieu-dit remarquable du D\u00e9l\u00e8che. Il promet fracheur et gourmandise.","og_url":"https:\/\/www.domainesrichard.fr\/chateau-de-corcelles\/vin\/beaujolais-le-perreon-2023\/","og_site_name":"Ch\u00e2teau de Corcelles","article_publisher":"https:\/\/www.facebook.com\/chateaudecorcellesenbeaujolais","article_modified_time":"2025-07-23T09:00:44+00:00","og_image":[{"width":1000,"height":1000,"url":"https:\/\/www.domainesrichard.fr\/chateau-de-corcelles\/wp-content\/uploads\/sites\/2\/2024\/06\/Design-sans-titre-2.png","type":"image\/png"}],"twitter_card":"summary_large_image","twitter_misc":{"Dur\u00e9e de lecture estim\u00e9e":"1 minute"},"schema":{"@context":"https:\/\/schema.org","@graph":[{"@type":"WebPage","@id":"https:\/\/www.domainesrichard.fr\/chateau-de-corcelles\/vin\/beaujolais-le-perreon-2023\/","url":"https:\/\/www.domainesrichard.fr\/chateau-de-corcelles\/vin\/beaujolais-le-perreon-2023\/","name":"Beaujolais Le Perr\u00e9on 2023 - Ch\u00e2teau de Corcelles","isPartOf":{"@id":"https:\/\/www.domainesrichard.fr\/chateau-de-corcelles\/#website"},"primaryImageOfPage":{"@id":"https:\/\/www.domainesrichard.fr\/chateau-de-corcelles\/vin\/beaujolais-le-perreon-2023\/#primaryimage"},"image":{"@id":"https:\/\/www.domainesrichard.fr\/chateau-de-corcelles\/vin\/beaujolais-le-perreon-2023\/#primaryimage"},"thumbnailUrl":"https:\/\/www.domainesrichard.fr\/chateau-de-corcelles\/wp-content\/uploads\/sites\/2\/2024\/06\/Design-sans-titre-2.png","datePublished":"2025-07-16T12:02:47+00:00","dateModified":"2025-07-23T09:00:44+00:00","description":"Le Beaujolais Le Perr\u00e9on n\u00e9 au c\u0153ur des Beaujolais-Villages, sur notre lieu-dit remarquable du D\u00e9l\u00e8che. Il promet fracheur et gourmandise.","breadcrumb":{"@id":"https:\/\/www.domainesrichard.fr\/chateau-de-corcelles\/vin\/beaujolais-le-perreon-2023\/#breadcrumb"},"inLanguage":"fr-FR","potentialAction":[{"@type":"ReadAction","target":["https:\/\/www.domainesrichard.fr\/chateau-de-corcelles\/vin\/beaujolais-le-perreon-2023\/"]}]},{"@type":"ImageObject","inLanguage":"fr-FR","@id":"https:\/\/www.domainesrichard.fr\/chateau-de-corcelles\/vin\/beaujolais-le-perreon-2023\/#primaryimage","url":"https:\/\/www.domainesrichard.fr\/chateau-de-corcelles\/wp-content\/uploads\/sites\/2\/2024\/06\/Design-sans-titre-2.png","contentUrl":"https:\/\/www.domainesrichard.fr\/chateau-de-corcelles\/wp-content\/uploads\/sites\/2\/2024\/06\/Design-sans-titre-2.png","width":1000,"height":1000},{"@type":"BreadcrumbList","@id":"https:\/\/www.domainesrichard.fr\/chateau-de-corcelles\/vin\/beaujolais-le-perreon-2023\/#breadcrumb","itemListElement":[{"@type":"ListItem","position":1,"name":"Vins","item":"https:\/\/www.domainesrichard.fr\/chateau-de-corcelles\/vins\/"},{"@type":"ListItem","position":2,"name":"Beaujolais Le Perr\u00e9on 2023"}]},{"@type":"WebSite","@id":"https:\/\/www.domainesrichard.fr\/chateau-de-corcelles\/#website","url":"https:\/\/www.domainesrichard.fr\/chateau-de-corcelles\/","name":"Ch\u00e2teau de Corcelles","description":"L&#039;\u00e2me du Beaujolais","publisher":{"@id":"https:\/\/www.domainesrichard.fr\/chateau-de-corcelles\/#organization"},"potentialAction":[{"@type":"SearchAction","target":{"@type":"EntryPoint","urlTemplate":"https:\/\/www.domainesrichard.fr\/chateau-de-corcelles\/?s={search_term_string}"},"query-input":{"@type":"PropertyValueSpecification","valueRequired":true,"valueName":"search_term_string"}}],"inLanguage":"fr-FR"},{"@type":"Organization","@id":"https:\/\/www.domainesrichard.fr\/chateau-de-corcelles\/#organization","name":"Ch\u00e2teau de Corcelles","url":"https:\/\/www.domainesrichard.fr\/chateau-de-corcelles\/","logo":{"@type":"ImageObject","inLanguage":"fr-FR","@id":"https:\/\/www.domainesrichard.fr\/chateau-de-corcelles\/#\/schema\/logo\/image\/","url":"https:\/\/www.domainesrichard.fr\/chateau-de-corcelles\/wp-content\/uploads\/sites\/2\/2022\/02\/chateau-de-corcelles-logo.png","contentUrl":"https:\/\/www.domainesrichard.fr\/chateau-de-corcelles\/wp-content\/uploads\/sites\/2\/2022\/02\/chateau-de-corcelles-logo.png","width":600,"height":503,"caption":"Ch\u00e2teau de Corcelles"},"image":{"@id":"https:\/\/www.domainesrichard.fr\/chateau-de-corcelles\/#\/schema\/logo\/image\/"},"sameAs":["https:\/\/www.facebook.com\/chateaudecorcellesenbeaujolais","https:\/\/www.instagram.com\/chateaudecorcelles","https:\/\/www.linkedin.com\/company\/domaines-richard"]}]}},"_links":{"self":[{"href":"https:\/\/www.domainesrichard.fr\/chateau-de-corcelles\/wp-json\/wp\/v2\/product\/3015","targetHints":{"allow":["GET"]}}],"collection":[{"href":"https:\/\/www.domainesrichard.fr\/chateau-de-corcelles\/wp-json\/wp\/v2\/product"}],"about":[{"href":"https:\/\/www.domainesrichard.fr\/chateau-de-corcelles\/wp-json\/wp\/v2\/types\/product"}],"wp:featuredmedia":[{"embeddable":true,"href":"https:\/\/www.domainesrichard.fr\/chateau-de-corcelles\/wp-json\/wp\/v2\/media\/2504"}],"wp:attachment":[{"href":"https:\/\/www.domainesrichard.fr\/chateau-de-corcelles\/wp-json\/wp\/v2\/media?parent=3015"}],"wp:term":[{"taxonomy":"product_brand","embeddable":true,"href":"https:\/\/www.domainesrichard.fr\/chateau-de-corcelles\/wp-json\/wp\/v2\/product_brand?post=3015"},{"taxonomy":"product_cat","embeddable":true,"href":"https:\/\/www.domainesrichard.fr\/chateau-de-corcelles\/wp-json\/wp\/v2\/product_cat?post=3015"},{"taxonomy":"product_tag","embeddable":true,"href":"https:\/\/www.domainesrichard.fr\/chateau-de-corcelles\/wp-json\/wp\/v2\/product_tag?post=3015"}],"curies":[{"name":"wp","href":"https:\/\/api.w.org\/{rel}","templated":true}]}}