{"id":3089,"date":"2025-12-03T10:10:41","date_gmt":"2025-12-03T09:10:41","guid":{"rendered":"https:\/\/www.domainesrichard.fr\/chateau-de-corcelles\/?post_type=product&#038;p=3089"},"modified":"2026-04-10T17:44:38","modified_gmt":"2026-04-10T15:44:38","slug":"morgon-2024","status":"publish","type":"product","link":"https:\/\/www.domainesrichard.fr\/chateau-de-corcelles\/vin\/morgon-2024\/","title":{"rendered":"Morgon <span class='vintage the_title'>2024<\/span>"},"content":{"rendered":"<p>L\u2019appellation puise son nom de la commune de Villi\u00e9 Morgon, dans le nord du Beaujolais, il est le plus \u00e9tendu des Crus. Au Ch\u00e2teau de Corcelles, le vin tient ses lettres de noblesse de l\u2019excellent terroir de granite m\u00eal\u00e9 de schistes dont la nature l\u2019a dot\u00e9. Il a la fra\u00eecheur d\u2019un Beaujolais, l\u2019\u00e9l\u00e9gance d\u2019un Cru et la puissance d\u2019un Morgon.<\/p>","protected":false},"excerpt":{"rendered":"<p>L\u2019appellation puise son nom de la commune de Villi\u00e9 Morgon, dans le nord du Beaujolais, il est le plus \u00e9tendu des Crus. Au Ch\u00e2teau de Corcelles, le vin tient ses lettres de noblesse de l\u2019excellent terroir de granite m\u00eal\u00e9 de schistes dont la nature l\u2019a dot\u00e9. Il a la fra\u00eecheur d\u2019un Beaujolais, l\u2019\u00e9l\u00e9gance d\u2019un Cru [&hellip;]<\/p>","protected":false},"featured_media":2311,"template":"","meta":{"_acf_changed":false},"product_brand":[],"product_cat":[39],"product_tag":[],"class_list":{"0":"post-3089","1":"product","2":"type-product","3":"status-publish","4":"has-post-thumbnail","6":"product_cat-morgon","8":"first","9":"outofstock","10":"taxable","11":"shipping-taxable","12":"purchasable","13":"product-type-simple"},"acf":[],"yoast_head":"<!-- This site is optimized with the Yoast SEO plugin v27.0 - https:\/\/yoast.com\/product\/yoast-seo-wordpress\/ -->\n<title>Morgon 2024 - Ch\u00e2teau de Corcelles<\/title>\n<meta name=\"description\" content=\"Issu d&#039;un excellent terroir de granite m\u00eal\u00e9 de schistes, il a la fra\u00eecheur d\u2019un Beaujolais, l\u2019\u00e9l\u00e9gance d\u2019un Cru et la puissance d\u2019un Morgon.\" \/>\n<meta name=\"robots\" content=\"index, follow, max-snippet:-1, max-image-preview:large, max-video-preview:-1\" \/>\n<link rel=\"canonical\" href=\"https:\/\/www.domainesrichard.fr\/chateau-de-corcelles\/vin\/morgon-2024\/\" \/>\n<meta property=\"og:locale\" content=\"fr_FR\" \/>\n<meta property=\"og:type\" content=\"article\" \/>\n<meta property=\"og:title\" content=\"Morgon 2024 - Ch\u00e2teau de Corcelles\" \/>\n<meta property=\"og:description\" content=\"Issu d&#039;un excellent terroir de granite m\u00eal\u00e9 de schistes, il a la fra\u00eecheur d\u2019un Beaujolais, l\u2019\u00e9l\u00e9gance d\u2019un Cru et la puissance d\u2019un Morgon.\" \/>\n<meta property=\"og:url\" content=\"https:\/\/www.domainesrichard.fr\/chateau-de-corcelles\/vin\/morgon-2024\/\" \/>\n<meta property=\"og:site_name\" content=\"Ch\u00e2teau de Corcelles\" \/>\n<meta property=\"article:publisher\" content=\"https:\/\/www.facebook.com\/chateaudecorcellesenbeaujolais\" \/>\n<meta property=\"article:modified_time\" content=\"2026-04-10T15:44:38+00:00\" \/>\n<meta property=\"og:image\" content=\"https:\/\/www.domainesrichard.fr\/chateau-de-corcelles\/wp-content\/uploads\/sites\/2\/2024\/03\/CORCELLES-MORGON-ROUGE.jpg\" \/>\n\t<meta property=\"og:image:width\" content=\"600\" \/>\n\t<meta property=\"og:image:height\" content=\"600\" \/>\n\t<meta property=\"og:image:type\" content=\"image\/jpeg\" \/>\n<meta name=\"twitter:card\" content=\"summary_large_image\" \/>\n<meta name=\"twitter:label1\" content=\"Dur\u00e9e de lecture estim\u00e9e\" \/>\n\t<meta name=\"twitter:data1\" content=\"1 minute\" \/>\n<script type=\"application\/ld+json\" class=\"yoast-schema-graph\">{\"@context\":\"https:\/\/schema.org\",\"@graph\":[{\"@type\":\"WebPage\",\"@id\":\"https:\/\/www.domainesrichard.fr\/chateau-de-corcelles\/vin\/morgon-2024\/\",\"url\":\"https:\/\/www.domainesrichard.fr\/chateau-de-corcelles\/vin\/morgon-2024\/\",\"name\":\"Morgon 2024 - Ch\u00e2teau de Corcelles\",\"isPartOf\":{\"@id\":\"https:\/\/www.domainesrichard.fr\/chateau-de-corcelles\/#website\"},\"primaryImageOfPage\":{\"@id\":\"https:\/\/www.domainesrichard.fr\/chateau-de-corcelles\/vin\/morgon-2024\/#primaryimage\"},\"image\":{\"@id\":\"https:\/\/www.domainesrichard.fr\/chateau-de-corcelles\/vin\/morgon-2024\/#primaryimage\"},\"thumbnailUrl\":\"https:\/\/www.domainesrichard.fr\/chateau-de-corcelles\/wp-content\/uploads\/sites\/2\/2024\/03\/CORCELLES-MORGON-ROUGE.jpg\",\"datePublished\":\"2025-12-03T09:10:41+00:00\",\"dateModified\":\"2026-04-10T15:44:38+00:00\",\"description\":\"Issu d'un excellent terroir de granite m\u00eal\u00e9 de schistes, il a la fra\u00eecheur d\u2019un Beaujolais, l\u2019\u00e9l\u00e9gance d\u2019un Cru et la puissance d\u2019un Morgon.\",\"breadcrumb\":{\"@id\":\"https:\/\/www.domainesrichard.fr\/chateau-de-corcelles\/vin\/morgon-2024\/#breadcrumb\"},\"inLanguage\":\"fr-FR\",\"potentialAction\":[{\"@type\":\"ReadAction\",\"target\":[\"https:\/\/www.domainesrichard.fr\/chateau-de-corcelles\/vin\/morgon-2024\/\"]}]},{\"@type\":\"ImageObject\",\"inLanguage\":\"fr-FR\",\"@id\":\"https:\/\/www.domainesrichard.fr\/chateau-de-corcelles\/vin\/morgon-2024\/#primaryimage\",\"url\":\"https:\/\/www.domainesrichard.fr\/chateau-de-corcelles\/wp-content\/uploads\/sites\/2\/2024\/03\/CORCELLES-MORGON-ROUGE.jpg\",\"contentUrl\":\"https:\/\/www.domainesrichard.fr\/chateau-de-corcelles\/wp-content\/uploads\/sites\/2\/2024\/03\/CORCELLES-MORGON-ROUGE.jpg\",\"width\":600,\"height\":600,\"caption\":\"Morgon\"},{\"@type\":\"BreadcrumbList\",\"@id\":\"https:\/\/www.domainesrichard.fr\/chateau-de-corcelles\/vin\/morgon-2024\/#breadcrumb\",\"itemListElement\":[{\"@type\":\"ListItem\",\"position\":1,\"name\":\"Vins\",\"item\":\"https:\/\/www.domainesrichard.fr\/chateau-de-corcelles\/vins\/\"},{\"@type\":\"ListItem\",\"position\":2,\"name\":\"Morgon 2024\"}]},{\"@type\":\"WebSite\",\"@id\":\"https:\/\/www.domainesrichard.fr\/chateau-de-corcelles\/#website\",\"url\":\"https:\/\/www.domainesrichard.fr\/chateau-de-corcelles\/\",\"name\":\"Ch\u00e2teau de Corcelles\",\"description\":\"L&#039;\u00e2me du Beaujolais\",\"publisher\":{\"@id\":\"https:\/\/www.domainesrichard.fr\/chateau-de-corcelles\/#organization\"},\"potentialAction\":[{\"@type\":\"SearchAction\",\"target\":{\"@type\":\"EntryPoint\",\"urlTemplate\":\"https:\/\/www.domainesrichard.fr\/chateau-de-corcelles\/?s={search_term_string}\"},\"query-input\":{\"@type\":\"PropertyValueSpecification\",\"valueRequired\":true,\"valueName\":\"search_term_string\"}}],\"inLanguage\":\"fr-FR\"},{\"@type\":\"Organization\",\"@id\":\"https:\/\/www.domainesrichard.fr\/chateau-de-corcelles\/#organization\",\"name\":\"Ch\u00e2teau de Corcelles\",\"url\":\"https:\/\/www.domainesrichard.fr\/chateau-de-corcelles\/\",\"logo\":{\"@type\":\"ImageObject\",\"inLanguage\":\"fr-FR\",\"@id\":\"https:\/\/www.domainesrichard.fr\/chateau-de-corcelles\/#\/schema\/logo\/image\/\",\"url\":\"https:\/\/www.domainesrichard.fr\/chateau-de-corcelles\/wp-content\/uploads\/sites\/2\/2022\/02\/chateau-de-corcelles-logo.png\",\"contentUrl\":\"https:\/\/www.domainesrichard.fr\/chateau-de-corcelles\/wp-content\/uploads\/sites\/2\/2022\/02\/chateau-de-corcelles-logo.png\",\"width\":600,\"height\":503,\"caption\":\"Ch\u00e2teau de Corcelles\"},\"image\":{\"@id\":\"https:\/\/www.domainesrichard.fr\/chateau-de-corcelles\/#\/schema\/logo\/image\/\"},\"sameAs\":[\"https:\/\/www.facebook.com\/chateaudecorcellesenbeaujolais\",\"https:\/\/www.instagram.com\/chateaudecorcelles\",\"https:\/\/www.linkedin.com\/company\/domaines-richard\"]}]}<\/script>\n<!-- \/ Yoast SEO plugin. -->","yoast_head_json":{"title":"Morgon 2024 - Ch\u00e2teau de Corcelles","description":"Issu d'un excellent terroir de granite m\u00eal\u00e9 de schistes, il a la fra\u00eecheur d\u2019un Beaujolais, l\u2019\u00e9l\u00e9gance d\u2019un Cru et la puissance d\u2019un Morgon.","robots":{"index":"index","follow":"follow","max-snippet":"max-snippet:-1","max-image-preview":"max-image-preview:large","max-video-preview":"max-video-preview:-1"},"canonical":"https:\/\/www.domainesrichard.fr\/chateau-de-corcelles\/vin\/morgon-2024\/","og_locale":"fr_FR","og_type":"article","og_title":"Morgon 2024 - Ch\u00e2teau de Corcelles","og_description":"Issu d'un excellent terroir de granite m\u00eal\u00e9 de schistes, il a la fra\u00eecheur d\u2019un Beaujolais, l\u2019\u00e9l\u00e9gance d\u2019un Cru et la puissance d\u2019un Morgon.","og_url":"https:\/\/www.domainesrichard.fr\/chateau-de-corcelles\/vin\/morgon-2024\/","og_site_name":"Ch\u00e2teau de Corcelles","article_publisher":"https:\/\/www.facebook.com\/chateaudecorcellesenbeaujolais","article_modified_time":"2026-04-10T15:44:38+00:00","og_image":[{"width":600,"height":600,"url":"https:\/\/www.domainesrichard.fr\/chateau-de-corcelles\/wp-content\/uploads\/sites\/2\/2024\/03\/CORCELLES-MORGON-ROUGE.jpg","type":"image\/jpeg"}],"twitter_card":"summary_large_image","twitter_misc":{"Dur\u00e9e de lecture estim\u00e9e":"1 minute"},"schema":{"@context":"https:\/\/schema.org","@graph":[{"@type":"WebPage","@id":"https:\/\/www.domainesrichard.fr\/chateau-de-corcelles\/vin\/morgon-2024\/","url":"https:\/\/www.domainesrichard.fr\/chateau-de-corcelles\/vin\/morgon-2024\/","name":"Morgon 2024 - Ch\u00e2teau de Corcelles","isPartOf":{"@id":"https:\/\/www.domainesrichard.fr\/chateau-de-corcelles\/#website"},"primaryImageOfPage":{"@id":"https:\/\/www.domainesrichard.fr\/chateau-de-corcelles\/vin\/morgon-2024\/#primaryimage"},"image":{"@id":"https:\/\/www.domainesrichard.fr\/chateau-de-corcelles\/vin\/morgon-2024\/#primaryimage"},"thumbnailUrl":"https:\/\/www.domainesrichard.fr\/chateau-de-corcelles\/wp-content\/uploads\/sites\/2\/2024\/03\/CORCELLES-MORGON-ROUGE.jpg","datePublished":"2025-12-03T09:10:41+00:00","dateModified":"2026-04-10T15:44:38+00:00","description":"Issu d'un excellent terroir de granite m\u00eal\u00e9 de schistes, il a la fra\u00eecheur d\u2019un Beaujolais, l\u2019\u00e9l\u00e9gance d\u2019un Cru et la puissance d\u2019un Morgon.","breadcrumb":{"@id":"https:\/\/www.domainesrichard.fr\/chateau-de-corcelles\/vin\/morgon-2024\/#breadcrumb"},"inLanguage":"fr-FR","potentialAction":[{"@type":"ReadAction","target":["https:\/\/www.domainesrichard.fr\/chateau-de-corcelles\/vin\/morgon-2024\/"]}]},{"@type":"ImageObject","inLanguage":"fr-FR","@id":"https:\/\/www.domainesrichard.fr\/chateau-de-corcelles\/vin\/morgon-2024\/#primaryimage","url":"https:\/\/www.domainesrichard.fr\/chateau-de-corcelles\/wp-content\/uploads\/sites\/2\/2024\/03\/CORCELLES-MORGON-ROUGE.jpg","contentUrl":"https:\/\/www.domainesrichard.fr\/chateau-de-corcelles\/wp-content\/uploads\/sites\/2\/2024\/03\/CORCELLES-MORGON-ROUGE.jpg","width":600,"height":600,"caption":"Morgon"},{"@type":"BreadcrumbList","@id":"https:\/\/www.domainesrichard.fr\/chateau-de-corcelles\/vin\/morgon-2024\/#breadcrumb","itemListElement":[{"@type":"ListItem","position":1,"name":"Vins","item":"https:\/\/www.domainesrichard.fr\/chateau-de-corcelles\/vins\/"},{"@type":"ListItem","position":2,"name":"Morgon 2024"}]},{"@type":"WebSite","@id":"https:\/\/www.domainesrichard.fr\/chateau-de-corcelles\/#website","url":"https:\/\/www.domainesrichard.fr\/chateau-de-corcelles\/","name":"Ch\u00e2teau de Corcelles","description":"L&#039;\u00e2me du Beaujolais","publisher":{"@id":"https:\/\/www.domainesrichard.fr\/chateau-de-corcelles\/#organization"},"potentialAction":[{"@type":"SearchAction","target":{"@type":"EntryPoint","urlTemplate":"https:\/\/www.domainesrichard.fr\/chateau-de-corcelles\/?s={search_term_string}"},"query-input":{"@type":"PropertyValueSpecification","valueRequired":true,"valueName":"search_term_string"}}],"inLanguage":"fr-FR"},{"@type":"Organization","@id":"https:\/\/www.domainesrichard.fr\/chateau-de-corcelles\/#organization","name":"Ch\u00e2teau de Corcelles","url":"https:\/\/www.domainesrichard.fr\/chateau-de-corcelles\/","logo":{"@type":"ImageObject","inLanguage":"fr-FR","@id":"https:\/\/www.domainesrichard.fr\/chateau-de-corcelles\/#\/schema\/logo\/image\/","url":"https:\/\/www.domainesrichard.fr\/chateau-de-corcelles\/wp-content\/uploads\/sites\/2\/2022\/02\/chateau-de-corcelles-logo.png","contentUrl":"https:\/\/www.domainesrichard.fr\/chateau-de-corcelles\/wp-content\/uploads\/sites\/2\/2022\/02\/chateau-de-corcelles-logo.png","width":600,"height":503,"caption":"Ch\u00e2teau de Corcelles"},"image":{"@id":"https:\/\/www.domainesrichard.fr\/chateau-de-corcelles\/#\/schema\/logo\/image\/"},"sameAs":["https:\/\/www.facebook.com\/chateaudecorcellesenbeaujolais","https:\/\/www.instagram.com\/chateaudecorcelles","https:\/\/www.linkedin.com\/company\/domaines-richard"]}]}},"_links":{"self":[{"href":"https:\/\/www.domainesrichard.fr\/chateau-de-corcelles\/wp-json\/wp\/v2\/product\/3089","targetHints":{"allow":["GET"]}}],"collection":[{"href":"https:\/\/www.domainesrichard.fr\/chateau-de-corcelles\/wp-json\/wp\/v2\/product"}],"about":[{"href":"https:\/\/www.domainesrichard.fr\/chateau-de-corcelles\/wp-json\/wp\/v2\/types\/product"}],"wp:featuredmedia":[{"embeddable":true,"href":"https:\/\/www.domainesrichard.fr\/chateau-de-corcelles\/wp-json\/wp\/v2\/media\/2311"}],"wp:attachment":[{"href":"https:\/\/www.domainesrichard.fr\/chateau-de-corcelles\/wp-json\/wp\/v2\/media?parent=3089"}],"wp:term":[{"taxonomy":"product_brand","embeddable":true,"href":"https:\/\/www.domainesrichard.fr\/chateau-de-corcelles\/wp-json\/wp\/v2\/product_brand?post=3089"},{"taxonomy":"product_cat","embeddable":true,"href":"https:\/\/www.domainesrichard.fr\/chateau-de-corcelles\/wp-json\/wp\/v2\/product_cat?post=3089"},{"taxonomy":"product_tag","embeddable":true,"href":"https:\/\/www.domainesrichard.fr\/chateau-de-corcelles\/wp-json\/wp\/v2\/product_tag?post=3089"}],"curies":[{"name":"wp","href":"https:\/\/api.w.org\/{rel}","templated":true}]}}