{"id":3106,"date":"2026-02-10T19:47:40","date_gmt":"2026-02-10T18:47:40","guid":{"rendered":"https:\/\/www.domainesrichard.fr\/chateau-de-corcelles\/?post_type=product&#038;p=3106"},"modified":"2026-02-10T19:51:41","modified_gmt":"2026-02-10T18:51:41","slug":"brouilly-les-roches","status":"publish","type":"product","link":"https:\/\/www.domainesrichard.fr\/chateau-de-corcelles\/vin\/brouilly-les-roches\/","title":{"rendered":"Brouilly les Roches <span class='vintage the_title'>2022<\/span>"},"content":{"rendered":"<p>Plus qu\u2019une s\u00e9lection parcellaire, c\u2019est une intention\u00a0: celle de mettre en lumi\u00e8re la diversit\u00e9 et l\u2019harmonie de nos terroirs, sur le lieu-dit remarquable \u00ab\u00a0Les Roches\u00a0\u00bb \u00e0 l\u2019extr\u00eame sud-ouest de Brouilly. La promesse d\u2019un gamay pr\u00e9cis et complexe \u00e0 l\u2019allure raffin\u00e9e.<\/p>","protected":false},"excerpt":{"rendered":"<p>Plus qu\u2019une s\u00e9lection parcellaire, c\u2019est une intention\u00a0: celle de mettre en lumi\u00e8re la diversit\u00e9 et l\u2019harmonie de nos terroirs, sur le lieu-dit remarquable \u00ab\u00a0Les Roches\u00a0\u00bb \u00e0 l\u2019extr\u00eame sud-ouest de Brouilly. La promesse d\u2019un gamay pr\u00e9cis et complexe \u00e0 l\u2019allure raffin\u00e9e.<\/p>","protected":false},"featured_media":2320,"template":"","meta":{"_acf_changed":false},"product_brand":[],"product_cat":[38],"product_tag":[],"class_list":{"0":"post-3106","1":"product","2":"type-product","3":"status-publish","4":"has-post-thumbnail","6":"product_cat-brouilly-les-roches","8":"first","9":"instock","10":"taxable","11":"shipping-taxable","12":"purchasable","13":"product-type-variable","14":"has-default-attributes"},"acf":[],"yoast_head":"<!-- This site is optimized with the Yoast SEO plugin v27.5 - https:\/\/yoast.com\/product\/yoast-seo-wordpress\/ -->\n<title>Brouilly Les Roches 2022 - Ch\u00e2teau de Corcelles<\/title>\n<meta name=\"description\" content=\"Un gamay pr\u00e9cis et complexe \u00e0 l\u2019allure raffin\u00e9e issu du lieu-dit remarquable \u00ab Les Roches \u00bb \u00e0 l\u2019extr\u00eame sud-ouest de Brouilly.\" \/>\n<meta name=\"robots\" content=\"index, follow, max-snippet:-1, max-image-preview:large, max-video-preview:-1\" \/>\n<link rel=\"canonical\" href=\"https:\/\/www.domainesrichard.fr\/chateau-de-corcelles\/vin\/brouilly-les-roches\/\" \/>\n<meta property=\"og:locale\" content=\"fr_FR\" \/>\n<meta property=\"og:type\" content=\"article\" \/>\n<meta property=\"og:title\" content=\"Brouilly Les Roches 2022 - Ch\u00e2teau de Corcelles\" \/>\n<meta property=\"og:description\" content=\"Un gamay pr\u00e9cis et complexe \u00e0 l\u2019allure raffin\u00e9e issu du lieu-dit remarquable \u00ab Les Roches \u00bb \u00e0 l\u2019extr\u00eame sud-ouest de Brouilly.\" \/>\n<meta property=\"og:url\" content=\"https:\/\/www.domainesrichard.fr\/chateau-de-corcelles\/vin\/brouilly-les-roches\/\" \/>\n<meta property=\"og:site_name\" content=\"Ch\u00e2teau de Corcelles\" \/>\n<meta property=\"article:publisher\" content=\"https:\/\/www.facebook.com\/chateaudecorcellesenbeaujolais\" \/>\n<meta property=\"article:modified_time\" content=\"2026-02-10T18:51:41+00:00\" \/>\n<meta property=\"og:image\" content=\"https:\/\/www.domainesrichard.fr\/chateau-de-corcelles\/wp-content\/uploads\/sites\/2\/2023\/05\/CORCELLES-LES-ROCHES-ROUGE.jpg\" \/>\n\t<meta property=\"og:image:width\" content=\"600\" \/>\n\t<meta property=\"og:image:height\" content=\"600\" \/>\n\t<meta property=\"og:image:type\" content=\"image\/jpeg\" \/>\n<meta name=\"twitter:card\" content=\"summary_large_image\" \/>\n<meta name=\"twitter:label1\" content=\"Dur\u00e9e de lecture estim\u00e9e\" \/>\n\t<meta name=\"twitter:data1\" content=\"1 minute\" \/>\n<script type=\"application\/ld+json\" class=\"yoast-schema-graph\">{\"@context\":\"https:\\\/\\\/schema.org\",\"@graph\":[{\"@type\":\"WebPage\",\"@id\":\"https:\\\/\\\/www.domainesrichard.fr\\\/chateau-de-corcelles\\\/vin\\\/brouilly-les-roches\\\/\",\"url\":\"https:\\\/\\\/www.domainesrichard.fr\\\/chateau-de-corcelles\\\/vin\\\/brouilly-les-roches\\\/\",\"name\":\"Brouilly Les Roches 2022 - Ch\u00e2teau de Corcelles\",\"isPartOf\":{\"@id\":\"https:\\\/\\\/www.domainesrichard.fr\\\/chateau-de-corcelles\\\/#website\"},\"primaryImageOfPage\":{\"@id\":\"https:\\\/\\\/www.domainesrichard.fr\\\/chateau-de-corcelles\\\/vin\\\/brouilly-les-roches\\\/#primaryimage\"},\"image\":{\"@id\":\"https:\\\/\\\/www.domainesrichard.fr\\\/chateau-de-corcelles\\\/vin\\\/brouilly-les-roches\\\/#primaryimage\"},\"thumbnailUrl\":\"https:\\\/\\\/www.domainesrichard.fr\\\/chateau-de-corcelles\\\/wp-content\\\/uploads\\\/sites\\\/2\\\/2023\\\/05\\\/CORCELLES-LES-ROCHES-ROUGE.jpg\",\"datePublished\":\"2026-02-10T18:47:40+00:00\",\"dateModified\":\"2026-02-10T18:51:41+00:00\",\"description\":\"Un gamay pr\u00e9cis et complexe \u00e0 l\u2019allure raffin\u00e9e issu du lieu-dit remarquable \u00ab Les Roches \u00bb \u00e0 l\u2019extr\u00eame sud-ouest de Brouilly.\",\"breadcrumb\":{\"@id\":\"https:\\\/\\\/www.domainesrichard.fr\\\/chateau-de-corcelles\\\/vin\\\/brouilly-les-roches\\\/#breadcrumb\"},\"inLanguage\":\"fr-FR\",\"potentialAction\":[{\"@type\":\"ReadAction\",\"target\":[\"https:\\\/\\\/www.domainesrichard.fr\\\/chateau-de-corcelles\\\/vin\\\/brouilly-les-roches\\\/\"]}]},{\"@type\":\"ImageObject\",\"inLanguage\":\"fr-FR\",\"@id\":\"https:\\\/\\\/www.domainesrichard.fr\\\/chateau-de-corcelles\\\/vin\\\/brouilly-les-roches\\\/#primaryimage\",\"url\":\"https:\\\/\\\/www.domainesrichard.fr\\\/chateau-de-corcelles\\\/wp-content\\\/uploads\\\/sites\\\/2\\\/2023\\\/05\\\/CORCELLES-LES-ROCHES-ROUGE.jpg\",\"contentUrl\":\"https:\\\/\\\/www.domainesrichard.fr\\\/chateau-de-corcelles\\\/wp-content\\\/uploads\\\/sites\\\/2\\\/2023\\\/05\\\/CORCELLES-LES-ROCHES-ROUGE.jpg\",\"width\":600,\"height\":600,\"caption\":\"Brouilly Les Roches\"},{\"@type\":\"BreadcrumbList\",\"@id\":\"https:\\\/\\\/www.domainesrichard.fr\\\/chateau-de-corcelles\\\/vin\\\/brouilly-les-roches\\\/#breadcrumb\",\"itemListElement\":[{\"@type\":\"ListItem\",\"position\":1,\"name\":\"Vins\",\"item\":\"https:\\\/\\\/www.domainesrichard.fr\\\/chateau-de-corcelles\\\/vins\\\/\"},{\"@type\":\"ListItem\",\"position\":2,\"name\":\"Brouilly les Roches 2022\"}]},{\"@type\":\"WebSite\",\"@id\":\"https:\\\/\\\/www.domainesrichard.fr\\\/chateau-de-corcelles\\\/#website\",\"url\":\"https:\\\/\\\/www.domainesrichard.fr\\\/chateau-de-corcelles\\\/\",\"name\":\"Ch\u00e2teau de Corcelles\",\"description\":\"L&#039;\u00e2me du Beaujolais\",\"publisher\":{\"@id\":\"https:\\\/\\\/www.domainesrichard.fr\\\/chateau-de-corcelles\\\/#organization\"},\"potentialAction\":[{\"@type\":\"SearchAction\",\"target\":{\"@type\":\"EntryPoint\",\"urlTemplate\":\"https:\\\/\\\/www.domainesrichard.fr\\\/chateau-de-corcelles\\\/?s={search_term_string}\"},\"query-input\":{\"@type\":\"PropertyValueSpecification\",\"valueRequired\":true,\"valueName\":\"search_term_string\"}}],\"inLanguage\":\"fr-FR\"},{\"@type\":\"Organization\",\"@id\":\"https:\\\/\\\/www.domainesrichard.fr\\\/chateau-de-corcelles\\\/#organization\",\"name\":\"Ch\u00e2teau de Corcelles\",\"url\":\"https:\\\/\\\/www.domainesrichard.fr\\\/chateau-de-corcelles\\\/\",\"logo\":{\"@type\":\"ImageObject\",\"inLanguage\":\"fr-FR\",\"@id\":\"https:\\\/\\\/www.domainesrichard.fr\\\/chateau-de-corcelles\\\/#\\\/schema\\\/logo\\\/image\\\/\",\"url\":\"https:\\\/\\\/www.domainesrichard.fr\\\/chateau-de-corcelles\\\/wp-content\\\/uploads\\\/sites\\\/2\\\/2022\\\/02\\\/chateau-de-corcelles-logo.png\",\"contentUrl\":\"https:\\\/\\\/www.domainesrichard.fr\\\/chateau-de-corcelles\\\/wp-content\\\/uploads\\\/sites\\\/2\\\/2022\\\/02\\\/chateau-de-corcelles-logo.png\",\"width\":600,\"height\":503,\"caption\":\"Ch\u00e2teau de Corcelles\"},\"image\":{\"@id\":\"https:\\\/\\\/www.domainesrichard.fr\\\/chateau-de-corcelles\\\/#\\\/schema\\\/logo\\\/image\\\/\"},\"sameAs\":[\"https:\\\/\\\/www.facebook.com\\\/chateaudecorcellesenbeaujolais\",\"https:\\\/\\\/www.instagram.com\\\/chateaudecorcelles\",\"https:\\\/\\\/www.linkedin.com\\\/company\\\/domaines-richard\"]}]}<\/script>\n<!-- \/ Yoast SEO plugin. -->","yoast_head_json":{"title":"Brouilly Les Roches 2022 - Ch\u00e2teau de Corcelles","description":"Un gamay pr\u00e9cis et complexe \u00e0 l\u2019allure raffin\u00e9e issu du lieu-dit remarquable \u00ab Les Roches \u00bb \u00e0 l\u2019extr\u00eame sud-ouest de Brouilly.","robots":{"index":"index","follow":"follow","max-snippet":"max-snippet:-1","max-image-preview":"max-image-preview:large","max-video-preview":"max-video-preview:-1"},"canonical":"https:\/\/www.domainesrichard.fr\/chateau-de-corcelles\/vin\/brouilly-les-roches\/","og_locale":"fr_FR","og_type":"article","og_title":"Brouilly Les Roches 2022 - Ch\u00e2teau de Corcelles","og_description":"Un gamay pr\u00e9cis et complexe \u00e0 l\u2019allure raffin\u00e9e issu du lieu-dit remarquable \u00ab Les Roches \u00bb \u00e0 l\u2019extr\u00eame sud-ouest de Brouilly.","og_url":"https:\/\/www.domainesrichard.fr\/chateau-de-corcelles\/vin\/brouilly-les-roches\/","og_site_name":"Ch\u00e2teau de Corcelles","article_publisher":"https:\/\/www.facebook.com\/chateaudecorcellesenbeaujolais","article_modified_time":"2026-02-10T18:51:41+00:00","og_image":[{"width":600,"height":600,"url":"https:\/\/www.domainesrichard.fr\/chateau-de-corcelles\/wp-content\/uploads\/sites\/2\/2023\/05\/CORCELLES-LES-ROCHES-ROUGE.jpg","type":"image\/jpeg"}],"twitter_card":"summary_large_image","twitter_misc":{"Dur\u00e9e de lecture estim\u00e9e":"1 minute"},"schema":{"@context":"https:\/\/schema.org","@graph":[{"@type":"WebPage","@id":"https:\/\/www.domainesrichard.fr\/chateau-de-corcelles\/vin\/brouilly-les-roches\/","url":"https:\/\/www.domainesrichard.fr\/chateau-de-corcelles\/vin\/brouilly-les-roches\/","name":"Brouilly Les Roches 2022 - Ch\u00e2teau de Corcelles","isPartOf":{"@id":"https:\/\/www.domainesrichard.fr\/chateau-de-corcelles\/#website"},"primaryImageOfPage":{"@id":"https:\/\/www.domainesrichard.fr\/chateau-de-corcelles\/vin\/brouilly-les-roches\/#primaryimage"},"image":{"@id":"https:\/\/www.domainesrichard.fr\/chateau-de-corcelles\/vin\/brouilly-les-roches\/#primaryimage"},"thumbnailUrl":"https:\/\/www.domainesrichard.fr\/chateau-de-corcelles\/wp-content\/uploads\/sites\/2\/2023\/05\/CORCELLES-LES-ROCHES-ROUGE.jpg","datePublished":"2026-02-10T18:47:40+00:00","dateModified":"2026-02-10T18:51:41+00:00","description":"Un gamay pr\u00e9cis et complexe \u00e0 l\u2019allure raffin\u00e9e issu du lieu-dit remarquable \u00ab Les Roches \u00bb \u00e0 l\u2019extr\u00eame sud-ouest de Brouilly.","breadcrumb":{"@id":"https:\/\/www.domainesrichard.fr\/chateau-de-corcelles\/vin\/brouilly-les-roches\/#breadcrumb"},"inLanguage":"fr-FR","potentialAction":[{"@type":"ReadAction","target":["https:\/\/www.domainesrichard.fr\/chateau-de-corcelles\/vin\/brouilly-les-roches\/"]}]},{"@type":"ImageObject","inLanguage":"fr-FR","@id":"https:\/\/www.domainesrichard.fr\/chateau-de-corcelles\/vin\/brouilly-les-roches\/#primaryimage","url":"https:\/\/www.domainesrichard.fr\/chateau-de-corcelles\/wp-content\/uploads\/sites\/2\/2023\/05\/CORCELLES-LES-ROCHES-ROUGE.jpg","contentUrl":"https:\/\/www.domainesrichard.fr\/chateau-de-corcelles\/wp-content\/uploads\/sites\/2\/2023\/05\/CORCELLES-LES-ROCHES-ROUGE.jpg","width":600,"height":600,"caption":"Brouilly Les Roches"},{"@type":"BreadcrumbList","@id":"https:\/\/www.domainesrichard.fr\/chateau-de-corcelles\/vin\/brouilly-les-roches\/#breadcrumb","itemListElement":[{"@type":"ListItem","position":1,"name":"Vins","item":"https:\/\/www.domainesrichard.fr\/chateau-de-corcelles\/vins\/"},{"@type":"ListItem","position":2,"name":"Brouilly les Roches 2022"}]},{"@type":"WebSite","@id":"https:\/\/www.domainesrichard.fr\/chateau-de-corcelles\/#website","url":"https:\/\/www.domainesrichard.fr\/chateau-de-corcelles\/","name":"Ch\u00e2teau de Corcelles","description":"L&#039;\u00e2me du Beaujolais","publisher":{"@id":"https:\/\/www.domainesrichard.fr\/chateau-de-corcelles\/#organization"},"potentialAction":[{"@type":"SearchAction","target":{"@type":"EntryPoint","urlTemplate":"https:\/\/www.domainesrichard.fr\/chateau-de-corcelles\/?s={search_term_string}"},"query-input":{"@type":"PropertyValueSpecification","valueRequired":true,"valueName":"search_term_string"}}],"inLanguage":"fr-FR"},{"@type":"Organization","@id":"https:\/\/www.domainesrichard.fr\/chateau-de-corcelles\/#organization","name":"Ch\u00e2teau de Corcelles","url":"https:\/\/www.domainesrichard.fr\/chateau-de-corcelles\/","logo":{"@type":"ImageObject","inLanguage":"fr-FR","@id":"https:\/\/www.domainesrichard.fr\/chateau-de-corcelles\/#\/schema\/logo\/image\/","url":"https:\/\/www.domainesrichard.fr\/chateau-de-corcelles\/wp-content\/uploads\/sites\/2\/2022\/02\/chateau-de-corcelles-logo.png","contentUrl":"https:\/\/www.domainesrichard.fr\/chateau-de-corcelles\/wp-content\/uploads\/sites\/2\/2022\/02\/chateau-de-corcelles-logo.png","width":600,"height":503,"caption":"Ch\u00e2teau de Corcelles"},"image":{"@id":"https:\/\/www.domainesrichard.fr\/chateau-de-corcelles\/#\/schema\/logo\/image\/"},"sameAs":["https:\/\/www.facebook.com\/chateaudecorcellesenbeaujolais","https:\/\/www.instagram.com\/chateaudecorcelles","https:\/\/www.linkedin.com\/company\/domaines-richard"]}]}},"_links":{"self":[{"href":"https:\/\/www.domainesrichard.fr\/chateau-de-corcelles\/wp-json\/wp\/v2\/product\/3106","targetHints":{"allow":["GET"]}}],"collection":[{"href":"https:\/\/www.domainesrichard.fr\/chateau-de-corcelles\/wp-json\/wp\/v2\/product"}],"about":[{"href":"https:\/\/www.domainesrichard.fr\/chateau-de-corcelles\/wp-json\/wp\/v2\/types\/product"}],"wp:featuredmedia":[{"embeddable":true,"href":"https:\/\/www.domainesrichard.fr\/chateau-de-corcelles\/wp-json\/wp\/v2\/media\/2320"}],"wp:attachment":[{"href":"https:\/\/www.domainesrichard.fr\/chateau-de-corcelles\/wp-json\/wp\/v2\/media?parent=3106"}],"wp:term":[{"taxonomy":"product_brand","embeddable":true,"href":"https:\/\/www.domainesrichard.fr\/chateau-de-corcelles\/wp-json\/wp\/v2\/product_brand?post=3106"},{"taxonomy":"product_cat","embeddable":true,"href":"https:\/\/www.domainesrichard.fr\/chateau-de-corcelles\/wp-json\/wp\/v2\/product_cat?post=3106"},{"taxonomy":"product_tag","embeddable":true,"href":"https:\/\/www.domainesrichard.fr\/chateau-de-corcelles\/wp-json\/wp\/v2\/product_tag?post=3106"}],"curies":[{"name":"wp","href":"https:\/\/api.w.org\/{rel}","templated":true}]}}