{"id":1227,"date":"2026-04-07T23:19:33","date_gmt":"2026-04-07T21:19:33","guid":{"rendered":"https:\/\/www.domainesrichard.fr\/chateau-des-tours\/?post_type=product&#038;p=1227"},"modified":"2026-04-07T23:35:32","modified_gmt":"2026-04-07T21:35:32","slug":"brouilly-2024","status":"publish","type":"product","link":"https:\/\/www.domainesrichard.fr\/chateau-des-tours\/vin\/brouilly-2024\/","title":{"rendered":"Brouilly <span class='vintage the_title'>2024<\/span>"},"content":{"rendered":"<p>Longtemps seule et unique cuv\u00e9e du domaine, elle est l\u2019interpr\u00e9tation fid\u00e8le de notre terroir, d\u00e9j\u00e0 reconnu comme l\u2019un des plus beaux de Brouilly par A.Budker en 1874. Au fil du temps, une vinification aux influences bourguignonnes se dessine au service d\u2019un gamay fin et intens\u00e9ment fruit\u00e9 qui accompagne \u00e0 merveille la cuisine traditionnelle Beaujolaise.<\/p>","protected":false},"excerpt":{"rendered":"<p>Longtemps seule et unique cuv\u00e9e du domaine, elle est l\u2019interpr\u00e9tation fid\u00e8le de notre terroir, d\u00e9j\u00e0 reconnu comme l\u2019un des plus beaux de Brouilly par A.Budker en 1874. Au fil du temps, une vinification aux influences bourguignonnes se dessine au service d\u2019un gamay fin et intens\u00e9ment fruit\u00e9 qui accompagne \u00e0 merveille la cuisine traditionnelle Beaujolaise.<\/p>","protected":false},"featured_media":1050,"template":"","meta":{"_acf_changed":false},"product_brand":[],"product_cat":[31],"product_tag":[],"class_list":{"0":"post-1227","1":"product","2":"type-product","3":"status-publish","4":"has-post-thumbnail","6":"product_cat-brouilly","8":"first","9":"instock","10":"taxable","11":"shipping-taxable","12":"purchasable","13":"product-type-variable","14":"has-default-attributes"},"acf":[],"yoast_head":"<!-- This site is optimized with the Yoast SEO plugin v27.0 - https:\/\/yoast.com\/product\/yoast-seo-wordpress\/ -->\n<title>Brouilly 2024 - Ch\u00e2teau des Tours<\/title>\n<meta name=\"description\" content=\"Brouilly 2024 du Ch\u00e2teau des Tours. Un gamay fin et intens\u00e9ment fruit\u00e9 qui accompagne \u00e0 merveille la cuisine traditionnelle Beaujolaise.\" \/>\n<meta name=\"robots\" content=\"index, follow, max-snippet:-1, max-image-preview:large, max-video-preview:-1\" \/>\n<link rel=\"canonical\" href=\"https:\/\/www.domainesrichard.fr\/chateau-des-tours\/vin\/brouilly-2024\/\" \/>\n<meta property=\"og:locale\" content=\"fr_FR\" \/>\n<meta property=\"og:type\" content=\"article\" \/>\n<meta property=\"og:title\" content=\"Brouilly 2024 - Ch\u00e2teau des Tours\" \/>\n<meta property=\"og:description\" content=\"Brouilly 2024 du Ch\u00e2teau des Tours. Un gamay fin et intens\u00e9ment fruit\u00e9 qui accompagne \u00e0 merveille la cuisine traditionnelle Beaujolaise.\" \/>\n<meta property=\"og:url\" content=\"https:\/\/www.domainesrichard.fr\/chateau-des-tours\/vin\/brouilly-2024\/\" \/>\n<meta property=\"og:site_name\" content=\"Ch\u00e2teau des Tours\" \/>\n<meta property=\"article:publisher\" content=\"https:\/\/www.facebook.com\/chateaudestoursofficiel\" \/>\n<meta property=\"article:modified_time\" content=\"2026-04-07T21:35:32+00:00\" \/>\n<meta property=\"og:image\" content=\"https:\/\/www.domainesrichard.fr\/chateau-des-tours\/wp-content\/uploads\/sites\/5\/2024\/02\/CHT-DES-TOURS-BROUILLY-ROUGE.jpg\" \/>\n\t<meta property=\"og:image:width\" content=\"600\" \/>\n\t<meta property=\"og:image:height\" content=\"600\" \/>\n\t<meta property=\"og:image:type\" content=\"image\/jpeg\" \/>\n<meta name=\"twitter:card\" content=\"summary_large_image\" \/>\n<meta name=\"twitter:label1\" content=\"Dur\u00e9e de lecture estim\u00e9e\" \/>\n\t<meta name=\"twitter:data1\" content=\"1 minute\" \/>\n<script type=\"application\/ld+json\" class=\"yoast-schema-graph\">{\"@context\":\"https:\/\/schema.org\",\"@graph\":[{\"@type\":\"WebPage\",\"@id\":\"https:\/\/www.domainesrichard.fr\/chateau-des-tours\/vin\/brouilly-2024\/\",\"url\":\"https:\/\/www.domainesrichard.fr\/chateau-des-tours\/vin\/brouilly-2024\/\",\"name\":\"Brouilly 2024 - Ch\u00e2teau des Tours\",\"isPartOf\":{\"@id\":\"https:\/\/www.domainesrichard.fr\/chateau-des-tours\/#website\"},\"primaryImageOfPage\":{\"@id\":\"https:\/\/www.domainesrichard.fr\/chateau-des-tours\/vin\/brouilly-2024\/#primaryimage\"},\"image\":{\"@id\":\"https:\/\/www.domainesrichard.fr\/chateau-des-tours\/vin\/brouilly-2024\/#primaryimage\"},\"thumbnailUrl\":\"https:\/\/www.domainesrichard.fr\/chateau-des-tours\/wp-content\/uploads\/sites\/5\/2024\/02\/CHT-DES-TOURS-BROUILLY-ROUGE.jpg\",\"datePublished\":\"2026-04-07T21:19:33+00:00\",\"dateModified\":\"2026-04-07T21:35:32+00:00\",\"description\":\"Brouilly 2024 du Ch\u00e2teau des Tours. Un gamay fin et intens\u00e9ment fruit\u00e9 qui accompagne \u00e0 merveille la cuisine traditionnelle Beaujolaise.\",\"breadcrumb\":{\"@id\":\"https:\/\/www.domainesrichard.fr\/chateau-des-tours\/vin\/brouilly-2024\/#breadcrumb\"},\"inLanguage\":\"fr-FR\",\"potentialAction\":[{\"@type\":\"ReadAction\",\"target\":[\"https:\/\/www.domainesrichard.fr\/chateau-des-tours\/vin\/brouilly-2024\/\"]}]},{\"@type\":\"ImageObject\",\"inLanguage\":\"fr-FR\",\"@id\":\"https:\/\/www.domainesrichard.fr\/chateau-des-tours\/vin\/brouilly-2024\/#primaryimage\",\"url\":\"https:\/\/www.domainesrichard.fr\/chateau-des-tours\/wp-content\/uploads\/sites\/5\/2024\/02\/CHT-DES-TOURS-BROUILLY-ROUGE.jpg\",\"contentUrl\":\"https:\/\/www.domainesrichard.fr\/chateau-des-tours\/wp-content\/uploads\/sites\/5\/2024\/02\/CHT-DES-TOURS-BROUILLY-ROUGE.jpg\",\"width\":600,\"height\":600,\"caption\":\"Brouilly\"},{\"@type\":\"BreadcrumbList\",\"@id\":\"https:\/\/www.domainesrichard.fr\/chateau-des-tours\/vin\/brouilly-2024\/#breadcrumb\",\"itemListElement\":[{\"@type\":\"ListItem\",\"position\":1,\"name\":\"Vins\",\"item\":\"https:\/\/www.domainesrichard.fr\/chateau-des-tours\/vins\/\"},{\"@type\":\"ListItem\",\"position\":2,\"name\":\"Brouilly 2024\"}]},{\"@type\":\"WebSite\",\"@id\":\"https:\/\/www.domainesrichard.fr\/chateau-des-tours\/#website\",\"url\":\"https:\/\/www.domainesrichard.fr\/chateau-des-tours\/\",\"name\":\"Ch\u00e2teau des Tours\",\"description\":\"Grand terroir de Brouilly\",\"publisher\":{\"@id\":\"https:\/\/www.domainesrichard.fr\/chateau-des-tours\/#organization\"},\"potentialAction\":[{\"@type\":\"SearchAction\",\"target\":{\"@type\":\"EntryPoint\",\"urlTemplate\":\"https:\/\/www.domainesrichard.fr\/chateau-des-tours\/?s={search_term_string}\"},\"query-input\":{\"@type\":\"PropertyValueSpecification\",\"valueRequired\":true,\"valueName\":\"search_term_string\"}}],\"inLanguage\":\"fr-FR\"},{\"@type\":\"Organization\",\"@id\":\"https:\/\/www.domainesrichard.fr\/chateau-des-tours\/#organization\",\"name\":\"Ch\u00e2teau des Tours\",\"url\":\"https:\/\/www.domainesrichard.fr\/chateau-des-tours\/\",\"logo\":{\"@type\":\"ImageObject\",\"inLanguage\":\"fr-FR\",\"@id\":\"https:\/\/www.domainesrichard.fr\/chateau-des-tours\/#\/schema\/logo\/image\/\",\"url\":\"https:\/\/www.domainesrichard.fr\/chateau-des-tours\/wp-content\/uploads\/sites\/5\/2022\/02\/chateau-des-tours-logo.png\",\"contentUrl\":\"https:\/\/www.domainesrichard.fr\/chateau-des-tours\/wp-content\/uploads\/sites\/5\/2022\/02\/chateau-des-tours-logo.png\",\"width\":600,\"height\":299,\"caption\":\"Ch\u00e2teau des Tours\"},\"image\":{\"@id\":\"https:\/\/www.domainesrichard.fr\/chateau-des-tours\/#\/schema\/logo\/image\/\"},\"sameAs\":[\"https:\/\/www.facebook.com\/chateaudestoursofficiel\",\"https:\/\/www.instagram.com\/chateaudestoursbrouilly\/\",\"https:\/\/www.linkedin.com\/company\/domaines-richard\"]}]}<\/script>\n<!-- \/ Yoast SEO plugin. -->","yoast_head_json":{"title":"Brouilly 2024 - Ch\u00e2teau des Tours","description":"Brouilly 2024 du Ch\u00e2teau des Tours. Un gamay fin et intens\u00e9ment fruit\u00e9 qui accompagne \u00e0 merveille la cuisine traditionnelle Beaujolaise.","robots":{"index":"index","follow":"follow","max-snippet":"max-snippet:-1","max-image-preview":"max-image-preview:large","max-video-preview":"max-video-preview:-1"},"canonical":"https:\/\/www.domainesrichard.fr\/chateau-des-tours\/vin\/brouilly-2024\/","og_locale":"fr_FR","og_type":"article","og_title":"Brouilly 2024 - Ch\u00e2teau des Tours","og_description":"Brouilly 2024 du Ch\u00e2teau des Tours. Un gamay fin et intens\u00e9ment fruit\u00e9 qui accompagne \u00e0 merveille la cuisine traditionnelle Beaujolaise.","og_url":"https:\/\/www.domainesrichard.fr\/chateau-des-tours\/vin\/brouilly-2024\/","og_site_name":"Ch\u00e2teau des Tours","article_publisher":"https:\/\/www.facebook.com\/chateaudestoursofficiel","article_modified_time":"2026-04-07T21:35:32+00:00","og_image":[{"width":600,"height":600,"url":"https:\/\/www.domainesrichard.fr\/chateau-des-tours\/wp-content\/uploads\/sites\/5\/2024\/02\/CHT-DES-TOURS-BROUILLY-ROUGE.jpg","type":"image\/jpeg"}],"twitter_card":"summary_large_image","twitter_misc":{"Dur\u00e9e de lecture estim\u00e9e":"1 minute"},"schema":{"@context":"https:\/\/schema.org","@graph":[{"@type":"WebPage","@id":"https:\/\/www.domainesrichard.fr\/chateau-des-tours\/vin\/brouilly-2024\/","url":"https:\/\/www.domainesrichard.fr\/chateau-des-tours\/vin\/brouilly-2024\/","name":"Brouilly 2024 - Ch\u00e2teau des Tours","isPartOf":{"@id":"https:\/\/www.domainesrichard.fr\/chateau-des-tours\/#website"},"primaryImageOfPage":{"@id":"https:\/\/www.domainesrichard.fr\/chateau-des-tours\/vin\/brouilly-2024\/#primaryimage"},"image":{"@id":"https:\/\/www.domainesrichard.fr\/chateau-des-tours\/vin\/brouilly-2024\/#primaryimage"},"thumbnailUrl":"https:\/\/www.domainesrichard.fr\/chateau-des-tours\/wp-content\/uploads\/sites\/5\/2024\/02\/CHT-DES-TOURS-BROUILLY-ROUGE.jpg","datePublished":"2026-04-07T21:19:33+00:00","dateModified":"2026-04-07T21:35:32+00:00","description":"Brouilly 2024 du Ch\u00e2teau des Tours. Un gamay fin et intens\u00e9ment fruit\u00e9 qui accompagne \u00e0 merveille la cuisine traditionnelle Beaujolaise.","breadcrumb":{"@id":"https:\/\/www.domainesrichard.fr\/chateau-des-tours\/vin\/brouilly-2024\/#breadcrumb"},"inLanguage":"fr-FR","potentialAction":[{"@type":"ReadAction","target":["https:\/\/www.domainesrichard.fr\/chateau-des-tours\/vin\/brouilly-2024\/"]}]},{"@type":"ImageObject","inLanguage":"fr-FR","@id":"https:\/\/www.domainesrichard.fr\/chateau-des-tours\/vin\/brouilly-2024\/#primaryimage","url":"https:\/\/www.domainesrichard.fr\/chateau-des-tours\/wp-content\/uploads\/sites\/5\/2024\/02\/CHT-DES-TOURS-BROUILLY-ROUGE.jpg","contentUrl":"https:\/\/www.domainesrichard.fr\/chateau-des-tours\/wp-content\/uploads\/sites\/5\/2024\/02\/CHT-DES-TOURS-BROUILLY-ROUGE.jpg","width":600,"height":600,"caption":"Brouilly"},{"@type":"BreadcrumbList","@id":"https:\/\/www.domainesrichard.fr\/chateau-des-tours\/vin\/brouilly-2024\/#breadcrumb","itemListElement":[{"@type":"ListItem","position":1,"name":"Vins","item":"https:\/\/www.domainesrichard.fr\/chateau-des-tours\/vins\/"},{"@type":"ListItem","position":2,"name":"Brouilly 2024"}]},{"@type":"WebSite","@id":"https:\/\/www.domainesrichard.fr\/chateau-des-tours\/#website","url":"https:\/\/www.domainesrichard.fr\/chateau-des-tours\/","name":"Ch\u00e2teau des Tours","description":"Grand terroir de Brouilly","publisher":{"@id":"https:\/\/www.domainesrichard.fr\/chateau-des-tours\/#organization"},"potentialAction":[{"@type":"SearchAction","target":{"@type":"EntryPoint","urlTemplate":"https:\/\/www.domainesrichard.fr\/chateau-des-tours\/?s={search_term_string}"},"query-input":{"@type":"PropertyValueSpecification","valueRequired":true,"valueName":"search_term_string"}}],"inLanguage":"fr-FR"},{"@type":"Organization","@id":"https:\/\/www.domainesrichard.fr\/chateau-des-tours\/#organization","name":"Ch\u00e2teau des Tours","url":"https:\/\/www.domainesrichard.fr\/chateau-des-tours\/","logo":{"@type":"ImageObject","inLanguage":"fr-FR","@id":"https:\/\/www.domainesrichard.fr\/chateau-des-tours\/#\/schema\/logo\/image\/","url":"https:\/\/www.domainesrichard.fr\/chateau-des-tours\/wp-content\/uploads\/sites\/5\/2022\/02\/chateau-des-tours-logo.png","contentUrl":"https:\/\/www.domainesrichard.fr\/chateau-des-tours\/wp-content\/uploads\/sites\/5\/2022\/02\/chateau-des-tours-logo.png","width":600,"height":299,"caption":"Ch\u00e2teau des Tours"},"image":{"@id":"https:\/\/www.domainesrichard.fr\/chateau-des-tours\/#\/schema\/logo\/image\/"},"sameAs":["https:\/\/www.facebook.com\/chateaudestoursofficiel","https:\/\/www.instagram.com\/chateaudestoursbrouilly\/","https:\/\/www.linkedin.com\/company\/domaines-richard"]}]}},"_links":{"self":[{"href":"https:\/\/www.domainesrichard.fr\/chateau-des-tours\/wp-json\/wp\/v2\/product\/1227","targetHints":{"allow":["GET"]}}],"collection":[{"href":"https:\/\/www.domainesrichard.fr\/chateau-des-tours\/wp-json\/wp\/v2\/product"}],"about":[{"href":"https:\/\/www.domainesrichard.fr\/chateau-des-tours\/wp-json\/wp\/v2\/types\/product"}],"wp:featuredmedia":[{"embeddable":true,"href":"https:\/\/www.domainesrichard.fr\/chateau-des-tours\/wp-json\/wp\/v2\/media\/1050"}],"wp:attachment":[{"href":"https:\/\/www.domainesrichard.fr\/chateau-des-tours\/wp-json\/wp\/v2\/media?parent=1227"}],"wp:term":[{"taxonomy":"product_brand","embeddable":true,"href":"https:\/\/www.domainesrichard.fr\/chateau-des-tours\/wp-json\/wp\/v2\/product_brand?post=1227"},{"taxonomy":"product_cat","embeddable":true,"href":"https:\/\/www.domainesrichard.fr\/chateau-des-tours\/wp-json\/wp\/v2\/product_cat?post=1227"},{"taxonomy":"product_tag","embeddable":true,"href":"https:\/\/www.domainesrichard.fr\/chateau-des-tours\/wp-json\/wp\/v2\/product_tag?post=1227"}],"curies":[{"name":"wp","href":"https:\/\/api.w.org\/{rel}","templated":true}]}}