{"id":1244,"date":"2026-04-07T23:44:03","date_gmt":"2026-04-07T21:44:03","guid":{"rendered":"https:\/\/www.domainesrichard.fr\/chateau-des-tours\/?post_type=product&#038;p=1244"},"modified":"2026-04-08T00:14:50","modified_gmt":"2026-04-07T22:14:50","slug":"brouilly-les-tours-2023","status":"publish","type":"product","link":"https:\/\/www.domainesrichard.fr\/chateau-des-tours\/vin\/brouilly-les-tours-2023\/","title":{"rendered":"Brouilly \u00ab\u00a0Les Tours\u00a0\u00bb <span class='vintage the_title'>2023<\/span>"},"content":{"rendered":"<p>C\u2019est principalement sur les hauteurs du vignoble, sur le lieu-dit Les Tours, \u00e0 la limite du Lieu-dit Combiaty, que se trouvent les plus vieilles vignes du domaine. Parfois plant\u00e9es il y a plus de 80 ans, elles offrent richesse et concentration \u00e0 cette cuv\u00e9e produite pour la premi\u00e8re fois en 2014. Nous voil\u00e0 dans l\u2019intimit\u00e9 de Brouilly\u00a0!<\/p>","protected":false},"excerpt":{"rendered":"<p>C\u2019est principalement sur les hauteurs du vignoble, sur le lieu-dit Les Tours, \u00e0 la limite du Lieu-dit Combiaty, que se trouvent les plus vieilles vignes du domaine. Parfois plant\u00e9es il y a plus de 80 ans, elles offrent richesse et concentration \u00e0 cette cuv\u00e9e produite pour la premi\u00e8re fois en 2014. Nous voil\u00e0 dans l\u2019intimit\u00e9 [&hellip;]<\/p>","protected":false},"featured_media":1051,"template":"","meta":{"_acf_changed":false},"product_brand":[],"product_cat":[159],"product_tag":[],"class_list":{"0":"post-1244","1":"product","2":"type-product","3":"status-publish","4":"has-post-thumbnail","6":"product_cat-brouilly-les-tours","8":"first","9":"instock","10":"taxable","11":"shipping-taxable","12":"purchasable","13":"product-type-variable","14":"has-default-attributes"},"acf":[],"yoast_head":"<!-- This site is optimized with the Yoast SEO plugin v27.0 - https:\/\/yoast.com\/product\/yoast-seo-wordpress\/ -->\n<title>Brouilly Les Tours 2023 - Ch\u00e2teau des Tours<\/title>\n<meta name=\"description\" content=\"Brouilly &quot;Les Tours&quot; 2023 du Ch\u00e2teau des Tours, une cuv\u00e9e riche et concentr\u00e9e issue de vieilles vignes du lieu-dit &#039;Les Tours&#039;.\" \/>\n<meta name=\"robots\" content=\"index, follow, max-snippet:-1, max-image-preview:large, max-video-preview:-1\" \/>\n<link rel=\"canonical\" href=\"https:\/\/www.domainesrichard.fr\/chateau-des-tours\/vin\/brouilly-les-tours-2023\/\" \/>\n<meta property=\"og:locale\" content=\"fr_FR\" \/>\n<meta property=\"og:type\" content=\"article\" \/>\n<meta property=\"og:title\" content=\"Brouilly Les Tours 2023 - Ch\u00e2teau des Tours\" \/>\n<meta property=\"og:description\" content=\"Brouilly &quot;Les Tours&quot; 2023 du Ch\u00e2teau des Tours, une cuv\u00e9e riche et concentr\u00e9e issue de vieilles vignes du lieu-dit &#039;Les Tours&#039;.\" \/>\n<meta property=\"og:url\" content=\"https:\/\/www.domainesrichard.fr\/chateau-des-tours\/vin\/brouilly-les-tours-2023\/\" \/>\n<meta property=\"og:site_name\" content=\"Ch\u00e2teau des Tours\" \/>\n<meta property=\"article:publisher\" content=\"https:\/\/www.facebook.com\/chateaudestoursofficiel\" \/>\n<meta property=\"article:modified_time\" content=\"2026-04-07T22:14:50+00:00\" \/>\n<meta property=\"og:image\" content=\"https:\/\/www.domainesrichard.fr\/chateau-des-tours\/wp-content\/uploads\/sites\/5\/2024\/02\/CHT-DES-TOURS-BROUILLY-LES-TOURS-ROUGE.jpg\" \/>\n\t<meta property=\"og:image:width\" content=\"600\" \/>\n\t<meta property=\"og:image:height\" content=\"600\" \/>\n\t<meta property=\"og:image:type\" content=\"image\/jpeg\" \/>\n<meta name=\"twitter:card\" content=\"summary_large_image\" \/>\n<meta name=\"twitter:label1\" content=\"Dur\u00e9e de lecture estim\u00e9e\" \/>\n\t<meta name=\"twitter:data1\" content=\"1 minute\" \/>\n<script type=\"application\/ld+json\" class=\"yoast-schema-graph\">{\"@context\":\"https:\/\/schema.org\",\"@graph\":[{\"@type\":\"WebPage\",\"@id\":\"https:\/\/www.domainesrichard.fr\/chateau-des-tours\/vin\/brouilly-les-tours-2023\/\",\"url\":\"https:\/\/www.domainesrichard.fr\/chateau-des-tours\/vin\/brouilly-les-tours-2023\/\",\"name\":\"Brouilly Les Tours 2023 - Ch\u00e2teau des Tours\",\"isPartOf\":{\"@id\":\"https:\/\/www.domainesrichard.fr\/chateau-des-tours\/#website\"},\"primaryImageOfPage\":{\"@id\":\"https:\/\/www.domainesrichard.fr\/chateau-des-tours\/vin\/brouilly-les-tours-2023\/#primaryimage\"},\"image\":{\"@id\":\"https:\/\/www.domainesrichard.fr\/chateau-des-tours\/vin\/brouilly-les-tours-2023\/#primaryimage\"},\"thumbnailUrl\":\"https:\/\/www.domainesrichard.fr\/chateau-des-tours\/wp-content\/uploads\/sites\/5\/2024\/02\/CHT-DES-TOURS-BROUILLY-LES-TOURS-ROUGE.jpg\",\"datePublished\":\"2026-04-07T21:44:03+00:00\",\"dateModified\":\"2026-04-07T22:14:50+00:00\",\"description\":\"Brouilly \\\"Les Tours\\\" 2023 du Ch\u00e2teau des Tours, une cuv\u00e9e riche et concentr\u00e9e issue de vieilles vignes du lieu-dit 'Les Tours'.\",\"breadcrumb\":{\"@id\":\"https:\/\/www.domainesrichard.fr\/chateau-des-tours\/vin\/brouilly-les-tours-2023\/#breadcrumb\"},\"inLanguage\":\"fr-FR\",\"potentialAction\":[{\"@type\":\"ReadAction\",\"target\":[\"https:\/\/www.domainesrichard.fr\/chateau-des-tours\/vin\/brouilly-les-tours-2023\/\"]}]},{\"@type\":\"ImageObject\",\"inLanguage\":\"fr-FR\",\"@id\":\"https:\/\/www.domainesrichard.fr\/chateau-des-tours\/vin\/brouilly-les-tours-2023\/#primaryimage\",\"url\":\"https:\/\/www.domainesrichard.fr\/chateau-des-tours\/wp-content\/uploads\/sites\/5\/2024\/02\/CHT-DES-TOURS-BROUILLY-LES-TOURS-ROUGE.jpg\",\"contentUrl\":\"https:\/\/www.domainesrichard.fr\/chateau-des-tours\/wp-content\/uploads\/sites\/5\/2024\/02\/CHT-DES-TOURS-BROUILLY-LES-TOURS-ROUGE.jpg\",\"width\":600,\"height\":600,\"caption\":\"Brouilly Des Tours\"},{\"@type\":\"BreadcrumbList\",\"@id\":\"https:\/\/www.domainesrichard.fr\/chateau-des-tours\/vin\/brouilly-les-tours-2023\/#breadcrumb\",\"itemListElement\":[{\"@type\":\"ListItem\",\"position\":1,\"name\":\"Vins\",\"item\":\"https:\/\/www.domainesrichard.fr\/chateau-des-tours\/vins\/\"},{\"@type\":\"ListItem\",\"position\":2,\"name\":\"Brouilly \u00ab\u00a0Les Tours\u00a0\u00bb 2023\"}]},{\"@type\":\"WebSite\",\"@id\":\"https:\/\/www.domainesrichard.fr\/chateau-des-tours\/#website\",\"url\":\"https:\/\/www.domainesrichard.fr\/chateau-des-tours\/\",\"name\":\"Ch\u00e2teau des Tours\",\"description\":\"Grand terroir de Brouilly\",\"publisher\":{\"@id\":\"https:\/\/www.domainesrichard.fr\/chateau-des-tours\/#organization\"},\"potentialAction\":[{\"@type\":\"SearchAction\",\"target\":{\"@type\":\"EntryPoint\",\"urlTemplate\":\"https:\/\/www.domainesrichard.fr\/chateau-des-tours\/?s={search_term_string}\"},\"query-input\":{\"@type\":\"PropertyValueSpecification\",\"valueRequired\":true,\"valueName\":\"search_term_string\"}}],\"inLanguage\":\"fr-FR\"},{\"@type\":\"Organization\",\"@id\":\"https:\/\/www.domainesrichard.fr\/chateau-des-tours\/#organization\",\"name\":\"Ch\u00e2teau des Tours\",\"url\":\"https:\/\/www.domainesrichard.fr\/chateau-des-tours\/\",\"logo\":{\"@type\":\"ImageObject\",\"inLanguage\":\"fr-FR\",\"@id\":\"https:\/\/www.domainesrichard.fr\/chateau-des-tours\/#\/schema\/logo\/image\/\",\"url\":\"https:\/\/www.domainesrichard.fr\/chateau-des-tours\/wp-content\/uploads\/sites\/5\/2022\/02\/chateau-des-tours-logo.png\",\"contentUrl\":\"https:\/\/www.domainesrichard.fr\/chateau-des-tours\/wp-content\/uploads\/sites\/5\/2022\/02\/chateau-des-tours-logo.png\",\"width\":600,\"height\":299,\"caption\":\"Ch\u00e2teau des Tours\"},\"image\":{\"@id\":\"https:\/\/www.domainesrichard.fr\/chateau-des-tours\/#\/schema\/logo\/image\/\"},\"sameAs\":[\"https:\/\/www.facebook.com\/chateaudestoursofficiel\",\"https:\/\/www.instagram.com\/chateaudestoursbrouilly\/\",\"https:\/\/www.linkedin.com\/company\/domaines-richard\"]}]}<\/script>\n<!-- \/ Yoast SEO plugin. -->","yoast_head_json":{"title":"Brouilly Les Tours 2023 - Ch\u00e2teau des Tours","description":"Brouilly \"Les Tours\" 2023 du Ch\u00e2teau des Tours, une cuv\u00e9e riche et concentr\u00e9e issue de vieilles vignes du lieu-dit 'Les Tours'.","robots":{"index":"index","follow":"follow","max-snippet":"max-snippet:-1","max-image-preview":"max-image-preview:large","max-video-preview":"max-video-preview:-1"},"canonical":"https:\/\/www.domainesrichard.fr\/chateau-des-tours\/vin\/brouilly-les-tours-2023\/","og_locale":"fr_FR","og_type":"article","og_title":"Brouilly Les Tours 2023 - Ch\u00e2teau des Tours","og_description":"Brouilly \"Les Tours\" 2023 du Ch\u00e2teau des Tours, une cuv\u00e9e riche et concentr\u00e9e issue de vieilles vignes du lieu-dit 'Les Tours'.","og_url":"https:\/\/www.domainesrichard.fr\/chateau-des-tours\/vin\/brouilly-les-tours-2023\/","og_site_name":"Ch\u00e2teau des Tours","article_publisher":"https:\/\/www.facebook.com\/chateaudestoursofficiel","article_modified_time":"2026-04-07T22:14:50+00:00","og_image":[{"width":600,"height":600,"url":"https:\/\/www.domainesrichard.fr\/chateau-des-tours\/wp-content\/uploads\/sites\/5\/2024\/02\/CHT-DES-TOURS-BROUILLY-LES-TOURS-ROUGE.jpg","type":"image\/jpeg"}],"twitter_card":"summary_large_image","twitter_misc":{"Dur\u00e9e de lecture estim\u00e9e":"1 minute"},"schema":{"@context":"https:\/\/schema.org","@graph":[{"@type":"WebPage","@id":"https:\/\/www.domainesrichard.fr\/chateau-des-tours\/vin\/brouilly-les-tours-2023\/","url":"https:\/\/www.domainesrichard.fr\/chateau-des-tours\/vin\/brouilly-les-tours-2023\/","name":"Brouilly Les Tours 2023 - Ch\u00e2teau des Tours","isPartOf":{"@id":"https:\/\/www.domainesrichard.fr\/chateau-des-tours\/#website"},"primaryImageOfPage":{"@id":"https:\/\/www.domainesrichard.fr\/chateau-des-tours\/vin\/brouilly-les-tours-2023\/#primaryimage"},"image":{"@id":"https:\/\/www.domainesrichard.fr\/chateau-des-tours\/vin\/brouilly-les-tours-2023\/#primaryimage"},"thumbnailUrl":"https:\/\/www.domainesrichard.fr\/chateau-des-tours\/wp-content\/uploads\/sites\/5\/2024\/02\/CHT-DES-TOURS-BROUILLY-LES-TOURS-ROUGE.jpg","datePublished":"2026-04-07T21:44:03+00:00","dateModified":"2026-04-07T22:14:50+00:00","description":"Brouilly \"Les Tours\" 2023 du Ch\u00e2teau des Tours, une cuv\u00e9e riche et concentr\u00e9e issue de vieilles vignes du lieu-dit 'Les Tours'.","breadcrumb":{"@id":"https:\/\/www.domainesrichard.fr\/chateau-des-tours\/vin\/brouilly-les-tours-2023\/#breadcrumb"},"inLanguage":"fr-FR","potentialAction":[{"@type":"ReadAction","target":["https:\/\/www.domainesrichard.fr\/chateau-des-tours\/vin\/brouilly-les-tours-2023\/"]}]},{"@type":"ImageObject","inLanguage":"fr-FR","@id":"https:\/\/www.domainesrichard.fr\/chateau-des-tours\/vin\/brouilly-les-tours-2023\/#primaryimage","url":"https:\/\/www.domainesrichard.fr\/chateau-des-tours\/wp-content\/uploads\/sites\/5\/2024\/02\/CHT-DES-TOURS-BROUILLY-LES-TOURS-ROUGE.jpg","contentUrl":"https:\/\/www.domainesrichard.fr\/chateau-des-tours\/wp-content\/uploads\/sites\/5\/2024\/02\/CHT-DES-TOURS-BROUILLY-LES-TOURS-ROUGE.jpg","width":600,"height":600,"caption":"Brouilly Des Tours"},{"@type":"BreadcrumbList","@id":"https:\/\/www.domainesrichard.fr\/chateau-des-tours\/vin\/brouilly-les-tours-2023\/#breadcrumb","itemListElement":[{"@type":"ListItem","position":1,"name":"Vins","item":"https:\/\/www.domainesrichard.fr\/chateau-des-tours\/vins\/"},{"@type":"ListItem","position":2,"name":"Brouilly \u00ab\u00a0Les Tours\u00a0\u00bb 2023"}]},{"@type":"WebSite","@id":"https:\/\/www.domainesrichard.fr\/chateau-des-tours\/#website","url":"https:\/\/www.domainesrichard.fr\/chateau-des-tours\/","name":"Ch\u00e2teau des Tours","description":"Grand terroir de Brouilly","publisher":{"@id":"https:\/\/www.domainesrichard.fr\/chateau-des-tours\/#organization"},"potentialAction":[{"@type":"SearchAction","target":{"@type":"EntryPoint","urlTemplate":"https:\/\/www.domainesrichard.fr\/chateau-des-tours\/?s={search_term_string}"},"query-input":{"@type":"PropertyValueSpecification","valueRequired":true,"valueName":"search_term_string"}}],"inLanguage":"fr-FR"},{"@type":"Organization","@id":"https:\/\/www.domainesrichard.fr\/chateau-des-tours\/#organization","name":"Ch\u00e2teau des Tours","url":"https:\/\/www.domainesrichard.fr\/chateau-des-tours\/","logo":{"@type":"ImageObject","inLanguage":"fr-FR","@id":"https:\/\/www.domainesrichard.fr\/chateau-des-tours\/#\/schema\/logo\/image\/","url":"https:\/\/www.domainesrichard.fr\/chateau-des-tours\/wp-content\/uploads\/sites\/5\/2022\/02\/chateau-des-tours-logo.png","contentUrl":"https:\/\/www.domainesrichard.fr\/chateau-des-tours\/wp-content\/uploads\/sites\/5\/2022\/02\/chateau-des-tours-logo.png","width":600,"height":299,"caption":"Ch\u00e2teau des Tours"},"image":{"@id":"https:\/\/www.domainesrichard.fr\/chateau-des-tours\/#\/schema\/logo\/image\/"},"sameAs":["https:\/\/www.facebook.com\/chateaudestoursofficiel","https:\/\/www.instagram.com\/chateaudestoursbrouilly\/","https:\/\/www.linkedin.com\/company\/domaines-richard"]}]}},"_links":{"self":[{"href":"https:\/\/www.domainesrichard.fr\/chateau-des-tours\/wp-json\/wp\/v2\/product\/1244","targetHints":{"allow":["GET"]}}],"collection":[{"href":"https:\/\/www.domainesrichard.fr\/chateau-des-tours\/wp-json\/wp\/v2\/product"}],"about":[{"href":"https:\/\/www.domainesrichard.fr\/chateau-des-tours\/wp-json\/wp\/v2\/types\/product"}],"wp:featuredmedia":[{"embeddable":true,"href":"https:\/\/www.domainesrichard.fr\/chateau-des-tours\/wp-json\/wp\/v2\/media\/1051"}],"wp:attachment":[{"href":"https:\/\/www.domainesrichard.fr\/chateau-des-tours\/wp-json\/wp\/v2\/media?parent=1244"}],"wp:term":[{"taxonomy":"product_brand","embeddable":true,"href":"https:\/\/www.domainesrichard.fr\/chateau-des-tours\/wp-json\/wp\/v2\/product_brand?post=1244"},{"taxonomy":"product_cat","embeddable":true,"href":"https:\/\/www.domainesrichard.fr\/chateau-des-tours\/wp-json\/wp\/v2\/product_cat?post=1244"},{"taxonomy":"product_tag","embeddable":true,"href":"https:\/\/www.domainesrichard.fr\/chateau-des-tours\/wp-json\/wp\/v2\/product_tag?post=1244"}],"curies":[{"name":"wp","href":"https:\/\/api.w.org\/{rel}","templated":true}]}}