{"id":411,"date":"2024-02-05T09:14:04","date_gmt":"2024-02-05T08:14:04","guid":{"rendered":"https:\/\/www.domainesrichard.fr\/chateau-escalette\/?post_type=product&#038;p=411"},"modified":"2025-07-16T15:57:14","modified_gmt":"2025-07-16T13:57:14","slug":"chateau-escalette-2020","status":"publish","type":"product","link":"https:\/\/www.domainesrichard.fr\/chateau-escalette\/vin\/chateau-escalette-2020\/","title":{"rendered":"Ch\u00e2teau Escalette <span class='vintage the_title'>2020<\/span>"},"content":{"rendered":"<p>L\u2019unicit\u00e9 de cette cuv\u00e9e ne fait aucun doute.<br \/>\nSur les hauteurs de la colline na\u00eet mill\u00e9sime apr\u00e8s mill\u00e9sime Ch\u00e2teau Escalette, ce vin solitaire qui r\u00e9unit merlot, cabernet sauvignon et malbec. Ici l\u2019\u00e9quilibre du vignoble est respect\u00e9, la puret\u00e9 du fruit est pr\u00e9serv\u00e9e. Voil\u00e0 un C\u00f4tes-de-Bourg c\u00f4t\u00e9 nature.<\/p>","protected":false},"excerpt":{"rendered":"<p>L\u2019unicit\u00e9 de cette cuv\u00e9e ne fait aucun doute. Sur les hauteurs de la colline na\u00eet mill\u00e9sime apr\u00e8s mill\u00e9sime Ch\u00e2teau Escalette, ce vin solitaire qui r\u00e9unit merlot, cabernet sauvignon et malbec. Ici l\u2019\u00e9quilibre du vignoble est respect\u00e9, la puret\u00e9 du fruit est pr\u00e9serv\u00e9e. Voil\u00e0 un C\u00f4tes-de-Bourg c\u00f4t\u00e9 nature.<\/p>","protected":false},"featured_media":506,"comment_status":"closed","ping_status":"closed","template":"","meta":{"_acf_changed":false},"product_brand":[],"product_cat":[30],"product_tag":[],"class_list":{"0":"post-411","1":"product","2":"type-product","3":"status-publish","4":"has-post-thumbnail","6":"product_cat-cotes-de-bourg","8":"first","9":"instock","10":"shipping-taxable","11":"purchasable","12":"product-type-simple"},"acf":[],"yoast_head":"<!-- This site is optimized with the Yoast SEO plugin v27.0 - https:\/\/yoast.com\/product\/yoast-seo-wordpress\/ -->\n<title>C\u00f4tes-de-Bourg Ch\u00e2teau Escalette 2020<\/title>\n<meta name=\"description\" content=\"Ch\u00e2teau Escalette C\u00f4tes de Bourg 2020. Assemblage de merlot, cabernet sauvignon et malbec. Un vin souple aux tanins fins tout en goumandise.\" \/>\n<meta name=\"robots\" content=\"index, follow, max-snippet:-1, max-image-preview:large, max-video-preview:-1\" \/>\n<link rel=\"canonical\" href=\"https:\/\/www.domainesrichard.fr\/chateau-escalette\/vin\/chateau-escalette-2020\/\" \/>\n<meta property=\"og:locale\" content=\"fr_FR\" \/>\n<meta property=\"og:type\" content=\"article\" \/>\n<meta property=\"og:title\" content=\"C\u00f4tes-de-Bourg Ch\u00e2teau Escalette 2020\" \/>\n<meta property=\"og:description\" content=\"Ch\u00e2teau Escalette C\u00f4tes de Bourg 2020. Assemblage de merlot, cabernet sauvignon et malbec. Un vin souple aux tanins fins tout en goumandise.\" \/>\n<meta property=\"og:url\" content=\"https:\/\/www.domainesrichard.fr\/chateau-escalette\/vin\/chateau-escalette-2020\/\" \/>\n<meta property=\"og:site_name\" content=\"Ch\u00e2teau Escalette\" \/>\n<meta property=\"article:publisher\" content=\"https:\/\/www.facebook.com\/domainesrichard\" \/>\n<meta property=\"article:modified_time\" content=\"2025-07-16T13:57:14+00:00\" \/>\n<meta property=\"og:image\" content=\"https:\/\/www.domainesrichard.fr\/chateau-escalette\/wp-content\/uploads\/sites\/8\/2024\/02\/ESCALETTE-CHT-ESCALETTE-ROUGE.jpg\" \/>\n\t<meta property=\"og:image:width\" content=\"600\" \/>\n\t<meta property=\"og:image:height\" content=\"600\" \/>\n\t<meta property=\"og:image:type\" content=\"image\/jpeg\" \/>\n<meta name=\"twitter:card\" content=\"summary_large_image\" \/>\n<meta name=\"twitter:label1\" content=\"Dur\u00e9e de lecture estim\u00e9e\" \/>\n\t<meta name=\"twitter:data1\" content=\"1 minute\" \/>\n<script type=\"application\/ld+json\" class=\"yoast-schema-graph\">{\"@context\":\"https:\/\/schema.org\",\"@graph\":[{\"@type\":\"WebPage\",\"@id\":\"https:\/\/www.domainesrichard.fr\/chateau-escalette\/vin\/chateau-escalette-2020\/\",\"url\":\"https:\/\/www.domainesrichard.fr\/chateau-escalette\/vin\/chateau-escalette-2020\/\",\"name\":\"C\u00f4tes-de-Bourg Ch\u00e2teau Escalette 2020\",\"isPartOf\":{\"@id\":\"https:\/\/www.domainesrichard.fr\/chateau-escalette\/#website\"},\"primaryImageOfPage\":{\"@id\":\"https:\/\/www.domainesrichard.fr\/chateau-escalette\/vin\/chateau-escalette-2020\/#primaryimage\"},\"image\":{\"@id\":\"https:\/\/www.domainesrichard.fr\/chateau-escalette\/vin\/chateau-escalette-2020\/#primaryimage\"},\"thumbnailUrl\":\"https:\/\/www.domainesrichard.fr\/chateau-escalette\/wp-content\/uploads\/sites\/8\/2024\/02\/ESCALETTE-CHT-ESCALETTE-ROUGE.jpg\",\"datePublished\":\"2024-02-05T08:14:04+00:00\",\"dateModified\":\"2025-07-16T13:57:14+00:00\",\"description\":\"Ch\u00e2teau Escalette C\u00f4tes de Bourg 2020. Assemblage de merlot, cabernet sauvignon et malbec. Un vin souple aux tanins fins tout en goumandise.\",\"breadcrumb\":{\"@id\":\"https:\/\/www.domainesrichard.fr\/chateau-escalette\/vin\/chateau-escalette-2020\/#breadcrumb\"},\"inLanguage\":\"fr-FR\",\"potentialAction\":[{\"@type\":\"ReadAction\",\"target\":[\"https:\/\/www.domainesrichard.fr\/chateau-escalette\/vin\/chateau-escalette-2020\/\"]}]},{\"@type\":\"ImageObject\",\"inLanguage\":\"fr-FR\",\"@id\":\"https:\/\/www.domainesrichard.fr\/chateau-escalette\/vin\/chateau-escalette-2020\/#primaryimage\",\"url\":\"https:\/\/www.domainesrichard.fr\/chateau-escalette\/wp-content\/uploads\/sites\/8\/2024\/02\/ESCALETTE-CHT-ESCALETTE-ROUGE.jpg\",\"contentUrl\":\"https:\/\/www.domainesrichard.fr\/chateau-escalette\/wp-content\/uploads\/sites\/8\/2024\/02\/ESCALETTE-CHT-ESCALETTE-ROUGE.jpg\",\"width\":600,\"height\":600},{\"@type\":\"BreadcrumbList\",\"@id\":\"https:\/\/www.domainesrichard.fr\/chateau-escalette\/vin\/chateau-escalette-2020\/#breadcrumb\",\"itemListElement\":[{\"@type\":\"ListItem\",\"position\":1,\"name\":\"Vin\",\"item\":\"https:\/\/www.domainesrichard.fr\/chateau-escalette\/vins\/\"},{\"@type\":\"ListItem\",\"position\":2,\"name\":\"Ch\u00e2teau Escalette 2020\"}]},{\"@type\":\"WebSite\",\"@id\":\"https:\/\/www.domainesrichard.fr\/chateau-escalette\/#website\",\"url\":\"https:\/\/www.domainesrichard.fr\/chateau-escalette\/\",\"name\":\"Ch\u00e2teau Escalette\",\"description\":\"Un Bordeaux c\u00f4t\u00e9 nature\",\"publisher\":{\"@id\":\"https:\/\/www.domainesrichard.fr\/chateau-escalette\/#organization\"},\"potentialAction\":[{\"@type\":\"SearchAction\",\"target\":{\"@type\":\"EntryPoint\",\"urlTemplate\":\"https:\/\/www.domainesrichard.fr\/chateau-escalette\/?s={search_term_string}\"},\"query-input\":{\"@type\":\"PropertyValueSpecification\",\"valueRequired\":true,\"valueName\":\"search_term_string\"}}],\"inLanguage\":\"fr-FR\"},{\"@type\":\"Organization\",\"@id\":\"https:\/\/www.domainesrichard.fr\/chateau-escalette\/#organization\",\"name\":\"Ch\u00e2teau Escalette\",\"url\":\"https:\/\/www.domainesrichard.fr\/chateau-escalette\/\",\"logo\":{\"@type\":\"ImageObject\",\"inLanguage\":\"fr-FR\",\"@id\":\"https:\/\/www.domainesrichard.fr\/chateau-escalette\/#\/schema\/logo\/image\/\",\"url\":\"https:\/\/www.domainesrichard.fr\/chateau-escalette\/wp-content\/uploads\/sites\/8\/2022\/03\/Chateau-Escalette-logo.png\",\"contentUrl\":\"https:\/\/www.domainesrichard.fr\/chateau-escalette\/wp-content\/uploads\/sites\/8\/2022\/03\/Chateau-Escalette-logo.png\",\"width\":600,\"height\":317,\"caption\":\"Ch\u00e2teau Escalette\"},\"image\":{\"@id\":\"https:\/\/www.domainesrichard.fr\/chateau-escalette\/#\/schema\/logo\/image\/\"},\"sameAs\":[\"https:\/\/www.facebook.com\/domainesrichard\",\"https:\/\/www.instagram.com\/domainesrichard\",\"https:\/\/www.linkedin.com\/company\/domaines-richard\"]}]}<\/script>\n<!-- \/ Yoast SEO plugin. -->","yoast_head_json":{"title":"C\u00f4tes-de-Bourg Ch\u00e2teau Escalette 2020","description":"Ch\u00e2teau Escalette C\u00f4tes de Bourg 2020. Assemblage de merlot, cabernet sauvignon et malbec. Un vin souple aux tanins fins tout en goumandise.","robots":{"index":"index","follow":"follow","max-snippet":"max-snippet:-1","max-image-preview":"max-image-preview:large","max-video-preview":"max-video-preview:-1"},"canonical":"https:\/\/www.domainesrichard.fr\/chateau-escalette\/vin\/chateau-escalette-2020\/","og_locale":"fr_FR","og_type":"article","og_title":"C\u00f4tes-de-Bourg Ch\u00e2teau Escalette 2020","og_description":"Ch\u00e2teau Escalette C\u00f4tes de Bourg 2020. Assemblage de merlot, cabernet sauvignon et malbec. Un vin souple aux tanins fins tout en goumandise.","og_url":"https:\/\/www.domainesrichard.fr\/chateau-escalette\/vin\/chateau-escalette-2020\/","og_site_name":"Ch\u00e2teau Escalette","article_publisher":"https:\/\/www.facebook.com\/domainesrichard","article_modified_time":"2025-07-16T13:57:14+00:00","og_image":[{"width":600,"height":600,"url":"https:\/\/www.domainesrichard.fr\/chateau-escalette\/wp-content\/uploads\/sites\/8\/2024\/02\/ESCALETTE-CHT-ESCALETTE-ROUGE.jpg","type":"image\/jpeg"}],"twitter_card":"summary_large_image","twitter_misc":{"Dur\u00e9e de lecture estim\u00e9e":"1 minute"},"schema":{"@context":"https:\/\/schema.org","@graph":[{"@type":"WebPage","@id":"https:\/\/www.domainesrichard.fr\/chateau-escalette\/vin\/chateau-escalette-2020\/","url":"https:\/\/www.domainesrichard.fr\/chateau-escalette\/vin\/chateau-escalette-2020\/","name":"C\u00f4tes-de-Bourg Ch\u00e2teau Escalette 2020","isPartOf":{"@id":"https:\/\/www.domainesrichard.fr\/chateau-escalette\/#website"},"primaryImageOfPage":{"@id":"https:\/\/www.domainesrichard.fr\/chateau-escalette\/vin\/chateau-escalette-2020\/#primaryimage"},"image":{"@id":"https:\/\/www.domainesrichard.fr\/chateau-escalette\/vin\/chateau-escalette-2020\/#primaryimage"},"thumbnailUrl":"https:\/\/www.domainesrichard.fr\/chateau-escalette\/wp-content\/uploads\/sites\/8\/2024\/02\/ESCALETTE-CHT-ESCALETTE-ROUGE.jpg","datePublished":"2024-02-05T08:14:04+00:00","dateModified":"2025-07-16T13:57:14+00:00","description":"Ch\u00e2teau Escalette C\u00f4tes de Bourg 2020. Assemblage de merlot, cabernet sauvignon et malbec. Un vin souple aux tanins fins tout en goumandise.","breadcrumb":{"@id":"https:\/\/www.domainesrichard.fr\/chateau-escalette\/vin\/chateau-escalette-2020\/#breadcrumb"},"inLanguage":"fr-FR","potentialAction":[{"@type":"ReadAction","target":["https:\/\/www.domainesrichard.fr\/chateau-escalette\/vin\/chateau-escalette-2020\/"]}]},{"@type":"ImageObject","inLanguage":"fr-FR","@id":"https:\/\/www.domainesrichard.fr\/chateau-escalette\/vin\/chateau-escalette-2020\/#primaryimage","url":"https:\/\/www.domainesrichard.fr\/chateau-escalette\/wp-content\/uploads\/sites\/8\/2024\/02\/ESCALETTE-CHT-ESCALETTE-ROUGE.jpg","contentUrl":"https:\/\/www.domainesrichard.fr\/chateau-escalette\/wp-content\/uploads\/sites\/8\/2024\/02\/ESCALETTE-CHT-ESCALETTE-ROUGE.jpg","width":600,"height":600},{"@type":"BreadcrumbList","@id":"https:\/\/www.domainesrichard.fr\/chateau-escalette\/vin\/chateau-escalette-2020\/#breadcrumb","itemListElement":[{"@type":"ListItem","position":1,"name":"Vin","item":"https:\/\/www.domainesrichard.fr\/chateau-escalette\/vins\/"},{"@type":"ListItem","position":2,"name":"Ch\u00e2teau Escalette 2020"}]},{"@type":"WebSite","@id":"https:\/\/www.domainesrichard.fr\/chateau-escalette\/#website","url":"https:\/\/www.domainesrichard.fr\/chateau-escalette\/","name":"Ch\u00e2teau Escalette","description":"Un Bordeaux c\u00f4t\u00e9 nature","publisher":{"@id":"https:\/\/www.domainesrichard.fr\/chateau-escalette\/#organization"},"potentialAction":[{"@type":"SearchAction","target":{"@type":"EntryPoint","urlTemplate":"https:\/\/www.domainesrichard.fr\/chateau-escalette\/?s={search_term_string}"},"query-input":{"@type":"PropertyValueSpecification","valueRequired":true,"valueName":"search_term_string"}}],"inLanguage":"fr-FR"},{"@type":"Organization","@id":"https:\/\/www.domainesrichard.fr\/chateau-escalette\/#organization","name":"Ch\u00e2teau Escalette","url":"https:\/\/www.domainesrichard.fr\/chateau-escalette\/","logo":{"@type":"ImageObject","inLanguage":"fr-FR","@id":"https:\/\/www.domainesrichard.fr\/chateau-escalette\/#\/schema\/logo\/image\/","url":"https:\/\/www.domainesrichard.fr\/chateau-escalette\/wp-content\/uploads\/sites\/8\/2022\/03\/Chateau-Escalette-logo.png","contentUrl":"https:\/\/www.domainesrichard.fr\/chateau-escalette\/wp-content\/uploads\/sites\/8\/2022\/03\/Chateau-Escalette-logo.png","width":600,"height":317,"caption":"Ch\u00e2teau Escalette"},"image":{"@id":"https:\/\/www.domainesrichard.fr\/chateau-escalette\/#\/schema\/logo\/image\/"},"sameAs":["https:\/\/www.facebook.com\/domainesrichard","https:\/\/www.instagram.com\/domainesrichard","https:\/\/www.linkedin.com\/company\/domaines-richard"]}]}},"_links":{"self":[{"href":"https:\/\/www.domainesrichard.fr\/chateau-escalette\/wp-json\/wp\/v2\/product\/411","targetHints":{"allow":["GET"]}}],"collection":[{"href":"https:\/\/www.domainesrichard.fr\/chateau-escalette\/wp-json\/wp\/v2\/product"}],"about":[{"href":"https:\/\/www.domainesrichard.fr\/chateau-escalette\/wp-json\/wp\/v2\/types\/product"}],"replies":[{"embeddable":true,"href":"https:\/\/www.domainesrichard.fr\/chateau-escalette\/wp-json\/wp\/v2\/comments?post=411"}],"wp:featuredmedia":[{"embeddable":true,"href":"https:\/\/www.domainesrichard.fr\/chateau-escalette\/wp-json\/wp\/v2\/media\/506"}],"wp:attachment":[{"href":"https:\/\/www.domainesrichard.fr\/chateau-escalette\/wp-json\/wp\/v2\/media?parent=411"}],"wp:term":[{"taxonomy":"product_brand","embeddable":true,"href":"https:\/\/www.domainesrichard.fr\/chateau-escalette\/wp-json\/wp\/v2\/product_brand?post=411"},{"taxonomy":"product_cat","embeddable":true,"href":"https:\/\/www.domainesrichard.fr\/chateau-escalette\/wp-json\/wp\/v2\/product_cat?post=411"},{"taxonomy":"product_tag","embeddable":true,"href":"https:\/\/www.domainesrichard.fr\/chateau-escalette\/wp-json\/wp\/v2\/product_tag?post=411"}],"curies":[{"name":"wp","href":"https:\/\/api.w.org\/{rel}","templated":true}]}}