{"id":287,"date":"2022-06-14T14:49:02","date_gmt":"2022-06-14T12:49:02","guid":{"rendered":"https:\/\/www.domainesrichard.fr\/chateau-gantonnet\/?page_id=287"},"modified":"2022-06-14T14:49:46","modified_gmt":"2022-06-14T12:49:46","slug":"disclaimer","status":"publish","type":"page","link":"https:\/\/www.domainesrichard.fr\/chateau-gantonnet\/en\/disclaimer\/","title":{"rendered":"Disclaimer"},"content":{"rendered":"\t\t<div data-elementor-type=\"wp-page\" data-elementor-id=\"287\" class=\"elementor elementor-287 elementor-281\" data-elementor-post-type=\"page\">\n\t\t\t\t\t\t<section class=\"elementor-section elementor-top-section elementor-element elementor-element-80d0a1b elementor-section-boxed elementor-section-height-default elementor-section-height-default qodef-elementor-content-no qodef-elementor-overlay-no\" data-id=\"80d0a1b\" data-element_type=\"section\" data-e-type=\"section\">\n\t\t\t\t\t\t<div class=\"elementor-container elementor-column-gap-default\">\n\t\t\t\t\t<div class=\"elementor-column elementor-col-100 elementor-top-column elementor-element elementor-element-e07985f\" data-id=\"e07985f\" data-element_type=\"column\" data-e-type=\"column\">\n\t\t\t<div class=\"elementor-widget-wrap elementor-element-populated\">\n\t\t\t\t\t\t<div class=\"elementor-element elementor-element-5dd41d3 elementor-widget elementor-widget-text-editor\" data-id=\"5dd41d3\" data-element_type=\"widget\" data-e-type=\"widget\" data-widget_type=\"text-editor.default\">\n\t\t\t\t<div class=\"elementor-widget-container\">\n\t\t\t\t\t\t\t\t\t<p><b>Editeur <\/b><\/p><p>Ce site est \u00e9dit\u00e9 par la Soci\u00e9t\u00e9 Civile Ch\u00e2teau Gantonnet, Ch\u00e2teau Gantonnet ayant pour si\u00e8ge social 2 Gantonnet &#8211; 33350 Sainte-Radegonde, enregistr\u00e9e au registre du commerce et des soci\u00e9t\u00e9s de Libourne sous le num\u00e9ro\u00a0: D 321&nbsp;446&nbsp;510,\u00a0<\/p><p>Num\u00e9ro de TVA Intracommunautaire\u00a0: FR74321446510<\/p><p><b>Directeur de la publication <\/b> :<br \/>Corinne Richard, <a href=\"tel:+33557405383\">05 57 40 53 83<\/a>, <a href=\"mailto:contact@chateaugantonnet.fr\">contact@chateaugantonnet.fr<\/a><\/p><p><b>Design et r\u00e9alisation<\/b><\/p><p><a href=\"https:\/\/www.preambulles.com\/\" target=\"_blank\" rel=\"noopener\">Agence Pr\u00e9ambulles<\/a><\/p><p><b>H\u00e9bergeur<\/b><\/p><p>Ce site est h\u00e9berg\u00e9 par:<br \/>IONOS SARL<br \/>RCS: B 431&nbsp;303&nbsp;775<br \/>7 PLACE DE LA GARE<br \/>57200 SARREGUEMINES<br \/>FRANCE<br \/>Tel&nbsp;: <a href=\"tel:+33970 808 911\">0970 808&nbsp;911<\/a><br \/><a href=\"https:\/\/www.ionos.fr\" target=\"_blank\" rel=\"noopener\">www.ionos.fr<\/a><\/p><p><b>Propri\u00e9t\u00e9 intellectuelle<\/b><\/p><ul><li aria-level=\"1\"><b><i>El\u00e9ments constitutifs du site <\/i><\/b><\/li><\/ul><p>Le Vendeur reste propri\u00e9taire de tous les droits de propri\u00e9t\u00e9 intellectuelle sur les photographies, pr\u00e9sentations, \u00e9tudes, dessins, mod\u00e8les, prototypes, etc, r\u00e9alis\u00e9s (m\u00eame \u00e0 la demande du Client) en vue de la fourniture des Produits au Client.<\/p><p>Le Client s&#8217;interdit donc toute reproduction ou exploitation desdites photographies, pr\u00e9sentations, \u00e9tudes, dessins, mod\u00e8les et prototypes, etc, sans l&#8217;autorisation expresse, \u00e9crite et pr\u00e9alable du Vendeur qui peut la conditionner \u00e0 une contrepartie financi\u00e8re.<\/p><p>Le contenu du Site est la propri\u00e9t\u00e9 exclusive du Vendeur. Toute reproduction partielle ou totale de ce contenu est strictement interdite, sauf autorisation expresse du Vendeur, et peut \u00eatre constitutive du d\u00e9lit de contrefa\u00e7on.<\/p><ul><li aria-level=\"1\"><b><i>Marques et signes distinctifs<\/i><\/b><\/li><\/ul><p>Sauf pr\u00e9cision contraire, toutes les marques utilis\u00e9es sont propri\u00e9taires et r\u00e9serv\u00e9s.<\/p><p><b>Traitement des donn\u00e9es personnelles <\/b><\/p><p>Vous \u00eates invit\u00e9 \u00e0 consulter <span style=\"text-decoration: underline;\"><a href=\"https:\/\/www.domainesrichard.fr\/chateau-gantonnet\/en\/privacy-policy\/\">la Politique de Confidentialit\u00e9<\/a><\/span>.<\/p><p><b>Utilisation de cookies <\/b><\/p><p>Le Portail CAPS peut- \u00eatre amen\u00e9 \u00e0 vous demander l\u2019acceptation des cookies. Un cookies est une information d\u00e9pos\u00e9e sur votre disque dur par le serveur du site que vous visitez. Il contient plusieurs donn\u00e9es qui sont stock\u00e9es sur votre ordinateur dans un simple fichier texte auquel un serveur acc\u00e8de pour lire et enregistrer des informations. Certaines parties de ce site ne peuvent \u00eatre fonctionnelles sans l\u2019acceptation de cookies.<\/p><p>Nos cookies peuvent r\u00e9colter des donn\u00e9es personnelles notamment pour am\u00e9liorer votre exp\u00e9rience visiteur et client.<\/p><p>Pour plus d\u2019information voir <span style=\"text-decoration: underline;\"><a href=\"https:\/\/www.domainesrichard.fr\/chateau-gantonnet\/en\/cookies-policy\/\">la Politique de cookies<\/a><\/span>.<\/p>\t\t\t\t\t\t\t\t<\/div>\n\t\t\t\t<\/div>\n\t\t\t\t\t<\/div>\n\t\t<\/div>\n\t\t\t\t\t<\/div>\n\t\t<\/section>\n\t\t\t\t<\/div>","protected":false},"excerpt":{"rendered":"<p>Editeur Ce site est \u00e9dit\u00e9 par la Soci\u00e9t\u00e9 Civile Ch\u00e2teau Gantonnet, Ch\u00e2teau Gantonnet ayant pour si\u00e8ge social 2 Gantonnet &#8211; 33350 Sainte-Radegonde, enregistr\u00e9e au registre du commerce et des soci\u00e9t\u00e9s de Libourne sous le num\u00e9ro\u00a0: D 321&nbsp;446&nbsp;510,\u00a0 Num\u00e9ro de TVA Intracommunautaire\u00a0: FR74321446510 Directeur de la publication&nbsp;:Corinne Richard, 05 57 40 53 83, contact@chateaugantonnet.fr Design [&hellip;]<\/p>","protected":false},"author":1,"featured_media":0,"parent":0,"menu_order":0,"comment_status":"closed","ping_status":"closed","template":"","meta":{"_acf_changed":false,"footnotes":""},"class_list":["post-287","page","type-page","status-publish","hentry"],"acf":[],"yoast_head":"<!-- This site is optimized with the Yoast SEO plugin v27.0 - https:\/\/yoast.com\/product\/yoast-seo-wordpress\/ -->\n<title>Disclaimer - Ch\u00e2teau Gantonnet<\/title>\n<meta name=\"robots\" content=\"noindex, follow\" \/>\n<meta property=\"og:locale\" content=\"en_US\" \/>\n<meta property=\"og:type\" content=\"article\" \/>\n<meta property=\"og:title\" content=\"Disclaimer - Ch\u00e2teau Gantonnet\" \/>\n<meta property=\"og:description\" content=\"Editeur Ce site est \u00e9dit\u00e9 par la Soci\u00e9t\u00e9 Civile Ch\u00e2teau Gantonnet, Ch\u00e2teau Gantonnet ayant pour si\u00e8ge social 2 Gantonnet &#8211; 33350 Sainte-Radegonde, enregistr\u00e9e au registre du commerce et des soci\u00e9t\u00e9s de Libourne sous le num\u00e9ro\u00a0: D 321&nbsp;446&nbsp;510,\u00a0 Num\u00e9ro de TVA Intracommunautaire\u00a0: FR74321446510 Directeur de la publication :Corinne Richard, 05 57 40 53 83, contact@chateaugantonnet.fr Design [&hellip;]\" \/>\n<meta property=\"og:url\" content=\"https:\/\/www.domainesrichard.fr\/chateau-gantonnet\/en\/disclaimer\/\" \/>\n<meta property=\"og:site_name\" content=\"Ch\u00e2teau Gantonnet\" \/>\n<meta property=\"article:publisher\" content=\"https:\/\/www.facebook.com\/domainesrichard\" \/>\n<meta property=\"article:modified_time\" content=\"2022-06-14T12:49:46+00:00\" \/>\n<meta name=\"twitter:card\" content=\"summary_large_image\" \/>\n<meta name=\"twitter:label1\" content=\"Est. reading time\" \/>\n\t<meta name=\"twitter:data1\" content=\"2 minutes\" \/>\n<script type=\"application\/ld+json\" class=\"yoast-schema-graph\">{\"@context\":\"https:\/\/schema.org\",\"@graph\":[{\"@type\":\"WebPage\",\"@id\":\"https:\/\/www.domainesrichard.fr\/chateau-gantonnet\/en\/disclaimer\/\",\"url\":\"https:\/\/www.domainesrichard.fr\/chateau-gantonnet\/en\/disclaimer\/\",\"name\":\"Disclaimer - Ch\u00e2teau Gantonnet\",\"isPartOf\":{\"@id\":\"https:\/\/www.domainesrichard.fr\/chateau-gantonnet\/en\/#website\"},\"datePublished\":\"2022-06-14T12:49:02+00:00\",\"dateModified\":\"2022-06-14T12:49:46+00:00\",\"inLanguage\":\"en-US\",\"potentialAction\":[{\"@type\":\"ReadAction\",\"target\":[\"https:\/\/www.domainesrichard.fr\/chateau-gantonnet\/en\/disclaimer\/\"]}]},{\"@type\":\"WebSite\",\"@id\":\"https:\/\/www.domainesrichard.fr\/chateau-gantonnet\/en\/#website\",\"url\":\"https:\/\/www.domainesrichard.fr\/chateau-gantonnet\/en\/\",\"name\":\"Ch\u00e2teau Gantonnet\",\"description\":\"Simplement Bordeaux\",\"publisher\":{\"@id\":\"https:\/\/www.domainesrichard.fr\/chateau-gantonnet\/en\/#organization\"},\"potentialAction\":[{\"@type\":\"SearchAction\",\"target\":{\"@type\":\"EntryPoint\",\"urlTemplate\":\"https:\/\/www.domainesrichard.fr\/chateau-gantonnet\/en\/?s={search_term_string}\"},\"query-input\":{\"@type\":\"PropertyValueSpecification\",\"valueRequired\":true,\"valueName\":\"search_term_string\"}}],\"inLanguage\":\"en-US\"},{\"@type\":\"Organization\",\"@id\":\"https:\/\/www.domainesrichard.fr\/chateau-gantonnet\/en\/#organization\",\"name\":\"Ch\u00e2teau Gantonnet\",\"url\":\"https:\/\/www.domainesrichard.fr\/chateau-gantonnet\/en\/\",\"logo\":{\"@type\":\"ImageObject\",\"inLanguage\":\"en-US\",\"@id\":\"https:\/\/www.domainesrichard.fr\/chateau-gantonnet\/en\/#\/schema\/logo\/image\/\",\"url\":\"https:\/\/www.domainesrichard.fr\/chateau-gantonnet\/wp-content\/uploads\/sites\/6\/2022\/03\/Chateau-Gantonnet-logo.png\",\"contentUrl\":\"https:\/\/www.domainesrichard.fr\/chateau-gantonnet\/wp-content\/uploads\/sites\/6\/2022\/03\/Chateau-Gantonnet-logo.png\",\"width\":600,\"height\":361,\"caption\":\"Ch\u00e2teau Gantonnet\"},\"image\":{\"@id\":\"https:\/\/www.domainesrichard.fr\/chateau-gantonnet\/en\/#\/schema\/logo\/image\/\"},\"sameAs\":[\"https:\/\/www.facebook.com\/domainesrichard\",\"https:\/\/www.instagram.com\/domainesrichard\",\"https:\/\/www.linkedin.com\/company\/domaines-richard\"]}]}<\/script>\n<!-- \/ Yoast SEO plugin. -->","yoast_head_json":{"title":"Disclaimer - Ch\u00e2teau Gantonnet","robots":{"index":"noindex","follow":"follow"},"og_locale":"en_US","og_type":"article","og_title":"Disclaimer - Ch\u00e2teau Gantonnet","og_description":"Editeur Ce site est \u00e9dit\u00e9 par la Soci\u00e9t\u00e9 Civile Ch\u00e2teau Gantonnet, Ch\u00e2teau Gantonnet ayant pour si\u00e8ge social 2 Gantonnet &#8211; 33350 Sainte-Radegonde, enregistr\u00e9e au registre du commerce et des soci\u00e9t\u00e9s de Libourne sous le num\u00e9ro\u00a0: D 321&nbsp;446&nbsp;510,\u00a0 Num\u00e9ro de TVA Intracommunautaire\u00a0: FR74321446510 Directeur de la publication :Corinne Richard, 05 57 40 53 83, contact@chateaugantonnet.fr Design [&hellip;]","og_url":"https:\/\/www.domainesrichard.fr\/chateau-gantonnet\/en\/disclaimer\/","og_site_name":"Ch\u00e2teau Gantonnet","article_publisher":"https:\/\/www.facebook.com\/domainesrichard","article_modified_time":"2022-06-14T12:49:46+00:00","twitter_card":"summary_large_image","twitter_misc":{"Est. reading time":"2 minutes"},"schema":{"@context":"https:\/\/schema.org","@graph":[{"@type":"WebPage","@id":"https:\/\/www.domainesrichard.fr\/chateau-gantonnet\/en\/disclaimer\/","url":"https:\/\/www.domainesrichard.fr\/chateau-gantonnet\/en\/disclaimer\/","name":"Disclaimer - Ch\u00e2teau Gantonnet","isPartOf":{"@id":"https:\/\/www.domainesrichard.fr\/chateau-gantonnet\/en\/#website"},"datePublished":"2022-06-14T12:49:02+00:00","dateModified":"2022-06-14T12:49:46+00:00","inLanguage":"en-US","potentialAction":[{"@type":"ReadAction","target":["https:\/\/www.domainesrichard.fr\/chateau-gantonnet\/en\/disclaimer\/"]}]},{"@type":"WebSite","@id":"https:\/\/www.domainesrichard.fr\/chateau-gantonnet\/en\/#website","url":"https:\/\/www.domainesrichard.fr\/chateau-gantonnet\/en\/","name":"Ch\u00e2teau Gantonnet","description":"Simplement Bordeaux","publisher":{"@id":"https:\/\/www.domainesrichard.fr\/chateau-gantonnet\/en\/#organization"},"potentialAction":[{"@type":"SearchAction","target":{"@type":"EntryPoint","urlTemplate":"https:\/\/www.domainesrichard.fr\/chateau-gantonnet\/en\/?s={search_term_string}"},"query-input":{"@type":"PropertyValueSpecification","valueRequired":true,"valueName":"search_term_string"}}],"inLanguage":"en-US"},{"@type":"Organization","@id":"https:\/\/www.domainesrichard.fr\/chateau-gantonnet\/en\/#organization","name":"Ch\u00e2teau Gantonnet","url":"https:\/\/www.domainesrichard.fr\/chateau-gantonnet\/en\/","logo":{"@type":"ImageObject","inLanguage":"en-US","@id":"https:\/\/www.domainesrichard.fr\/chateau-gantonnet\/en\/#\/schema\/logo\/image\/","url":"https:\/\/www.domainesrichard.fr\/chateau-gantonnet\/wp-content\/uploads\/sites\/6\/2022\/03\/Chateau-Gantonnet-logo.png","contentUrl":"https:\/\/www.domainesrichard.fr\/chateau-gantonnet\/wp-content\/uploads\/sites\/6\/2022\/03\/Chateau-Gantonnet-logo.png","width":600,"height":361,"caption":"Ch\u00e2teau Gantonnet"},"image":{"@id":"https:\/\/www.domainesrichard.fr\/chateau-gantonnet\/en\/#\/schema\/logo\/image\/"},"sameAs":["https:\/\/www.facebook.com\/domainesrichard","https:\/\/www.instagram.com\/domainesrichard","https:\/\/www.linkedin.com\/company\/domaines-richard"]}]}},"_links":{"self":[{"href":"https:\/\/www.domainesrichard.fr\/chateau-gantonnet\/en\/wp-json\/wp\/v2\/pages\/287","targetHints":{"allow":["GET"]}}],"collection":[{"href":"https:\/\/www.domainesrichard.fr\/chateau-gantonnet\/en\/wp-json\/wp\/v2\/pages"}],"about":[{"href":"https:\/\/www.domainesrichard.fr\/chateau-gantonnet\/en\/wp-json\/wp\/v2\/types\/page"}],"author":[{"embeddable":true,"href":"https:\/\/www.domainesrichard.fr\/chateau-gantonnet\/en\/wp-json\/wp\/v2\/users\/1"}],"replies":[{"embeddable":true,"href":"https:\/\/www.domainesrichard.fr\/chateau-gantonnet\/en\/wp-json\/wp\/v2\/comments?post=287"}],"version-history":[{"count":0,"href":"https:\/\/www.domainesrichard.fr\/chateau-gantonnet\/en\/wp-json\/wp\/v2\/pages\/287\/revisions"}],"wp:attachment":[{"href":"https:\/\/www.domainesrichard.fr\/chateau-gantonnet\/en\/wp-json\/wp\/v2\/media?parent=287"}],"curies":[{"name":"wp","href":"https:\/\/api.w.org\/{rel}","templated":true}]}}