{"id":541,"date":"2024-01-31T12:04:48","date_gmt":"2024-01-31T11:04:48","guid":{"rendered":"https:\/\/www.domainesrichard.fr\/chateau-gantonnet\/?post_type=product&#038;p=541"},"modified":"2024-01-31T12:12:31","modified_gmt":"2024-01-31T11:12:31","slug":"chateau-gantonnet-rose-2023","status":"publish","type":"product","link":"https:\/\/www.domainesrichard.fr\/chateau-gantonnet\/en\/wine\/chateau-gantonnet-rose-2023\/","title":{"rendered":"Ch\u00e2teau Gantonnet <span class='vintage the_title'>2023<\/span>"},"content":{"rendered":"<p>Here malbec and merlot show off their most stunning shades of pale pink. Ch\u00e2teau Gantonnet ros\u00e9 is a gourmet creation full of freshness and fruit. Always pleasant, always delicious.<\/p>","protected":false},"excerpt":{"rendered":"<p>Here malbec and merlot show off their most stunning shades of pale pink. Ch\u00e2teau Gantonnet ros\u00e9 is a gourmet creation full of freshness and fruit. Always pleasant, always delicious.<\/p>","protected":false},"featured_media":49,"template":"","meta":{"_acf_changed":false},"product_brand":[],"product_cat":[42],"product_tag":[],"class_list":{"0":"post-541","1":"product","2":"type-product","3":"status-publish","4":"has-post-thumbnail","6":"product_cat-chateau-gantonnet-en","8":"first","9":"instock","10":"taxable","11":"shipping-taxable","12":"purchasable","13":"product-type-simple"},"acf":[],"yoast_head":"<!-- This site is optimized with the Yoast SEO plugin v27.0 - https:\/\/yoast.com\/product\/yoast-seo-wordpress\/ -->\n<title>Bordeaux Ros\u00e9 Wine Ch\u00e2teau Gantonnet 2023<\/title>\n<meta name=\"description\" content=\"Ch\u00e2teau Gantonnet Bordeaux Ros\u00e9 2023. A creation preserving freshness and fruit. Always pleasant, always delicious.\" \/>\n<meta name=\"robots\" content=\"index, follow, max-snippet:-1, max-image-preview:large, max-video-preview:-1\" \/>\n<link rel=\"canonical\" href=\"https:\/\/www.domainesrichard.fr\/chateau-gantonnet\/en\/wine\/chateau-gantonnet-rose-2023\/\" \/>\n<meta property=\"og:locale\" content=\"en_US\" \/>\n<meta property=\"og:type\" content=\"article\" \/>\n<meta property=\"og:title\" content=\"Bordeaux Ros\u00e9 Wine Ch\u00e2teau Gantonnet 2023\" \/>\n<meta property=\"og:description\" content=\"Ch\u00e2teau Gantonnet Bordeaux Ros\u00e9 2023. A creation preserving freshness and fruit. Always pleasant, always delicious.\" \/>\n<meta property=\"og:url\" content=\"https:\/\/www.domainesrichard.fr\/chateau-gantonnet\/en\/wine\/chateau-gantonnet-rose-2023\/\" \/>\n<meta property=\"og:site_name\" content=\"Ch\u00e2teau Gantonnet\" \/>\n<meta property=\"article:publisher\" content=\"https:\/\/www.facebook.com\/domainesrichard\" \/>\n<meta property=\"article:modified_time\" content=\"2024-01-31T11:12:31+00:00\" \/>\n<meta property=\"og:image\" content=\"https:\/\/www.domainesrichard.fr\/chateau-gantonnet\/wp-content\/uploads\/sites\/6\/2022\/04\/CHATEAU-GANTONNET-3.jpg\" \/>\n\t<meta property=\"og:image:width\" content=\"401\" \/>\n\t<meta property=\"og:image:height\" content=\"600\" \/>\n\t<meta property=\"og:image:type\" content=\"image\/jpeg\" \/>\n<meta name=\"twitter:card\" content=\"summary_large_image\" \/>\n<meta name=\"twitter:label1\" content=\"Est. reading time\" \/>\n\t<meta name=\"twitter:data1\" content=\"1 minute\" \/>\n<script type=\"application\/ld+json\" class=\"yoast-schema-graph\">{\"@context\":\"https:\/\/schema.org\",\"@graph\":[{\"@type\":\"WebPage\",\"@id\":\"https:\/\/www.domainesrichard.fr\/chateau-gantonnet\/en\/wine\/chateau-gantonnet-rose-2023\/\",\"url\":\"https:\/\/www.domainesrichard.fr\/chateau-gantonnet\/en\/wine\/chateau-gantonnet-rose-2023\/\",\"name\":\"Bordeaux Ros\u00e9 Wine Ch\u00e2teau Gantonnet 2023\",\"isPartOf\":{\"@id\":\"https:\/\/www.domainesrichard.fr\/chateau-gantonnet\/en\/#website\"},\"primaryImageOfPage\":{\"@id\":\"https:\/\/www.domainesrichard.fr\/chateau-gantonnet\/en\/wine\/chateau-gantonnet-rose-2023\/#primaryimage\"},\"image\":{\"@id\":\"https:\/\/www.domainesrichard.fr\/chateau-gantonnet\/en\/wine\/chateau-gantonnet-rose-2023\/#primaryimage\"},\"thumbnailUrl\":\"https:\/\/www.domainesrichard.fr\/chateau-gantonnet\/wp-content\/uploads\/sites\/6\/2022\/04\/CHATEAU-GANTONNET-3.jpg\",\"datePublished\":\"2024-01-31T11:04:48+00:00\",\"dateModified\":\"2024-01-31T11:12:31+00:00\",\"description\":\"Ch\u00e2teau Gantonnet Bordeaux Ros\u00e9 2023. A creation preserving freshness and fruit. Always pleasant, always delicious.\",\"breadcrumb\":{\"@id\":\"https:\/\/www.domainesrichard.fr\/chateau-gantonnet\/en\/wine\/chateau-gantonnet-rose-2023\/#breadcrumb\"},\"inLanguage\":\"en-US\",\"potentialAction\":[{\"@type\":\"ReadAction\",\"target\":[\"https:\/\/www.domainesrichard.fr\/chateau-gantonnet\/en\/wine\/chateau-gantonnet-rose-2023\/\"]}]},{\"@type\":\"ImageObject\",\"inLanguage\":\"en-US\",\"@id\":\"https:\/\/www.domainesrichard.fr\/chateau-gantonnet\/en\/wine\/chateau-gantonnet-rose-2023\/#primaryimage\",\"url\":\"https:\/\/www.domainesrichard.fr\/chateau-gantonnet\/wp-content\/uploads\/sites\/6\/2022\/04\/CHATEAU-GANTONNET-3.jpg\",\"contentUrl\":\"https:\/\/www.domainesrichard.fr\/chateau-gantonnet\/wp-content\/uploads\/sites\/6\/2022\/04\/CHATEAU-GANTONNET-3.jpg\",\"width\":401,\"height\":600,\"caption\":\"Ch\u00e2teau Gantonnet\"},{\"@type\":\"BreadcrumbList\",\"@id\":\"https:\/\/www.domainesrichard.fr\/chateau-gantonnet\/en\/wine\/chateau-gantonnet-rose-2023\/#breadcrumb\",\"itemListElement\":[{\"@type\":\"ListItem\",\"position\":1,\"name\":\"Wines\",\"item\":\"https:\/\/www.domainesrichard.fr\/chateau-gantonnet\/vins\/\"},{\"@type\":\"ListItem\",\"position\":2,\"name\":\"Ch\u00e2teau Gantonnet 2023\"}]},{\"@type\":\"WebSite\",\"@id\":\"https:\/\/www.domainesrichard.fr\/chateau-gantonnet\/en\/#website\",\"url\":\"https:\/\/www.domainesrichard.fr\/chateau-gantonnet\/en\/\",\"name\":\"Ch\u00e2teau Gantonnet\",\"description\":\"Simplement Bordeaux\",\"publisher\":{\"@id\":\"https:\/\/www.domainesrichard.fr\/chateau-gantonnet\/en\/#organization\"},\"potentialAction\":[{\"@type\":\"SearchAction\",\"target\":{\"@type\":\"EntryPoint\",\"urlTemplate\":\"https:\/\/www.domainesrichard.fr\/chateau-gantonnet\/en\/?s={search_term_string}\"},\"query-input\":{\"@type\":\"PropertyValueSpecification\",\"valueRequired\":true,\"valueName\":\"search_term_string\"}}],\"inLanguage\":\"en-US\"},{\"@type\":\"Organization\",\"@id\":\"https:\/\/www.domainesrichard.fr\/chateau-gantonnet\/en\/#organization\",\"name\":\"Ch\u00e2teau Gantonnet\",\"url\":\"https:\/\/www.domainesrichard.fr\/chateau-gantonnet\/en\/\",\"logo\":{\"@type\":\"ImageObject\",\"inLanguage\":\"en-US\",\"@id\":\"https:\/\/www.domainesrichard.fr\/chateau-gantonnet\/en\/#\/schema\/logo\/image\/\",\"url\":\"https:\/\/www.domainesrichard.fr\/chateau-gantonnet\/wp-content\/uploads\/sites\/6\/2022\/03\/Chateau-Gantonnet-logo.png\",\"contentUrl\":\"https:\/\/www.domainesrichard.fr\/chateau-gantonnet\/wp-content\/uploads\/sites\/6\/2022\/03\/Chateau-Gantonnet-logo.png\",\"width\":600,\"height\":361,\"caption\":\"Ch\u00e2teau Gantonnet\"},\"image\":{\"@id\":\"https:\/\/www.domainesrichard.fr\/chateau-gantonnet\/en\/#\/schema\/logo\/image\/\"},\"sameAs\":[\"https:\/\/www.facebook.com\/domainesrichard\",\"https:\/\/www.instagram.com\/domainesrichard\",\"https:\/\/www.linkedin.com\/company\/domaines-richard\"]}]}<\/script>\n<!-- \/ Yoast SEO plugin. -->","yoast_head_json":{"title":"Bordeaux Ros\u00e9 Wine Ch\u00e2teau Gantonnet 2023","description":"Ch\u00e2teau Gantonnet Bordeaux Ros\u00e9 2023. A creation preserving freshness and fruit. Always pleasant, always delicious.","robots":{"index":"index","follow":"follow","max-snippet":"max-snippet:-1","max-image-preview":"max-image-preview:large","max-video-preview":"max-video-preview:-1"},"canonical":"https:\/\/www.domainesrichard.fr\/chateau-gantonnet\/en\/wine\/chateau-gantonnet-rose-2023\/","og_locale":"en_US","og_type":"article","og_title":"Bordeaux Ros\u00e9 Wine Ch\u00e2teau Gantonnet 2023","og_description":"Ch\u00e2teau Gantonnet Bordeaux Ros\u00e9 2023. A creation preserving freshness and fruit. Always pleasant, always delicious.","og_url":"https:\/\/www.domainesrichard.fr\/chateau-gantonnet\/en\/wine\/chateau-gantonnet-rose-2023\/","og_site_name":"Ch\u00e2teau Gantonnet","article_publisher":"https:\/\/www.facebook.com\/domainesrichard","article_modified_time":"2024-01-31T11:12:31+00:00","og_image":[{"width":401,"height":600,"url":"https:\/\/www.domainesrichard.fr\/chateau-gantonnet\/wp-content\/uploads\/sites\/6\/2022\/04\/CHATEAU-GANTONNET-3.jpg","type":"image\/jpeg"}],"twitter_card":"summary_large_image","twitter_misc":{"Est. reading time":"1 minute"},"schema":{"@context":"https:\/\/schema.org","@graph":[{"@type":"WebPage","@id":"https:\/\/www.domainesrichard.fr\/chateau-gantonnet\/en\/wine\/chateau-gantonnet-rose-2023\/","url":"https:\/\/www.domainesrichard.fr\/chateau-gantonnet\/en\/wine\/chateau-gantonnet-rose-2023\/","name":"Bordeaux Ros\u00e9 Wine Ch\u00e2teau Gantonnet 2023","isPartOf":{"@id":"https:\/\/www.domainesrichard.fr\/chateau-gantonnet\/en\/#website"},"primaryImageOfPage":{"@id":"https:\/\/www.domainesrichard.fr\/chateau-gantonnet\/en\/wine\/chateau-gantonnet-rose-2023\/#primaryimage"},"image":{"@id":"https:\/\/www.domainesrichard.fr\/chateau-gantonnet\/en\/wine\/chateau-gantonnet-rose-2023\/#primaryimage"},"thumbnailUrl":"https:\/\/www.domainesrichard.fr\/chateau-gantonnet\/wp-content\/uploads\/sites\/6\/2022\/04\/CHATEAU-GANTONNET-3.jpg","datePublished":"2024-01-31T11:04:48+00:00","dateModified":"2024-01-31T11:12:31+00:00","description":"Ch\u00e2teau Gantonnet Bordeaux Ros\u00e9 2023. A creation preserving freshness and fruit. Always pleasant, always delicious.","breadcrumb":{"@id":"https:\/\/www.domainesrichard.fr\/chateau-gantonnet\/en\/wine\/chateau-gantonnet-rose-2023\/#breadcrumb"},"inLanguage":"en-US","potentialAction":[{"@type":"ReadAction","target":["https:\/\/www.domainesrichard.fr\/chateau-gantonnet\/en\/wine\/chateau-gantonnet-rose-2023\/"]}]},{"@type":"ImageObject","inLanguage":"en-US","@id":"https:\/\/www.domainesrichard.fr\/chateau-gantonnet\/en\/wine\/chateau-gantonnet-rose-2023\/#primaryimage","url":"https:\/\/www.domainesrichard.fr\/chateau-gantonnet\/wp-content\/uploads\/sites\/6\/2022\/04\/CHATEAU-GANTONNET-3.jpg","contentUrl":"https:\/\/www.domainesrichard.fr\/chateau-gantonnet\/wp-content\/uploads\/sites\/6\/2022\/04\/CHATEAU-GANTONNET-3.jpg","width":401,"height":600,"caption":"Ch\u00e2teau Gantonnet"},{"@type":"BreadcrumbList","@id":"https:\/\/www.domainesrichard.fr\/chateau-gantonnet\/en\/wine\/chateau-gantonnet-rose-2023\/#breadcrumb","itemListElement":[{"@type":"ListItem","position":1,"name":"Wines","item":"https:\/\/www.domainesrichard.fr\/chateau-gantonnet\/vins\/"},{"@type":"ListItem","position":2,"name":"Ch\u00e2teau Gantonnet 2023"}]},{"@type":"WebSite","@id":"https:\/\/www.domainesrichard.fr\/chateau-gantonnet\/en\/#website","url":"https:\/\/www.domainesrichard.fr\/chateau-gantonnet\/en\/","name":"Ch\u00e2teau Gantonnet","description":"Simplement Bordeaux","publisher":{"@id":"https:\/\/www.domainesrichard.fr\/chateau-gantonnet\/en\/#organization"},"potentialAction":[{"@type":"SearchAction","target":{"@type":"EntryPoint","urlTemplate":"https:\/\/www.domainesrichard.fr\/chateau-gantonnet\/en\/?s={search_term_string}"},"query-input":{"@type":"PropertyValueSpecification","valueRequired":true,"valueName":"search_term_string"}}],"inLanguage":"en-US"},{"@type":"Organization","@id":"https:\/\/www.domainesrichard.fr\/chateau-gantonnet\/en\/#organization","name":"Ch\u00e2teau Gantonnet","url":"https:\/\/www.domainesrichard.fr\/chateau-gantonnet\/en\/","logo":{"@type":"ImageObject","inLanguage":"en-US","@id":"https:\/\/www.domainesrichard.fr\/chateau-gantonnet\/en\/#\/schema\/logo\/image\/","url":"https:\/\/www.domainesrichard.fr\/chateau-gantonnet\/wp-content\/uploads\/sites\/6\/2022\/03\/Chateau-Gantonnet-logo.png","contentUrl":"https:\/\/www.domainesrichard.fr\/chateau-gantonnet\/wp-content\/uploads\/sites\/6\/2022\/03\/Chateau-Gantonnet-logo.png","width":600,"height":361,"caption":"Ch\u00e2teau Gantonnet"},"image":{"@id":"https:\/\/www.domainesrichard.fr\/chateau-gantonnet\/en\/#\/schema\/logo\/image\/"},"sameAs":["https:\/\/www.facebook.com\/domainesrichard","https:\/\/www.instagram.com\/domainesrichard","https:\/\/www.linkedin.com\/company\/domaines-richard"]}]}},"_links":{"self":[{"href":"https:\/\/www.domainesrichard.fr\/chateau-gantonnet\/en\/wp-json\/wp\/v2\/product\/541","targetHints":{"allow":["GET"]}}],"collection":[{"href":"https:\/\/www.domainesrichard.fr\/chateau-gantonnet\/en\/wp-json\/wp\/v2\/product"}],"about":[{"href":"https:\/\/www.domainesrichard.fr\/chateau-gantonnet\/en\/wp-json\/wp\/v2\/types\/product"}],"wp:featuredmedia":[{"embeddable":true,"href":"https:\/\/www.domainesrichard.fr\/chateau-gantonnet\/en\/wp-json\/wp\/v2\/media\/49"}],"wp:attachment":[{"href":"https:\/\/www.domainesrichard.fr\/chateau-gantonnet\/en\/wp-json\/wp\/v2\/media?parent=541"}],"wp:term":[{"taxonomy":"product_brand","embeddable":true,"href":"https:\/\/www.domainesrichard.fr\/chateau-gantonnet\/en\/wp-json\/wp\/v2\/product_brand?post=541"},{"taxonomy":"product_cat","embeddable":true,"href":"https:\/\/www.domainesrichard.fr\/chateau-gantonnet\/en\/wp-json\/wp\/v2\/product_cat?post=541"},{"taxonomy":"product_tag","embeddable":true,"href":"https:\/\/www.domainesrichard.fr\/chateau-gantonnet\/en\/wp-json\/wp\/v2\/product_tag?post=541"}],"curies":[{"name":"wp","href":"https:\/\/api.w.org\/{rel}","templated":true}]}}