{"id":344,"date":"2022-08-29T17:57:58","date_gmt":"2022-08-29T15:57:58","guid":{"rendered":"https:\/\/www.domainesrichard.fr\/chateau-gantonnet\/?post_type=product&#038;p=344"},"modified":"2024-10-02T15:56:44","modified_gmt":"2024-10-02T13:56:44","slug":"chateau-gantonnet-rouge-2019","status":"publish","type":"product","link":"https:\/\/www.domainesrichard.fr\/chateau-gantonnet\/vin\/chateau-gantonnet-rouge-2019\/","title":{"rendered":"Ch\u00e2teau Gantonnet <span class='vintage the_title'>2019<\/span>"},"content":{"rendered":"<p>Ce sont des sols argilo-calcaires m\u00eal\u00e9s au merlot et au cabernet franc qui donnent le premier vin du Ch\u00e2teau Gantonnet. Un assemblage de concentration et de fra\u00eecheur, d\u00e9licieusement fruit\u00e9. Le sens noble de la simplicit\u00e9, \u00e0 Bordeaux.<\/p>","protected":false},"excerpt":{"rendered":"<p>Ce sont des sols argilo-calcaires m\u00eal\u00e9s au merlot et au cabernet franc qui donnent le premier vin du Ch\u00e2teau Gantonnet. Un assemblage de concentration et de fra\u00eecheur, d\u00e9licieusement fruit\u00e9. Le sens noble de la simplicit\u00e9, \u00e0 Bordeaux.<\/p>","protected":false},"featured_media":666,"template":"","meta":{"_acf_changed":false},"product_brand":[],"product_cat":[38],"product_tag":[],"class_list":{"0":"post-344","1":"product","2":"type-product","3":"status-publish","4":"has-post-thumbnail","6":"product_cat-chateau-gantonnet","8":"first","9":"instock","10":"taxable","11":"shipping-taxable","12":"purchasable","13":"product-type-simple"},"acf":[],"yoast_head":"<!-- This site is optimized with the Yoast SEO plugin v27.5 - https:\/\/yoast.com\/product\/yoast-seo-wordpress\/ -->\n<title>Vin de Bordeaux Ch\u00e2teau Gantonnet Rouge 2019<\/title>\n<meta name=\"description\" content=\"Ch\u00e2teau Gantonnet Bordeaux 2019. Un assemblage de concentration et de fra\u00eecheur, d\u00e9licieusement fruit\u00e9. Le sens noble de la simplicit\u00e9, \u00e0 Bordeaux.\" \/>\n<meta name=\"robots\" content=\"index, follow, max-snippet:-1, max-image-preview:large, max-video-preview:-1\" \/>\n<link rel=\"canonical\" href=\"https:\/\/www.domainesrichard.fr\/chateau-gantonnet\/vin\/chateau-gantonnet-rouge-2019\/\" \/>\n<meta property=\"og:locale\" content=\"fr_FR\" \/>\n<meta property=\"og:type\" content=\"article\" \/>\n<meta property=\"og:title\" content=\"Vin de Bordeaux Ch\u00e2teau Gantonnet Rouge 2019\" \/>\n<meta property=\"og:description\" content=\"Ch\u00e2teau Gantonnet Bordeaux 2019. Un assemblage de concentration et de fra\u00eecheur, d\u00e9licieusement fruit\u00e9. Le sens noble de la simplicit\u00e9, \u00e0 Bordeaux.\" \/>\n<meta property=\"og:url\" content=\"https:\/\/www.domainesrichard.fr\/chateau-gantonnet\/vin\/chateau-gantonnet-rouge-2019\/\" \/>\n<meta property=\"og:site_name\" content=\"Ch\u00e2teau Gantonnet\" \/>\n<meta property=\"article:publisher\" content=\"https:\/\/www.facebook.com\/domainesrichard\" \/>\n<meta property=\"article:modified_time\" content=\"2024-10-02T13:56:44+00:00\" \/>\n<meta property=\"og:image\" content=\"https:\/\/www.domainesrichard.fr\/chateau-gantonnet\/wp-content\/uploads\/sites\/6\/2022\/08\/GANTONNET-CHT-GANTONNET-ROUGE.jpg\" \/>\n\t<meta property=\"og:image:width\" content=\"600\" \/>\n\t<meta property=\"og:image:height\" content=\"600\" \/>\n\t<meta property=\"og:image:type\" content=\"image\/jpeg\" \/>\n<meta name=\"twitter:card\" content=\"summary_large_image\" \/>\n<meta name=\"twitter:label1\" content=\"Dur\u00e9e de lecture estim\u00e9e\" \/>\n\t<meta name=\"twitter:data1\" content=\"1 minute\" \/>\n<script type=\"application\/ld+json\" class=\"yoast-schema-graph\">{\"@context\":\"https:\\\/\\\/schema.org\",\"@graph\":[{\"@type\":\"WebPage\",\"@id\":\"https:\\\/\\\/www.domainesrichard.fr\\\/chateau-gantonnet\\\/vin\\\/chateau-gantonnet-rouge-2019\\\/\",\"url\":\"https:\\\/\\\/www.domainesrichard.fr\\\/chateau-gantonnet\\\/vin\\\/chateau-gantonnet-rouge-2019\\\/\",\"name\":\"Vin de Bordeaux Ch\u00e2teau Gantonnet Rouge 2019\",\"isPartOf\":{\"@id\":\"https:\\\/\\\/www.domainesrichard.fr\\\/chateau-gantonnet\\\/#website\"},\"primaryImageOfPage\":{\"@id\":\"https:\\\/\\\/www.domainesrichard.fr\\\/chateau-gantonnet\\\/vin\\\/chateau-gantonnet-rouge-2019\\\/#primaryimage\"},\"image\":{\"@id\":\"https:\\\/\\\/www.domainesrichard.fr\\\/chateau-gantonnet\\\/vin\\\/chateau-gantonnet-rouge-2019\\\/#primaryimage\"},\"thumbnailUrl\":\"https:\\\/\\\/www.domainesrichard.fr\\\/chateau-gantonnet\\\/wp-content\\\/uploads\\\/sites\\\/6\\\/2022\\\/08\\\/GANTONNET-CHT-GANTONNET-ROUGE.jpg\",\"datePublished\":\"2022-08-29T15:57:58+00:00\",\"dateModified\":\"2024-10-02T13:56:44+00:00\",\"description\":\"Ch\u00e2teau Gantonnet Bordeaux 2019. Un assemblage de concentration et de fra\u00eecheur, d\u00e9licieusement fruit\u00e9. Le sens noble de la simplicit\u00e9, \u00e0 Bordeaux.\",\"breadcrumb\":{\"@id\":\"https:\\\/\\\/www.domainesrichard.fr\\\/chateau-gantonnet\\\/vin\\\/chateau-gantonnet-rouge-2019\\\/#breadcrumb\"},\"inLanguage\":\"fr-FR\",\"potentialAction\":[{\"@type\":\"ReadAction\",\"target\":[\"https:\\\/\\\/www.domainesrichard.fr\\\/chateau-gantonnet\\\/vin\\\/chateau-gantonnet-rouge-2019\\\/\"]}]},{\"@type\":\"ImageObject\",\"inLanguage\":\"fr-FR\",\"@id\":\"https:\\\/\\\/www.domainesrichard.fr\\\/chateau-gantonnet\\\/vin\\\/chateau-gantonnet-rouge-2019\\\/#primaryimage\",\"url\":\"https:\\\/\\\/www.domainesrichard.fr\\\/chateau-gantonnet\\\/wp-content\\\/uploads\\\/sites\\\/6\\\/2022\\\/08\\\/GANTONNET-CHT-GANTONNET-ROUGE.jpg\",\"contentUrl\":\"https:\\\/\\\/www.domainesrichard.fr\\\/chateau-gantonnet\\\/wp-content\\\/uploads\\\/sites\\\/6\\\/2022\\\/08\\\/GANTONNET-CHT-GANTONNET-ROUGE.jpg\",\"width\":600,\"height\":600,\"caption\":\"Gantonnet rouge\"},{\"@type\":\"BreadcrumbList\",\"@id\":\"https:\\\/\\\/www.domainesrichard.fr\\\/chateau-gantonnet\\\/vin\\\/chateau-gantonnet-rouge-2019\\\/#breadcrumb\",\"itemListElement\":[{\"@type\":\"ListItem\",\"position\":1,\"name\":\"Vins\",\"item\":\"https:\\\/\\\/www.domainesrichard.fr\\\/chateau-gantonnet\\\/vins\\\/\"},{\"@type\":\"ListItem\",\"position\":2,\"name\":\"Ch\u00e2teau Gantonnet 2019\"}]},{\"@type\":\"WebSite\",\"@id\":\"https:\\\/\\\/www.domainesrichard.fr\\\/chateau-gantonnet\\\/#website\",\"url\":\"https:\\\/\\\/www.domainesrichard.fr\\\/chateau-gantonnet\\\/\",\"name\":\"Ch\u00e2teau Gantonnet\",\"description\":\"Simplement Bordeaux\",\"publisher\":{\"@id\":\"https:\\\/\\\/www.domainesrichard.fr\\\/chateau-gantonnet\\\/#organization\"},\"potentialAction\":[{\"@type\":\"SearchAction\",\"target\":{\"@type\":\"EntryPoint\",\"urlTemplate\":\"https:\\\/\\\/www.domainesrichard.fr\\\/chateau-gantonnet\\\/?s={search_term_string}\"},\"query-input\":{\"@type\":\"PropertyValueSpecification\",\"valueRequired\":true,\"valueName\":\"search_term_string\"}}],\"inLanguage\":\"fr-FR\"},{\"@type\":\"Organization\",\"@id\":\"https:\\\/\\\/www.domainesrichard.fr\\\/chateau-gantonnet\\\/#organization\",\"name\":\"Ch\u00e2teau Gantonnet\",\"url\":\"https:\\\/\\\/www.domainesrichard.fr\\\/chateau-gantonnet\\\/\",\"logo\":{\"@type\":\"ImageObject\",\"inLanguage\":\"fr-FR\",\"@id\":\"https:\\\/\\\/www.domainesrichard.fr\\\/chateau-gantonnet\\\/#\\\/schema\\\/logo\\\/image\\\/\",\"url\":\"https:\\\/\\\/www.domainesrichard.fr\\\/chateau-gantonnet\\\/wp-content\\\/uploads\\\/sites\\\/6\\\/2022\\\/03\\\/Chateau-Gantonnet-logo.png\",\"contentUrl\":\"https:\\\/\\\/www.domainesrichard.fr\\\/chateau-gantonnet\\\/wp-content\\\/uploads\\\/sites\\\/6\\\/2022\\\/03\\\/Chateau-Gantonnet-logo.png\",\"width\":600,\"height\":361,\"caption\":\"Ch\u00e2teau Gantonnet\"},\"image\":{\"@id\":\"https:\\\/\\\/www.domainesrichard.fr\\\/chateau-gantonnet\\\/#\\\/schema\\\/logo\\\/image\\\/\"},\"sameAs\":[\"https:\\\/\\\/www.facebook.com\\\/domainesrichard\",\"https:\\\/\\\/www.instagram.com\\\/domainesrichard\",\"https:\\\/\\\/www.linkedin.com\\\/company\\\/domaines-richard\"]}]}<\/script>\n<!-- \/ Yoast SEO plugin. -->","yoast_head_json":{"title":"Vin de Bordeaux Ch\u00e2teau Gantonnet Rouge 2019","description":"Ch\u00e2teau Gantonnet Bordeaux 2019. Un assemblage de concentration et de fra\u00eecheur, d\u00e9licieusement fruit\u00e9. Le sens noble de la simplicit\u00e9, \u00e0 Bordeaux.","robots":{"index":"index","follow":"follow","max-snippet":"max-snippet:-1","max-image-preview":"max-image-preview:large","max-video-preview":"max-video-preview:-1"},"canonical":"https:\/\/www.domainesrichard.fr\/chateau-gantonnet\/vin\/chateau-gantonnet-rouge-2019\/","og_locale":"fr_FR","og_type":"article","og_title":"Vin de Bordeaux Ch\u00e2teau Gantonnet Rouge 2019","og_description":"Ch\u00e2teau Gantonnet Bordeaux 2019. Un assemblage de concentration et de fra\u00eecheur, d\u00e9licieusement fruit\u00e9. Le sens noble de la simplicit\u00e9, \u00e0 Bordeaux.","og_url":"https:\/\/www.domainesrichard.fr\/chateau-gantonnet\/vin\/chateau-gantonnet-rouge-2019\/","og_site_name":"Ch\u00e2teau Gantonnet","article_publisher":"https:\/\/www.facebook.com\/domainesrichard","article_modified_time":"2024-10-02T13:56:44+00:00","og_image":[{"width":600,"height":600,"url":"https:\/\/www.domainesrichard.fr\/chateau-gantonnet\/wp-content\/uploads\/sites\/6\/2022\/08\/GANTONNET-CHT-GANTONNET-ROUGE.jpg","type":"image\/jpeg"}],"twitter_card":"summary_large_image","twitter_misc":{"Dur\u00e9e de lecture estim\u00e9e":"1 minute"},"schema":{"@context":"https:\/\/schema.org","@graph":[{"@type":"WebPage","@id":"https:\/\/www.domainesrichard.fr\/chateau-gantonnet\/vin\/chateau-gantonnet-rouge-2019\/","url":"https:\/\/www.domainesrichard.fr\/chateau-gantonnet\/vin\/chateau-gantonnet-rouge-2019\/","name":"Vin de Bordeaux Ch\u00e2teau Gantonnet Rouge 2019","isPartOf":{"@id":"https:\/\/www.domainesrichard.fr\/chateau-gantonnet\/#website"},"primaryImageOfPage":{"@id":"https:\/\/www.domainesrichard.fr\/chateau-gantonnet\/vin\/chateau-gantonnet-rouge-2019\/#primaryimage"},"image":{"@id":"https:\/\/www.domainesrichard.fr\/chateau-gantonnet\/vin\/chateau-gantonnet-rouge-2019\/#primaryimage"},"thumbnailUrl":"https:\/\/www.domainesrichard.fr\/chateau-gantonnet\/wp-content\/uploads\/sites\/6\/2022\/08\/GANTONNET-CHT-GANTONNET-ROUGE.jpg","datePublished":"2022-08-29T15:57:58+00:00","dateModified":"2024-10-02T13:56:44+00:00","description":"Ch\u00e2teau Gantonnet Bordeaux 2019. Un assemblage de concentration et de fra\u00eecheur, d\u00e9licieusement fruit\u00e9. Le sens noble de la simplicit\u00e9, \u00e0 Bordeaux.","breadcrumb":{"@id":"https:\/\/www.domainesrichard.fr\/chateau-gantonnet\/vin\/chateau-gantonnet-rouge-2019\/#breadcrumb"},"inLanguage":"fr-FR","potentialAction":[{"@type":"ReadAction","target":["https:\/\/www.domainesrichard.fr\/chateau-gantonnet\/vin\/chateau-gantonnet-rouge-2019\/"]}]},{"@type":"ImageObject","inLanguage":"fr-FR","@id":"https:\/\/www.domainesrichard.fr\/chateau-gantonnet\/vin\/chateau-gantonnet-rouge-2019\/#primaryimage","url":"https:\/\/www.domainesrichard.fr\/chateau-gantonnet\/wp-content\/uploads\/sites\/6\/2022\/08\/GANTONNET-CHT-GANTONNET-ROUGE.jpg","contentUrl":"https:\/\/www.domainesrichard.fr\/chateau-gantonnet\/wp-content\/uploads\/sites\/6\/2022\/08\/GANTONNET-CHT-GANTONNET-ROUGE.jpg","width":600,"height":600,"caption":"Gantonnet rouge"},{"@type":"BreadcrumbList","@id":"https:\/\/www.domainesrichard.fr\/chateau-gantonnet\/vin\/chateau-gantonnet-rouge-2019\/#breadcrumb","itemListElement":[{"@type":"ListItem","position":1,"name":"Vins","item":"https:\/\/www.domainesrichard.fr\/chateau-gantonnet\/vins\/"},{"@type":"ListItem","position":2,"name":"Ch\u00e2teau Gantonnet 2019"}]},{"@type":"WebSite","@id":"https:\/\/www.domainesrichard.fr\/chateau-gantonnet\/#website","url":"https:\/\/www.domainesrichard.fr\/chateau-gantonnet\/","name":"Ch\u00e2teau Gantonnet","description":"Simplement Bordeaux","publisher":{"@id":"https:\/\/www.domainesrichard.fr\/chateau-gantonnet\/#organization"},"potentialAction":[{"@type":"SearchAction","target":{"@type":"EntryPoint","urlTemplate":"https:\/\/www.domainesrichard.fr\/chateau-gantonnet\/?s={search_term_string}"},"query-input":{"@type":"PropertyValueSpecification","valueRequired":true,"valueName":"search_term_string"}}],"inLanguage":"fr-FR"},{"@type":"Organization","@id":"https:\/\/www.domainesrichard.fr\/chateau-gantonnet\/#organization","name":"Ch\u00e2teau Gantonnet","url":"https:\/\/www.domainesrichard.fr\/chateau-gantonnet\/","logo":{"@type":"ImageObject","inLanguage":"fr-FR","@id":"https:\/\/www.domainesrichard.fr\/chateau-gantonnet\/#\/schema\/logo\/image\/","url":"https:\/\/www.domainesrichard.fr\/chateau-gantonnet\/wp-content\/uploads\/sites\/6\/2022\/03\/Chateau-Gantonnet-logo.png","contentUrl":"https:\/\/www.domainesrichard.fr\/chateau-gantonnet\/wp-content\/uploads\/sites\/6\/2022\/03\/Chateau-Gantonnet-logo.png","width":600,"height":361,"caption":"Ch\u00e2teau Gantonnet"},"image":{"@id":"https:\/\/www.domainesrichard.fr\/chateau-gantonnet\/#\/schema\/logo\/image\/"},"sameAs":["https:\/\/www.facebook.com\/domainesrichard","https:\/\/www.instagram.com\/domainesrichard","https:\/\/www.linkedin.com\/company\/domaines-richard"]}]}},"_links":{"self":[{"href":"https:\/\/www.domainesrichard.fr\/chateau-gantonnet\/wp-json\/wp\/v2\/product\/344","targetHints":{"allow":["GET"]}}],"collection":[{"href":"https:\/\/www.domainesrichard.fr\/chateau-gantonnet\/wp-json\/wp\/v2\/product"}],"about":[{"href":"https:\/\/www.domainesrichard.fr\/chateau-gantonnet\/wp-json\/wp\/v2\/types\/product"}],"wp:featuredmedia":[{"embeddable":true,"href":"https:\/\/www.domainesrichard.fr\/chateau-gantonnet\/wp-json\/wp\/v2\/media\/666"}],"wp:attachment":[{"href":"https:\/\/www.domainesrichard.fr\/chateau-gantonnet\/wp-json\/wp\/v2\/media?parent=344"}],"wp:term":[{"taxonomy":"product_brand","embeddable":true,"href":"https:\/\/www.domainesrichard.fr\/chateau-gantonnet\/wp-json\/wp\/v2\/product_brand?post=344"},{"taxonomy":"product_cat","embeddable":true,"href":"https:\/\/www.domainesrichard.fr\/chateau-gantonnet\/wp-json\/wp\/v2\/product_cat?post=344"},{"taxonomy":"product_tag","embeddable":true,"href":"https:\/\/www.domainesrichard.fr\/chateau-gantonnet\/wp-json\/wp\/v2\/product_tag?post=344"}],"curies":[{"name":"wp","href":"https:\/\/api.w.org\/{rel}","templated":true}]}}