{"id":457,"date":"2023-07-03T14:32:59","date_gmt":"2023-07-03T12:32:59","guid":{"rendered":"https:\/\/www.domainesrichard.fr\/chateau-gantonnet\/?post_type=product&#038;p=457"},"modified":"2025-07-16T15:27:02","modified_gmt":"2025-07-16T13:27:02","slug":"lattrape-reve-2022","status":"publish","type":"product","link":"https:\/\/www.domainesrichard.fr\/chateau-gantonnet\/vin\/lattrape-reve-2022\/","title":{"rendered":"L&rsquo;Attrape R\u00eave <span class='vintage the_title'>2022<\/span>"},"content":{"rendered":"<p>Un vin de plaisir imm\u00e9diat sign\u00e9 par le fra\u00eecheur et la souplesse du merlot. \u00c0 la vigne comme \u00e0 la cave, le fruit est pr\u00e9serv\u00e9 et aucun sulfite n\u2019est ajout\u00e9. Voil\u00e0 un Bordeaux de toutes les saisons, moderne et vibrant&nbsp;: simplement Gantonnet\u00a0!<\/p>","protected":false},"excerpt":{"rendered":"<p>Un vin de plaisir imm\u00e9diat sign\u00e9 par le fra\u00eecheur et la souplesse du merlot. \u00c0 la vigne comme \u00e0 la cave, le fruit est pr\u00e9serv\u00e9 et aucun sulfite n\u2019est ajout\u00e9. Voil\u00e0 un Bordeaux de toutes les saisons, moderne et vibrant&nbsp;: simplement Gantonnet\u00a0!<\/p>","protected":false},"featured_media":660,"template":"","meta":{"_acf_changed":false},"product_brand":[],"product_cat":[99],"product_tag":[],"class_list":{"0":"post-457","1":"product","2":"type-product","3":"status-publish","4":"has-post-thumbnail","6":"product_cat-lattrape-reve","8":"first","9":"instock","10":"taxable","11":"shipping-taxable","12":"purchasable","13":"product-type-simple"},"acf":[],"yoast_head":"<!-- This site is optimized with the Yoast SEO plugin v27.0 - https:\/\/yoast.com\/product\/yoast-seo-wordpress\/ -->\n<title>Vin de Bordeaux L&#039;Attrape R\u00eave 2022<\/title>\n<meta name=\"description\" content=\"L&#039;Attrape R\u00eave, Bordeaux rouge 2022. Un vin 100% merlot, sans sulfite ajout\u00e9, produit sur un plateau argilo lourd et un sous\u00a7sol calcaire.\" \/>\n<meta name=\"robots\" content=\"index, follow, max-snippet:-1, max-image-preview:large, max-video-preview:-1\" \/>\n<link rel=\"canonical\" href=\"https:\/\/www.domainesrichard.fr\/chateau-gantonnet\/vin\/lattrape-reve-2022\/\" \/>\n<meta property=\"og:locale\" content=\"fr_FR\" \/>\n<meta property=\"og:type\" content=\"article\" \/>\n<meta property=\"og:title\" content=\"Vin de Bordeaux L&#039;Attrape R\u00eave 2022\" \/>\n<meta property=\"og:description\" content=\"L&#039;Attrape R\u00eave, Bordeaux rouge 2022. Un vin 100% merlot, sans sulfite ajout\u00e9, produit sur un plateau argilo lourd et un sous\u00a7sol calcaire.\" \/>\n<meta property=\"og:url\" content=\"https:\/\/www.domainesrichard.fr\/chateau-gantonnet\/vin\/lattrape-reve-2022\/\" \/>\n<meta property=\"og:site_name\" content=\"Ch\u00e2teau Gantonnet\" \/>\n<meta property=\"article:publisher\" content=\"https:\/\/www.facebook.com\/domainesrichard\" \/>\n<meta property=\"article:modified_time\" content=\"2025-07-16T13:27:02+00:00\" \/>\n<meta property=\"og:image\" content=\"https:\/\/www.domainesrichard.fr\/chateau-gantonnet\/wp-content\/uploads\/sites\/6\/2023\/02\/GANTONNET-ATTRAPE-REVE.jpg\" \/>\n\t<meta property=\"og:image:width\" content=\"600\" \/>\n\t<meta property=\"og:image:height\" content=\"600\" \/>\n\t<meta property=\"og:image:type\" content=\"image\/jpeg\" \/>\n<meta name=\"twitter:card\" content=\"summary_large_image\" \/>\n<meta name=\"twitter:label1\" content=\"Dur\u00e9e de lecture estim\u00e9e\" \/>\n\t<meta name=\"twitter:data1\" content=\"1 minute\" \/>\n<script type=\"application\/ld+json\" class=\"yoast-schema-graph\">{\"@context\":\"https:\/\/schema.org\",\"@graph\":[{\"@type\":\"WebPage\",\"@id\":\"https:\/\/www.domainesrichard.fr\/chateau-gantonnet\/vin\/lattrape-reve-2022\/\",\"url\":\"https:\/\/www.domainesrichard.fr\/chateau-gantonnet\/vin\/lattrape-reve-2022\/\",\"name\":\"Vin de Bordeaux L'Attrape R\u00eave 2022\",\"isPartOf\":{\"@id\":\"https:\/\/www.domainesrichard.fr\/chateau-gantonnet\/#website\"},\"primaryImageOfPage\":{\"@id\":\"https:\/\/www.domainesrichard.fr\/chateau-gantonnet\/vin\/lattrape-reve-2022\/#primaryimage\"},\"image\":{\"@id\":\"https:\/\/www.domainesrichard.fr\/chateau-gantonnet\/vin\/lattrape-reve-2022\/#primaryimage\"},\"thumbnailUrl\":\"https:\/\/www.domainesrichard.fr\/chateau-gantonnet\/wp-content\/uploads\/sites\/6\/2023\/02\/GANTONNET-ATTRAPE-REVE.jpg\",\"datePublished\":\"2023-07-03T12:32:59+00:00\",\"dateModified\":\"2025-07-16T13:27:02+00:00\",\"description\":\"L'Attrape R\u00eave, Bordeaux rouge 2022. Un vin 100% merlot, sans sulfite ajout\u00e9, produit sur un plateau argilo lourd et un sous\u00a7sol calcaire.\",\"breadcrumb\":{\"@id\":\"https:\/\/www.domainesrichard.fr\/chateau-gantonnet\/vin\/lattrape-reve-2022\/#breadcrumb\"},\"inLanguage\":\"fr-FR\",\"potentialAction\":[{\"@type\":\"ReadAction\",\"target\":[\"https:\/\/www.domainesrichard.fr\/chateau-gantonnet\/vin\/lattrape-reve-2022\/\"]}]},{\"@type\":\"ImageObject\",\"inLanguage\":\"fr-FR\",\"@id\":\"https:\/\/www.domainesrichard.fr\/chateau-gantonnet\/vin\/lattrape-reve-2022\/#primaryimage\",\"url\":\"https:\/\/www.domainesrichard.fr\/chateau-gantonnet\/wp-content\/uploads\/sites\/6\/2023\/02\/GANTONNET-ATTRAPE-REVE.jpg\",\"contentUrl\":\"https:\/\/www.domainesrichard.fr\/chateau-gantonnet\/wp-content\/uploads\/sites\/6\/2023\/02\/GANTONNET-ATTRAPE-REVE.jpg\",\"width\":600,\"height\":600,\"caption\":\"L'Attrape R\u00eave\"},{\"@type\":\"BreadcrumbList\",\"@id\":\"https:\/\/www.domainesrichard.fr\/chateau-gantonnet\/vin\/lattrape-reve-2022\/#breadcrumb\",\"itemListElement\":[{\"@type\":\"ListItem\",\"position\":1,\"name\":\"Vins\",\"item\":\"https:\/\/www.domainesrichard.fr\/chateau-gantonnet\/vins\/\"},{\"@type\":\"ListItem\",\"position\":2,\"name\":\"L&rsquo;Attrape R\u00eave 2022\"}]},{\"@type\":\"WebSite\",\"@id\":\"https:\/\/www.domainesrichard.fr\/chateau-gantonnet\/#website\",\"url\":\"https:\/\/www.domainesrichard.fr\/chateau-gantonnet\/\",\"name\":\"Ch\u00e2teau Gantonnet\",\"description\":\"Simplement Bordeaux\",\"publisher\":{\"@id\":\"https:\/\/www.domainesrichard.fr\/chateau-gantonnet\/#organization\"},\"potentialAction\":[{\"@type\":\"SearchAction\",\"target\":{\"@type\":\"EntryPoint\",\"urlTemplate\":\"https:\/\/www.domainesrichard.fr\/chateau-gantonnet\/?s={search_term_string}\"},\"query-input\":{\"@type\":\"PropertyValueSpecification\",\"valueRequired\":true,\"valueName\":\"search_term_string\"}}],\"inLanguage\":\"fr-FR\"},{\"@type\":\"Organization\",\"@id\":\"https:\/\/www.domainesrichard.fr\/chateau-gantonnet\/#organization\",\"name\":\"Ch\u00e2teau Gantonnet\",\"url\":\"https:\/\/www.domainesrichard.fr\/chateau-gantonnet\/\",\"logo\":{\"@type\":\"ImageObject\",\"inLanguage\":\"fr-FR\",\"@id\":\"https:\/\/www.domainesrichard.fr\/chateau-gantonnet\/#\/schema\/logo\/image\/\",\"url\":\"https:\/\/www.domainesrichard.fr\/chateau-gantonnet\/wp-content\/uploads\/sites\/6\/2022\/03\/Chateau-Gantonnet-logo.png\",\"contentUrl\":\"https:\/\/www.domainesrichard.fr\/chateau-gantonnet\/wp-content\/uploads\/sites\/6\/2022\/03\/Chateau-Gantonnet-logo.png\",\"width\":600,\"height\":361,\"caption\":\"Ch\u00e2teau Gantonnet\"},\"image\":{\"@id\":\"https:\/\/www.domainesrichard.fr\/chateau-gantonnet\/#\/schema\/logo\/image\/\"},\"sameAs\":[\"https:\/\/www.facebook.com\/domainesrichard\",\"https:\/\/www.instagram.com\/domainesrichard\",\"https:\/\/www.linkedin.com\/company\/domaines-richard\"]}]}<\/script>\n<!-- \/ Yoast SEO plugin. -->","yoast_head_json":{"title":"Vin de Bordeaux L'Attrape R\u00eave 2022","description":"L'Attrape R\u00eave, Bordeaux rouge 2022. Un vin 100% merlot, sans sulfite ajout\u00e9, produit sur un plateau argilo lourd et un sous\u00a7sol calcaire.","robots":{"index":"index","follow":"follow","max-snippet":"max-snippet:-1","max-image-preview":"max-image-preview:large","max-video-preview":"max-video-preview:-1"},"canonical":"https:\/\/www.domainesrichard.fr\/chateau-gantonnet\/vin\/lattrape-reve-2022\/","og_locale":"fr_FR","og_type":"article","og_title":"Vin de Bordeaux L'Attrape R\u00eave 2022","og_description":"L'Attrape R\u00eave, Bordeaux rouge 2022. Un vin 100% merlot, sans sulfite ajout\u00e9, produit sur un plateau argilo lourd et un sous\u00a7sol calcaire.","og_url":"https:\/\/www.domainesrichard.fr\/chateau-gantonnet\/vin\/lattrape-reve-2022\/","og_site_name":"Ch\u00e2teau Gantonnet","article_publisher":"https:\/\/www.facebook.com\/domainesrichard","article_modified_time":"2025-07-16T13:27:02+00:00","og_image":[{"width":600,"height":600,"url":"https:\/\/www.domainesrichard.fr\/chateau-gantonnet\/wp-content\/uploads\/sites\/6\/2023\/02\/GANTONNET-ATTRAPE-REVE.jpg","type":"image\/jpeg"}],"twitter_card":"summary_large_image","twitter_misc":{"Dur\u00e9e de lecture estim\u00e9e":"1 minute"},"schema":{"@context":"https:\/\/schema.org","@graph":[{"@type":"WebPage","@id":"https:\/\/www.domainesrichard.fr\/chateau-gantonnet\/vin\/lattrape-reve-2022\/","url":"https:\/\/www.domainesrichard.fr\/chateau-gantonnet\/vin\/lattrape-reve-2022\/","name":"Vin de Bordeaux L'Attrape R\u00eave 2022","isPartOf":{"@id":"https:\/\/www.domainesrichard.fr\/chateau-gantonnet\/#website"},"primaryImageOfPage":{"@id":"https:\/\/www.domainesrichard.fr\/chateau-gantonnet\/vin\/lattrape-reve-2022\/#primaryimage"},"image":{"@id":"https:\/\/www.domainesrichard.fr\/chateau-gantonnet\/vin\/lattrape-reve-2022\/#primaryimage"},"thumbnailUrl":"https:\/\/www.domainesrichard.fr\/chateau-gantonnet\/wp-content\/uploads\/sites\/6\/2023\/02\/GANTONNET-ATTRAPE-REVE.jpg","datePublished":"2023-07-03T12:32:59+00:00","dateModified":"2025-07-16T13:27:02+00:00","description":"L'Attrape R\u00eave, Bordeaux rouge 2022. Un vin 100% merlot, sans sulfite ajout\u00e9, produit sur un plateau argilo lourd et un sous\u00a7sol calcaire.","breadcrumb":{"@id":"https:\/\/www.domainesrichard.fr\/chateau-gantonnet\/vin\/lattrape-reve-2022\/#breadcrumb"},"inLanguage":"fr-FR","potentialAction":[{"@type":"ReadAction","target":["https:\/\/www.domainesrichard.fr\/chateau-gantonnet\/vin\/lattrape-reve-2022\/"]}]},{"@type":"ImageObject","inLanguage":"fr-FR","@id":"https:\/\/www.domainesrichard.fr\/chateau-gantonnet\/vin\/lattrape-reve-2022\/#primaryimage","url":"https:\/\/www.domainesrichard.fr\/chateau-gantonnet\/wp-content\/uploads\/sites\/6\/2023\/02\/GANTONNET-ATTRAPE-REVE.jpg","contentUrl":"https:\/\/www.domainesrichard.fr\/chateau-gantonnet\/wp-content\/uploads\/sites\/6\/2023\/02\/GANTONNET-ATTRAPE-REVE.jpg","width":600,"height":600,"caption":"L'Attrape R\u00eave"},{"@type":"BreadcrumbList","@id":"https:\/\/www.domainesrichard.fr\/chateau-gantonnet\/vin\/lattrape-reve-2022\/#breadcrumb","itemListElement":[{"@type":"ListItem","position":1,"name":"Vins","item":"https:\/\/www.domainesrichard.fr\/chateau-gantonnet\/vins\/"},{"@type":"ListItem","position":2,"name":"L&rsquo;Attrape R\u00eave 2022"}]},{"@type":"WebSite","@id":"https:\/\/www.domainesrichard.fr\/chateau-gantonnet\/#website","url":"https:\/\/www.domainesrichard.fr\/chateau-gantonnet\/","name":"Ch\u00e2teau Gantonnet","description":"Simplement Bordeaux","publisher":{"@id":"https:\/\/www.domainesrichard.fr\/chateau-gantonnet\/#organization"},"potentialAction":[{"@type":"SearchAction","target":{"@type":"EntryPoint","urlTemplate":"https:\/\/www.domainesrichard.fr\/chateau-gantonnet\/?s={search_term_string}"},"query-input":{"@type":"PropertyValueSpecification","valueRequired":true,"valueName":"search_term_string"}}],"inLanguage":"fr-FR"},{"@type":"Organization","@id":"https:\/\/www.domainesrichard.fr\/chateau-gantonnet\/#organization","name":"Ch\u00e2teau Gantonnet","url":"https:\/\/www.domainesrichard.fr\/chateau-gantonnet\/","logo":{"@type":"ImageObject","inLanguage":"fr-FR","@id":"https:\/\/www.domainesrichard.fr\/chateau-gantonnet\/#\/schema\/logo\/image\/","url":"https:\/\/www.domainesrichard.fr\/chateau-gantonnet\/wp-content\/uploads\/sites\/6\/2022\/03\/Chateau-Gantonnet-logo.png","contentUrl":"https:\/\/www.domainesrichard.fr\/chateau-gantonnet\/wp-content\/uploads\/sites\/6\/2022\/03\/Chateau-Gantonnet-logo.png","width":600,"height":361,"caption":"Ch\u00e2teau Gantonnet"},"image":{"@id":"https:\/\/www.domainesrichard.fr\/chateau-gantonnet\/#\/schema\/logo\/image\/"},"sameAs":["https:\/\/www.facebook.com\/domainesrichard","https:\/\/www.instagram.com\/domainesrichard","https:\/\/www.linkedin.com\/company\/domaines-richard"]}]}},"_links":{"self":[{"href":"https:\/\/www.domainesrichard.fr\/chateau-gantonnet\/wp-json\/wp\/v2\/product\/457","targetHints":{"allow":["GET"]}}],"collection":[{"href":"https:\/\/www.domainesrichard.fr\/chateau-gantonnet\/wp-json\/wp\/v2\/product"}],"about":[{"href":"https:\/\/www.domainesrichard.fr\/chateau-gantonnet\/wp-json\/wp\/v2\/types\/product"}],"wp:featuredmedia":[{"embeddable":true,"href":"https:\/\/www.domainesrichard.fr\/chateau-gantonnet\/wp-json\/wp\/v2\/media\/660"}],"wp:attachment":[{"href":"https:\/\/www.domainesrichard.fr\/chateau-gantonnet\/wp-json\/wp\/v2\/media?parent=457"}],"wp:term":[{"taxonomy":"product_brand","embeddable":true,"href":"https:\/\/www.domainesrichard.fr\/chateau-gantonnet\/wp-json\/wp\/v2\/product_brand?post=457"},{"taxonomy":"product_cat","embeddable":true,"href":"https:\/\/www.domainesrichard.fr\/chateau-gantonnet\/wp-json\/wp\/v2\/product_cat?post=457"},{"taxonomy":"product_tag","embeddable":true,"href":"https:\/\/www.domainesrichard.fr\/chateau-gantonnet\/wp-json\/wp\/v2\/product_tag?post=457"}],"curies":[{"name":"wp","href":"https:\/\/api.w.org\/{rel}","templated":true}]}}