{"id":522,"date":"2024-01-09T13:41:50","date_gmt":"2024-01-09T12:41:50","guid":{"rendered":"https:\/\/www.domainesrichard.fr\/chateau-gantonnet\/?post_type=product&#038;p=522"},"modified":"2024-06-12T15:57:42","modified_gmt":"2024-06-12T13:57:42","slug":"moulin-de-labordes-2021","status":"publish","type":"product","link":"https:\/\/www.domainesrichard.fr\/chateau-gantonnet\/vin\/moulin-de-labordes-2021\/","title":{"rendered":"Moulin de Labordes <span class='vintage the_title'>2021<\/span>"},"content":{"rendered":"<p>Merlot et cabernets se conjuguent pour offrir un vin plaisir au bouquet d\u00e9licat. Une expression authentique du terroir \u00e0 la texture l\u00e9g\u00e8re et raffin\u00e9e. Parfait pour toutes les occasions, il s&rsquo;appr\u00e9cie aussi bien en ap\u00e9ritif qu&rsquo;au cours d&rsquo;un repas convivial. Le second vin du Ch\u00e2teau Gantonnet sait se faire gourmand.<\/p>","protected":false},"excerpt":{"rendered":"<p>Merlot et cabernets se conjuguent pour offrir un vin plaisir au bouquet d\u00e9licat. Une expression authentique du terroir \u00e0 la texture l\u00e9g\u00e8re et raffin\u00e9e. Parfait pour toutes les occasions, il s&rsquo;appr\u00e9cie aussi bien en ap\u00e9ritif qu&rsquo;au cours d&rsquo;un repas convivial. Le second vin du Ch\u00e2teau Gantonnet sait se faire gourmand.<\/p>","protected":false},"featured_media":662,"template":"","meta":{"_acf_changed":false},"product_brand":[],"product_cat":[113],"product_tag":[],"class_list":{"0":"post-522","1":"product","2":"type-product","3":"status-publish","4":"has-post-thumbnail","6":"product_cat-moulin-de-labordes","8":"first","9":"instock","10":"taxable","11":"shipping-taxable","12":"purchasable","13":"product-type-simple"},"acf":[],"yoast_head":"<!-- This site is optimized with the Yoast SEO plugin v27.0 - https:\/\/yoast.com\/product\/yoast-seo-wordpress\/ -->\n<title>Moulin de Labordes Bordeaux rouge 2021<\/title>\n<meta name=\"description\" content=\"Moulin de Labordes, Bordeaux rouge 2021. Un assemblage de concentration et de fra\u00eecheur, d\u00e9licieusement fruit\u00e9. Une expression authentique du terroir.\" \/>\n<meta name=\"robots\" content=\"index, follow, max-snippet:-1, max-image-preview:large, max-video-preview:-1\" \/>\n<link rel=\"canonical\" href=\"https:\/\/www.domainesrichard.fr\/chateau-gantonnet\/vin\/moulin-de-labordes-2021\/\" \/>\n<meta property=\"og:locale\" content=\"fr_FR\" \/>\n<meta property=\"og:type\" content=\"article\" \/>\n<meta property=\"og:title\" content=\"Moulin de Labordes Bordeaux rouge 2021\" \/>\n<meta property=\"og:description\" content=\"Moulin de Labordes, Bordeaux rouge 2021. Un assemblage de concentration et de fra\u00eecheur, d\u00e9licieusement fruit\u00e9. Une expression authentique du terroir.\" \/>\n<meta property=\"og:url\" content=\"https:\/\/www.domainesrichard.fr\/chateau-gantonnet\/vin\/moulin-de-labordes-2021\/\" \/>\n<meta property=\"og:site_name\" content=\"Ch\u00e2teau Gantonnet\" \/>\n<meta property=\"article:publisher\" content=\"https:\/\/www.facebook.com\/domainesrichard\" \/>\n<meta property=\"article:modified_time\" content=\"2024-06-12T13:57:42+00:00\" \/>\n<meta property=\"og:image\" content=\"https:\/\/www.domainesrichard.fr\/chateau-gantonnet\/wp-content\/uploads\/sites\/6\/2024\/01\/GANTONNET-MOULIN-DE-LABORDES-ROUGE.jpg\" \/>\n\t<meta property=\"og:image:width\" content=\"600\" \/>\n\t<meta property=\"og:image:height\" content=\"600\" \/>\n\t<meta property=\"og:image:type\" content=\"image\/jpeg\" \/>\n<meta name=\"twitter:card\" content=\"summary_large_image\" \/>\n<meta name=\"twitter:label1\" content=\"Dur\u00e9e de lecture estim\u00e9e\" \/>\n\t<meta name=\"twitter:data1\" content=\"1 minute\" \/>\n<script type=\"application\/ld+json\" class=\"yoast-schema-graph\">{\"@context\":\"https:\/\/schema.org\",\"@graph\":[{\"@type\":\"WebPage\",\"@id\":\"https:\/\/www.domainesrichard.fr\/chateau-gantonnet\/vin\/moulin-de-labordes-2021\/\",\"url\":\"https:\/\/www.domainesrichard.fr\/chateau-gantonnet\/vin\/moulin-de-labordes-2021\/\",\"name\":\"Moulin de Labordes Bordeaux rouge 2021\",\"isPartOf\":{\"@id\":\"https:\/\/www.domainesrichard.fr\/chateau-gantonnet\/#website\"},\"primaryImageOfPage\":{\"@id\":\"https:\/\/www.domainesrichard.fr\/chateau-gantonnet\/vin\/moulin-de-labordes-2021\/#primaryimage\"},\"image\":{\"@id\":\"https:\/\/www.domainesrichard.fr\/chateau-gantonnet\/vin\/moulin-de-labordes-2021\/#primaryimage\"},\"thumbnailUrl\":\"https:\/\/www.domainesrichard.fr\/chateau-gantonnet\/wp-content\/uploads\/sites\/6\/2024\/01\/GANTONNET-MOULIN-DE-LABORDES-ROUGE.jpg\",\"datePublished\":\"2024-01-09T12:41:50+00:00\",\"dateModified\":\"2024-06-12T13:57:42+00:00\",\"description\":\"Moulin de Labordes, Bordeaux rouge 2021. Un assemblage de concentration et de fra\u00eecheur, d\u00e9licieusement fruit\u00e9. Une expression authentique du terroir.\",\"breadcrumb\":{\"@id\":\"https:\/\/www.domainesrichard.fr\/chateau-gantonnet\/vin\/moulin-de-labordes-2021\/#breadcrumb\"},\"inLanguage\":\"fr-FR\",\"potentialAction\":[{\"@type\":\"ReadAction\",\"target\":[\"https:\/\/www.domainesrichard.fr\/chateau-gantonnet\/vin\/moulin-de-labordes-2021\/\"]}]},{\"@type\":\"ImageObject\",\"inLanguage\":\"fr-FR\",\"@id\":\"https:\/\/www.domainesrichard.fr\/chateau-gantonnet\/vin\/moulin-de-labordes-2021\/#primaryimage\",\"url\":\"https:\/\/www.domainesrichard.fr\/chateau-gantonnet\/wp-content\/uploads\/sites\/6\/2024\/01\/GANTONNET-MOULIN-DE-LABORDES-ROUGE.jpg\",\"contentUrl\":\"https:\/\/www.domainesrichard.fr\/chateau-gantonnet\/wp-content\/uploads\/sites\/6\/2024\/01\/GANTONNET-MOULIN-DE-LABORDES-ROUGE.jpg\",\"width\":600,\"height\":600,\"caption\":\"Moulin de Labordes\"},{\"@type\":\"BreadcrumbList\",\"@id\":\"https:\/\/www.domainesrichard.fr\/chateau-gantonnet\/vin\/moulin-de-labordes-2021\/#breadcrumb\",\"itemListElement\":[{\"@type\":\"ListItem\",\"position\":1,\"name\":\"Vins\",\"item\":\"https:\/\/www.domainesrichard.fr\/chateau-gantonnet\/vins\/\"},{\"@type\":\"ListItem\",\"position\":2,\"name\":\"Moulin de Labordes 2021\"}]},{\"@type\":\"WebSite\",\"@id\":\"https:\/\/www.domainesrichard.fr\/chateau-gantonnet\/#website\",\"url\":\"https:\/\/www.domainesrichard.fr\/chateau-gantonnet\/\",\"name\":\"Ch\u00e2teau Gantonnet\",\"description\":\"Simplement Bordeaux\",\"publisher\":{\"@id\":\"https:\/\/www.domainesrichard.fr\/chateau-gantonnet\/#organization\"},\"potentialAction\":[{\"@type\":\"SearchAction\",\"target\":{\"@type\":\"EntryPoint\",\"urlTemplate\":\"https:\/\/www.domainesrichard.fr\/chateau-gantonnet\/?s={search_term_string}\"},\"query-input\":{\"@type\":\"PropertyValueSpecification\",\"valueRequired\":true,\"valueName\":\"search_term_string\"}}],\"inLanguage\":\"fr-FR\"},{\"@type\":\"Organization\",\"@id\":\"https:\/\/www.domainesrichard.fr\/chateau-gantonnet\/#organization\",\"name\":\"Ch\u00e2teau Gantonnet\",\"url\":\"https:\/\/www.domainesrichard.fr\/chateau-gantonnet\/\",\"logo\":{\"@type\":\"ImageObject\",\"inLanguage\":\"fr-FR\",\"@id\":\"https:\/\/www.domainesrichard.fr\/chateau-gantonnet\/#\/schema\/logo\/image\/\",\"url\":\"https:\/\/www.domainesrichard.fr\/chateau-gantonnet\/wp-content\/uploads\/sites\/6\/2022\/03\/Chateau-Gantonnet-logo.png\",\"contentUrl\":\"https:\/\/www.domainesrichard.fr\/chateau-gantonnet\/wp-content\/uploads\/sites\/6\/2022\/03\/Chateau-Gantonnet-logo.png\",\"width\":600,\"height\":361,\"caption\":\"Ch\u00e2teau Gantonnet\"},\"image\":{\"@id\":\"https:\/\/www.domainesrichard.fr\/chateau-gantonnet\/#\/schema\/logo\/image\/\"},\"sameAs\":[\"https:\/\/www.facebook.com\/domainesrichard\",\"https:\/\/www.instagram.com\/domainesrichard\",\"https:\/\/www.linkedin.com\/company\/domaines-richard\"]}]}<\/script>\n<!-- \/ Yoast SEO plugin. -->","yoast_head_json":{"title":"Moulin de Labordes Bordeaux rouge 2021","description":"Moulin de Labordes, Bordeaux rouge 2021. Un assemblage de concentration et de fra\u00eecheur, d\u00e9licieusement fruit\u00e9. Une expression authentique du terroir.","robots":{"index":"index","follow":"follow","max-snippet":"max-snippet:-1","max-image-preview":"max-image-preview:large","max-video-preview":"max-video-preview:-1"},"canonical":"https:\/\/www.domainesrichard.fr\/chateau-gantonnet\/vin\/moulin-de-labordes-2021\/","og_locale":"fr_FR","og_type":"article","og_title":"Moulin de Labordes Bordeaux rouge 2021","og_description":"Moulin de Labordes, Bordeaux rouge 2021. Un assemblage de concentration et de fra\u00eecheur, d\u00e9licieusement fruit\u00e9. Une expression authentique du terroir.","og_url":"https:\/\/www.domainesrichard.fr\/chateau-gantonnet\/vin\/moulin-de-labordes-2021\/","og_site_name":"Ch\u00e2teau Gantonnet","article_publisher":"https:\/\/www.facebook.com\/domainesrichard","article_modified_time":"2024-06-12T13:57:42+00:00","og_image":[{"width":600,"height":600,"url":"https:\/\/www.domainesrichard.fr\/chateau-gantonnet\/wp-content\/uploads\/sites\/6\/2024\/01\/GANTONNET-MOULIN-DE-LABORDES-ROUGE.jpg","type":"image\/jpeg"}],"twitter_card":"summary_large_image","twitter_misc":{"Dur\u00e9e de lecture estim\u00e9e":"1 minute"},"schema":{"@context":"https:\/\/schema.org","@graph":[{"@type":"WebPage","@id":"https:\/\/www.domainesrichard.fr\/chateau-gantonnet\/vin\/moulin-de-labordes-2021\/","url":"https:\/\/www.domainesrichard.fr\/chateau-gantonnet\/vin\/moulin-de-labordes-2021\/","name":"Moulin de Labordes Bordeaux rouge 2021","isPartOf":{"@id":"https:\/\/www.domainesrichard.fr\/chateau-gantonnet\/#website"},"primaryImageOfPage":{"@id":"https:\/\/www.domainesrichard.fr\/chateau-gantonnet\/vin\/moulin-de-labordes-2021\/#primaryimage"},"image":{"@id":"https:\/\/www.domainesrichard.fr\/chateau-gantonnet\/vin\/moulin-de-labordes-2021\/#primaryimage"},"thumbnailUrl":"https:\/\/www.domainesrichard.fr\/chateau-gantonnet\/wp-content\/uploads\/sites\/6\/2024\/01\/GANTONNET-MOULIN-DE-LABORDES-ROUGE.jpg","datePublished":"2024-01-09T12:41:50+00:00","dateModified":"2024-06-12T13:57:42+00:00","description":"Moulin de Labordes, Bordeaux rouge 2021. Un assemblage de concentration et de fra\u00eecheur, d\u00e9licieusement fruit\u00e9. Une expression authentique du terroir.","breadcrumb":{"@id":"https:\/\/www.domainesrichard.fr\/chateau-gantonnet\/vin\/moulin-de-labordes-2021\/#breadcrumb"},"inLanguage":"fr-FR","potentialAction":[{"@type":"ReadAction","target":["https:\/\/www.domainesrichard.fr\/chateau-gantonnet\/vin\/moulin-de-labordes-2021\/"]}]},{"@type":"ImageObject","inLanguage":"fr-FR","@id":"https:\/\/www.domainesrichard.fr\/chateau-gantonnet\/vin\/moulin-de-labordes-2021\/#primaryimage","url":"https:\/\/www.domainesrichard.fr\/chateau-gantonnet\/wp-content\/uploads\/sites\/6\/2024\/01\/GANTONNET-MOULIN-DE-LABORDES-ROUGE.jpg","contentUrl":"https:\/\/www.domainesrichard.fr\/chateau-gantonnet\/wp-content\/uploads\/sites\/6\/2024\/01\/GANTONNET-MOULIN-DE-LABORDES-ROUGE.jpg","width":600,"height":600,"caption":"Moulin de Labordes"},{"@type":"BreadcrumbList","@id":"https:\/\/www.domainesrichard.fr\/chateau-gantonnet\/vin\/moulin-de-labordes-2021\/#breadcrumb","itemListElement":[{"@type":"ListItem","position":1,"name":"Vins","item":"https:\/\/www.domainesrichard.fr\/chateau-gantonnet\/vins\/"},{"@type":"ListItem","position":2,"name":"Moulin de Labordes 2021"}]},{"@type":"WebSite","@id":"https:\/\/www.domainesrichard.fr\/chateau-gantonnet\/#website","url":"https:\/\/www.domainesrichard.fr\/chateau-gantonnet\/","name":"Ch\u00e2teau Gantonnet","description":"Simplement Bordeaux","publisher":{"@id":"https:\/\/www.domainesrichard.fr\/chateau-gantonnet\/#organization"},"potentialAction":[{"@type":"SearchAction","target":{"@type":"EntryPoint","urlTemplate":"https:\/\/www.domainesrichard.fr\/chateau-gantonnet\/?s={search_term_string}"},"query-input":{"@type":"PropertyValueSpecification","valueRequired":true,"valueName":"search_term_string"}}],"inLanguage":"fr-FR"},{"@type":"Organization","@id":"https:\/\/www.domainesrichard.fr\/chateau-gantonnet\/#organization","name":"Ch\u00e2teau Gantonnet","url":"https:\/\/www.domainesrichard.fr\/chateau-gantonnet\/","logo":{"@type":"ImageObject","inLanguage":"fr-FR","@id":"https:\/\/www.domainesrichard.fr\/chateau-gantonnet\/#\/schema\/logo\/image\/","url":"https:\/\/www.domainesrichard.fr\/chateau-gantonnet\/wp-content\/uploads\/sites\/6\/2022\/03\/Chateau-Gantonnet-logo.png","contentUrl":"https:\/\/www.domainesrichard.fr\/chateau-gantonnet\/wp-content\/uploads\/sites\/6\/2022\/03\/Chateau-Gantonnet-logo.png","width":600,"height":361,"caption":"Ch\u00e2teau Gantonnet"},"image":{"@id":"https:\/\/www.domainesrichard.fr\/chateau-gantonnet\/#\/schema\/logo\/image\/"},"sameAs":["https:\/\/www.facebook.com\/domainesrichard","https:\/\/www.instagram.com\/domainesrichard","https:\/\/www.linkedin.com\/company\/domaines-richard"]}]}},"_links":{"self":[{"href":"https:\/\/www.domainesrichard.fr\/chateau-gantonnet\/wp-json\/wp\/v2\/product\/522","targetHints":{"allow":["GET"]}}],"collection":[{"href":"https:\/\/www.domainesrichard.fr\/chateau-gantonnet\/wp-json\/wp\/v2\/product"}],"about":[{"href":"https:\/\/www.domainesrichard.fr\/chateau-gantonnet\/wp-json\/wp\/v2\/types\/product"}],"wp:featuredmedia":[{"embeddable":true,"href":"https:\/\/www.domainesrichard.fr\/chateau-gantonnet\/wp-json\/wp\/v2\/media\/662"}],"wp:attachment":[{"href":"https:\/\/www.domainesrichard.fr\/chateau-gantonnet\/wp-json\/wp\/v2\/media?parent=522"}],"wp:term":[{"taxonomy":"product_brand","embeddable":true,"href":"https:\/\/www.domainesrichard.fr\/chateau-gantonnet\/wp-json\/wp\/v2\/product_brand?post=522"},{"taxonomy":"product_cat","embeddable":true,"href":"https:\/\/www.domainesrichard.fr\/chateau-gantonnet\/wp-json\/wp\/v2\/product_cat?post=522"},{"taxonomy":"product_tag","embeddable":true,"href":"https:\/\/www.domainesrichard.fr\/chateau-gantonnet\/wp-json\/wp\/v2\/product_tag?post=522"}],"curies":[{"name":"wp","href":"https:\/\/api.w.org\/{rel}","templated":true}]}}