{"id":540,"date":"2024-01-31T12:04:48","date_gmt":"2024-01-31T11:04:48","guid":{"rendered":"https:\/\/www.domainesrichard.fr\/chateau-gantonnet\/?post_type=product&#038;p=540"},"modified":"2025-08-07T09:49:05","modified_gmt":"2025-08-07T07:49:05","slug":"chateau-gantonnet-rose-2023","status":"publish","type":"product","link":"https:\/\/www.domainesrichard.fr\/chateau-gantonnet\/vin\/chateau-gantonnet-rose-2023\/","title":{"rendered":"Ch\u00e2teau Gantonnet <span class='vintage the_title'>2023<\/span>"},"content":{"rendered":"<p>C\u2019est l\u00e0 o\u00f9 le malbec et le merlot donnent leur plus bel \u00e9clat aux nuances rose p\u00e2le. Ch\u00e2teau Gantonnet ros\u00e9, c\u2019est une cr\u00e9ation dans laquelle fra\u00eecheur et fruit sont pr\u00e9serv\u00e9s. Une parenth\u00e8se toujours conviviale et gourmande.<\/p>","protected":false},"excerpt":{"rendered":"<p>C\u2019est l\u00e0 o\u00f9 le malbec et le merlot donnent leur plus bel \u00e9clat aux nuances rose p\u00e2le. Ch\u00e2teau Gantonnet ros\u00e9, c\u2019est une cr\u00e9ation dans laquelle fra\u00eecheur et fruit sont pr\u00e9serv\u00e9s. Une parenth\u00e8se toujours conviviale et gourmande.<\/p>","protected":false},"featured_media":48,"template":"","meta":{"_acf_changed":false},"product_brand":[],"product_cat":[38],"product_tag":[],"class_list":{"0":"post-540","1":"product","2":"type-product","3":"status-publish","4":"has-post-thumbnail","6":"product_cat-chateau-gantonnet","8":"first","9":"instock","10":"taxable","11":"shipping-taxable","12":"purchasable","13":"product-type-simple"},"acf":[],"yoast_head":"<!-- This site is optimized with the Yoast SEO plugin v27.5 - https:\/\/yoast.com\/product\/yoast-seo-wordpress\/ -->\n<title>Vin de Bordeaux Ch\u00e2teau Gantonnet Ros\u00e9 2023<\/title>\n<meta name=\"description\" content=\"Ch\u00e2teau Gantonnet Bordeaux Ros\u00e9 2023. Une cr\u00e9ation dans laquelle fra\u00eecheur et fruit sont pr\u00e9serv\u00e9s. Une parenth\u00e8se toujours conviviale et gourmande.\" \/>\n<meta name=\"robots\" content=\"index, follow, max-snippet:-1, max-image-preview:large, max-video-preview:-1\" \/>\n<link rel=\"canonical\" href=\"https:\/\/www.domainesrichard.fr\/chateau-gantonnet\/vin\/chateau-gantonnet-rose-2023\/\" \/>\n<meta property=\"og:locale\" content=\"fr_FR\" \/>\n<meta property=\"og:type\" content=\"article\" \/>\n<meta property=\"og:title\" content=\"Vin de Bordeaux Ch\u00e2teau Gantonnet Ros\u00e9 2023\" \/>\n<meta property=\"og:description\" content=\"Ch\u00e2teau Gantonnet Bordeaux Ros\u00e9 2023. Une cr\u00e9ation dans laquelle fra\u00eecheur et fruit sont pr\u00e9serv\u00e9s. Une parenth\u00e8se toujours conviviale et gourmande.\" \/>\n<meta property=\"og:url\" content=\"https:\/\/www.domainesrichard.fr\/chateau-gantonnet\/vin\/chateau-gantonnet-rose-2023\/\" \/>\n<meta property=\"og:site_name\" content=\"Ch\u00e2teau Gantonnet\" \/>\n<meta property=\"article:publisher\" content=\"https:\/\/www.facebook.com\/domainesrichard\" \/>\n<meta property=\"article:modified_time\" content=\"2025-08-07T07:49:05+00:00\" \/>\n<meta property=\"og:image\" content=\"https:\/\/www.domainesrichard.fr\/chateau-gantonnet\/wp-content\/uploads\/sites\/6\/2022\/04\/CHATEAU-GANTONNET-3.jpg\" \/>\n\t<meta property=\"og:image:width\" content=\"401\" \/>\n\t<meta property=\"og:image:height\" content=\"600\" \/>\n\t<meta property=\"og:image:type\" content=\"image\/jpeg\" \/>\n<meta name=\"twitter:card\" content=\"summary_large_image\" \/>\n<meta name=\"twitter:label1\" content=\"Dur\u00e9e de lecture estim\u00e9e\" \/>\n\t<meta name=\"twitter:data1\" content=\"1 minute\" \/>\n<script type=\"application\/ld+json\" class=\"yoast-schema-graph\">{\"@context\":\"https:\\\/\\\/schema.org\",\"@graph\":[{\"@type\":\"WebPage\",\"@id\":\"https:\\\/\\\/www.domainesrichard.fr\\\/chateau-gantonnet\\\/vin\\\/chateau-gantonnet-rose-2023\\\/\",\"url\":\"https:\\\/\\\/www.domainesrichard.fr\\\/chateau-gantonnet\\\/vin\\\/chateau-gantonnet-rose-2023\\\/\",\"name\":\"Vin de Bordeaux Ch\u00e2teau Gantonnet Ros\u00e9 2023\",\"isPartOf\":{\"@id\":\"https:\\\/\\\/www.domainesrichard.fr\\\/chateau-gantonnet\\\/#website\"},\"primaryImageOfPage\":{\"@id\":\"https:\\\/\\\/www.domainesrichard.fr\\\/chateau-gantonnet\\\/vin\\\/chateau-gantonnet-rose-2023\\\/#primaryimage\"},\"image\":{\"@id\":\"https:\\\/\\\/www.domainesrichard.fr\\\/chateau-gantonnet\\\/vin\\\/chateau-gantonnet-rose-2023\\\/#primaryimage\"},\"thumbnailUrl\":\"https:\\\/\\\/www.domainesrichard.fr\\\/chateau-gantonnet\\\/wp-content\\\/uploads\\\/sites\\\/6\\\/2022\\\/04\\\/CHATEAU-GANTONNET-3.jpg\",\"datePublished\":\"2024-01-31T11:04:48+00:00\",\"dateModified\":\"2025-08-07T07:49:05+00:00\",\"description\":\"Ch\u00e2teau Gantonnet Bordeaux Ros\u00e9 2023. Une cr\u00e9ation dans laquelle fra\u00eecheur et fruit sont pr\u00e9serv\u00e9s. Une parenth\u00e8se toujours conviviale et gourmande.\",\"breadcrumb\":{\"@id\":\"https:\\\/\\\/www.domainesrichard.fr\\\/chateau-gantonnet\\\/vin\\\/chateau-gantonnet-rose-2023\\\/#breadcrumb\"},\"inLanguage\":\"fr-FR\",\"potentialAction\":[{\"@type\":\"ReadAction\",\"target\":[\"https:\\\/\\\/www.domainesrichard.fr\\\/chateau-gantonnet\\\/vin\\\/chateau-gantonnet-rose-2023\\\/\"]}]},{\"@type\":\"ImageObject\",\"inLanguage\":\"fr-FR\",\"@id\":\"https:\\\/\\\/www.domainesrichard.fr\\\/chateau-gantonnet\\\/vin\\\/chateau-gantonnet-rose-2023\\\/#primaryimage\",\"url\":\"https:\\\/\\\/www.domainesrichard.fr\\\/chateau-gantonnet\\\/wp-content\\\/uploads\\\/sites\\\/6\\\/2022\\\/04\\\/CHATEAU-GANTONNET-3.jpg\",\"contentUrl\":\"https:\\\/\\\/www.domainesrichard.fr\\\/chateau-gantonnet\\\/wp-content\\\/uploads\\\/sites\\\/6\\\/2022\\\/04\\\/CHATEAU-GANTONNET-3.jpg\",\"width\":401,\"height\":600,\"caption\":\"Ch\u00e2teau Gantonnet ros\u00e9\"},{\"@type\":\"BreadcrumbList\",\"@id\":\"https:\\\/\\\/www.domainesrichard.fr\\\/chateau-gantonnet\\\/vin\\\/chateau-gantonnet-rose-2023\\\/#breadcrumb\",\"itemListElement\":[{\"@type\":\"ListItem\",\"position\":1,\"name\":\"Vins\",\"item\":\"https:\\\/\\\/www.domainesrichard.fr\\\/chateau-gantonnet\\\/vins\\\/\"},{\"@type\":\"ListItem\",\"position\":2,\"name\":\"Ch\u00e2teau Gantonnet 2023\"}]},{\"@type\":\"WebSite\",\"@id\":\"https:\\\/\\\/www.domainesrichard.fr\\\/chateau-gantonnet\\\/#website\",\"url\":\"https:\\\/\\\/www.domainesrichard.fr\\\/chateau-gantonnet\\\/\",\"name\":\"Ch\u00e2teau Gantonnet\",\"description\":\"Simplement Bordeaux\",\"publisher\":{\"@id\":\"https:\\\/\\\/www.domainesrichard.fr\\\/chateau-gantonnet\\\/#organization\"},\"potentialAction\":[{\"@type\":\"SearchAction\",\"target\":{\"@type\":\"EntryPoint\",\"urlTemplate\":\"https:\\\/\\\/www.domainesrichard.fr\\\/chateau-gantonnet\\\/?s={search_term_string}\"},\"query-input\":{\"@type\":\"PropertyValueSpecification\",\"valueRequired\":true,\"valueName\":\"search_term_string\"}}],\"inLanguage\":\"fr-FR\"},{\"@type\":\"Organization\",\"@id\":\"https:\\\/\\\/www.domainesrichard.fr\\\/chateau-gantonnet\\\/#organization\",\"name\":\"Ch\u00e2teau Gantonnet\",\"url\":\"https:\\\/\\\/www.domainesrichard.fr\\\/chateau-gantonnet\\\/\",\"logo\":{\"@type\":\"ImageObject\",\"inLanguage\":\"fr-FR\",\"@id\":\"https:\\\/\\\/www.domainesrichard.fr\\\/chateau-gantonnet\\\/#\\\/schema\\\/logo\\\/image\\\/\",\"url\":\"https:\\\/\\\/www.domainesrichard.fr\\\/chateau-gantonnet\\\/wp-content\\\/uploads\\\/sites\\\/6\\\/2022\\\/03\\\/Chateau-Gantonnet-logo.png\",\"contentUrl\":\"https:\\\/\\\/www.domainesrichard.fr\\\/chateau-gantonnet\\\/wp-content\\\/uploads\\\/sites\\\/6\\\/2022\\\/03\\\/Chateau-Gantonnet-logo.png\",\"width\":600,\"height\":361,\"caption\":\"Ch\u00e2teau Gantonnet\"},\"image\":{\"@id\":\"https:\\\/\\\/www.domainesrichard.fr\\\/chateau-gantonnet\\\/#\\\/schema\\\/logo\\\/image\\\/\"},\"sameAs\":[\"https:\\\/\\\/www.facebook.com\\\/domainesrichard\",\"https:\\\/\\\/www.instagram.com\\\/domainesrichard\",\"https:\\\/\\\/www.linkedin.com\\\/company\\\/domaines-richard\"]}]}<\/script>\n<!-- \/ Yoast SEO plugin. -->","yoast_head_json":{"title":"Vin de Bordeaux Ch\u00e2teau Gantonnet Ros\u00e9 2023","description":"Ch\u00e2teau Gantonnet Bordeaux Ros\u00e9 2023. Une cr\u00e9ation dans laquelle fra\u00eecheur et fruit sont pr\u00e9serv\u00e9s. Une parenth\u00e8se toujours conviviale et gourmande.","robots":{"index":"index","follow":"follow","max-snippet":"max-snippet:-1","max-image-preview":"max-image-preview:large","max-video-preview":"max-video-preview:-1"},"canonical":"https:\/\/www.domainesrichard.fr\/chateau-gantonnet\/vin\/chateau-gantonnet-rose-2023\/","og_locale":"fr_FR","og_type":"article","og_title":"Vin de Bordeaux Ch\u00e2teau Gantonnet Ros\u00e9 2023","og_description":"Ch\u00e2teau Gantonnet Bordeaux Ros\u00e9 2023. Une cr\u00e9ation dans laquelle fra\u00eecheur et fruit sont pr\u00e9serv\u00e9s. Une parenth\u00e8se toujours conviviale et gourmande.","og_url":"https:\/\/www.domainesrichard.fr\/chateau-gantonnet\/vin\/chateau-gantonnet-rose-2023\/","og_site_name":"Ch\u00e2teau Gantonnet","article_publisher":"https:\/\/www.facebook.com\/domainesrichard","article_modified_time":"2025-08-07T07:49:05+00:00","og_image":[{"width":401,"height":600,"url":"https:\/\/www.domainesrichard.fr\/chateau-gantonnet\/wp-content\/uploads\/sites\/6\/2022\/04\/CHATEAU-GANTONNET-3.jpg","type":"image\/jpeg"}],"twitter_card":"summary_large_image","twitter_misc":{"Dur\u00e9e de lecture estim\u00e9e":"1 minute"},"schema":{"@context":"https:\/\/schema.org","@graph":[{"@type":"WebPage","@id":"https:\/\/www.domainesrichard.fr\/chateau-gantonnet\/vin\/chateau-gantonnet-rose-2023\/","url":"https:\/\/www.domainesrichard.fr\/chateau-gantonnet\/vin\/chateau-gantonnet-rose-2023\/","name":"Vin de Bordeaux Ch\u00e2teau Gantonnet Ros\u00e9 2023","isPartOf":{"@id":"https:\/\/www.domainesrichard.fr\/chateau-gantonnet\/#website"},"primaryImageOfPage":{"@id":"https:\/\/www.domainesrichard.fr\/chateau-gantonnet\/vin\/chateau-gantonnet-rose-2023\/#primaryimage"},"image":{"@id":"https:\/\/www.domainesrichard.fr\/chateau-gantonnet\/vin\/chateau-gantonnet-rose-2023\/#primaryimage"},"thumbnailUrl":"https:\/\/www.domainesrichard.fr\/chateau-gantonnet\/wp-content\/uploads\/sites\/6\/2022\/04\/CHATEAU-GANTONNET-3.jpg","datePublished":"2024-01-31T11:04:48+00:00","dateModified":"2025-08-07T07:49:05+00:00","description":"Ch\u00e2teau Gantonnet Bordeaux Ros\u00e9 2023. Une cr\u00e9ation dans laquelle fra\u00eecheur et fruit sont pr\u00e9serv\u00e9s. Une parenth\u00e8se toujours conviviale et gourmande.","breadcrumb":{"@id":"https:\/\/www.domainesrichard.fr\/chateau-gantonnet\/vin\/chateau-gantonnet-rose-2023\/#breadcrumb"},"inLanguage":"fr-FR","potentialAction":[{"@type":"ReadAction","target":["https:\/\/www.domainesrichard.fr\/chateau-gantonnet\/vin\/chateau-gantonnet-rose-2023\/"]}]},{"@type":"ImageObject","inLanguage":"fr-FR","@id":"https:\/\/www.domainesrichard.fr\/chateau-gantonnet\/vin\/chateau-gantonnet-rose-2023\/#primaryimage","url":"https:\/\/www.domainesrichard.fr\/chateau-gantonnet\/wp-content\/uploads\/sites\/6\/2022\/04\/CHATEAU-GANTONNET-3.jpg","contentUrl":"https:\/\/www.domainesrichard.fr\/chateau-gantonnet\/wp-content\/uploads\/sites\/6\/2022\/04\/CHATEAU-GANTONNET-3.jpg","width":401,"height":600,"caption":"Ch\u00e2teau Gantonnet ros\u00e9"},{"@type":"BreadcrumbList","@id":"https:\/\/www.domainesrichard.fr\/chateau-gantonnet\/vin\/chateau-gantonnet-rose-2023\/#breadcrumb","itemListElement":[{"@type":"ListItem","position":1,"name":"Vins","item":"https:\/\/www.domainesrichard.fr\/chateau-gantonnet\/vins\/"},{"@type":"ListItem","position":2,"name":"Ch\u00e2teau Gantonnet 2023"}]},{"@type":"WebSite","@id":"https:\/\/www.domainesrichard.fr\/chateau-gantonnet\/#website","url":"https:\/\/www.domainesrichard.fr\/chateau-gantonnet\/","name":"Ch\u00e2teau Gantonnet","description":"Simplement Bordeaux","publisher":{"@id":"https:\/\/www.domainesrichard.fr\/chateau-gantonnet\/#organization"},"potentialAction":[{"@type":"SearchAction","target":{"@type":"EntryPoint","urlTemplate":"https:\/\/www.domainesrichard.fr\/chateau-gantonnet\/?s={search_term_string}"},"query-input":{"@type":"PropertyValueSpecification","valueRequired":true,"valueName":"search_term_string"}}],"inLanguage":"fr-FR"},{"@type":"Organization","@id":"https:\/\/www.domainesrichard.fr\/chateau-gantonnet\/#organization","name":"Ch\u00e2teau Gantonnet","url":"https:\/\/www.domainesrichard.fr\/chateau-gantonnet\/","logo":{"@type":"ImageObject","inLanguage":"fr-FR","@id":"https:\/\/www.domainesrichard.fr\/chateau-gantonnet\/#\/schema\/logo\/image\/","url":"https:\/\/www.domainesrichard.fr\/chateau-gantonnet\/wp-content\/uploads\/sites\/6\/2022\/03\/Chateau-Gantonnet-logo.png","contentUrl":"https:\/\/www.domainesrichard.fr\/chateau-gantonnet\/wp-content\/uploads\/sites\/6\/2022\/03\/Chateau-Gantonnet-logo.png","width":600,"height":361,"caption":"Ch\u00e2teau Gantonnet"},"image":{"@id":"https:\/\/www.domainesrichard.fr\/chateau-gantonnet\/#\/schema\/logo\/image\/"},"sameAs":["https:\/\/www.facebook.com\/domainesrichard","https:\/\/www.instagram.com\/domainesrichard","https:\/\/www.linkedin.com\/company\/domaines-richard"]}]}},"_links":{"self":[{"href":"https:\/\/www.domainesrichard.fr\/chateau-gantonnet\/wp-json\/wp\/v2\/product\/540","targetHints":{"allow":["GET"]}}],"collection":[{"href":"https:\/\/www.domainesrichard.fr\/chateau-gantonnet\/wp-json\/wp\/v2\/product"}],"about":[{"href":"https:\/\/www.domainesrichard.fr\/chateau-gantonnet\/wp-json\/wp\/v2\/types\/product"}],"wp:featuredmedia":[{"embeddable":true,"href":"https:\/\/www.domainesrichard.fr\/chateau-gantonnet\/wp-json\/wp\/v2\/media\/48"}],"wp:attachment":[{"href":"https:\/\/www.domainesrichard.fr\/chateau-gantonnet\/wp-json\/wp\/v2\/media?parent=540"}],"wp:term":[{"taxonomy":"product_brand","embeddable":true,"href":"https:\/\/www.domainesrichard.fr\/chateau-gantonnet\/wp-json\/wp\/v2\/product_brand?post=540"},{"taxonomy":"product_cat","embeddable":true,"href":"https:\/\/www.domainesrichard.fr\/chateau-gantonnet\/wp-json\/wp\/v2\/product_cat?post=540"},{"taxonomy":"product_tag","embeddable":true,"href":"https:\/\/www.domainesrichard.fr\/chateau-gantonnet\/wp-json\/wp\/v2\/product_tag?post=540"}],"curies":[{"name":"wp","href":"https:\/\/api.w.org\/{rel}","templated":true}]}}