{"id":746,"date":"2025-08-06T11:13:26","date_gmt":"2025-08-06T09:13:26","guid":{"rendered":"https:\/\/www.domainesrichard.fr\/chateau-gantonnet\/?post_type=product&#038;p=746"},"modified":"2025-08-07T10:01:39","modified_gmt":"2025-08-07T08:01:39","slug":"chateau-gantonnet-2024","status":"publish","type":"product","link":"https:\/\/www.domainesrichard.fr\/chateau-gantonnet\/vin\/chateau-gantonnet-2024\/","title":{"rendered":"Ch\u00e2teau Gantonnet <span class='vintage the_title'>2024<\/span>"},"content":{"rendered":"<p>Nourris de l\u2019influence de la Garonne et de la Dordogne, sauvignon blanc, s\u00e9millon et muscadelle offrent au Ch\u00e2teau Gantonnet blanc une signature unique, \u00f4 combien appr\u00e9ci\u00e9e avec <a href=\"https:\/\/huitres-arcachon-capferret.fr\" target=\"_blank\" rel=\"noopener\">les c\u00e9l\u00e8bres hu\u00eetres du Bassin d\u2019Arcachon et du Cap Ferret<\/a>, mais pas que\u2026<\/p>","protected":false},"excerpt":{"rendered":"<p>Nourris de l\u2019influence de la Garonne et de la Dordogne, sauvignon blanc, s\u00e9millon et muscadelle offrent au Ch\u00e2teau Gantonnet blanc une signature unique, \u00f4 combien appr\u00e9ci\u00e9e avec les c\u00e9l\u00e8bres hu\u00eetres du Bassin d\u2019Arcachon et du Cap Ferret, mais pas que\u2026<\/p>","protected":false},"featured_media":767,"template":"","meta":{"_acf_changed":false},"product_brand":[],"product_cat":[38],"product_tag":[],"class_list":{"0":"post-746","1":"product","2":"type-product","3":"status-publish","4":"has-post-thumbnail","6":"product_cat-chateau-gantonnet","8":"first","9":"instock","10":"taxable","11":"shipping-taxable","12":"purchasable","13":"product-type-simple"},"acf":[],"yoast_head":"<!-- This site is optimized with the Yoast SEO plugin v27.5 - https:\/\/yoast.com\/product\/yoast-seo-wordpress\/ -->\n<title>Vin de Bordeaux Ch\u00e2teau Gantonnet Blanc 2024<\/title>\n<meta name=\"description\" content=\"Ch\u00e2teau Gantonnet Bordeaux Blanc 2024. Cet assemblage de sauvignon blanc, s\u00e9millon et muscadelle offre au Ch\u00e2teau Gantonnet blanc une signature unique.\" \/>\n<meta name=\"robots\" content=\"index, follow, max-snippet:-1, max-image-preview:large, max-video-preview:-1\" \/>\n<link rel=\"canonical\" href=\"https:\/\/www.domainesrichard.fr\/chateau-gantonnet\/vin\/chateau-gantonnet-2024\/\" \/>\n<meta property=\"og:locale\" content=\"fr_FR\" \/>\n<meta property=\"og:type\" content=\"article\" \/>\n<meta property=\"og:title\" content=\"Vin de Bordeaux Ch\u00e2teau Gantonnet Blanc 2024\" \/>\n<meta property=\"og:description\" content=\"Ch\u00e2teau Gantonnet Bordeaux Blanc 2024. Cet assemblage de sauvignon blanc, s\u00e9millon et muscadelle offre au Ch\u00e2teau Gantonnet blanc une signature unique.\" \/>\n<meta property=\"og:url\" content=\"https:\/\/www.domainesrichard.fr\/chateau-gantonnet\/vin\/chateau-gantonnet-2024\/\" \/>\n<meta property=\"og:site_name\" content=\"Ch\u00e2teau Gantonnet\" \/>\n<meta property=\"article:publisher\" content=\"https:\/\/www.facebook.com\/domainesrichard\" \/>\n<meta property=\"article:modified_time\" content=\"2025-08-07T08:01:39+00:00\" \/>\n<meta property=\"og:image\" content=\"https:\/\/www.domainesrichard.fr\/chateau-gantonnet\/wp-content\/uploads\/sites\/6\/2025\/08\/1.png\" \/>\n\t<meta property=\"og:image:width\" content=\"430\" \/>\n\t<meta property=\"og:image:height\" content=\"600\" \/>\n\t<meta property=\"og:image:type\" content=\"image\/png\" \/>\n<meta name=\"twitter:card\" content=\"summary_large_image\" \/>\n<meta name=\"twitter:label1\" content=\"Dur\u00e9e de lecture estim\u00e9e\" \/>\n\t<meta name=\"twitter:data1\" content=\"1 minute\" \/>\n<script type=\"application\/ld+json\" class=\"yoast-schema-graph\">{\"@context\":\"https:\\\/\\\/schema.org\",\"@graph\":[{\"@type\":\"WebPage\",\"@id\":\"https:\\\/\\\/www.domainesrichard.fr\\\/chateau-gantonnet\\\/vin\\\/chateau-gantonnet-2024\\\/\",\"url\":\"https:\\\/\\\/www.domainesrichard.fr\\\/chateau-gantonnet\\\/vin\\\/chateau-gantonnet-2024\\\/\",\"name\":\"Vin de Bordeaux Ch\u00e2teau Gantonnet Blanc 2024\",\"isPartOf\":{\"@id\":\"https:\\\/\\\/www.domainesrichard.fr\\\/chateau-gantonnet\\\/#website\"},\"primaryImageOfPage\":{\"@id\":\"https:\\\/\\\/www.domainesrichard.fr\\\/chateau-gantonnet\\\/vin\\\/chateau-gantonnet-2024\\\/#primaryimage\"},\"image\":{\"@id\":\"https:\\\/\\\/www.domainesrichard.fr\\\/chateau-gantonnet\\\/vin\\\/chateau-gantonnet-2024\\\/#primaryimage\"},\"thumbnailUrl\":\"https:\\\/\\\/www.domainesrichard.fr\\\/chateau-gantonnet\\\/wp-content\\\/uploads\\\/sites\\\/6\\\/2025\\\/08\\\/1.png\",\"datePublished\":\"2025-08-06T09:13:26+00:00\",\"dateModified\":\"2025-08-07T08:01:39+00:00\",\"description\":\"Ch\u00e2teau Gantonnet Bordeaux Blanc 2024. Cet assemblage de sauvignon blanc, s\u00e9millon et muscadelle offre au Ch\u00e2teau Gantonnet blanc une signature unique.\",\"breadcrumb\":{\"@id\":\"https:\\\/\\\/www.domainesrichard.fr\\\/chateau-gantonnet\\\/vin\\\/chateau-gantonnet-2024\\\/#breadcrumb\"},\"inLanguage\":\"fr-FR\",\"potentialAction\":[{\"@type\":\"ReadAction\",\"target\":[\"https:\\\/\\\/www.domainesrichard.fr\\\/chateau-gantonnet\\\/vin\\\/chateau-gantonnet-2024\\\/\"]}]},{\"@type\":\"ImageObject\",\"inLanguage\":\"fr-FR\",\"@id\":\"https:\\\/\\\/www.domainesrichard.fr\\\/chateau-gantonnet\\\/vin\\\/chateau-gantonnet-2024\\\/#primaryimage\",\"url\":\"https:\\\/\\\/www.domainesrichard.fr\\\/chateau-gantonnet\\\/wp-content\\\/uploads\\\/sites\\\/6\\\/2025\\\/08\\\/1.png\",\"contentUrl\":\"https:\\\/\\\/www.domainesrichard.fr\\\/chateau-gantonnet\\\/wp-content\\\/uploads\\\/sites\\\/6\\\/2025\\\/08\\\/1.png\",\"width\":430,\"height\":600,\"caption\":\"1\"},{\"@type\":\"BreadcrumbList\",\"@id\":\"https:\\\/\\\/www.domainesrichard.fr\\\/chateau-gantonnet\\\/vin\\\/chateau-gantonnet-2024\\\/#breadcrumb\",\"itemListElement\":[{\"@type\":\"ListItem\",\"position\":1,\"name\":\"Vins\",\"item\":\"https:\\\/\\\/www.domainesrichard.fr\\\/chateau-gantonnet\\\/vins\\\/\"},{\"@type\":\"ListItem\",\"position\":2,\"name\":\"Ch\u00e2teau Gantonnet 2024\"}]},{\"@type\":\"WebSite\",\"@id\":\"https:\\\/\\\/www.domainesrichard.fr\\\/chateau-gantonnet\\\/#website\",\"url\":\"https:\\\/\\\/www.domainesrichard.fr\\\/chateau-gantonnet\\\/\",\"name\":\"Ch\u00e2teau Gantonnet\",\"description\":\"Simplement Bordeaux\",\"publisher\":{\"@id\":\"https:\\\/\\\/www.domainesrichard.fr\\\/chateau-gantonnet\\\/#organization\"},\"potentialAction\":[{\"@type\":\"SearchAction\",\"target\":{\"@type\":\"EntryPoint\",\"urlTemplate\":\"https:\\\/\\\/www.domainesrichard.fr\\\/chateau-gantonnet\\\/?s={search_term_string}\"},\"query-input\":{\"@type\":\"PropertyValueSpecification\",\"valueRequired\":true,\"valueName\":\"search_term_string\"}}],\"inLanguage\":\"fr-FR\"},{\"@type\":\"Organization\",\"@id\":\"https:\\\/\\\/www.domainesrichard.fr\\\/chateau-gantonnet\\\/#organization\",\"name\":\"Ch\u00e2teau Gantonnet\",\"url\":\"https:\\\/\\\/www.domainesrichard.fr\\\/chateau-gantonnet\\\/\",\"logo\":{\"@type\":\"ImageObject\",\"inLanguage\":\"fr-FR\",\"@id\":\"https:\\\/\\\/www.domainesrichard.fr\\\/chateau-gantonnet\\\/#\\\/schema\\\/logo\\\/image\\\/\",\"url\":\"https:\\\/\\\/www.domainesrichard.fr\\\/chateau-gantonnet\\\/wp-content\\\/uploads\\\/sites\\\/6\\\/2022\\\/03\\\/Chateau-Gantonnet-logo.png\",\"contentUrl\":\"https:\\\/\\\/www.domainesrichard.fr\\\/chateau-gantonnet\\\/wp-content\\\/uploads\\\/sites\\\/6\\\/2022\\\/03\\\/Chateau-Gantonnet-logo.png\",\"width\":600,\"height\":361,\"caption\":\"Ch\u00e2teau Gantonnet\"},\"image\":{\"@id\":\"https:\\\/\\\/www.domainesrichard.fr\\\/chateau-gantonnet\\\/#\\\/schema\\\/logo\\\/image\\\/\"},\"sameAs\":[\"https:\\\/\\\/www.facebook.com\\\/domainesrichard\",\"https:\\\/\\\/www.instagram.com\\\/domainesrichard\",\"https:\\\/\\\/www.linkedin.com\\\/company\\\/domaines-richard\"]}]}<\/script>\n<!-- \/ Yoast SEO plugin. -->","yoast_head_json":{"title":"Vin de Bordeaux Ch\u00e2teau Gantonnet Blanc 2024","description":"Ch\u00e2teau Gantonnet Bordeaux Blanc 2024. Cet assemblage de sauvignon blanc, s\u00e9millon et muscadelle offre au Ch\u00e2teau Gantonnet blanc une signature unique.","robots":{"index":"index","follow":"follow","max-snippet":"max-snippet:-1","max-image-preview":"max-image-preview:large","max-video-preview":"max-video-preview:-1"},"canonical":"https:\/\/www.domainesrichard.fr\/chateau-gantonnet\/vin\/chateau-gantonnet-2024\/","og_locale":"fr_FR","og_type":"article","og_title":"Vin de Bordeaux Ch\u00e2teau Gantonnet Blanc 2024","og_description":"Ch\u00e2teau Gantonnet Bordeaux Blanc 2024. Cet assemblage de sauvignon blanc, s\u00e9millon et muscadelle offre au Ch\u00e2teau Gantonnet blanc une signature unique.","og_url":"https:\/\/www.domainesrichard.fr\/chateau-gantonnet\/vin\/chateau-gantonnet-2024\/","og_site_name":"Ch\u00e2teau Gantonnet","article_publisher":"https:\/\/www.facebook.com\/domainesrichard","article_modified_time":"2025-08-07T08:01:39+00:00","og_image":[{"width":430,"height":600,"url":"https:\/\/www.domainesrichard.fr\/chateau-gantonnet\/wp-content\/uploads\/sites\/6\/2025\/08\/1.png","type":"image\/png"}],"twitter_card":"summary_large_image","twitter_misc":{"Dur\u00e9e de lecture estim\u00e9e":"1 minute"},"schema":{"@context":"https:\/\/schema.org","@graph":[{"@type":"WebPage","@id":"https:\/\/www.domainesrichard.fr\/chateau-gantonnet\/vin\/chateau-gantonnet-2024\/","url":"https:\/\/www.domainesrichard.fr\/chateau-gantonnet\/vin\/chateau-gantonnet-2024\/","name":"Vin de Bordeaux Ch\u00e2teau Gantonnet Blanc 2024","isPartOf":{"@id":"https:\/\/www.domainesrichard.fr\/chateau-gantonnet\/#website"},"primaryImageOfPage":{"@id":"https:\/\/www.domainesrichard.fr\/chateau-gantonnet\/vin\/chateau-gantonnet-2024\/#primaryimage"},"image":{"@id":"https:\/\/www.domainesrichard.fr\/chateau-gantonnet\/vin\/chateau-gantonnet-2024\/#primaryimage"},"thumbnailUrl":"https:\/\/www.domainesrichard.fr\/chateau-gantonnet\/wp-content\/uploads\/sites\/6\/2025\/08\/1.png","datePublished":"2025-08-06T09:13:26+00:00","dateModified":"2025-08-07T08:01:39+00:00","description":"Ch\u00e2teau Gantonnet Bordeaux Blanc 2024. Cet assemblage de sauvignon blanc, s\u00e9millon et muscadelle offre au Ch\u00e2teau Gantonnet blanc une signature unique.","breadcrumb":{"@id":"https:\/\/www.domainesrichard.fr\/chateau-gantonnet\/vin\/chateau-gantonnet-2024\/#breadcrumb"},"inLanguage":"fr-FR","potentialAction":[{"@type":"ReadAction","target":["https:\/\/www.domainesrichard.fr\/chateau-gantonnet\/vin\/chateau-gantonnet-2024\/"]}]},{"@type":"ImageObject","inLanguage":"fr-FR","@id":"https:\/\/www.domainesrichard.fr\/chateau-gantonnet\/vin\/chateau-gantonnet-2024\/#primaryimage","url":"https:\/\/www.domainesrichard.fr\/chateau-gantonnet\/wp-content\/uploads\/sites\/6\/2025\/08\/1.png","contentUrl":"https:\/\/www.domainesrichard.fr\/chateau-gantonnet\/wp-content\/uploads\/sites\/6\/2025\/08\/1.png","width":430,"height":600,"caption":"1"},{"@type":"BreadcrumbList","@id":"https:\/\/www.domainesrichard.fr\/chateau-gantonnet\/vin\/chateau-gantonnet-2024\/#breadcrumb","itemListElement":[{"@type":"ListItem","position":1,"name":"Vins","item":"https:\/\/www.domainesrichard.fr\/chateau-gantonnet\/vins\/"},{"@type":"ListItem","position":2,"name":"Ch\u00e2teau Gantonnet 2024"}]},{"@type":"WebSite","@id":"https:\/\/www.domainesrichard.fr\/chateau-gantonnet\/#website","url":"https:\/\/www.domainesrichard.fr\/chateau-gantonnet\/","name":"Ch\u00e2teau Gantonnet","description":"Simplement Bordeaux","publisher":{"@id":"https:\/\/www.domainesrichard.fr\/chateau-gantonnet\/#organization"},"potentialAction":[{"@type":"SearchAction","target":{"@type":"EntryPoint","urlTemplate":"https:\/\/www.domainesrichard.fr\/chateau-gantonnet\/?s={search_term_string}"},"query-input":{"@type":"PropertyValueSpecification","valueRequired":true,"valueName":"search_term_string"}}],"inLanguage":"fr-FR"},{"@type":"Organization","@id":"https:\/\/www.domainesrichard.fr\/chateau-gantonnet\/#organization","name":"Ch\u00e2teau Gantonnet","url":"https:\/\/www.domainesrichard.fr\/chateau-gantonnet\/","logo":{"@type":"ImageObject","inLanguage":"fr-FR","@id":"https:\/\/www.domainesrichard.fr\/chateau-gantonnet\/#\/schema\/logo\/image\/","url":"https:\/\/www.domainesrichard.fr\/chateau-gantonnet\/wp-content\/uploads\/sites\/6\/2022\/03\/Chateau-Gantonnet-logo.png","contentUrl":"https:\/\/www.domainesrichard.fr\/chateau-gantonnet\/wp-content\/uploads\/sites\/6\/2022\/03\/Chateau-Gantonnet-logo.png","width":600,"height":361,"caption":"Ch\u00e2teau Gantonnet"},"image":{"@id":"https:\/\/www.domainesrichard.fr\/chateau-gantonnet\/#\/schema\/logo\/image\/"},"sameAs":["https:\/\/www.facebook.com\/domainesrichard","https:\/\/www.instagram.com\/domainesrichard","https:\/\/www.linkedin.com\/company\/domaines-richard"]}]}},"_links":{"self":[{"href":"https:\/\/www.domainesrichard.fr\/chateau-gantonnet\/wp-json\/wp\/v2\/product\/746","targetHints":{"allow":["GET"]}}],"collection":[{"href":"https:\/\/www.domainesrichard.fr\/chateau-gantonnet\/wp-json\/wp\/v2\/product"}],"about":[{"href":"https:\/\/www.domainesrichard.fr\/chateau-gantonnet\/wp-json\/wp\/v2\/types\/product"}],"wp:featuredmedia":[{"embeddable":true,"href":"https:\/\/www.domainesrichard.fr\/chateau-gantonnet\/wp-json\/wp\/v2\/media\/767"}],"wp:attachment":[{"href":"https:\/\/www.domainesrichard.fr\/chateau-gantonnet\/wp-json\/wp\/v2\/media?parent=746"}],"wp:term":[{"taxonomy":"product_brand","embeddable":true,"href":"https:\/\/www.domainesrichard.fr\/chateau-gantonnet\/wp-json\/wp\/v2\/product_brand?post=746"},{"taxonomy":"product_cat","embeddable":true,"href":"https:\/\/www.domainesrichard.fr\/chateau-gantonnet\/wp-json\/wp\/v2\/product_cat?post=746"},{"taxonomy":"product_tag","embeddable":true,"href":"https:\/\/www.domainesrichard.fr\/chateau-gantonnet\/wp-json\/wp\/v2\/product_tag?post=746"}],"curies":[{"name":"wp","href":"https:\/\/api.w.org\/{rel}","templated":true}]}}