{"id":1268,"date":"2022-02-17T16:11:42","date_gmt":"2022-04-21T09:39:23","guid":{"rendered":"https:\/\/www.domainesrichard.fr\/chateau-la-nerthe\/?post_type=product&#038;p=1268"},"modified":"2024-03-19T15:46:08","modified_gmt":"2024-03-19T14:46:08","slug":"chateau-la-nerthe-2018-red","status":"publish","type":"product","link":"https:\/\/www.domainesrichard.fr\/chateau-la-nerthe\/en\/wine\/chateau-la-nerthe-2018-red\/","title":{"rendered":"Ch\u00e2teau La Nerthe <span class='vintage the_title'>2018<\/span>"},"content":{"rendered":"<p>Ch\u00e2teau La Nerthe, Ch\u00e2teauneuf-du-Pape red, is the soul of the estate&#8217;s wines. It has been exported across the globe since the eighteenth century. All the plots of grenache noir, syrah, mourv\u00e8dre, and cinsault grapes are planted across the different soil types within the wine appellation, making the style of this wine the full expression of the complexity of Ch\u00e2teauneuf-du-Pape. It pairs wonderfully with rare meat, Provencal classics, or other elaborate dishes made with sauce.<\/p>","protected":false},"excerpt":{"rendered":"<p>Ch\u00e2teau La Nerthe, Ch\u00e2teauneuf-du-Pape red, is the soul of the estate&#8217;s wines. It has been exported across the globe since the eighteenth century. All the plots of grenache noir, syrah, mourv\u00e8dre, and cinsault grapes are planted across the different soil types within the wine appellation, making the style of this wine the full expression of [&hellip;]<\/p>","protected":false},"featured_media":3333,"template":"","meta":{"_acf_changed":false},"product_brand":[],"product_cat":[87],"product_tag":[],"class_list":{"0":"post-1268","1":"product","2":"type-product","3":"status-publish","4":"has-post-thumbnail","6":"product_cat-chateau-la-nerthe-en","8":"first","9":"instock","10":"taxable","11":"shipping-taxable","12":"purchasable","13":"product-type-variable","14":"has-default-attributes"},"acf":[],"yoast_head":"<!-- This site is optimized with the Yoast SEO plugin v27.0 - https:\/\/yoast.com\/product\/yoast-seo-wordpress\/ -->\n<title>Ch\u00e2teauneuf-du-Pape 2018 - Ch\u00e2teau La Nerthe<\/title>\n<meta name=\"description\" content=\"Ch\u00e2teauneuf-du-Pape Red 2018 is the Soul of Ch\u00e2teau La Nerthe Wines. It represents the full expression of the complexity of Ch\u00e2teauneuf-du-Pape.\" \/>\n<meta name=\"robots\" content=\"index, follow, max-snippet:-1, max-image-preview:large, max-video-preview:-1\" \/>\n<link rel=\"canonical\" href=\"https:\/\/www.domainesrichard.fr\/chateau-la-nerthe\/en\/wine\/chateau-la-nerthe-2018-red\/\" \/>\n<meta property=\"og:locale\" content=\"en_US\" \/>\n<meta property=\"og:type\" content=\"article\" \/>\n<meta property=\"og:title\" content=\"Ch\u00e2teauneuf-du-Pape 2018 - Ch\u00e2teau La Nerthe\" \/>\n<meta property=\"og:description\" content=\"Ch\u00e2teauneuf-du-Pape Red 2018 is the Soul of Ch\u00e2teau La Nerthe Wines. It represents the full expression of the complexity of Ch\u00e2teauneuf-du-Pape.\" \/>\n<meta property=\"og:url\" content=\"https:\/\/www.domainesrichard.fr\/chateau-la-nerthe\/en\/wine\/chateau-la-nerthe-2018-red\/\" \/>\n<meta property=\"og:site_name\" content=\"Ch\u00e2teau La Nerthe\" \/>\n<meta property=\"article:publisher\" content=\"https:\/\/www.facebook.com\/chateaulanerthe\" \/>\n<meta property=\"article:modified_time\" content=\"2024-03-19T14:46:08+00:00\" \/>\n<meta property=\"og:image\" content=\"https:\/\/www.domainesrichard.fr\/chateau-la-nerthe\/wp-content\/uploads\/sites\/3\/2022\/02\/CHATEAU-LA-NERTHE-CHATEAUNEUF-DU-PAPE-2.jpg\" \/>\n\t<meta property=\"og:image:width\" content=\"401\" \/>\n\t<meta property=\"og:image:height\" content=\"600\" \/>\n\t<meta property=\"og:image:type\" content=\"image\/jpeg\" \/>\n<meta name=\"twitter:card\" content=\"summary_large_image\" \/>\n<meta name=\"twitter:label1\" content=\"Est. reading time\" \/>\n\t<meta name=\"twitter:data1\" content=\"1 minute\" \/>\n<script type=\"application\/ld+json\" class=\"yoast-schema-graph\">{\"@context\":\"https:\/\/schema.org\",\"@graph\":[{\"@type\":\"WebPage\",\"@id\":\"https:\/\/www.domainesrichard.fr\/chateau-la-nerthe\/en\/wine\/chateau-la-nerthe-2018-red\/\",\"url\":\"https:\/\/www.domainesrichard.fr\/chateau-la-nerthe\/en\/wine\/chateau-la-nerthe-2018-red\/\",\"name\":\"Ch\u00e2teauneuf-du-Pape 2018 - Ch\u00e2teau La Nerthe\",\"isPartOf\":{\"@id\":\"https:\/\/www.domainesrichard.fr\/chateau-la-nerthe\/en\/#website\"},\"primaryImageOfPage\":{\"@id\":\"https:\/\/www.domainesrichard.fr\/chateau-la-nerthe\/en\/wine\/chateau-la-nerthe-2018-red\/#primaryimage\"},\"image\":{\"@id\":\"https:\/\/www.domainesrichard.fr\/chateau-la-nerthe\/en\/wine\/chateau-la-nerthe-2018-red\/#primaryimage\"},\"thumbnailUrl\":\"https:\/\/www.domainesrichard.fr\/chateau-la-nerthe\/wp-content\/uploads\/sites\/3\/2023\/05\/LA-NERTHE-CHT-LA-NERTHE-ROUGE.jpg\",\"datePublished\":\"2022-04-21T09:39:23+00:00\",\"dateModified\":\"2024-03-19T14:46:08+00:00\",\"description\":\"Ch\u00e2teauneuf-du-Pape Red 2018 is the Soul of Ch\u00e2teau La Nerthe Wines. It represents the full expression of the complexity of Ch\u00e2teauneuf-du-Pape.\",\"breadcrumb\":{\"@id\":\"https:\/\/www.domainesrichard.fr\/chateau-la-nerthe\/en\/wine\/chateau-la-nerthe-2018-red\/#breadcrumb\"},\"inLanguage\":\"en-US\",\"potentialAction\":[{\"@type\":\"ReadAction\",\"target\":[\"https:\/\/www.domainesrichard.fr\/chateau-la-nerthe\/en\/wine\/chateau-la-nerthe-2018-red\/\"]}]},{\"@type\":\"ImageObject\",\"inLanguage\":\"en-US\",\"@id\":\"https:\/\/www.domainesrichard.fr\/chateau-la-nerthe\/en\/wine\/chateau-la-nerthe-2018-red\/#primaryimage\",\"url\":\"https:\/\/www.domainesrichard.fr\/chateau-la-nerthe\/wp-content\/uploads\/sites\/3\/2023\/05\/LA-NERTHE-CHT-LA-NERTHE-ROUGE.jpg\",\"contentUrl\":\"https:\/\/www.domainesrichard.fr\/chateau-la-nerthe\/wp-content\/uploads\/sites\/3\/2023\/05\/LA-NERTHE-CHT-LA-NERTHE-ROUGE.jpg\",\"width\":600,\"height\":600,\"caption\":\"Ch\u00e2teau la Nerthe rouge\"},{\"@type\":\"BreadcrumbList\",\"@id\":\"https:\/\/www.domainesrichard.fr\/chateau-la-nerthe\/en\/wine\/chateau-la-nerthe-2018-red\/#breadcrumb\",\"itemListElement\":[{\"@type\":\"ListItem\",\"position\":1,\"name\":\"Wines\",\"item\":\"https:\/\/www.domainesrichard.fr\/chateau-la-nerthe\/vins\/\"},{\"@type\":\"ListItem\",\"position\":2,\"name\":\"Ch\u00e2teau La Nerthe 2018\"}]},{\"@type\":\"WebSite\",\"@id\":\"https:\/\/www.domainesrichard.fr\/chateau-la-nerthe\/en\/#website\",\"url\":\"https:\/\/www.domainesrichard.fr\/chateau-la-nerthe\/en\/\",\"name\":\"Ch\u00e2teau La Nerthe\",\"description\":\"Cinq si\u00e8cles d&#039;\u00e9l\u00e9gance\",\"publisher\":{\"@id\":\"https:\/\/www.domainesrichard.fr\/chateau-la-nerthe\/en\/#organization\"},\"potentialAction\":[{\"@type\":\"SearchAction\",\"target\":{\"@type\":\"EntryPoint\",\"urlTemplate\":\"https:\/\/www.domainesrichard.fr\/chateau-la-nerthe\/en\/?s={search_term_string}\"},\"query-input\":{\"@type\":\"PropertyValueSpecification\",\"valueRequired\":true,\"valueName\":\"search_term_string\"}}],\"inLanguage\":\"en-US\"},{\"@type\":\"Organization\",\"@id\":\"https:\/\/www.domainesrichard.fr\/chateau-la-nerthe\/en\/#organization\",\"name\":\"Ch\u00e2teau la Nerthe\",\"url\":\"https:\/\/www.domainesrichard.fr\/chateau-la-nerthe\/en\/\",\"logo\":{\"@type\":\"ImageObject\",\"inLanguage\":\"en-US\",\"@id\":\"https:\/\/www.domainesrichard.fr\/chateau-la-nerthe\/en\/#\/schema\/logo\/image\/\",\"url\":\"https:\/\/www.domainesrichard.fr\/chateau-la-nerthe\/wp-content\/uploads\/sites\/3\/2021\/11\/Chateau-la-nerthe-logo.png\",\"contentUrl\":\"https:\/\/www.domainesrichard.fr\/chateau-la-nerthe\/wp-content\/uploads\/sites\/3\/2021\/11\/Chateau-la-nerthe-logo.png\",\"width\":600,\"height\":248,\"caption\":\"Ch\u00e2teau la Nerthe\"},\"image\":{\"@id\":\"https:\/\/www.domainesrichard.fr\/chateau-la-nerthe\/en\/#\/schema\/logo\/image\/\"},\"sameAs\":[\"https:\/\/www.facebook.com\/chateaulanerthe\",\"https:\/\/www.instagram.com\/chateaulanerthe\/\",\"https:\/\/www.linkedin.com\/company\/domaines-richard\",\"https:\/\/www.youtube.com\/channel\/UCDjz3rnEynVj6l199P3Y9Cg\"]}]}<\/script>\n<!-- \/ Yoast SEO plugin. -->","yoast_head_json":{"title":"Ch\u00e2teauneuf-du-Pape 2018 - Ch\u00e2teau La Nerthe","description":"Ch\u00e2teauneuf-du-Pape Red 2018 is the Soul of Ch\u00e2teau La Nerthe Wines. It represents the full expression of the complexity of Ch\u00e2teauneuf-du-Pape.","robots":{"index":"index","follow":"follow","max-snippet":"max-snippet:-1","max-image-preview":"max-image-preview:large","max-video-preview":"max-video-preview:-1"},"canonical":"https:\/\/www.domainesrichard.fr\/chateau-la-nerthe\/en\/wine\/chateau-la-nerthe-2018-red\/","og_locale":"en_US","og_type":"article","og_title":"Ch\u00e2teauneuf-du-Pape 2018 - Ch\u00e2teau La Nerthe","og_description":"Ch\u00e2teauneuf-du-Pape Red 2018 is the Soul of Ch\u00e2teau La Nerthe Wines. It represents the full expression of the complexity of Ch\u00e2teauneuf-du-Pape.","og_url":"https:\/\/www.domainesrichard.fr\/chateau-la-nerthe\/en\/wine\/chateau-la-nerthe-2018-red\/","og_site_name":"Ch\u00e2teau La Nerthe","article_publisher":"https:\/\/www.facebook.com\/chateaulanerthe","article_modified_time":"2024-03-19T14:46:08+00:00","og_image":[{"width":401,"height":600,"url":"https:\/\/www.domainesrichard.fr\/chateau-la-nerthe\/wp-content\/uploads\/sites\/3\/2022\/02\/CHATEAU-LA-NERTHE-CHATEAUNEUF-DU-PAPE-2.jpg","type":"image\/jpeg"}],"twitter_card":"summary_large_image","twitter_misc":{"Est. reading time":"1 minute"},"schema":{"@context":"https:\/\/schema.org","@graph":[{"@type":"WebPage","@id":"https:\/\/www.domainesrichard.fr\/chateau-la-nerthe\/en\/wine\/chateau-la-nerthe-2018-red\/","url":"https:\/\/www.domainesrichard.fr\/chateau-la-nerthe\/en\/wine\/chateau-la-nerthe-2018-red\/","name":"Ch\u00e2teauneuf-du-Pape 2018 - Ch\u00e2teau La Nerthe","isPartOf":{"@id":"https:\/\/www.domainesrichard.fr\/chateau-la-nerthe\/en\/#website"},"primaryImageOfPage":{"@id":"https:\/\/www.domainesrichard.fr\/chateau-la-nerthe\/en\/wine\/chateau-la-nerthe-2018-red\/#primaryimage"},"image":{"@id":"https:\/\/www.domainesrichard.fr\/chateau-la-nerthe\/en\/wine\/chateau-la-nerthe-2018-red\/#primaryimage"},"thumbnailUrl":"https:\/\/www.domainesrichard.fr\/chateau-la-nerthe\/wp-content\/uploads\/sites\/3\/2023\/05\/LA-NERTHE-CHT-LA-NERTHE-ROUGE.jpg","datePublished":"2022-04-21T09:39:23+00:00","dateModified":"2024-03-19T14:46:08+00:00","description":"Ch\u00e2teauneuf-du-Pape Red 2018 is the Soul of Ch\u00e2teau La Nerthe Wines. It represents the full expression of the complexity of Ch\u00e2teauneuf-du-Pape.","breadcrumb":{"@id":"https:\/\/www.domainesrichard.fr\/chateau-la-nerthe\/en\/wine\/chateau-la-nerthe-2018-red\/#breadcrumb"},"inLanguage":"en-US","potentialAction":[{"@type":"ReadAction","target":["https:\/\/www.domainesrichard.fr\/chateau-la-nerthe\/en\/wine\/chateau-la-nerthe-2018-red\/"]}]},{"@type":"ImageObject","inLanguage":"en-US","@id":"https:\/\/www.domainesrichard.fr\/chateau-la-nerthe\/en\/wine\/chateau-la-nerthe-2018-red\/#primaryimage","url":"https:\/\/www.domainesrichard.fr\/chateau-la-nerthe\/wp-content\/uploads\/sites\/3\/2023\/05\/LA-NERTHE-CHT-LA-NERTHE-ROUGE.jpg","contentUrl":"https:\/\/www.domainesrichard.fr\/chateau-la-nerthe\/wp-content\/uploads\/sites\/3\/2023\/05\/LA-NERTHE-CHT-LA-NERTHE-ROUGE.jpg","width":600,"height":600,"caption":"Ch\u00e2teau la Nerthe rouge"},{"@type":"BreadcrumbList","@id":"https:\/\/www.domainesrichard.fr\/chateau-la-nerthe\/en\/wine\/chateau-la-nerthe-2018-red\/#breadcrumb","itemListElement":[{"@type":"ListItem","position":1,"name":"Wines","item":"https:\/\/www.domainesrichard.fr\/chateau-la-nerthe\/vins\/"},{"@type":"ListItem","position":2,"name":"Ch\u00e2teau La Nerthe 2018"}]},{"@type":"WebSite","@id":"https:\/\/www.domainesrichard.fr\/chateau-la-nerthe\/en\/#website","url":"https:\/\/www.domainesrichard.fr\/chateau-la-nerthe\/en\/","name":"Ch\u00e2teau La Nerthe","description":"Cinq si\u00e8cles d&#039;\u00e9l\u00e9gance","publisher":{"@id":"https:\/\/www.domainesrichard.fr\/chateau-la-nerthe\/en\/#organization"},"potentialAction":[{"@type":"SearchAction","target":{"@type":"EntryPoint","urlTemplate":"https:\/\/www.domainesrichard.fr\/chateau-la-nerthe\/en\/?s={search_term_string}"},"query-input":{"@type":"PropertyValueSpecification","valueRequired":true,"valueName":"search_term_string"}}],"inLanguage":"en-US"},{"@type":"Organization","@id":"https:\/\/www.domainesrichard.fr\/chateau-la-nerthe\/en\/#organization","name":"Ch\u00e2teau la Nerthe","url":"https:\/\/www.domainesrichard.fr\/chateau-la-nerthe\/en\/","logo":{"@type":"ImageObject","inLanguage":"en-US","@id":"https:\/\/www.domainesrichard.fr\/chateau-la-nerthe\/en\/#\/schema\/logo\/image\/","url":"https:\/\/www.domainesrichard.fr\/chateau-la-nerthe\/wp-content\/uploads\/sites\/3\/2021\/11\/Chateau-la-nerthe-logo.png","contentUrl":"https:\/\/www.domainesrichard.fr\/chateau-la-nerthe\/wp-content\/uploads\/sites\/3\/2021\/11\/Chateau-la-nerthe-logo.png","width":600,"height":248,"caption":"Ch\u00e2teau la Nerthe"},"image":{"@id":"https:\/\/www.domainesrichard.fr\/chateau-la-nerthe\/en\/#\/schema\/logo\/image\/"},"sameAs":["https:\/\/www.facebook.com\/chateaulanerthe","https:\/\/www.instagram.com\/chateaulanerthe\/","https:\/\/www.linkedin.com\/company\/domaines-richard","https:\/\/www.youtube.com\/channel\/UCDjz3rnEynVj6l199P3Y9Cg"]}]}},"_links":{"self":[{"href":"https:\/\/www.domainesrichard.fr\/chateau-la-nerthe\/en\/wp-json\/wp\/v2\/product\/1268","targetHints":{"allow":["GET"]}}],"collection":[{"href":"https:\/\/www.domainesrichard.fr\/chateau-la-nerthe\/en\/wp-json\/wp\/v2\/product"}],"about":[{"href":"https:\/\/www.domainesrichard.fr\/chateau-la-nerthe\/en\/wp-json\/wp\/v2\/types\/product"}],"wp:featuredmedia":[{"embeddable":true,"href":"https:\/\/www.domainesrichard.fr\/chateau-la-nerthe\/en\/wp-json\/wp\/v2\/media\/3333"}],"wp:attachment":[{"href":"https:\/\/www.domainesrichard.fr\/chateau-la-nerthe\/en\/wp-json\/wp\/v2\/media?parent=1268"}],"wp:term":[{"taxonomy":"product_brand","embeddable":true,"href":"https:\/\/www.domainesrichard.fr\/chateau-la-nerthe\/en\/wp-json\/wp\/v2\/product_brand?post=1268"},{"taxonomy":"product_cat","embeddable":true,"href":"https:\/\/www.domainesrichard.fr\/chateau-la-nerthe\/en\/wp-json\/wp\/v2\/product_cat?post=1268"},{"taxonomy":"product_tag","embeddable":true,"href":"https:\/\/www.domainesrichard.fr\/chateau-la-nerthe\/en\/wp-json\/wp\/v2\/product_tag?post=1268"}],"curies":[{"name":"wp","href":"https:\/\/api.w.org\/{rel}","templated":true}]}}