{"id":1795,"date":"2022-08-23T09:44:26","date_gmt":"2022-08-23T07:44:27","guid":{"rendered":"https:\/\/www.domainesrichard.fr\/chateau-la-nerthe\/?post_type=product&#038;p=1795"},"modified":"2022-08-23T10:39:50","modified_gmt":"2022-08-23T08:39:50","slug":"les-cassagnes-de-la-nerthe-2021-white","status":"publish","type":"product","link":"https:\/\/www.domainesrichard.fr\/chateau-la-nerthe\/en\/wine\/les-cassagnes-de-la-nerthe-2021-white\/","title":{"rendered":"Les Cassagnes de La Nerthe <span class='vintage the_title'>2021<\/span>"},"content":{"rendered":"<p>Cassagnes means &#8220;green oaks&#8221; in Provencal. They border the vineyard where the vines grow between Mediterranean forest and garrigue. Up there, the plots of white grapes retain the freshness and reveal the aromas of fruits and flowers. &#8220;Les Cassagnes de La Nerthe&#8221; white can be enjoyed with summer dishes, including but not limited to seafood and fish.<\/p>","protected":false},"excerpt":{"rendered":"<p>Cassagnes means &#8220;green oaks&#8221; in Provencal. They border the vineyard where the vines grow between Mediterranean forest and garrigue. Up there, the plots of white grapes retain the freshness and reveal the aromas of fruits and flowers. &#8220;Les Cassagnes de La Nerthe&#8221; white can be enjoyed with summer dishes, including but not limited to seafood [&hellip;]<\/p>","protected":false},"featured_media":3345,"template":"","meta":{"_acf_changed":false},"product_brand":[],"product_cat":[90],"product_tag":[],"class_list":{"0":"post-1795","1":"product","2":"type-product","3":"status-publish","4":"has-post-thumbnail","6":"product_cat-les-cassagnes-de-la-nerthe-en","8":"first","9":"instock","10":"taxable","11":"shipping-taxable","12":"purchasable","13":"product-type-simple"},"acf":[],"yoast_head":"<!-- This site is optimized with the Yoast SEO plugin v27.0 - https:\/\/yoast.com\/product\/yoast-seo-wordpress\/ -->\n<title>C\u00f4tes du Rh\u00f4ne White Les Cassagnes de La Nerthe 2020<\/title>\n<meta name=\"description\" content=\"C\u00f4tes-du-Rh\u00f4ne White Cassagnes de La Nerthe 2020 is a delicate, fruity, floral wine with a smooth palate and a long, ample, and fresh finish.\" \/>\n<meta name=\"robots\" content=\"index, follow, max-snippet:-1, max-image-preview:large, max-video-preview:-1\" \/>\n<link rel=\"canonical\" href=\"https:\/\/www.domainesrichard.fr\/chateau-la-nerthe\/en\/wine\/les-cassagnes-de-la-nerthe-2021-white\/\" \/>\n<meta property=\"og:locale\" content=\"en_US\" \/>\n<meta property=\"og:type\" content=\"article\" \/>\n<meta property=\"og:title\" content=\"C\u00f4tes du Rh\u00f4ne White Les Cassagnes de La Nerthe 2020\" \/>\n<meta property=\"og:description\" content=\"C\u00f4tes-du-Rh\u00f4ne White Cassagnes de La Nerthe 2020 is a delicate, fruity, floral wine with a smooth palate and a long, ample, and fresh finish.\" \/>\n<meta property=\"og:url\" content=\"https:\/\/www.domainesrichard.fr\/chateau-la-nerthe\/en\/wine\/les-cassagnes-de-la-nerthe-2021-white\/\" \/>\n<meta property=\"og:site_name\" content=\"Ch\u00e2teau La Nerthe\" \/>\n<meta property=\"article:publisher\" content=\"https:\/\/www.facebook.com\/chateaulanerthe\" \/>\n<meta property=\"article:modified_time\" content=\"2022-08-23T08:39:50+00:00\" \/>\n<meta property=\"og:image\" content=\"https:\/\/www.domainesrichard.fr\/chateau-la-nerthe\/wp-content\/uploads\/sites\/3\/2022\/02\/LA-NERTHE-LES-CASSAGNES-5.jpg\" \/>\n\t<meta property=\"og:image:width\" content=\"401\" \/>\n\t<meta property=\"og:image:height\" content=\"600\" \/>\n\t<meta property=\"og:image:type\" content=\"image\/jpeg\" \/>\n<meta name=\"twitter:card\" content=\"summary_large_image\" \/>\n<meta name=\"twitter:label1\" content=\"Est. reading time\" \/>\n\t<meta name=\"twitter:data1\" content=\"1 minute\" \/>\n<script type=\"application\/ld+json\" class=\"yoast-schema-graph\">{\"@context\":\"https:\/\/schema.org\",\"@graph\":[{\"@type\":\"WebPage\",\"@id\":\"https:\/\/www.domainesrichard.fr\/chateau-la-nerthe\/en\/wine\/les-cassagnes-de-la-nerthe-2021-white\/\",\"url\":\"https:\/\/www.domainesrichard.fr\/chateau-la-nerthe\/en\/wine\/les-cassagnes-de-la-nerthe-2021-white\/\",\"name\":\"C\u00f4tes du Rh\u00f4ne White Les Cassagnes de La Nerthe 2020\",\"isPartOf\":{\"@id\":\"https:\/\/www.domainesrichard.fr\/chateau-la-nerthe\/en\/#website\"},\"primaryImageOfPage\":{\"@id\":\"https:\/\/www.domainesrichard.fr\/chateau-la-nerthe\/en\/wine\/les-cassagnes-de-la-nerthe-2021-white\/#primaryimage\"},\"image\":{\"@id\":\"https:\/\/www.domainesrichard.fr\/chateau-la-nerthe\/en\/wine\/les-cassagnes-de-la-nerthe-2021-white\/#primaryimage\"},\"thumbnailUrl\":\"https:\/\/www.domainesrichard.fr\/chateau-la-nerthe\/wp-content\/uploads\/sites\/3\/2023\/05\/LA-NERTHE-LES-CASSAGNES-BLANC.jpg\",\"datePublished\":\"2022-08-23T07:44:27+00:00\",\"dateModified\":\"2022-08-23T08:39:50+00:00\",\"description\":\"C\u00f4tes-du-Rh\u00f4ne White Cassagnes de La Nerthe 2020 is a delicate, fruity, floral wine with a smooth palate and a long, ample, and fresh finish.\",\"breadcrumb\":{\"@id\":\"https:\/\/www.domainesrichard.fr\/chateau-la-nerthe\/en\/wine\/les-cassagnes-de-la-nerthe-2021-white\/#breadcrumb\"},\"inLanguage\":\"en-US\",\"potentialAction\":[{\"@type\":\"ReadAction\",\"target\":[\"https:\/\/www.domainesrichard.fr\/chateau-la-nerthe\/en\/wine\/les-cassagnes-de-la-nerthe-2021-white\/\"]}]},{\"@type\":\"ImageObject\",\"inLanguage\":\"en-US\",\"@id\":\"https:\/\/www.domainesrichard.fr\/chateau-la-nerthe\/en\/wine\/les-cassagnes-de-la-nerthe-2021-white\/#primaryimage\",\"url\":\"https:\/\/www.domainesrichard.fr\/chateau-la-nerthe\/wp-content\/uploads\/sites\/3\/2023\/05\/LA-NERTHE-LES-CASSAGNES-BLANC.jpg\",\"contentUrl\":\"https:\/\/www.domainesrichard.fr\/chateau-la-nerthe\/wp-content\/uploads\/sites\/3\/2023\/05\/LA-NERTHE-LES-CASSAGNES-BLANC.jpg\",\"width\":600,\"height\":600,\"caption\":\"Les Cassagnes blanc\"},{\"@type\":\"BreadcrumbList\",\"@id\":\"https:\/\/www.domainesrichard.fr\/chateau-la-nerthe\/en\/wine\/les-cassagnes-de-la-nerthe-2021-white\/#breadcrumb\",\"itemListElement\":[{\"@type\":\"ListItem\",\"position\":1,\"name\":\"Wines\",\"item\":\"https:\/\/www.domainesrichard.fr\/chateau-la-nerthe\/vins\/\"},{\"@type\":\"ListItem\",\"position\":2,\"name\":\"Les Cassagnes de La Nerthe 2021\"}]},{\"@type\":\"WebSite\",\"@id\":\"https:\/\/www.domainesrichard.fr\/chateau-la-nerthe\/en\/#website\",\"url\":\"https:\/\/www.domainesrichard.fr\/chateau-la-nerthe\/en\/\",\"name\":\"Ch\u00e2teau La Nerthe\",\"description\":\"Cinq si\u00e8cles d&#039;\u00e9l\u00e9gance\",\"publisher\":{\"@id\":\"https:\/\/www.domainesrichard.fr\/chateau-la-nerthe\/en\/#organization\"},\"potentialAction\":[{\"@type\":\"SearchAction\",\"target\":{\"@type\":\"EntryPoint\",\"urlTemplate\":\"https:\/\/www.domainesrichard.fr\/chateau-la-nerthe\/en\/?s={search_term_string}\"},\"query-input\":{\"@type\":\"PropertyValueSpecification\",\"valueRequired\":true,\"valueName\":\"search_term_string\"}}],\"inLanguage\":\"en-US\"},{\"@type\":\"Organization\",\"@id\":\"https:\/\/www.domainesrichard.fr\/chateau-la-nerthe\/en\/#organization\",\"name\":\"Ch\u00e2teau la Nerthe\",\"url\":\"https:\/\/www.domainesrichard.fr\/chateau-la-nerthe\/en\/\",\"logo\":{\"@type\":\"ImageObject\",\"inLanguage\":\"en-US\",\"@id\":\"https:\/\/www.domainesrichard.fr\/chateau-la-nerthe\/en\/#\/schema\/logo\/image\/\",\"url\":\"https:\/\/www.domainesrichard.fr\/chateau-la-nerthe\/wp-content\/uploads\/sites\/3\/2021\/11\/Chateau-la-nerthe-logo.png\",\"contentUrl\":\"https:\/\/www.domainesrichard.fr\/chateau-la-nerthe\/wp-content\/uploads\/sites\/3\/2021\/11\/Chateau-la-nerthe-logo.png\",\"width\":600,\"height\":248,\"caption\":\"Ch\u00e2teau la Nerthe\"},\"image\":{\"@id\":\"https:\/\/www.domainesrichard.fr\/chateau-la-nerthe\/en\/#\/schema\/logo\/image\/\"},\"sameAs\":[\"https:\/\/www.facebook.com\/chateaulanerthe\",\"https:\/\/www.instagram.com\/chateaulanerthe\/\",\"https:\/\/www.linkedin.com\/company\/domaines-richard\",\"https:\/\/www.youtube.com\/channel\/UCDjz3rnEynVj6l199P3Y9Cg\"]}]}<\/script>\n<!-- \/ Yoast SEO plugin. -->","yoast_head_json":{"title":"C\u00f4tes du Rh\u00f4ne White Les Cassagnes de La Nerthe 2020","description":"C\u00f4tes-du-Rh\u00f4ne White Cassagnes de La Nerthe 2020 is a delicate, fruity, floral wine with a smooth palate and a long, ample, and fresh finish.","robots":{"index":"index","follow":"follow","max-snippet":"max-snippet:-1","max-image-preview":"max-image-preview:large","max-video-preview":"max-video-preview:-1"},"canonical":"https:\/\/www.domainesrichard.fr\/chateau-la-nerthe\/en\/wine\/les-cassagnes-de-la-nerthe-2021-white\/","og_locale":"en_US","og_type":"article","og_title":"C\u00f4tes du Rh\u00f4ne White Les Cassagnes de La Nerthe 2020","og_description":"C\u00f4tes-du-Rh\u00f4ne White Cassagnes de La Nerthe 2020 is a delicate, fruity, floral wine with a smooth palate and a long, ample, and fresh finish.","og_url":"https:\/\/www.domainesrichard.fr\/chateau-la-nerthe\/en\/wine\/les-cassagnes-de-la-nerthe-2021-white\/","og_site_name":"Ch\u00e2teau La Nerthe","article_publisher":"https:\/\/www.facebook.com\/chateaulanerthe","article_modified_time":"2022-08-23T08:39:50+00:00","og_image":[{"width":401,"height":600,"url":"https:\/\/www.domainesrichard.fr\/chateau-la-nerthe\/wp-content\/uploads\/sites\/3\/2022\/02\/LA-NERTHE-LES-CASSAGNES-5.jpg","type":"image\/jpeg"}],"twitter_card":"summary_large_image","twitter_misc":{"Est. reading time":"1 minute"},"schema":{"@context":"https:\/\/schema.org","@graph":[{"@type":"WebPage","@id":"https:\/\/www.domainesrichard.fr\/chateau-la-nerthe\/en\/wine\/les-cassagnes-de-la-nerthe-2021-white\/","url":"https:\/\/www.domainesrichard.fr\/chateau-la-nerthe\/en\/wine\/les-cassagnes-de-la-nerthe-2021-white\/","name":"C\u00f4tes du Rh\u00f4ne White Les Cassagnes de La Nerthe 2020","isPartOf":{"@id":"https:\/\/www.domainesrichard.fr\/chateau-la-nerthe\/en\/#website"},"primaryImageOfPage":{"@id":"https:\/\/www.domainesrichard.fr\/chateau-la-nerthe\/en\/wine\/les-cassagnes-de-la-nerthe-2021-white\/#primaryimage"},"image":{"@id":"https:\/\/www.domainesrichard.fr\/chateau-la-nerthe\/en\/wine\/les-cassagnes-de-la-nerthe-2021-white\/#primaryimage"},"thumbnailUrl":"https:\/\/www.domainesrichard.fr\/chateau-la-nerthe\/wp-content\/uploads\/sites\/3\/2023\/05\/LA-NERTHE-LES-CASSAGNES-BLANC.jpg","datePublished":"2022-08-23T07:44:27+00:00","dateModified":"2022-08-23T08:39:50+00:00","description":"C\u00f4tes-du-Rh\u00f4ne White Cassagnes de La Nerthe 2020 is a delicate, fruity, floral wine with a smooth palate and a long, ample, and fresh finish.","breadcrumb":{"@id":"https:\/\/www.domainesrichard.fr\/chateau-la-nerthe\/en\/wine\/les-cassagnes-de-la-nerthe-2021-white\/#breadcrumb"},"inLanguage":"en-US","potentialAction":[{"@type":"ReadAction","target":["https:\/\/www.domainesrichard.fr\/chateau-la-nerthe\/en\/wine\/les-cassagnes-de-la-nerthe-2021-white\/"]}]},{"@type":"ImageObject","inLanguage":"en-US","@id":"https:\/\/www.domainesrichard.fr\/chateau-la-nerthe\/en\/wine\/les-cassagnes-de-la-nerthe-2021-white\/#primaryimage","url":"https:\/\/www.domainesrichard.fr\/chateau-la-nerthe\/wp-content\/uploads\/sites\/3\/2023\/05\/LA-NERTHE-LES-CASSAGNES-BLANC.jpg","contentUrl":"https:\/\/www.domainesrichard.fr\/chateau-la-nerthe\/wp-content\/uploads\/sites\/3\/2023\/05\/LA-NERTHE-LES-CASSAGNES-BLANC.jpg","width":600,"height":600,"caption":"Les Cassagnes blanc"},{"@type":"BreadcrumbList","@id":"https:\/\/www.domainesrichard.fr\/chateau-la-nerthe\/en\/wine\/les-cassagnes-de-la-nerthe-2021-white\/#breadcrumb","itemListElement":[{"@type":"ListItem","position":1,"name":"Wines","item":"https:\/\/www.domainesrichard.fr\/chateau-la-nerthe\/vins\/"},{"@type":"ListItem","position":2,"name":"Les Cassagnes de La Nerthe 2021"}]},{"@type":"WebSite","@id":"https:\/\/www.domainesrichard.fr\/chateau-la-nerthe\/en\/#website","url":"https:\/\/www.domainesrichard.fr\/chateau-la-nerthe\/en\/","name":"Ch\u00e2teau La Nerthe","description":"Cinq si\u00e8cles d&#039;\u00e9l\u00e9gance","publisher":{"@id":"https:\/\/www.domainesrichard.fr\/chateau-la-nerthe\/en\/#organization"},"potentialAction":[{"@type":"SearchAction","target":{"@type":"EntryPoint","urlTemplate":"https:\/\/www.domainesrichard.fr\/chateau-la-nerthe\/en\/?s={search_term_string}"},"query-input":{"@type":"PropertyValueSpecification","valueRequired":true,"valueName":"search_term_string"}}],"inLanguage":"en-US"},{"@type":"Organization","@id":"https:\/\/www.domainesrichard.fr\/chateau-la-nerthe\/en\/#organization","name":"Ch\u00e2teau la Nerthe","url":"https:\/\/www.domainesrichard.fr\/chateau-la-nerthe\/en\/","logo":{"@type":"ImageObject","inLanguage":"en-US","@id":"https:\/\/www.domainesrichard.fr\/chateau-la-nerthe\/en\/#\/schema\/logo\/image\/","url":"https:\/\/www.domainesrichard.fr\/chateau-la-nerthe\/wp-content\/uploads\/sites\/3\/2021\/11\/Chateau-la-nerthe-logo.png","contentUrl":"https:\/\/www.domainesrichard.fr\/chateau-la-nerthe\/wp-content\/uploads\/sites\/3\/2021\/11\/Chateau-la-nerthe-logo.png","width":600,"height":248,"caption":"Ch\u00e2teau la Nerthe"},"image":{"@id":"https:\/\/www.domainesrichard.fr\/chateau-la-nerthe\/en\/#\/schema\/logo\/image\/"},"sameAs":["https:\/\/www.facebook.com\/chateaulanerthe","https:\/\/www.instagram.com\/chateaulanerthe\/","https:\/\/www.linkedin.com\/company\/domaines-richard","https:\/\/www.youtube.com\/channel\/UCDjz3rnEynVj6l199P3Y9Cg"]}]}},"_links":{"self":[{"href":"https:\/\/www.domainesrichard.fr\/chateau-la-nerthe\/en\/wp-json\/wp\/v2\/product\/1795","targetHints":{"allow":["GET"]}}],"collection":[{"href":"https:\/\/www.domainesrichard.fr\/chateau-la-nerthe\/en\/wp-json\/wp\/v2\/product"}],"about":[{"href":"https:\/\/www.domainesrichard.fr\/chateau-la-nerthe\/en\/wp-json\/wp\/v2\/types\/product"}],"wp:featuredmedia":[{"embeddable":true,"href":"https:\/\/www.domainesrichard.fr\/chateau-la-nerthe\/en\/wp-json\/wp\/v2\/media\/3345"}],"wp:attachment":[{"href":"https:\/\/www.domainesrichard.fr\/chateau-la-nerthe\/en\/wp-json\/wp\/v2\/media?parent=1795"}],"wp:term":[{"taxonomy":"product_brand","embeddable":true,"href":"https:\/\/www.domainesrichard.fr\/chateau-la-nerthe\/en\/wp-json\/wp\/v2\/product_brand?post=1795"},{"taxonomy":"product_cat","embeddable":true,"href":"https:\/\/www.domainesrichard.fr\/chateau-la-nerthe\/en\/wp-json\/wp\/v2\/product_cat?post=1795"},{"taxonomy":"product_tag","embeddable":true,"href":"https:\/\/www.domainesrichard.fr\/chateau-la-nerthe\/en\/wp-json\/wp\/v2\/product_tag?post=1795"}],"curies":[{"name":"wp","href":"https:\/\/api.w.org\/{rel}","templated":true}]}}