{"id":3237,"date":"2024-05-13T12:09:29","date_gmt":"2024-05-13T10:09:29","guid":{"rendered":"https:\/\/www.domainesrichard.fr\/chateau-la-nerthe\/?post_type=product&#038;p=3237"},"modified":"2024-05-13T12:18:43","modified_gmt":"2024-05-13T10:18:43","slug":"clos-de-beauvenir-2023","status":"publish","type":"product","link":"https:\/\/www.domainesrichard.fr\/chateau-la-nerthe\/en\/wine\/clos-de-beauvenir-2023\/","title":{"rendered":"Clos de Beauvenir <span class='vintage the_title'>2023<\/span>"},"content":{"rendered":"<p>Clos de Beauvenir is named after the Tulle Villefranche family&#8217;s old bastide. The old castle garden is protected from the wind by plane trees that cast a shadow during the day. The sandy, loamy soils dotted with rolled pebbles promote finesse and aromatic expression, and the natural springs bring freshness to the palate. This is our interpretation of a confidential Ch\u00e2teauneuf-du-Pape white.<\/p>","protected":false},"excerpt":{"rendered":"<p>Clos de Beauvenir is named after the Tulle Villefranche family&#8217;s old bastide. The old castle garden is protected from the wind by plane trees that cast a shadow during the day. The sandy, loamy soils dotted with rolled pebbles promote finesse and aromatic expression, and the natural springs bring freshness to the palate. This is [&hellip;]<\/p>","protected":false},"featured_media":3337,"template":"","meta":{"_acf_changed":false},"product_brand":[],"product_cat":[88],"product_tag":[],"class_list":{"0":"post-3237","1":"product","2":"type-product","3":"status-publish","4":"has-post-thumbnail","6":"product_cat-clos-de-beauvenir-en","8":"first","9":"outofstock","10":"taxable","11":"shipping-taxable","12":"purchasable","13":"product-type-simple"},"acf":[],"yoast_head":"<!-- This site is optimized with the Yoast SEO plugin v27.5 - https:\/\/yoast.com\/product\/yoast-seo-wordpress\/ -->\n<title>Ch\u00e2teauneuf-du-Pape Clos de Beauvenir 2023 Ch\u00e2teau La Nerthe<\/title>\n<meta name=\"description\" content=\"Ch\u00e2teauneuf-du-Pape Clos de Beauvenir 2023 is named after the Villefranche family&#039;s old bastide. A great wine for keeping, both powerful and balanced.\" \/>\n<meta name=\"robots\" content=\"index, follow, max-snippet:-1, max-image-preview:large, max-video-preview:-1\" \/>\n<link rel=\"canonical\" href=\"https:\/\/www.domainesrichard.fr\/chateau-la-nerthe\/en\/wine\/clos-de-beauvenir-2023\/\" \/>\n<meta property=\"og:locale\" content=\"en_US\" \/>\n<meta property=\"og:type\" content=\"article\" \/>\n<meta property=\"og:title\" content=\"Ch\u00e2teauneuf-du-Pape Clos de Beauvenir 2023 Ch\u00e2teau La Nerthe\" \/>\n<meta property=\"og:description\" content=\"Ch\u00e2teauneuf-du-Pape Clos de Beauvenir 2023 is named after the Villefranche family&#039;s old bastide. A great wine for keeping, both powerful and balanced.\" \/>\n<meta property=\"og:url\" content=\"https:\/\/www.domainesrichard.fr\/chateau-la-nerthe\/en\/wine\/clos-de-beauvenir-2023\/\" \/>\n<meta property=\"og:site_name\" content=\"Ch\u00e2teau La Nerthe\" \/>\n<meta property=\"article:publisher\" content=\"https:\/\/www.facebook.com\/chateaulanerthe\" \/>\n<meta property=\"article:modified_time\" content=\"2024-05-13T10:18:43+00:00\" \/>\n<meta property=\"og:image\" content=\"https:\/\/www.domainesrichard.fr\/chateau-la-nerthe\/wp-content\/uploads\/sites\/3\/2022\/02\/CHATEAU-DE-NERTHE-CLOS-DE-BEAUVENIR-2.jpg\" \/>\n\t<meta property=\"og:image:width\" content=\"401\" \/>\n\t<meta property=\"og:image:height\" content=\"600\" \/>\n\t<meta property=\"og:image:type\" content=\"image\/jpeg\" \/>\n<meta name=\"twitter:card\" content=\"summary_large_image\" \/>\n<meta name=\"twitter:label1\" content=\"Est. reading time\" \/>\n\t<meta name=\"twitter:data1\" content=\"1 minute\" \/>\n<script type=\"application\/ld+json\" class=\"yoast-schema-graph\">{\"@context\":\"https:\\\/\\\/schema.org\",\"@graph\":[{\"@type\":\"WebPage\",\"@id\":\"https:\\\/\\\/www.domainesrichard.fr\\\/chateau-la-nerthe\\\/en\\\/wine\\\/clos-de-beauvenir-2023\\\/\",\"url\":\"https:\\\/\\\/www.domainesrichard.fr\\\/chateau-la-nerthe\\\/en\\\/wine\\\/clos-de-beauvenir-2023\\\/\",\"name\":\"Ch\u00e2teauneuf-du-Pape Clos de Beauvenir 2023 Ch\u00e2teau La Nerthe\",\"isPartOf\":{\"@id\":\"https:\\\/\\\/www.domainesrichard.fr\\\/chateau-la-nerthe\\\/en\\\/#website\"},\"primaryImageOfPage\":{\"@id\":\"https:\\\/\\\/www.domainesrichard.fr\\\/chateau-la-nerthe\\\/en\\\/wine\\\/clos-de-beauvenir-2023\\\/#primaryimage\"},\"image\":{\"@id\":\"https:\\\/\\\/www.domainesrichard.fr\\\/chateau-la-nerthe\\\/en\\\/wine\\\/clos-de-beauvenir-2023\\\/#primaryimage\"},\"thumbnailUrl\":\"https:\\\/\\\/www.domainesrichard.fr\\\/chateau-la-nerthe\\\/wp-content\\\/uploads\\\/sites\\\/3\\\/2022\\\/11\\\/LA-NERTHE-CLOS-DE-BEAUVENIR-BLANC.jpg\",\"datePublished\":\"2024-05-13T10:09:29+00:00\",\"dateModified\":\"2024-05-13T10:18:43+00:00\",\"description\":\"Ch\u00e2teauneuf-du-Pape Clos de Beauvenir 2023 is named after the Villefranche family's old bastide. A great wine for keeping, both powerful and balanced.\",\"breadcrumb\":{\"@id\":\"https:\\\/\\\/www.domainesrichard.fr\\\/chateau-la-nerthe\\\/en\\\/wine\\\/clos-de-beauvenir-2023\\\/#breadcrumb\"},\"inLanguage\":\"en-US\",\"potentialAction\":[{\"@type\":\"ReadAction\",\"target\":[\"https:\\\/\\\/www.domainesrichard.fr\\\/chateau-la-nerthe\\\/en\\\/wine\\\/clos-de-beauvenir-2023\\\/\"]}]},{\"@type\":\"ImageObject\",\"inLanguage\":\"en-US\",\"@id\":\"https:\\\/\\\/www.domainesrichard.fr\\\/chateau-la-nerthe\\\/en\\\/wine\\\/clos-de-beauvenir-2023\\\/#primaryimage\",\"url\":\"https:\\\/\\\/www.domainesrichard.fr\\\/chateau-la-nerthe\\\/wp-content\\\/uploads\\\/sites\\\/3\\\/2022\\\/11\\\/LA-NERTHE-CLOS-DE-BEAUVENIR-BLANC.jpg\",\"contentUrl\":\"https:\\\/\\\/www.domainesrichard.fr\\\/chateau-la-nerthe\\\/wp-content\\\/uploads\\\/sites\\\/3\\\/2022\\\/11\\\/LA-NERTHE-CLOS-DE-BEAUVENIR-BLANC.jpg\",\"width\":600,\"height\":600,\"caption\":\"Clos de Beausouvenir\"},{\"@type\":\"BreadcrumbList\",\"@id\":\"https:\\\/\\\/www.domainesrichard.fr\\\/chateau-la-nerthe\\\/en\\\/wine\\\/clos-de-beauvenir-2023\\\/#breadcrumb\",\"itemListElement\":[{\"@type\":\"ListItem\",\"position\":1,\"name\":\"Wines\",\"item\":\"https:\\\/\\\/www.domainesrichard.fr\\\/chateau-la-nerthe\\\/vins\\\/\"},{\"@type\":\"ListItem\",\"position\":2,\"name\":\"Clos de Beauvenir 2023\"}]},{\"@type\":\"WebSite\",\"@id\":\"https:\\\/\\\/www.domainesrichard.fr\\\/chateau-la-nerthe\\\/en\\\/#website\",\"url\":\"https:\\\/\\\/www.domainesrichard.fr\\\/chateau-la-nerthe\\\/en\\\/\",\"name\":\"Ch\u00e2teau La Nerthe\",\"description\":\"Cinq si\u00e8cles d&#039;\u00e9l\u00e9gance\",\"publisher\":{\"@id\":\"https:\\\/\\\/www.domainesrichard.fr\\\/chateau-la-nerthe\\\/en\\\/#organization\"},\"potentialAction\":[{\"@type\":\"SearchAction\",\"target\":{\"@type\":\"EntryPoint\",\"urlTemplate\":\"https:\\\/\\\/www.domainesrichard.fr\\\/chateau-la-nerthe\\\/en\\\/?s={search_term_string}\"},\"query-input\":{\"@type\":\"PropertyValueSpecification\",\"valueRequired\":true,\"valueName\":\"search_term_string\"}}],\"inLanguage\":\"en-US\"},{\"@type\":\"Organization\",\"@id\":\"https:\\\/\\\/www.domainesrichard.fr\\\/chateau-la-nerthe\\\/en\\\/#organization\",\"name\":\"Ch\u00e2teau la Nerthe\",\"url\":\"https:\\\/\\\/www.domainesrichard.fr\\\/chateau-la-nerthe\\\/en\\\/\",\"logo\":{\"@type\":\"ImageObject\",\"inLanguage\":\"en-US\",\"@id\":\"https:\\\/\\\/www.domainesrichard.fr\\\/chateau-la-nerthe\\\/en\\\/#\\\/schema\\\/logo\\\/image\\\/\",\"url\":\"https:\\\/\\\/www.domainesrichard.fr\\\/chateau-la-nerthe\\\/wp-content\\\/uploads\\\/sites\\\/3\\\/2021\\\/11\\\/Chateau-la-nerthe-logo.png\",\"contentUrl\":\"https:\\\/\\\/www.domainesrichard.fr\\\/chateau-la-nerthe\\\/wp-content\\\/uploads\\\/sites\\\/3\\\/2021\\\/11\\\/Chateau-la-nerthe-logo.png\",\"width\":600,\"height\":248,\"caption\":\"Ch\u00e2teau la Nerthe\"},\"image\":{\"@id\":\"https:\\\/\\\/www.domainesrichard.fr\\\/chateau-la-nerthe\\\/en\\\/#\\\/schema\\\/logo\\\/image\\\/\"},\"sameAs\":[\"https:\\\/\\\/www.facebook.com\\\/chateaulanerthe\",\"https:\\\/\\\/www.instagram.com\\\/chateaulanerthe\\\/\",\"https:\\\/\\\/www.linkedin.com\\\/company\\\/domaines-richard\",\"https:\\\/\\\/www.youtube.com\\\/channel\\\/UCDjz3rnEynVj6l199P3Y9Cg\"]}]}<\/script>\n<!-- \/ Yoast SEO plugin. -->","yoast_head_json":{"title":"Ch\u00e2teauneuf-du-Pape Clos de Beauvenir 2023 Ch\u00e2teau La Nerthe","description":"Ch\u00e2teauneuf-du-Pape Clos de Beauvenir 2023 is named after the Villefranche family's old bastide. A great wine for keeping, both powerful and balanced.","robots":{"index":"index","follow":"follow","max-snippet":"max-snippet:-1","max-image-preview":"max-image-preview:large","max-video-preview":"max-video-preview:-1"},"canonical":"https:\/\/www.domainesrichard.fr\/chateau-la-nerthe\/en\/wine\/clos-de-beauvenir-2023\/","og_locale":"en_US","og_type":"article","og_title":"Ch\u00e2teauneuf-du-Pape Clos de Beauvenir 2023 Ch\u00e2teau La Nerthe","og_description":"Ch\u00e2teauneuf-du-Pape Clos de Beauvenir 2023 is named after the Villefranche family's old bastide. A great wine for keeping, both powerful and balanced.","og_url":"https:\/\/www.domainesrichard.fr\/chateau-la-nerthe\/en\/wine\/clos-de-beauvenir-2023\/","og_site_name":"Ch\u00e2teau La Nerthe","article_publisher":"https:\/\/www.facebook.com\/chateaulanerthe","article_modified_time":"2024-05-13T10:18:43+00:00","og_image":[{"width":401,"height":600,"url":"https:\/\/www.domainesrichard.fr\/chateau-la-nerthe\/wp-content\/uploads\/sites\/3\/2022\/02\/CHATEAU-DE-NERTHE-CLOS-DE-BEAUVENIR-2.jpg","type":"image\/jpeg"}],"twitter_card":"summary_large_image","twitter_misc":{"Est. reading time":"1 minute"},"schema":{"@context":"https:\/\/schema.org","@graph":[{"@type":"WebPage","@id":"https:\/\/www.domainesrichard.fr\/chateau-la-nerthe\/en\/wine\/clos-de-beauvenir-2023\/","url":"https:\/\/www.domainesrichard.fr\/chateau-la-nerthe\/en\/wine\/clos-de-beauvenir-2023\/","name":"Ch\u00e2teauneuf-du-Pape Clos de Beauvenir 2023 Ch\u00e2teau La Nerthe","isPartOf":{"@id":"https:\/\/www.domainesrichard.fr\/chateau-la-nerthe\/en\/#website"},"primaryImageOfPage":{"@id":"https:\/\/www.domainesrichard.fr\/chateau-la-nerthe\/en\/wine\/clos-de-beauvenir-2023\/#primaryimage"},"image":{"@id":"https:\/\/www.domainesrichard.fr\/chateau-la-nerthe\/en\/wine\/clos-de-beauvenir-2023\/#primaryimage"},"thumbnailUrl":"https:\/\/www.domainesrichard.fr\/chateau-la-nerthe\/wp-content\/uploads\/sites\/3\/2022\/11\/LA-NERTHE-CLOS-DE-BEAUVENIR-BLANC.jpg","datePublished":"2024-05-13T10:09:29+00:00","dateModified":"2024-05-13T10:18:43+00:00","description":"Ch\u00e2teauneuf-du-Pape Clos de Beauvenir 2023 is named after the Villefranche family's old bastide. A great wine for keeping, both powerful and balanced.","breadcrumb":{"@id":"https:\/\/www.domainesrichard.fr\/chateau-la-nerthe\/en\/wine\/clos-de-beauvenir-2023\/#breadcrumb"},"inLanguage":"en-US","potentialAction":[{"@type":"ReadAction","target":["https:\/\/www.domainesrichard.fr\/chateau-la-nerthe\/en\/wine\/clos-de-beauvenir-2023\/"]}]},{"@type":"ImageObject","inLanguage":"en-US","@id":"https:\/\/www.domainesrichard.fr\/chateau-la-nerthe\/en\/wine\/clos-de-beauvenir-2023\/#primaryimage","url":"https:\/\/www.domainesrichard.fr\/chateau-la-nerthe\/wp-content\/uploads\/sites\/3\/2022\/11\/LA-NERTHE-CLOS-DE-BEAUVENIR-BLANC.jpg","contentUrl":"https:\/\/www.domainesrichard.fr\/chateau-la-nerthe\/wp-content\/uploads\/sites\/3\/2022\/11\/LA-NERTHE-CLOS-DE-BEAUVENIR-BLANC.jpg","width":600,"height":600,"caption":"Clos de Beausouvenir"},{"@type":"BreadcrumbList","@id":"https:\/\/www.domainesrichard.fr\/chateau-la-nerthe\/en\/wine\/clos-de-beauvenir-2023\/#breadcrumb","itemListElement":[{"@type":"ListItem","position":1,"name":"Wines","item":"https:\/\/www.domainesrichard.fr\/chateau-la-nerthe\/vins\/"},{"@type":"ListItem","position":2,"name":"Clos de Beauvenir 2023"}]},{"@type":"WebSite","@id":"https:\/\/www.domainesrichard.fr\/chateau-la-nerthe\/en\/#website","url":"https:\/\/www.domainesrichard.fr\/chateau-la-nerthe\/en\/","name":"Ch\u00e2teau La Nerthe","description":"Cinq si\u00e8cles d&#039;\u00e9l\u00e9gance","publisher":{"@id":"https:\/\/www.domainesrichard.fr\/chateau-la-nerthe\/en\/#organization"},"potentialAction":[{"@type":"SearchAction","target":{"@type":"EntryPoint","urlTemplate":"https:\/\/www.domainesrichard.fr\/chateau-la-nerthe\/en\/?s={search_term_string}"},"query-input":{"@type":"PropertyValueSpecification","valueRequired":true,"valueName":"search_term_string"}}],"inLanguage":"en-US"},{"@type":"Organization","@id":"https:\/\/www.domainesrichard.fr\/chateau-la-nerthe\/en\/#organization","name":"Ch\u00e2teau la Nerthe","url":"https:\/\/www.domainesrichard.fr\/chateau-la-nerthe\/en\/","logo":{"@type":"ImageObject","inLanguage":"en-US","@id":"https:\/\/www.domainesrichard.fr\/chateau-la-nerthe\/en\/#\/schema\/logo\/image\/","url":"https:\/\/www.domainesrichard.fr\/chateau-la-nerthe\/wp-content\/uploads\/sites\/3\/2021\/11\/Chateau-la-nerthe-logo.png","contentUrl":"https:\/\/www.domainesrichard.fr\/chateau-la-nerthe\/wp-content\/uploads\/sites\/3\/2021\/11\/Chateau-la-nerthe-logo.png","width":600,"height":248,"caption":"Ch\u00e2teau la Nerthe"},"image":{"@id":"https:\/\/www.domainesrichard.fr\/chateau-la-nerthe\/en\/#\/schema\/logo\/image\/"},"sameAs":["https:\/\/www.facebook.com\/chateaulanerthe","https:\/\/www.instagram.com\/chateaulanerthe\/","https:\/\/www.linkedin.com\/company\/domaines-richard","https:\/\/www.youtube.com\/channel\/UCDjz3rnEynVj6l199P3Y9Cg"]}]}},"_links":{"self":[{"href":"https:\/\/www.domainesrichard.fr\/chateau-la-nerthe\/en\/wp-json\/wp\/v2\/product\/3237","targetHints":{"allow":["GET"]}}],"collection":[{"href":"https:\/\/www.domainesrichard.fr\/chateau-la-nerthe\/en\/wp-json\/wp\/v2\/product"}],"about":[{"href":"https:\/\/www.domainesrichard.fr\/chateau-la-nerthe\/en\/wp-json\/wp\/v2\/types\/product"}],"wp:featuredmedia":[{"embeddable":true,"href":"https:\/\/www.domainesrichard.fr\/chateau-la-nerthe\/en\/wp-json\/wp\/v2\/media\/3337"}],"wp:attachment":[{"href":"https:\/\/www.domainesrichard.fr\/chateau-la-nerthe\/en\/wp-json\/wp\/v2\/media?parent=3237"}],"wp:term":[{"taxonomy":"product_brand","embeddable":true,"href":"https:\/\/www.domainesrichard.fr\/chateau-la-nerthe\/en\/wp-json\/wp\/v2\/product_brand?post=3237"},{"taxonomy":"product_cat","embeddable":true,"href":"https:\/\/www.domainesrichard.fr\/chateau-la-nerthe\/en\/wp-json\/wp\/v2\/product_cat?post=3237"},{"taxonomy":"product_tag","embeddable":true,"href":"https:\/\/www.domainesrichard.fr\/chateau-la-nerthe\/en\/wp-json\/wp\/v2\/product_tag?post=3237"}],"curies":[{"name":"wp","href":"https:\/\/api.w.org\/{rel}","templated":true}]}}