{"id":1070,"date":"2022-02-17T16:17:05","date_gmt":"2022-02-17T15:17:05","guid":{"rendered":"https:\/\/www.domainesrichard.fr\/chateau-la-nerthe\/?post_type=product&#038;p=1070"},"modified":"2022-10-10T15:06:48","modified_gmt":"2022-10-10T13:06:48","slug":"cuvee-des-cadettes-2013","status":"publish","type":"product","link":"https:\/\/www.domainesrichard.fr\/chateau-la-nerthe\/vin\/cuvee-des-cadettes-2013\/","title":{"rendered":"Cuv\u00e9e des Cadettes <span class='vintage the_title'>2013<\/span>"},"content":{"rendered":"<p>La Cuv\u00e9e des Cadettes, c\u2019est toute une histoire\u00a0!<br \/>\nEn effet, ce fut la premi\u00e8re parcelle replant\u00e9e apr\u00e8s le phyllox\u00e9ra, ce puceron qui a ravag\u00e9 des millions d\u2019hectares de vignes. C\u2019est \u00e0 Joseph DUCOS, le propri\u00e9taire du domaine au XIX\u00e8 si\u00e8cle, que nous devons cette premi\u00e8re plantation. Depuis, la Cuv\u00e9e des Cadettes se distingue par ses meilleurs grenaches, syrahs et mourv\u00e8dres qui expriment l\u2019\u00e9l\u00e9gance, la puissance, la race et l\u2019\u00e9quilibre de ce terroir unique. \u00c0 d\u00e9guster avec du gibier, des viandes matur\u00e9es, des mets \u00e0 la hauteur de sa raret\u00e9 et de sa complexit\u00e9.<\/p>","protected":false},"excerpt":{"rendered":"<p>La Cuv\u00e9e des Cadettes, c\u2019est toute une histoire\u00a0! En effet, ce fut la premi\u00e8re parcelle replant\u00e9e apr\u00e8s le phyllox\u00e9ra, ce puceron qui a ravag\u00e9 des millions d\u2019hectares de vignes. C\u2019est \u00e0 Joseph DUCOS, le propri\u00e9taire du domaine au XIX\u00e8 si\u00e8cle, que nous devons cette premi\u00e8re plantation. Depuis, la Cuv\u00e9e des Cadettes se distingue par ses [&hellip;]<\/p>","protected":false},"featured_media":1299,"template":"","meta":{"_acf_changed":false},"product_brand":[],"product_cat":[43],"product_tag":[],"class_list":{"0":"post-1070","1":"product","2":"type-product","3":"status-publish","4":"has-post-thumbnail","6":"product_cat-cuvee-des-cadettes","8":"first","9":"instock","10":"taxable","11":"shipping-taxable","12":"purchasable","13":"product-type-simple"},"acf":[],"yoast_head":"<!-- This site is optimized with the Yoast SEO plugin v27.0 - https:\/\/yoast.com\/product\/yoast-seo-wordpress\/ -->\n<title>Ch\u00e2teauneuf-du-Pape Cuv\u00e9e des Cadettes 2013 - Ch\u00e2teau La Nerthe<\/title>\n<meta name=\"description\" content=\"Le Ch\u00e2teauneuf-du-Pape Cuv\u00e9e des Cadettes 2013 exprime de mani\u00e8re singuli\u00e8re l\u2019\u00e9l\u00e9gance, la puissance, la race et l\u2019\u00e9quilibre de ce terroir unique.\" \/>\n<meta name=\"robots\" content=\"index, follow, max-snippet:-1, max-image-preview:large, max-video-preview:-1\" \/>\n<link rel=\"canonical\" href=\"https:\/\/www.domainesrichard.fr\/chateau-la-nerthe\/vin\/cuvee-des-cadettes-2013\/\" \/>\n<meta property=\"og:locale\" content=\"fr_FR\" \/>\n<meta property=\"og:type\" content=\"article\" \/>\n<meta property=\"og:title\" content=\"false\" \/>\n<meta property=\"og:description\" content=\"Le Ch\u00e2teauneuf-du-Pape Cuv\u00e9e des Cadettes 2013 exprime de mani\u00e8re singuli\u00e8re l\u2019\u00e9l\u00e9gance, la puissance, la race et l\u2019\u00e9quilibre de ce terroir unique.\" \/>\n<meta property=\"og:url\" content=\"https:\/\/www.domainesrichard.fr\/chateau-la-nerthe\/vin\/cuvee-des-cadettes-2013\/\" \/>\n<meta property=\"og:site_name\" content=\"Ch\u00e2teau La Nerthe\" \/>\n<meta property=\"article:publisher\" content=\"https:\/\/www.facebook.com\/chateaulanerthe\" \/>\n<meta property=\"article:modified_time\" content=\"2022-10-10T13:06:48+00:00\" \/>\n<meta property=\"og:image\" content=\"https:\/\/www.domainesrichard.fr\/chateau-la-nerthe\/wp-content\/uploads\/sites\/3\/2022\/02\/CHATEAU-LA-NERTHE-CUVEE-DES-CADETES-1.jpg\" \/>\n\t<meta property=\"og:image:width\" content=\"430\" \/>\n\t<meta property=\"og:image:height\" content=\"600\" \/>\n\t<meta property=\"og:image:type\" content=\"image\/jpeg\" \/>\n<meta name=\"twitter:card\" content=\"summary_large_image\" \/>\n<meta name=\"twitter:label1\" content=\"Dur\u00e9e de lecture estim\u00e9e\" \/>\n\t<meta name=\"twitter:data1\" content=\"1 minute\" \/>\n<script type=\"application\/ld+json\" class=\"yoast-schema-graph\">{\"@context\":\"https:\/\/schema.org\",\"@graph\":[{\"@type\":\"WebPage\",\"@id\":\"https:\/\/www.domainesrichard.fr\/chateau-la-nerthe\/vin\/cuvee-des-cadettes-2013\/\",\"url\":\"https:\/\/www.domainesrichard.fr\/chateau-la-nerthe\/vin\/cuvee-des-cadettes-2013\/\",\"name\":\"Ch\u00e2teauneuf-du-Pape Cuv\u00e9e des Cadettes 2013 - Ch\u00e2teau La Nerthe\",\"isPartOf\":{\"@id\":\"https:\/\/www.domainesrichard.fr\/chateau-la-nerthe\/#website\"},\"primaryImageOfPage\":{\"@id\":\"https:\/\/www.domainesrichard.fr\/chateau-la-nerthe\/vin\/cuvee-des-cadettes-2013\/#primaryimage\"},\"image\":{\"@id\":\"https:\/\/www.domainesrichard.fr\/chateau-la-nerthe\/vin\/cuvee-des-cadettes-2013\/#primaryimage\"},\"thumbnailUrl\":\"https:\/\/www.domainesrichard.fr\/chateau-la-nerthe\/wp-content\/uploads\/sites\/3\/2022\/02\/CHATEAU-LA-NERTHE-CUVEE-DES-CADETES-1.jpg\",\"datePublished\":\"2022-02-17T15:17:05+00:00\",\"dateModified\":\"2022-10-10T13:06:48+00:00\",\"description\":\"Le Ch\u00e2teauneuf-du-Pape Cuv\u00e9e des Cadettes 2013 exprime de mani\u00e8re singuli\u00e8re l\u2019\u00e9l\u00e9gance, la puissance, la race et l\u2019\u00e9quilibre de ce terroir unique.\",\"breadcrumb\":{\"@id\":\"https:\/\/www.domainesrichard.fr\/chateau-la-nerthe\/vin\/cuvee-des-cadettes-2013\/#breadcrumb\"},\"inLanguage\":\"fr-FR\",\"potentialAction\":[{\"@type\":\"ReadAction\",\"target\":[\"https:\/\/www.domainesrichard.fr\/chateau-la-nerthe\/vin\/cuvee-des-cadettes-2013\/\"]}]},{\"@type\":\"ImageObject\",\"inLanguage\":\"fr-FR\",\"@id\":\"https:\/\/www.domainesrichard.fr\/chateau-la-nerthe\/vin\/cuvee-des-cadettes-2013\/#primaryimage\",\"url\":\"https:\/\/www.domainesrichard.fr\/chateau-la-nerthe\/wp-content\/uploads\/sites\/3\/2022\/02\/CHATEAU-LA-NERTHE-CUVEE-DES-CADETES-1.jpg\",\"contentUrl\":\"https:\/\/www.domainesrichard.fr\/chateau-la-nerthe\/wp-content\/uploads\/sites\/3\/2022\/02\/CHATEAU-LA-NERTHE-CUVEE-DES-CADETES-1.jpg\",\"width\":430,\"height\":600,\"caption\":\"Cuv\u00e9e des Cadettes\"},{\"@type\":\"BreadcrumbList\",\"@id\":\"https:\/\/www.domainesrichard.fr\/chateau-la-nerthe\/vin\/cuvee-des-cadettes-2013\/#breadcrumb\",\"itemListElement\":[{\"@type\":\"ListItem\",\"position\":1,\"name\":\"Vins\",\"item\":\"https:\/\/www.domainesrichard.fr\/chateau-la-nerthe\/vins\/\"},{\"@type\":\"ListItem\",\"position\":2,\"name\":\"Cuv\u00e9e des Cadettes 2013\"}]},{\"@type\":\"WebSite\",\"@id\":\"https:\/\/www.domainesrichard.fr\/chateau-la-nerthe\/#website\",\"url\":\"https:\/\/www.domainesrichard.fr\/chateau-la-nerthe\/\",\"name\":\"Ch\u00e2teau La Nerthe\",\"description\":\"Cinq si\u00e8cles d&#039;\u00e9l\u00e9gance\",\"publisher\":{\"@id\":\"https:\/\/www.domainesrichard.fr\/chateau-la-nerthe\/#organization\"},\"potentialAction\":[{\"@type\":\"SearchAction\",\"target\":{\"@type\":\"EntryPoint\",\"urlTemplate\":\"https:\/\/www.domainesrichard.fr\/chateau-la-nerthe\/?s={search_term_string}\"},\"query-input\":{\"@type\":\"PropertyValueSpecification\",\"valueRequired\":true,\"valueName\":\"search_term_string\"}}],\"inLanguage\":\"fr-FR\"},{\"@type\":\"Organization\",\"@id\":\"https:\/\/www.domainesrichard.fr\/chateau-la-nerthe\/#organization\",\"name\":\"Ch\u00e2teau la Nerthe\",\"url\":\"https:\/\/www.domainesrichard.fr\/chateau-la-nerthe\/\",\"logo\":{\"@type\":\"ImageObject\",\"inLanguage\":\"fr-FR\",\"@id\":\"https:\/\/www.domainesrichard.fr\/chateau-la-nerthe\/#\/schema\/logo\/image\/\",\"url\":\"https:\/\/www.domainesrichard.fr\/chateau-la-nerthe\/wp-content\/uploads\/sites\/3\/2021\/11\/Chateau-la-nerthe-logo.png\",\"contentUrl\":\"https:\/\/www.domainesrichard.fr\/chateau-la-nerthe\/wp-content\/uploads\/sites\/3\/2021\/11\/Chateau-la-nerthe-logo.png\",\"width\":600,\"height\":248,\"caption\":\"Ch\u00e2teau la Nerthe\"},\"image\":{\"@id\":\"https:\/\/www.domainesrichard.fr\/chateau-la-nerthe\/#\/schema\/logo\/image\/\"},\"sameAs\":[\"https:\/\/www.facebook.com\/chateaulanerthe\",\"https:\/\/www.instagram.com\/chateaulanerthe\/\",\"https:\/\/www.linkedin.com\/company\/domaines-richard\",\"https:\/\/www.youtube.com\/channel\/UCDjz3rnEynVj6l199P3Y9Cg\"]}]}<\/script>\n<!-- \/ Yoast SEO plugin. -->","yoast_head_json":{"title":"Ch\u00e2teauneuf-du-Pape Cuv\u00e9e des Cadettes 2013 - Ch\u00e2teau La Nerthe","description":"Le Ch\u00e2teauneuf-du-Pape Cuv\u00e9e des Cadettes 2013 exprime de mani\u00e8re singuli\u00e8re l\u2019\u00e9l\u00e9gance, la puissance, la race et l\u2019\u00e9quilibre de ce terroir unique.","robots":{"index":"index","follow":"follow","max-snippet":"max-snippet:-1","max-image-preview":"max-image-preview:large","max-video-preview":"max-video-preview:-1"},"canonical":"https:\/\/www.domainesrichard.fr\/chateau-la-nerthe\/vin\/cuvee-des-cadettes-2013\/","og_locale":"fr_FR","og_type":"article","og_title":"false","og_description":"Le Ch\u00e2teauneuf-du-Pape Cuv\u00e9e des Cadettes 2013 exprime de mani\u00e8re singuli\u00e8re l\u2019\u00e9l\u00e9gance, la puissance, la race et l\u2019\u00e9quilibre de ce terroir unique.","og_url":"https:\/\/www.domainesrichard.fr\/chateau-la-nerthe\/vin\/cuvee-des-cadettes-2013\/","og_site_name":"Ch\u00e2teau La Nerthe","article_publisher":"https:\/\/www.facebook.com\/chateaulanerthe","article_modified_time":"2022-10-10T13:06:48+00:00","og_image":[{"width":430,"height":600,"url":"https:\/\/www.domainesrichard.fr\/chateau-la-nerthe\/wp-content\/uploads\/sites\/3\/2022\/02\/CHATEAU-LA-NERTHE-CUVEE-DES-CADETES-1.jpg","type":"image\/jpeg"}],"twitter_card":"summary_large_image","twitter_misc":{"Dur\u00e9e de lecture estim\u00e9e":"1 minute"},"schema":{"@context":"https:\/\/schema.org","@graph":[{"@type":"WebPage","@id":"https:\/\/www.domainesrichard.fr\/chateau-la-nerthe\/vin\/cuvee-des-cadettes-2013\/","url":"https:\/\/www.domainesrichard.fr\/chateau-la-nerthe\/vin\/cuvee-des-cadettes-2013\/","name":"Ch\u00e2teauneuf-du-Pape Cuv\u00e9e des Cadettes 2013 - Ch\u00e2teau La Nerthe","isPartOf":{"@id":"https:\/\/www.domainesrichard.fr\/chateau-la-nerthe\/#website"},"primaryImageOfPage":{"@id":"https:\/\/www.domainesrichard.fr\/chateau-la-nerthe\/vin\/cuvee-des-cadettes-2013\/#primaryimage"},"image":{"@id":"https:\/\/www.domainesrichard.fr\/chateau-la-nerthe\/vin\/cuvee-des-cadettes-2013\/#primaryimage"},"thumbnailUrl":"https:\/\/www.domainesrichard.fr\/chateau-la-nerthe\/wp-content\/uploads\/sites\/3\/2022\/02\/CHATEAU-LA-NERTHE-CUVEE-DES-CADETES-1.jpg","datePublished":"2022-02-17T15:17:05+00:00","dateModified":"2022-10-10T13:06:48+00:00","description":"Le Ch\u00e2teauneuf-du-Pape Cuv\u00e9e des Cadettes 2013 exprime de mani\u00e8re singuli\u00e8re l\u2019\u00e9l\u00e9gance, la puissance, la race et l\u2019\u00e9quilibre de ce terroir unique.","breadcrumb":{"@id":"https:\/\/www.domainesrichard.fr\/chateau-la-nerthe\/vin\/cuvee-des-cadettes-2013\/#breadcrumb"},"inLanguage":"fr-FR","potentialAction":[{"@type":"ReadAction","target":["https:\/\/www.domainesrichard.fr\/chateau-la-nerthe\/vin\/cuvee-des-cadettes-2013\/"]}]},{"@type":"ImageObject","inLanguage":"fr-FR","@id":"https:\/\/www.domainesrichard.fr\/chateau-la-nerthe\/vin\/cuvee-des-cadettes-2013\/#primaryimage","url":"https:\/\/www.domainesrichard.fr\/chateau-la-nerthe\/wp-content\/uploads\/sites\/3\/2022\/02\/CHATEAU-LA-NERTHE-CUVEE-DES-CADETES-1.jpg","contentUrl":"https:\/\/www.domainesrichard.fr\/chateau-la-nerthe\/wp-content\/uploads\/sites\/3\/2022\/02\/CHATEAU-LA-NERTHE-CUVEE-DES-CADETES-1.jpg","width":430,"height":600,"caption":"Cuv\u00e9e des Cadettes"},{"@type":"BreadcrumbList","@id":"https:\/\/www.domainesrichard.fr\/chateau-la-nerthe\/vin\/cuvee-des-cadettes-2013\/#breadcrumb","itemListElement":[{"@type":"ListItem","position":1,"name":"Vins","item":"https:\/\/www.domainesrichard.fr\/chateau-la-nerthe\/vins\/"},{"@type":"ListItem","position":2,"name":"Cuv\u00e9e des Cadettes 2013"}]},{"@type":"WebSite","@id":"https:\/\/www.domainesrichard.fr\/chateau-la-nerthe\/#website","url":"https:\/\/www.domainesrichard.fr\/chateau-la-nerthe\/","name":"Ch\u00e2teau La Nerthe","description":"Cinq si\u00e8cles d&#039;\u00e9l\u00e9gance","publisher":{"@id":"https:\/\/www.domainesrichard.fr\/chateau-la-nerthe\/#organization"},"potentialAction":[{"@type":"SearchAction","target":{"@type":"EntryPoint","urlTemplate":"https:\/\/www.domainesrichard.fr\/chateau-la-nerthe\/?s={search_term_string}"},"query-input":{"@type":"PropertyValueSpecification","valueRequired":true,"valueName":"search_term_string"}}],"inLanguage":"fr-FR"},{"@type":"Organization","@id":"https:\/\/www.domainesrichard.fr\/chateau-la-nerthe\/#organization","name":"Ch\u00e2teau la Nerthe","url":"https:\/\/www.domainesrichard.fr\/chateau-la-nerthe\/","logo":{"@type":"ImageObject","inLanguage":"fr-FR","@id":"https:\/\/www.domainesrichard.fr\/chateau-la-nerthe\/#\/schema\/logo\/image\/","url":"https:\/\/www.domainesrichard.fr\/chateau-la-nerthe\/wp-content\/uploads\/sites\/3\/2021\/11\/Chateau-la-nerthe-logo.png","contentUrl":"https:\/\/www.domainesrichard.fr\/chateau-la-nerthe\/wp-content\/uploads\/sites\/3\/2021\/11\/Chateau-la-nerthe-logo.png","width":600,"height":248,"caption":"Ch\u00e2teau la Nerthe"},"image":{"@id":"https:\/\/www.domainesrichard.fr\/chateau-la-nerthe\/#\/schema\/logo\/image\/"},"sameAs":["https:\/\/www.facebook.com\/chateaulanerthe","https:\/\/www.instagram.com\/chateaulanerthe\/","https:\/\/www.linkedin.com\/company\/domaines-richard","https:\/\/www.youtube.com\/channel\/UCDjz3rnEynVj6l199P3Y9Cg"]}]}},"_links":{"self":[{"href":"https:\/\/www.domainesrichard.fr\/chateau-la-nerthe\/wp-json\/wp\/v2\/product\/1070","targetHints":{"allow":["GET"]}}],"collection":[{"href":"https:\/\/www.domainesrichard.fr\/chateau-la-nerthe\/wp-json\/wp\/v2\/product"}],"about":[{"href":"https:\/\/www.domainesrichard.fr\/chateau-la-nerthe\/wp-json\/wp\/v2\/types\/product"}],"wp:featuredmedia":[{"embeddable":true,"href":"https:\/\/www.domainesrichard.fr\/chateau-la-nerthe\/wp-json\/wp\/v2\/media\/1299"}],"wp:attachment":[{"href":"https:\/\/www.domainesrichard.fr\/chateau-la-nerthe\/wp-json\/wp\/v2\/media?parent=1070"}],"wp:term":[{"taxonomy":"product_brand","embeddable":true,"href":"https:\/\/www.domainesrichard.fr\/chateau-la-nerthe\/wp-json\/wp\/v2\/product_brand?post=1070"},{"taxonomy":"product_cat","embeddable":true,"href":"https:\/\/www.domainesrichard.fr\/chateau-la-nerthe\/wp-json\/wp\/v2\/product_cat?post=1070"},{"taxonomy":"product_tag","embeddable":true,"href":"https:\/\/www.domainesrichard.fr\/chateau-la-nerthe\/wp-json\/wp\/v2\/product_tag?post=1070"}],"curies":[{"name":"wp","href":"https:\/\/api.w.org\/{rel}","templated":true}]}}