{"id":1074,"date":"2022-02-17T16:23:41","date_gmt":"2022-02-17T15:23:41","guid":{"rendered":"https:\/\/www.domainesrichard.fr\/chateau-la-nerthe\/?post_type=product&#038;p=1074"},"modified":"2024-06-12T13:36:50","modified_gmt":"2024-06-12T11:36:50","slug":"les-clavelles-2015","status":"publish","type":"product","link":"https:\/\/www.domainesrichard.fr\/chateau-la-nerthe\/vin\/les-clavelles-2015\/","title":{"rendered":"Les Clavelles <span class='vintage the_title'>2015<\/span>"},"content":{"rendered":"<p>La cuv\u00e9e \u00ab\u00a0Les Clavelles\u00a0\u00bb porte le nom d\u2019une parcelle de grenache pur sur le versant ouest du fameux plateau de la Crau. Elle a pour origine la simple observation de l\u2019\u00e9quilibre de ce lieu, l\u2019\u00e9vidence de la d\u00e9gustation de ses raisins, la pl\u00e9nitude de ce coin de vignes. Le grenache trouve ici tout son \u00e9quilibre, oublie son caract\u00e8re puissant, en d\u00e9voilant d\u00e9licatesse et finesse tout en revendiquant une densit\u00e9 m\u00e9ridionale. Il se savoure seul afin de le comprendre dans son enti\u00e8ret\u00e9.<\/p>","protected":false},"excerpt":{"rendered":"<p>La cuv\u00e9e \u00ab\u00a0Les Clavelles\u00a0\u00bb porte le nom d\u2019une parcelle de grenache pur sur le versant ouest du fameux plateau de la Crau. Elle a pour origine la simple observation de l\u2019\u00e9quilibre de ce lieu, l\u2019\u00e9vidence de la d\u00e9gustation de ses raisins, la pl\u00e9nitude de ce coin de vignes. Le grenache trouve ici tout son \u00e9quilibre, [&hellip;]<\/p>","protected":false},"featured_media":3346,"template":"","meta":{"_acf_changed":false},"product_brand":[],"product_cat":[44],"product_tag":[],"class_list":{"0":"post-1074","1":"product","2":"type-product","3":"status-publish","4":"has-post-thumbnail","6":"product_cat-les-clavelles","8":"first","9":"instock","10":"taxable","11":"shipping-taxable","12":"purchasable","13":"product-type-simple"},"acf":[],"yoast_head":"<!-- This site is optimized with the Yoast SEO plugin v27.0 - https:\/\/yoast.com\/product\/yoast-seo-wordpress\/ -->\n<title>Ch\u00e2teauneuf-du-Pape Les Clavelles 2015 - Ch\u00e2teau La Nerthe<\/title>\n<meta name=\"description\" content=\"Le Ch\u00e2teauneuf-du-Pape Les Clavelles 2015 uniquement compos\u00e9 de grenache est un vin \u00e9l\u00e9gant et puissant, riche et vibrant, suave et structur\u00e9.\" \/>\n<meta name=\"robots\" content=\"index, follow, max-snippet:-1, max-image-preview:large, max-video-preview:-1\" \/>\n<link rel=\"canonical\" href=\"https:\/\/www.domainesrichard.fr\/chateau-la-nerthe\/vin\/les-clavelles-2015\/\" \/>\n<meta property=\"og:locale\" content=\"fr_FR\" \/>\n<meta property=\"og:type\" content=\"article\" \/>\n<meta property=\"og:title\" content=\"false\" \/>\n<meta property=\"og:description\" content=\"Le Ch\u00e2teauneuf-du-Pape Les Clavelles 2015 uniquement compos\u00e9 de grenache est un vin \u00e9l\u00e9gant et puissant, riche et vibrant, suave et structur\u00e9.\" \/>\n<meta property=\"og:url\" content=\"https:\/\/www.domainesrichard.fr\/chateau-la-nerthe\/vin\/les-clavelles-2015\/\" \/>\n<meta property=\"og:site_name\" content=\"Ch\u00e2teau La Nerthe\" \/>\n<meta property=\"article:publisher\" content=\"https:\/\/www.facebook.com\/chateaulanerthe\" \/>\n<meta property=\"article:modified_time\" content=\"2024-06-12T11:36:50+00:00\" \/>\n<meta property=\"og:image\" content=\"https:\/\/www.domainesrichard.fr\/chateau-la-nerthe\/wp-content\/uploads\/sites\/3\/2024\/03\/LA-NERTHE-LES-CLAVELLES-ROUGE.jpg\" \/>\n\t<meta property=\"og:image:width\" content=\"600\" \/>\n\t<meta property=\"og:image:height\" content=\"600\" \/>\n\t<meta property=\"og:image:type\" content=\"image\/jpeg\" \/>\n<meta name=\"twitter:card\" content=\"summary_large_image\" \/>\n<meta name=\"twitter:label1\" content=\"Dur\u00e9e de lecture estim\u00e9e\" \/>\n\t<meta name=\"twitter:data1\" content=\"1 minute\" \/>\n<script type=\"application\/ld+json\" class=\"yoast-schema-graph\">{\"@context\":\"https:\/\/schema.org\",\"@graph\":[{\"@type\":\"WebPage\",\"@id\":\"https:\/\/www.domainesrichard.fr\/chateau-la-nerthe\/vin\/les-clavelles-2015\/\",\"url\":\"https:\/\/www.domainesrichard.fr\/chateau-la-nerthe\/vin\/les-clavelles-2015\/\",\"name\":\"Ch\u00e2teauneuf-du-Pape Les Clavelles 2015 - Ch\u00e2teau La Nerthe\",\"isPartOf\":{\"@id\":\"https:\/\/www.domainesrichard.fr\/chateau-la-nerthe\/#website\"},\"primaryImageOfPage\":{\"@id\":\"https:\/\/www.domainesrichard.fr\/chateau-la-nerthe\/vin\/les-clavelles-2015\/#primaryimage\"},\"image\":{\"@id\":\"https:\/\/www.domainesrichard.fr\/chateau-la-nerthe\/vin\/les-clavelles-2015\/#primaryimage\"},\"thumbnailUrl\":\"https:\/\/www.domainesrichard.fr\/chateau-la-nerthe\/wp-content\/uploads\/sites\/3\/2024\/03\/LA-NERTHE-LES-CLAVELLES-ROUGE.jpg\",\"datePublished\":\"2022-02-17T15:23:41+00:00\",\"dateModified\":\"2024-06-12T11:36:50+00:00\",\"description\":\"Le Ch\u00e2teauneuf-du-Pape Les Clavelles 2015 uniquement compos\u00e9 de grenache est un vin \u00e9l\u00e9gant et puissant, riche et vibrant, suave et structur\u00e9.\",\"breadcrumb\":{\"@id\":\"https:\/\/www.domainesrichard.fr\/chateau-la-nerthe\/vin\/les-clavelles-2015\/#breadcrumb\"},\"inLanguage\":\"fr-FR\",\"potentialAction\":[{\"@type\":\"ReadAction\",\"target\":[\"https:\/\/www.domainesrichard.fr\/chateau-la-nerthe\/vin\/les-clavelles-2015\/\"]}]},{\"@type\":\"ImageObject\",\"inLanguage\":\"fr-FR\",\"@id\":\"https:\/\/www.domainesrichard.fr\/chateau-la-nerthe\/vin\/les-clavelles-2015\/#primaryimage\",\"url\":\"https:\/\/www.domainesrichard.fr\/chateau-la-nerthe\/wp-content\/uploads\/sites\/3\/2024\/03\/LA-NERTHE-LES-CLAVELLES-ROUGE.jpg\",\"contentUrl\":\"https:\/\/www.domainesrichard.fr\/chateau-la-nerthe\/wp-content\/uploads\/sites\/3\/2024\/03\/LA-NERTHE-LES-CLAVELLES-ROUGE.jpg\",\"width\":600,\"height\":600,\"caption\":\"Cuv\u00e9e des Clavelles\"},{\"@type\":\"BreadcrumbList\",\"@id\":\"https:\/\/www.domainesrichard.fr\/chateau-la-nerthe\/vin\/les-clavelles-2015\/#breadcrumb\",\"itemListElement\":[{\"@type\":\"ListItem\",\"position\":1,\"name\":\"Vins\",\"item\":\"https:\/\/www.domainesrichard.fr\/chateau-la-nerthe\/vins\/\"},{\"@type\":\"ListItem\",\"position\":2,\"name\":\"Les Clavelles 2015\"}]},{\"@type\":\"WebSite\",\"@id\":\"https:\/\/www.domainesrichard.fr\/chateau-la-nerthe\/#website\",\"url\":\"https:\/\/www.domainesrichard.fr\/chateau-la-nerthe\/\",\"name\":\"Ch\u00e2teau La Nerthe\",\"description\":\"Cinq si\u00e8cles d&#039;\u00e9l\u00e9gance\",\"publisher\":{\"@id\":\"https:\/\/www.domainesrichard.fr\/chateau-la-nerthe\/#organization\"},\"potentialAction\":[{\"@type\":\"SearchAction\",\"target\":{\"@type\":\"EntryPoint\",\"urlTemplate\":\"https:\/\/www.domainesrichard.fr\/chateau-la-nerthe\/?s={search_term_string}\"},\"query-input\":{\"@type\":\"PropertyValueSpecification\",\"valueRequired\":true,\"valueName\":\"search_term_string\"}}],\"inLanguage\":\"fr-FR\"},{\"@type\":\"Organization\",\"@id\":\"https:\/\/www.domainesrichard.fr\/chateau-la-nerthe\/#organization\",\"name\":\"Ch\u00e2teau la Nerthe\",\"url\":\"https:\/\/www.domainesrichard.fr\/chateau-la-nerthe\/\",\"logo\":{\"@type\":\"ImageObject\",\"inLanguage\":\"fr-FR\",\"@id\":\"https:\/\/www.domainesrichard.fr\/chateau-la-nerthe\/#\/schema\/logo\/image\/\",\"url\":\"https:\/\/www.domainesrichard.fr\/chateau-la-nerthe\/wp-content\/uploads\/sites\/3\/2021\/11\/Chateau-la-nerthe-logo.png\",\"contentUrl\":\"https:\/\/www.domainesrichard.fr\/chateau-la-nerthe\/wp-content\/uploads\/sites\/3\/2021\/11\/Chateau-la-nerthe-logo.png\",\"width\":600,\"height\":248,\"caption\":\"Ch\u00e2teau la Nerthe\"},\"image\":{\"@id\":\"https:\/\/www.domainesrichard.fr\/chateau-la-nerthe\/#\/schema\/logo\/image\/\"},\"sameAs\":[\"https:\/\/www.facebook.com\/chateaulanerthe\",\"https:\/\/www.instagram.com\/chateaulanerthe\/\",\"https:\/\/www.linkedin.com\/company\/domaines-richard\",\"https:\/\/www.youtube.com\/channel\/UCDjz3rnEynVj6l199P3Y9Cg\"]}]}<\/script>\n<!-- \/ Yoast SEO plugin. -->","yoast_head_json":{"title":"Ch\u00e2teauneuf-du-Pape Les Clavelles 2015 - Ch\u00e2teau La Nerthe","description":"Le Ch\u00e2teauneuf-du-Pape Les Clavelles 2015 uniquement compos\u00e9 de grenache est un vin \u00e9l\u00e9gant et puissant, riche et vibrant, suave et structur\u00e9.","robots":{"index":"index","follow":"follow","max-snippet":"max-snippet:-1","max-image-preview":"max-image-preview:large","max-video-preview":"max-video-preview:-1"},"canonical":"https:\/\/www.domainesrichard.fr\/chateau-la-nerthe\/vin\/les-clavelles-2015\/","og_locale":"fr_FR","og_type":"article","og_title":"false","og_description":"Le Ch\u00e2teauneuf-du-Pape Les Clavelles 2015 uniquement compos\u00e9 de grenache est un vin \u00e9l\u00e9gant et puissant, riche et vibrant, suave et structur\u00e9.","og_url":"https:\/\/www.domainesrichard.fr\/chateau-la-nerthe\/vin\/les-clavelles-2015\/","og_site_name":"Ch\u00e2teau La Nerthe","article_publisher":"https:\/\/www.facebook.com\/chateaulanerthe","article_modified_time":"2024-06-12T11:36:50+00:00","og_image":[{"width":600,"height":600,"url":"https:\/\/www.domainesrichard.fr\/chateau-la-nerthe\/wp-content\/uploads\/sites\/3\/2024\/03\/LA-NERTHE-LES-CLAVELLES-ROUGE.jpg","type":"image\/jpeg"}],"twitter_card":"summary_large_image","twitter_misc":{"Dur\u00e9e de lecture estim\u00e9e":"1 minute"},"schema":{"@context":"https:\/\/schema.org","@graph":[{"@type":"WebPage","@id":"https:\/\/www.domainesrichard.fr\/chateau-la-nerthe\/vin\/les-clavelles-2015\/","url":"https:\/\/www.domainesrichard.fr\/chateau-la-nerthe\/vin\/les-clavelles-2015\/","name":"Ch\u00e2teauneuf-du-Pape Les Clavelles 2015 - Ch\u00e2teau La Nerthe","isPartOf":{"@id":"https:\/\/www.domainesrichard.fr\/chateau-la-nerthe\/#website"},"primaryImageOfPage":{"@id":"https:\/\/www.domainesrichard.fr\/chateau-la-nerthe\/vin\/les-clavelles-2015\/#primaryimage"},"image":{"@id":"https:\/\/www.domainesrichard.fr\/chateau-la-nerthe\/vin\/les-clavelles-2015\/#primaryimage"},"thumbnailUrl":"https:\/\/www.domainesrichard.fr\/chateau-la-nerthe\/wp-content\/uploads\/sites\/3\/2024\/03\/LA-NERTHE-LES-CLAVELLES-ROUGE.jpg","datePublished":"2022-02-17T15:23:41+00:00","dateModified":"2024-06-12T11:36:50+00:00","description":"Le Ch\u00e2teauneuf-du-Pape Les Clavelles 2015 uniquement compos\u00e9 de grenache est un vin \u00e9l\u00e9gant et puissant, riche et vibrant, suave et structur\u00e9.","breadcrumb":{"@id":"https:\/\/www.domainesrichard.fr\/chateau-la-nerthe\/vin\/les-clavelles-2015\/#breadcrumb"},"inLanguage":"fr-FR","potentialAction":[{"@type":"ReadAction","target":["https:\/\/www.domainesrichard.fr\/chateau-la-nerthe\/vin\/les-clavelles-2015\/"]}]},{"@type":"ImageObject","inLanguage":"fr-FR","@id":"https:\/\/www.domainesrichard.fr\/chateau-la-nerthe\/vin\/les-clavelles-2015\/#primaryimage","url":"https:\/\/www.domainesrichard.fr\/chateau-la-nerthe\/wp-content\/uploads\/sites\/3\/2024\/03\/LA-NERTHE-LES-CLAVELLES-ROUGE.jpg","contentUrl":"https:\/\/www.domainesrichard.fr\/chateau-la-nerthe\/wp-content\/uploads\/sites\/3\/2024\/03\/LA-NERTHE-LES-CLAVELLES-ROUGE.jpg","width":600,"height":600,"caption":"Cuv\u00e9e des Clavelles"},{"@type":"BreadcrumbList","@id":"https:\/\/www.domainesrichard.fr\/chateau-la-nerthe\/vin\/les-clavelles-2015\/#breadcrumb","itemListElement":[{"@type":"ListItem","position":1,"name":"Vins","item":"https:\/\/www.domainesrichard.fr\/chateau-la-nerthe\/vins\/"},{"@type":"ListItem","position":2,"name":"Les Clavelles 2015"}]},{"@type":"WebSite","@id":"https:\/\/www.domainesrichard.fr\/chateau-la-nerthe\/#website","url":"https:\/\/www.domainesrichard.fr\/chateau-la-nerthe\/","name":"Ch\u00e2teau La Nerthe","description":"Cinq si\u00e8cles d&#039;\u00e9l\u00e9gance","publisher":{"@id":"https:\/\/www.domainesrichard.fr\/chateau-la-nerthe\/#organization"},"potentialAction":[{"@type":"SearchAction","target":{"@type":"EntryPoint","urlTemplate":"https:\/\/www.domainesrichard.fr\/chateau-la-nerthe\/?s={search_term_string}"},"query-input":{"@type":"PropertyValueSpecification","valueRequired":true,"valueName":"search_term_string"}}],"inLanguage":"fr-FR"},{"@type":"Organization","@id":"https:\/\/www.domainesrichard.fr\/chateau-la-nerthe\/#organization","name":"Ch\u00e2teau la Nerthe","url":"https:\/\/www.domainesrichard.fr\/chateau-la-nerthe\/","logo":{"@type":"ImageObject","inLanguage":"fr-FR","@id":"https:\/\/www.domainesrichard.fr\/chateau-la-nerthe\/#\/schema\/logo\/image\/","url":"https:\/\/www.domainesrichard.fr\/chateau-la-nerthe\/wp-content\/uploads\/sites\/3\/2021\/11\/Chateau-la-nerthe-logo.png","contentUrl":"https:\/\/www.domainesrichard.fr\/chateau-la-nerthe\/wp-content\/uploads\/sites\/3\/2021\/11\/Chateau-la-nerthe-logo.png","width":600,"height":248,"caption":"Ch\u00e2teau la Nerthe"},"image":{"@id":"https:\/\/www.domainesrichard.fr\/chateau-la-nerthe\/#\/schema\/logo\/image\/"},"sameAs":["https:\/\/www.facebook.com\/chateaulanerthe","https:\/\/www.instagram.com\/chateaulanerthe\/","https:\/\/www.linkedin.com\/company\/domaines-richard","https:\/\/www.youtube.com\/channel\/UCDjz3rnEynVj6l199P3Y9Cg"]}]}},"_links":{"self":[{"href":"https:\/\/www.domainesrichard.fr\/chateau-la-nerthe\/wp-json\/wp\/v2\/product\/1074","targetHints":{"allow":["GET"]}}],"collection":[{"href":"https:\/\/www.domainesrichard.fr\/chateau-la-nerthe\/wp-json\/wp\/v2\/product"}],"about":[{"href":"https:\/\/www.domainesrichard.fr\/chateau-la-nerthe\/wp-json\/wp\/v2\/types\/product"}],"wp:featuredmedia":[{"embeddable":true,"href":"https:\/\/www.domainesrichard.fr\/chateau-la-nerthe\/wp-json\/wp\/v2\/media\/3346"}],"wp:attachment":[{"href":"https:\/\/www.domainesrichard.fr\/chateau-la-nerthe\/wp-json\/wp\/v2\/media?parent=1074"}],"wp:term":[{"taxonomy":"product_brand","embeddable":true,"href":"https:\/\/www.domainesrichard.fr\/chateau-la-nerthe\/wp-json\/wp\/v2\/product_brand?post=1074"},{"taxonomy":"product_cat","embeddable":true,"href":"https:\/\/www.domainesrichard.fr\/chateau-la-nerthe\/wp-json\/wp\/v2\/product_cat?post=1074"},{"taxonomy":"product_tag","embeddable":true,"href":"https:\/\/www.domainesrichard.fr\/chateau-la-nerthe\/wp-json\/wp\/v2\/product_tag?post=1074"}],"curies":[{"name":"wp","href":"https:\/\/api.w.org\/{rel}","templated":true}]}}