{"id":1081,"date":"2022-02-17T16:30:55","date_gmt":"2022-02-17T15:30:55","guid":{"rendered":"https:\/\/www.domainesrichard.fr\/chateau-la-nerthe\/?post_type=product&#038;p=1081"},"modified":"2024-06-12T13:34:50","modified_gmt":"2024-06-12T11:34:50","slug":"les-cassagnes-de-la-nerthe-2020-blanc","status":"publish","type":"product","link":"https:\/\/www.domainesrichard.fr\/chateau-la-nerthe\/vin\/les-cassagnes-de-la-nerthe-2020-blanc\/","title":{"rendered":"Les Cassagnes de La Nerthe <span class='vintage the_title'>2020<\/span>"},"content":{"rendered":"<p>Cassagnes signifie \u00ab\u00a0ch\u00eane vert\u00a0\u00bb en proven\u00e7al. Le vignoble en est bord\u00e9, la vigne \u00e9volue entre for\u00eat m\u00e9diterran\u00e9enne et garrigue. L\u00e0-haut, les parcelles de blanc gardent la fra\u00eecheur et r\u00e9v\u00e8lent des ar\u00f4mes de fruits et de fleurs. \u00ab\u00a0Les Cassagnes de La Nerthe\u00a0\u00bb blanc se d\u00e9guste avec des plats estivaux sur le th\u00e8me de la mer mais pas que\u2026<\/p>","protected":false},"excerpt":{"rendered":"<p>Cassagnes signifie \u00ab\u00a0ch\u00eane vert\u00a0\u00bb en proven\u00e7al. Le vignoble en est bord\u00e9, la vigne \u00e9volue entre for\u00eat m\u00e9diterran\u00e9enne et garrigue. L\u00e0-haut, les parcelles de blanc gardent la fra\u00eecheur et r\u00e9v\u00e8lent des ar\u00f4mes de fruits et de fleurs. \u00ab\u00a0Les Cassagnes de La Nerthe\u00a0\u00bb blanc se d\u00e9guste avec des plats estivaux sur le th\u00e8me de la mer mais [&hellip;]<\/p>","protected":false},"featured_media":3344,"template":"","meta":{"_acf_changed":false},"product_brand":[],"product_cat":[72],"product_tag":[],"class_list":{"0":"post-1081","1":"product","2":"type-product","3":"status-publish","4":"has-post-thumbnail","6":"product_cat-les-cassagnes-de-la-nerthe","8":"first","9":"instock","10":"taxable","11":"shipping-taxable","12":"purchasable","13":"product-type-simple"},"acf":[],"yoast_head":"<!-- This site is optimized with the Yoast SEO plugin v27.0 - https:\/\/yoast.com\/product\/yoast-seo-wordpress\/ -->\n<title>C\u00f4tes du Rh\u00f4ne Les Cassagnes de La Nerthe Blanc 2020<\/title>\n<meta name=\"description\" content=\"Le C\u00f4tes-du-Rh\u00f4ne blanc Cassagnes de La Nerthe 2020 est un vin d\u00e9licat fruit\u00e9 et floral \u00e0 la bouche onctueuse avec une finale longue, ample et fra\u00eeche.\" \/>\n<meta name=\"robots\" content=\"index, follow, max-snippet:-1, max-image-preview:large, max-video-preview:-1\" \/>\n<link rel=\"canonical\" href=\"https:\/\/www.domainesrichard.fr\/chateau-la-nerthe\/vin\/les-cassagnes-de-la-nerthe-2020-blanc\/\" \/>\n<meta property=\"og:locale\" content=\"fr_FR\" \/>\n<meta property=\"og:type\" content=\"article\" \/>\n<meta property=\"og:title\" content=\"false\" \/>\n<meta property=\"og:description\" content=\"Le C\u00f4tes-du-Rh\u00f4ne blanc Cassagnes de La Nerthe 2020 est un vin d\u00e9licat fruit\u00e9 et floral \u00e0 la bouche onctueuse avec une finale longue, ample et fra\u00eeche.\" \/>\n<meta property=\"og:url\" content=\"https:\/\/www.domainesrichard.fr\/chateau-la-nerthe\/vin\/les-cassagnes-de-la-nerthe-2020-blanc\/\" \/>\n<meta property=\"og:site_name\" content=\"Ch\u00e2teau La Nerthe\" \/>\n<meta property=\"article:publisher\" content=\"https:\/\/www.facebook.com\/chateaulanerthe\" \/>\n<meta property=\"article:modified_time\" content=\"2024-06-12T11:34:50+00:00\" \/>\n<meta property=\"og:image\" content=\"https:\/\/www.domainesrichard.fr\/chateau-la-nerthe\/wp-content\/uploads\/sites\/3\/2023\/05\/LA-NERTHE-LES-CASSAGNES-BLANC.jpg\" \/>\n\t<meta property=\"og:image:width\" content=\"600\" \/>\n\t<meta property=\"og:image:height\" content=\"600\" \/>\n\t<meta property=\"og:image:type\" content=\"image\/jpeg\" \/>\n<meta name=\"twitter:card\" content=\"summary_large_image\" \/>\n<meta name=\"twitter:label1\" content=\"Dur\u00e9e de lecture estim\u00e9e\" \/>\n\t<meta name=\"twitter:data1\" content=\"1 minute\" \/>\n<script type=\"application\/ld+json\" class=\"yoast-schema-graph\">{\"@context\":\"https:\/\/schema.org\",\"@graph\":[{\"@type\":\"WebPage\",\"@id\":\"https:\/\/www.domainesrichard.fr\/chateau-la-nerthe\/vin\/les-cassagnes-de-la-nerthe-2020-blanc\/\",\"url\":\"https:\/\/www.domainesrichard.fr\/chateau-la-nerthe\/vin\/les-cassagnes-de-la-nerthe-2020-blanc\/\",\"name\":\"C\u00f4tes du Rh\u00f4ne Les Cassagnes de La Nerthe Blanc 2020\",\"isPartOf\":{\"@id\":\"https:\/\/www.domainesrichard.fr\/chateau-la-nerthe\/#website\"},\"primaryImageOfPage\":{\"@id\":\"https:\/\/www.domainesrichard.fr\/chateau-la-nerthe\/vin\/les-cassagnes-de-la-nerthe-2020-blanc\/#primaryimage\"},\"image\":{\"@id\":\"https:\/\/www.domainesrichard.fr\/chateau-la-nerthe\/vin\/les-cassagnes-de-la-nerthe-2020-blanc\/#primaryimage\"},\"thumbnailUrl\":\"https:\/\/www.domainesrichard.fr\/chateau-la-nerthe\/wp-content\/uploads\/sites\/3\/2023\/05\/LA-NERTHE-LES-CASSAGNES-BLANC.jpg\",\"datePublished\":\"2022-02-17T15:30:55+00:00\",\"dateModified\":\"2024-06-12T11:34:50+00:00\",\"description\":\"Le C\u00f4tes-du-Rh\u00f4ne blanc Cassagnes de La Nerthe 2020 est un vin d\u00e9licat fruit\u00e9 et floral \u00e0 la bouche onctueuse avec une finale longue, ample et fra\u00eeche.\",\"breadcrumb\":{\"@id\":\"https:\/\/www.domainesrichard.fr\/chateau-la-nerthe\/vin\/les-cassagnes-de-la-nerthe-2020-blanc\/#breadcrumb\"},\"inLanguage\":\"fr-FR\",\"potentialAction\":[{\"@type\":\"ReadAction\",\"target\":[\"https:\/\/www.domainesrichard.fr\/chateau-la-nerthe\/vin\/les-cassagnes-de-la-nerthe-2020-blanc\/\"]}]},{\"@type\":\"ImageObject\",\"inLanguage\":\"fr-FR\",\"@id\":\"https:\/\/www.domainesrichard.fr\/chateau-la-nerthe\/vin\/les-cassagnes-de-la-nerthe-2020-blanc\/#primaryimage\",\"url\":\"https:\/\/www.domainesrichard.fr\/chateau-la-nerthe\/wp-content\/uploads\/sites\/3\/2023\/05\/LA-NERTHE-LES-CASSAGNES-BLANC.jpg\",\"contentUrl\":\"https:\/\/www.domainesrichard.fr\/chateau-la-nerthe\/wp-content\/uploads\/sites\/3\/2023\/05\/LA-NERTHE-LES-CASSAGNES-BLANC.jpg\",\"width\":600,\"height\":600,\"caption\":\"Les Cassagnes blanc\"},{\"@type\":\"BreadcrumbList\",\"@id\":\"https:\/\/www.domainesrichard.fr\/chateau-la-nerthe\/vin\/les-cassagnes-de-la-nerthe-2020-blanc\/#breadcrumb\",\"itemListElement\":[{\"@type\":\"ListItem\",\"position\":1,\"name\":\"Vins\",\"item\":\"https:\/\/www.domainesrichard.fr\/chateau-la-nerthe\/vins\/\"},{\"@type\":\"ListItem\",\"position\":2,\"name\":\"Les Cassagnes de La Nerthe 2020\"}]},{\"@type\":\"WebSite\",\"@id\":\"https:\/\/www.domainesrichard.fr\/chateau-la-nerthe\/#website\",\"url\":\"https:\/\/www.domainesrichard.fr\/chateau-la-nerthe\/\",\"name\":\"Ch\u00e2teau La Nerthe\",\"description\":\"Cinq si\u00e8cles d&#039;\u00e9l\u00e9gance\",\"publisher\":{\"@id\":\"https:\/\/www.domainesrichard.fr\/chateau-la-nerthe\/#organization\"},\"potentialAction\":[{\"@type\":\"SearchAction\",\"target\":{\"@type\":\"EntryPoint\",\"urlTemplate\":\"https:\/\/www.domainesrichard.fr\/chateau-la-nerthe\/?s={search_term_string}\"},\"query-input\":{\"@type\":\"PropertyValueSpecification\",\"valueRequired\":true,\"valueName\":\"search_term_string\"}}],\"inLanguage\":\"fr-FR\"},{\"@type\":\"Organization\",\"@id\":\"https:\/\/www.domainesrichard.fr\/chateau-la-nerthe\/#organization\",\"name\":\"Ch\u00e2teau la Nerthe\",\"url\":\"https:\/\/www.domainesrichard.fr\/chateau-la-nerthe\/\",\"logo\":{\"@type\":\"ImageObject\",\"inLanguage\":\"fr-FR\",\"@id\":\"https:\/\/www.domainesrichard.fr\/chateau-la-nerthe\/#\/schema\/logo\/image\/\",\"url\":\"https:\/\/www.domainesrichard.fr\/chateau-la-nerthe\/wp-content\/uploads\/sites\/3\/2021\/11\/Chateau-la-nerthe-logo.png\",\"contentUrl\":\"https:\/\/www.domainesrichard.fr\/chateau-la-nerthe\/wp-content\/uploads\/sites\/3\/2021\/11\/Chateau-la-nerthe-logo.png\",\"width\":600,\"height\":248,\"caption\":\"Ch\u00e2teau la Nerthe\"},\"image\":{\"@id\":\"https:\/\/www.domainesrichard.fr\/chateau-la-nerthe\/#\/schema\/logo\/image\/\"},\"sameAs\":[\"https:\/\/www.facebook.com\/chateaulanerthe\",\"https:\/\/www.instagram.com\/chateaulanerthe\/\",\"https:\/\/www.linkedin.com\/company\/domaines-richard\",\"https:\/\/www.youtube.com\/channel\/UCDjz3rnEynVj6l199P3Y9Cg\"]}]}<\/script>\n<!-- \/ Yoast SEO plugin. -->","yoast_head_json":{"title":"C\u00f4tes du Rh\u00f4ne Les Cassagnes de La Nerthe Blanc 2020","description":"Le C\u00f4tes-du-Rh\u00f4ne blanc Cassagnes de La Nerthe 2020 est un vin d\u00e9licat fruit\u00e9 et floral \u00e0 la bouche onctueuse avec une finale longue, ample et fra\u00eeche.","robots":{"index":"index","follow":"follow","max-snippet":"max-snippet:-1","max-image-preview":"max-image-preview:large","max-video-preview":"max-video-preview:-1"},"canonical":"https:\/\/www.domainesrichard.fr\/chateau-la-nerthe\/vin\/les-cassagnes-de-la-nerthe-2020-blanc\/","og_locale":"fr_FR","og_type":"article","og_title":"false","og_description":"Le C\u00f4tes-du-Rh\u00f4ne blanc Cassagnes de La Nerthe 2020 est un vin d\u00e9licat fruit\u00e9 et floral \u00e0 la bouche onctueuse avec une finale longue, ample et fra\u00eeche.","og_url":"https:\/\/www.domainesrichard.fr\/chateau-la-nerthe\/vin\/les-cassagnes-de-la-nerthe-2020-blanc\/","og_site_name":"Ch\u00e2teau La Nerthe","article_publisher":"https:\/\/www.facebook.com\/chateaulanerthe","article_modified_time":"2024-06-12T11:34:50+00:00","og_image":[{"width":600,"height":600,"url":"https:\/\/www.domainesrichard.fr\/chateau-la-nerthe\/wp-content\/uploads\/sites\/3\/2023\/05\/LA-NERTHE-LES-CASSAGNES-BLANC.jpg","type":"image\/jpeg"}],"twitter_card":"summary_large_image","twitter_misc":{"Dur\u00e9e de lecture estim\u00e9e":"1 minute"},"schema":{"@context":"https:\/\/schema.org","@graph":[{"@type":"WebPage","@id":"https:\/\/www.domainesrichard.fr\/chateau-la-nerthe\/vin\/les-cassagnes-de-la-nerthe-2020-blanc\/","url":"https:\/\/www.domainesrichard.fr\/chateau-la-nerthe\/vin\/les-cassagnes-de-la-nerthe-2020-blanc\/","name":"C\u00f4tes du Rh\u00f4ne Les Cassagnes de La Nerthe Blanc 2020","isPartOf":{"@id":"https:\/\/www.domainesrichard.fr\/chateau-la-nerthe\/#website"},"primaryImageOfPage":{"@id":"https:\/\/www.domainesrichard.fr\/chateau-la-nerthe\/vin\/les-cassagnes-de-la-nerthe-2020-blanc\/#primaryimage"},"image":{"@id":"https:\/\/www.domainesrichard.fr\/chateau-la-nerthe\/vin\/les-cassagnes-de-la-nerthe-2020-blanc\/#primaryimage"},"thumbnailUrl":"https:\/\/www.domainesrichard.fr\/chateau-la-nerthe\/wp-content\/uploads\/sites\/3\/2023\/05\/LA-NERTHE-LES-CASSAGNES-BLANC.jpg","datePublished":"2022-02-17T15:30:55+00:00","dateModified":"2024-06-12T11:34:50+00:00","description":"Le C\u00f4tes-du-Rh\u00f4ne blanc Cassagnes de La Nerthe 2020 est un vin d\u00e9licat fruit\u00e9 et floral \u00e0 la bouche onctueuse avec une finale longue, ample et fra\u00eeche.","breadcrumb":{"@id":"https:\/\/www.domainesrichard.fr\/chateau-la-nerthe\/vin\/les-cassagnes-de-la-nerthe-2020-blanc\/#breadcrumb"},"inLanguage":"fr-FR","potentialAction":[{"@type":"ReadAction","target":["https:\/\/www.domainesrichard.fr\/chateau-la-nerthe\/vin\/les-cassagnes-de-la-nerthe-2020-blanc\/"]}]},{"@type":"ImageObject","inLanguage":"fr-FR","@id":"https:\/\/www.domainesrichard.fr\/chateau-la-nerthe\/vin\/les-cassagnes-de-la-nerthe-2020-blanc\/#primaryimage","url":"https:\/\/www.domainesrichard.fr\/chateau-la-nerthe\/wp-content\/uploads\/sites\/3\/2023\/05\/LA-NERTHE-LES-CASSAGNES-BLANC.jpg","contentUrl":"https:\/\/www.domainesrichard.fr\/chateau-la-nerthe\/wp-content\/uploads\/sites\/3\/2023\/05\/LA-NERTHE-LES-CASSAGNES-BLANC.jpg","width":600,"height":600,"caption":"Les Cassagnes blanc"},{"@type":"BreadcrumbList","@id":"https:\/\/www.domainesrichard.fr\/chateau-la-nerthe\/vin\/les-cassagnes-de-la-nerthe-2020-blanc\/#breadcrumb","itemListElement":[{"@type":"ListItem","position":1,"name":"Vins","item":"https:\/\/www.domainesrichard.fr\/chateau-la-nerthe\/vins\/"},{"@type":"ListItem","position":2,"name":"Les Cassagnes de La Nerthe 2020"}]},{"@type":"WebSite","@id":"https:\/\/www.domainesrichard.fr\/chateau-la-nerthe\/#website","url":"https:\/\/www.domainesrichard.fr\/chateau-la-nerthe\/","name":"Ch\u00e2teau La Nerthe","description":"Cinq si\u00e8cles d&#039;\u00e9l\u00e9gance","publisher":{"@id":"https:\/\/www.domainesrichard.fr\/chateau-la-nerthe\/#organization"},"potentialAction":[{"@type":"SearchAction","target":{"@type":"EntryPoint","urlTemplate":"https:\/\/www.domainesrichard.fr\/chateau-la-nerthe\/?s={search_term_string}"},"query-input":{"@type":"PropertyValueSpecification","valueRequired":true,"valueName":"search_term_string"}}],"inLanguage":"fr-FR"},{"@type":"Organization","@id":"https:\/\/www.domainesrichard.fr\/chateau-la-nerthe\/#organization","name":"Ch\u00e2teau la Nerthe","url":"https:\/\/www.domainesrichard.fr\/chateau-la-nerthe\/","logo":{"@type":"ImageObject","inLanguage":"fr-FR","@id":"https:\/\/www.domainesrichard.fr\/chateau-la-nerthe\/#\/schema\/logo\/image\/","url":"https:\/\/www.domainesrichard.fr\/chateau-la-nerthe\/wp-content\/uploads\/sites\/3\/2021\/11\/Chateau-la-nerthe-logo.png","contentUrl":"https:\/\/www.domainesrichard.fr\/chateau-la-nerthe\/wp-content\/uploads\/sites\/3\/2021\/11\/Chateau-la-nerthe-logo.png","width":600,"height":248,"caption":"Ch\u00e2teau la Nerthe"},"image":{"@id":"https:\/\/www.domainesrichard.fr\/chateau-la-nerthe\/#\/schema\/logo\/image\/"},"sameAs":["https:\/\/www.facebook.com\/chateaulanerthe","https:\/\/www.instagram.com\/chateaulanerthe\/","https:\/\/www.linkedin.com\/company\/domaines-richard","https:\/\/www.youtube.com\/channel\/UCDjz3rnEynVj6l199P3Y9Cg"]}]}},"_links":{"self":[{"href":"https:\/\/www.domainesrichard.fr\/chateau-la-nerthe\/wp-json\/wp\/v2\/product\/1081","targetHints":{"allow":["GET"]}}],"collection":[{"href":"https:\/\/www.domainesrichard.fr\/chateau-la-nerthe\/wp-json\/wp\/v2\/product"}],"about":[{"href":"https:\/\/www.domainesrichard.fr\/chateau-la-nerthe\/wp-json\/wp\/v2\/types\/product"}],"wp:featuredmedia":[{"embeddable":true,"href":"https:\/\/www.domainesrichard.fr\/chateau-la-nerthe\/wp-json\/wp\/v2\/media\/3344"}],"wp:attachment":[{"href":"https:\/\/www.domainesrichard.fr\/chateau-la-nerthe\/wp-json\/wp\/v2\/media?parent=1081"}],"wp:term":[{"taxonomy":"product_brand","embeddable":true,"href":"https:\/\/www.domainesrichard.fr\/chateau-la-nerthe\/wp-json\/wp\/v2\/product_brand?post=1081"},{"taxonomy":"product_cat","embeddable":true,"href":"https:\/\/www.domainesrichard.fr\/chateau-la-nerthe\/wp-json\/wp\/v2\/product_cat?post=1081"},{"taxonomy":"product_tag","embeddable":true,"href":"https:\/\/www.domainesrichard.fr\/chateau-la-nerthe\/wp-json\/wp\/v2\/product_tag?post=1081"}],"curies":[{"name":"wp","href":"https:\/\/api.w.org\/{rel}","templated":true}]}}