{"id":1873,"date":"2022-09-28T16:25:59","date_gmt":"2022-09-28T14:25:59","guid":{"rendered":"https:\/\/www.domainesrichard.fr\/chateau-la-nerthe\/?post_type=product&#038;p=1873"},"modified":"2024-06-12T13:21:46","modified_gmt":"2024-06-12T11:21:46","slug":"chateau-la-nerthe-2021-blanc","status":"publish","type":"product","link":"https:\/\/www.domainesrichard.fr\/chateau-la-nerthe\/vin\/chateau-la-nerthe-2021-blanc\/","title":{"rendered":"Ch\u00e2teau La Nerthe <span class='vintage the_title'>2021<\/span>"},"content":{"rendered":"<p>Les sources naturelles qui bordent le domaine font de Ch\u00e2teau La Nerthe blanc un vin d\u2019exception, pur et \u00e9l\u00e9gant se distinguant par sa promesse de fra\u00eecheur.<br \/>\nRoussanne, grenache blanc, clairette et bourboulenc se conjuguent pour un accord parfait avec de d\u00e9licats poissons tels que la daurade ou le loup.<\/p>","protected":false},"excerpt":{"rendered":"<p>Les sources naturelles qui bordent le domaine font de Ch\u00e2teau La Nerthe blanc un vin d\u2019exception, pur et \u00e9l\u00e9gant se distinguant par sa promesse de fra\u00eecheur. Roussanne, grenache blanc, clairette et bourboulenc se conjuguent pour un accord parfait avec de d\u00e9licats poissons tels que la daurade ou le loup.<\/p>","protected":false},"featured_media":3334,"template":"","meta":{"_acf_changed":false},"product_brand":[],"product_cat":[41],"product_tag":[],"class_list":{"0":"post-1873","1":"product","2":"type-product","3":"status-publish","4":"has-post-thumbnail","6":"product_cat-chateau-la-nerthe","8":"first","9":"outofstock","10":"taxable","11":"shipping-taxable","12":"purchasable","13":"product-type-simple"},"acf":[],"yoast_head":"<!-- This site is optimized with the Yoast SEO plugin v27.5 - https:\/\/yoast.com\/product\/yoast-seo-wordpress\/ -->\n<title>Ch\u00e2teauneuf-du-Pape Blanc 2021 - Ch\u00e2teau La Nerthe<\/title>\n<meta name=\"description\" content=\"Le Ch\u00e2teauneuf-du-Pape Ch\u00e2teau La Nerthe blanc 2021 est un vin d\u2019exception, pur, frais et \u00e9l\u00e9gant \u00e0 la finale l\u00e9g\u00e8rement bois\u00e9e.\" \/>\n<meta name=\"robots\" content=\"index, follow, max-snippet:-1, max-image-preview:large, max-video-preview:-1\" \/>\n<link rel=\"canonical\" href=\"https:\/\/www.domainesrichard.fr\/chateau-la-nerthe\/vin\/chateau-la-nerthe-2021-blanc\/\" \/>\n<meta property=\"og:locale\" content=\"fr_FR\" \/>\n<meta property=\"og:type\" content=\"article\" \/>\n<meta property=\"og:title\" content=\"false\" \/>\n<meta property=\"og:description\" content=\"Le Ch\u00e2teauneuf-du-Pape Ch\u00e2teau La Nerthe blanc 2021 est un vin d\u2019exception, pur, frais et \u00e9l\u00e9gant \u00e0 la finale l\u00e9g\u00e8rement bois\u00e9e.\" \/>\n<meta property=\"og:url\" content=\"https:\/\/www.domainesrichard.fr\/chateau-la-nerthe\/vin\/chateau-la-nerthe-2021-blanc\/\" \/>\n<meta property=\"og:site_name\" content=\"Ch\u00e2teau La Nerthe\" \/>\n<meta property=\"article:publisher\" content=\"https:\/\/www.facebook.com\/chateaulanerthe\" \/>\n<meta property=\"article:modified_time\" content=\"2024-06-12T11:21:46+00:00\" \/>\n<meta property=\"og:image\" content=\"https:\/\/www.domainesrichard.fr\/chateau-la-nerthe\/wp-content\/uploads\/sites\/3\/2021\/11\/LA-NERTHE-CHT-LA-NERTHE-BLANC.jpg\" \/>\n\t<meta property=\"og:image:width\" content=\"600\" \/>\n\t<meta property=\"og:image:height\" content=\"600\" \/>\n\t<meta property=\"og:image:type\" content=\"image\/jpeg\" \/>\n<meta name=\"twitter:card\" content=\"summary_large_image\" \/>\n<meta name=\"twitter:label1\" content=\"Dur\u00e9e de lecture estim\u00e9e\" \/>\n\t<meta name=\"twitter:data1\" content=\"1 minute\" \/>\n<script type=\"application\/ld+json\" class=\"yoast-schema-graph\">{\"@context\":\"https:\\\/\\\/schema.org\",\"@graph\":[{\"@type\":\"WebPage\",\"@id\":\"https:\\\/\\\/www.domainesrichard.fr\\\/chateau-la-nerthe\\\/vin\\\/chateau-la-nerthe-2021-blanc\\\/\",\"url\":\"https:\\\/\\\/www.domainesrichard.fr\\\/chateau-la-nerthe\\\/vin\\\/chateau-la-nerthe-2021-blanc\\\/\",\"name\":\"Ch\u00e2teauneuf-du-Pape Blanc 2021 - Ch\u00e2teau La Nerthe\",\"isPartOf\":{\"@id\":\"https:\\\/\\\/www.domainesrichard.fr\\\/chateau-la-nerthe\\\/#website\"},\"primaryImageOfPage\":{\"@id\":\"https:\\\/\\\/www.domainesrichard.fr\\\/chateau-la-nerthe\\\/vin\\\/chateau-la-nerthe-2021-blanc\\\/#primaryimage\"},\"image\":{\"@id\":\"https:\\\/\\\/www.domainesrichard.fr\\\/chateau-la-nerthe\\\/vin\\\/chateau-la-nerthe-2021-blanc\\\/#primaryimage\"},\"thumbnailUrl\":\"https:\\\/\\\/www.domainesrichard.fr\\\/chateau-la-nerthe\\\/wp-content\\\/uploads\\\/sites\\\/3\\\/2021\\\/11\\\/LA-NERTHE-CHT-LA-NERTHE-BLANC.jpg\",\"datePublished\":\"2022-09-28T14:25:59+00:00\",\"dateModified\":\"2024-06-12T11:21:46+00:00\",\"description\":\"Le Ch\u00e2teauneuf-du-Pape Ch\u00e2teau La Nerthe blanc 2021 est un vin d\u2019exception, pur, frais et \u00e9l\u00e9gant \u00e0 la finale l\u00e9g\u00e8rement bois\u00e9e.\",\"breadcrumb\":{\"@id\":\"https:\\\/\\\/www.domainesrichard.fr\\\/chateau-la-nerthe\\\/vin\\\/chateau-la-nerthe-2021-blanc\\\/#breadcrumb\"},\"inLanguage\":\"fr-FR\",\"potentialAction\":[{\"@type\":\"ReadAction\",\"target\":[\"https:\\\/\\\/www.domainesrichard.fr\\\/chateau-la-nerthe\\\/vin\\\/chateau-la-nerthe-2021-blanc\\\/\"]}]},{\"@type\":\"ImageObject\",\"inLanguage\":\"fr-FR\",\"@id\":\"https:\\\/\\\/www.domainesrichard.fr\\\/chateau-la-nerthe\\\/vin\\\/chateau-la-nerthe-2021-blanc\\\/#primaryimage\",\"url\":\"https:\\\/\\\/www.domainesrichard.fr\\\/chateau-la-nerthe\\\/wp-content\\\/uploads\\\/sites\\\/3\\\/2021\\\/11\\\/LA-NERTHE-CHT-LA-NERTHE-BLANC.jpg\",\"contentUrl\":\"https:\\\/\\\/www.domainesrichard.fr\\\/chateau-la-nerthe\\\/wp-content\\\/uploads\\\/sites\\\/3\\\/2021\\\/11\\\/LA-NERTHE-CHT-LA-NERTHE-BLANC.jpg\",\"width\":600,\"height\":600,\"caption\":\"Ch\u00e2teau la Nerthe blanc\"},{\"@type\":\"BreadcrumbList\",\"@id\":\"https:\\\/\\\/www.domainesrichard.fr\\\/chateau-la-nerthe\\\/vin\\\/chateau-la-nerthe-2021-blanc\\\/#breadcrumb\",\"itemListElement\":[{\"@type\":\"ListItem\",\"position\":1,\"name\":\"Vins\",\"item\":\"https:\\\/\\\/www.domainesrichard.fr\\\/chateau-la-nerthe\\\/vins\\\/\"},{\"@type\":\"ListItem\",\"position\":2,\"name\":\"Ch\u00e2teau La Nerthe 2021\"}]},{\"@type\":\"WebSite\",\"@id\":\"https:\\\/\\\/www.domainesrichard.fr\\\/chateau-la-nerthe\\\/#website\",\"url\":\"https:\\\/\\\/www.domainesrichard.fr\\\/chateau-la-nerthe\\\/\",\"name\":\"Ch\u00e2teau La Nerthe\",\"description\":\"Cinq si\u00e8cles d&#039;\u00e9l\u00e9gance\",\"publisher\":{\"@id\":\"https:\\\/\\\/www.domainesrichard.fr\\\/chateau-la-nerthe\\\/#organization\"},\"potentialAction\":[{\"@type\":\"SearchAction\",\"target\":{\"@type\":\"EntryPoint\",\"urlTemplate\":\"https:\\\/\\\/www.domainesrichard.fr\\\/chateau-la-nerthe\\\/?s={search_term_string}\"},\"query-input\":{\"@type\":\"PropertyValueSpecification\",\"valueRequired\":true,\"valueName\":\"search_term_string\"}}],\"inLanguage\":\"fr-FR\"},{\"@type\":\"Organization\",\"@id\":\"https:\\\/\\\/www.domainesrichard.fr\\\/chateau-la-nerthe\\\/#organization\",\"name\":\"Ch\u00e2teau la Nerthe\",\"url\":\"https:\\\/\\\/www.domainesrichard.fr\\\/chateau-la-nerthe\\\/\",\"logo\":{\"@type\":\"ImageObject\",\"inLanguage\":\"fr-FR\",\"@id\":\"https:\\\/\\\/www.domainesrichard.fr\\\/chateau-la-nerthe\\\/#\\\/schema\\\/logo\\\/image\\\/\",\"url\":\"https:\\\/\\\/www.domainesrichard.fr\\\/chateau-la-nerthe\\\/wp-content\\\/uploads\\\/sites\\\/3\\\/2021\\\/11\\\/Chateau-la-nerthe-logo.png\",\"contentUrl\":\"https:\\\/\\\/www.domainesrichard.fr\\\/chateau-la-nerthe\\\/wp-content\\\/uploads\\\/sites\\\/3\\\/2021\\\/11\\\/Chateau-la-nerthe-logo.png\",\"width\":600,\"height\":248,\"caption\":\"Ch\u00e2teau la Nerthe\"},\"image\":{\"@id\":\"https:\\\/\\\/www.domainesrichard.fr\\\/chateau-la-nerthe\\\/#\\\/schema\\\/logo\\\/image\\\/\"},\"sameAs\":[\"https:\\\/\\\/www.facebook.com\\\/chateaulanerthe\",\"https:\\\/\\\/www.instagram.com\\\/chateaulanerthe\\\/\",\"https:\\\/\\\/www.linkedin.com\\\/company\\\/domaines-richard\",\"https:\\\/\\\/www.youtube.com\\\/channel\\\/UCDjz3rnEynVj6l199P3Y9Cg\"]}]}<\/script>\n<!-- \/ Yoast SEO plugin. -->","yoast_head_json":{"title":"Ch\u00e2teauneuf-du-Pape Blanc 2021 - Ch\u00e2teau La Nerthe","description":"Le Ch\u00e2teauneuf-du-Pape Ch\u00e2teau La Nerthe blanc 2021 est un vin d\u2019exception, pur, frais et \u00e9l\u00e9gant \u00e0 la finale l\u00e9g\u00e8rement bois\u00e9e.","robots":{"index":"index","follow":"follow","max-snippet":"max-snippet:-1","max-image-preview":"max-image-preview:large","max-video-preview":"max-video-preview:-1"},"canonical":"https:\/\/www.domainesrichard.fr\/chateau-la-nerthe\/vin\/chateau-la-nerthe-2021-blanc\/","og_locale":"fr_FR","og_type":"article","og_title":"false","og_description":"Le Ch\u00e2teauneuf-du-Pape Ch\u00e2teau La Nerthe blanc 2021 est un vin d\u2019exception, pur, frais et \u00e9l\u00e9gant \u00e0 la finale l\u00e9g\u00e8rement bois\u00e9e.","og_url":"https:\/\/www.domainesrichard.fr\/chateau-la-nerthe\/vin\/chateau-la-nerthe-2021-blanc\/","og_site_name":"Ch\u00e2teau La Nerthe","article_publisher":"https:\/\/www.facebook.com\/chateaulanerthe","article_modified_time":"2024-06-12T11:21:46+00:00","og_image":[{"width":600,"height":600,"url":"https:\/\/www.domainesrichard.fr\/chateau-la-nerthe\/wp-content\/uploads\/sites\/3\/2021\/11\/LA-NERTHE-CHT-LA-NERTHE-BLANC.jpg","type":"image\/jpeg"}],"twitter_card":"summary_large_image","twitter_misc":{"Dur\u00e9e de lecture estim\u00e9e":"1 minute"},"schema":{"@context":"https:\/\/schema.org","@graph":[{"@type":"WebPage","@id":"https:\/\/www.domainesrichard.fr\/chateau-la-nerthe\/vin\/chateau-la-nerthe-2021-blanc\/","url":"https:\/\/www.domainesrichard.fr\/chateau-la-nerthe\/vin\/chateau-la-nerthe-2021-blanc\/","name":"Ch\u00e2teauneuf-du-Pape Blanc 2021 - Ch\u00e2teau La Nerthe","isPartOf":{"@id":"https:\/\/www.domainesrichard.fr\/chateau-la-nerthe\/#website"},"primaryImageOfPage":{"@id":"https:\/\/www.domainesrichard.fr\/chateau-la-nerthe\/vin\/chateau-la-nerthe-2021-blanc\/#primaryimage"},"image":{"@id":"https:\/\/www.domainesrichard.fr\/chateau-la-nerthe\/vin\/chateau-la-nerthe-2021-blanc\/#primaryimage"},"thumbnailUrl":"https:\/\/www.domainesrichard.fr\/chateau-la-nerthe\/wp-content\/uploads\/sites\/3\/2021\/11\/LA-NERTHE-CHT-LA-NERTHE-BLANC.jpg","datePublished":"2022-09-28T14:25:59+00:00","dateModified":"2024-06-12T11:21:46+00:00","description":"Le Ch\u00e2teauneuf-du-Pape Ch\u00e2teau La Nerthe blanc 2021 est un vin d\u2019exception, pur, frais et \u00e9l\u00e9gant \u00e0 la finale l\u00e9g\u00e8rement bois\u00e9e.","breadcrumb":{"@id":"https:\/\/www.domainesrichard.fr\/chateau-la-nerthe\/vin\/chateau-la-nerthe-2021-blanc\/#breadcrumb"},"inLanguage":"fr-FR","potentialAction":[{"@type":"ReadAction","target":["https:\/\/www.domainesrichard.fr\/chateau-la-nerthe\/vin\/chateau-la-nerthe-2021-blanc\/"]}]},{"@type":"ImageObject","inLanguage":"fr-FR","@id":"https:\/\/www.domainesrichard.fr\/chateau-la-nerthe\/vin\/chateau-la-nerthe-2021-blanc\/#primaryimage","url":"https:\/\/www.domainesrichard.fr\/chateau-la-nerthe\/wp-content\/uploads\/sites\/3\/2021\/11\/LA-NERTHE-CHT-LA-NERTHE-BLANC.jpg","contentUrl":"https:\/\/www.domainesrichard.fr\/chateau-la-nerthe\/wp-content\/uploads\/sites\/3\/2021\/11\/LA-NERTHE-CHT-LA-NERTHE-BLANC.jpg","width":600,"height":600,"caption":"Ch\u00e2teau la Nerthe blanc"},{"@type":"BreadcrumbList","@id":"https:\/\/www.domainesrichard.fr\/chateau-la-nerthe\/vin\/chateau-la-nerthe-2021-blanc\/#breadcrumb","itemListElement":[{"@type":"ListItem","position":1,"name":"Vins","item":"https:\/\/www.domainesrichard.fr\/chateau-la-nerthe\/vins\/"},{"@type":"ListItem","position":2,"name":"Ch\u00e2teau La Nerthe 2021"}]},{"@type":"WebSite","@id":"https:\/\/www.domainesrichard.fr\/chateau-la-nerthe\/#website","url":"https:\/\/www.domainesrichard.fr\/chateau-la-nerthe\/","name":"Ch\u00e2teau La Nerthe","description":"Cinq si\u00e8cles d&#039;\u00e9l\u00e9gance","publisher":{"@id":"https:\/\/www.domainesrichard.fr\/chateau-la-nerthe\/#organization"},"potentialAction":[{"@type":"SearchAction","target":{"@type":"EntryPoint","urlTemplate":"https:\/\/www.domainesrichard.fr\/chateau-la-nerthe\/?s={search_term_string}"},"query-input":{"@type":"PropertyValueSpecification","valueRequired":true,"valueName":"search_term_string"}}],"inLanguage":"fr-FR"},{"@type":"Organization","@id":"https:\/\/www.domainesrichard.fr\/chateau-la-nerthe\/#organization","name":"Ch\u00e2teau la Nerthe","url":"https:\/\/www.domainesrichard.fr\/chateau-la-nerthe\/","logo":{"@type":"ImageObject","inLanguage":"fr-FR","@id":"https:\/\/www.domainesrichard.fr\/chateau-la-nerthe\/#\/schema\/logo\/image\/","url":"https:\/\/www.domainesrichard.fr\/chateau-la-nerthe\/wp-content\/uploads\/sites\/3\/2021\/11\/Chateau-la-nerthe-logo.png","contentUrl":"https:\/\/www.domainesrichard.fr\/chateau-la-nerthe\/wp-content\/uploads\/sites\/3\/2021\/11\/Chateau-la-nerthe-logo.png","width":600,"height":248,"caption":"Ch\u00e2teau la Nerthe"},"image":{"@id":"https:\/\/www.domainesrichard.fr\/chateau-la-nerthe\/#\/schema\/logo\/image\/"},"sameAs":["https:\/\/www.facebook.com\/chateaulanerthe","https:\/\/www.instagram.com\/chateaulanerthe\/","https:\/\/www.linkedin.com\/company\/domaines-richard","https:\/\/www.youtube.com\/channel\/UCDjz3rnEynVj6l199P3Y9Cg"]}]}},"_links":{"self":[{"href":"https:\/\/www.domainesrichard.fr\/chateau-la-nerthe\/wp-json\/wp\/v2\/product\/1873","targetHints":{"allow":["GET"]}}],"collection":[{"href":"https:\/\/www.domainesrichard.fr\/chateau-la-nerthe\/wp-json\/wp\/v2\/product"}],"about":[{"href":"https:\/\/www.domainesrichard.fr\/chateau-la-nerthe\/wp-json\/wp\/v2\/types\/product"}],"wp:featuredmedia":[{"embeddable":true,"href":"https:\/\/www.domainesrichard.fr\/chateau-la-nerthe\/wp-json\/wp\/v2\/media\/3334"}],"wp:attachment":[{"href":"https:\/\/www.domainesrichard.fr\/chateau-la-nerthe\/wp-json\/wp\/v2\/media?parent=1873"}],"wp:term":[{"taxonomy":"product_brand","embeddable":true,"href":"https:\/\/www.domainesrichard.fr\/chateau-la-nerthe\/wp-json\/wp\/v2\/product_brand?post=1873"},{"taxonomy":"product_cat","embeddable":true,"href":"https:\/\/www.domainesrichard.fr\/chateau-la-nerthe\/wp-json\/wp\/v2\/product_cat?post=1873"},{"taxonomy":"product_tag","embeddable":true,"href":"https:\/\/www.domainesrichard.fr\/chateau-la-nerthe\/wp-json\/wp\/v2\/product_tag?post=1873"}],"curies":[{"name":"wp","href":"https:\/\/api.w.org\/{rel}","templated":true}]}}