{"id":233,"date":"2021-11-19T14:45:47","date_gmt":"2021-11-19T13:45:47","guid":{"rendered":"https:\/\/www.domainesrichard.fr\/chateau-la-nerthe\/?post_type=product&#038;p=233"},"modified":"2024-06-12T13:19:24","modified_gmt":"2024-06-12T11:19:24","slug":"chateau-la-nerthe-2017-rouge","status":"publish","type":"product","link":"https:\/\/www.domainesrichard.fr\/chateau-la-nerthe\/vin\/chateau-la-nerthe-2017-rouge\/","title":{"rendered":"Ch\u00e2teau La Nerthe <span class='vintage the_title'>2017<\/span>"},"content":{"rendered":"<p>Ch\u00e2teau La Nerthe, Ch\u00e2teauneuf-du-Pape rouge, c\u2019est l\u2019\u00e2me des vins du domaine. Pr\u00e9sent dans le monde entier, il est export\u00e9 depuis le XVIII\u00e8me si\u00e8cle. L\u2019ensemble des parcelles de grenache noir, syrah, mourv\u00e8dre et cinsault couvre la totalit\u00e9 de la diversit\u00e9 des sols de l\u2019appellation faisant du style de ce vin l\u2019expression enti\u00e8re de la complexit\u00e9 de Ch\u00e2teauneuf-du-Pape.<br \/>\nIl accompagne \u00e0 merveille les viandes saignantes, les classiques proven\u00e7aux ou autres plats en sauce travaill\u00e9s.<\/p>","protected":false},"excerpt":{"rendered":"<p>Ch\u00e2teau La Nerthe, Ch\u00e2teauneuf-du-Pape rouge, c\u2019est l\u2019\u00e2me des vins du domaine. Pr\u00e9sent dans le monde entier, il est export\u00e9 depuis le XVIII\u00e8me si\u00e8cle. L\u2019ensemble des parcelles de grenache noir, syrah, mourv\u00e8dre et cinsault couvre la totalit\u00e9 de la diversit\u00e9 des sols de l\u2019appellation faisant du style de ce vin l\u2019expression enti\u00e8re de la complexit\u00e9 de [&hellip;]<\/p>","protected":false},"featured_media":3332,"template":"","meta":{"_acf_changed":false},"product_brand":[],"product_cat":[41],"product_tag":[],"class_list":{"0":"post-233","1":"product","2":"type-product","3":"status-publish","4":"has-post-thumbnail","6":"product_cat-chateau-la-nerthe","8":"first","9":"instock","10":"taxable","11":"shipping-taxable","12":"purchasable","13":"product-type-simple"},"acf":[],"yoast_head":"<!-- This site is optimized with the Yoast SEO plugin v27.0 - https:\/\/yoast.com\/product\/yoast-seo-wordpress\/ -->\n<title>Ch\u00e2teauneuf-du-Pape 2017 - Ch\u00e2teau La Nerthe<\/title>\n<meta name=\"description\" content=\"Le Ch\u00e2teauneuf-du-Pape rouge 2017 est l\u2019\u00e2me des vins du Ch\u00e2teau La Nerthe. Il r\u00e9pr\u00e9sente l\u2019expression enti\u00e8re de la complexit\u00e9 de Ch\u00e2teauneuf-du-Pape.\" \/>\n<meta name=\"robots\" content=\"index, follow, max-snippet:-1, max-image-preview:large, max-video-preview:-1\" \/>\n<link rel=\"canonical\" href=\"https:\/\/www.domainesrichard.fr\/chateau-la-nerthe\/vin\/chateau-la-nerthe-2017-rouge\/\" \/>\n<meta property=\"og:locale\" content=\"fr_FR\" \/>\n<meta property=\"og:type\" content=\"article\" \/>\n<meta property=\"og:title\" content=\"false\" \/>\n<meta property=\"og:description\" content=\"Le Ch\u00e2teauneuf-du-Pape rouge 2017 est l\u2019\u00e2me des vins du Ch\u00e2teau La Nerthe. Il r\u00e9pr\u00e9sente l\u2019expression enti\u00e8re de la complexit\u00e9 de Ch\u00e2teauneuf-du-Pape.\" \/>\n<meta property=\"og:url\" content=\"https:\/\/www.domainesrichard.fr\/chateau-la-nerthe\/vin\/chateau-la-nerthe-2017-rouge\/\" \/>\n<meta property=\"og:site_name\" content=\"Ch\u00e2teau La Nerthe\" \/>\n<meta property=\"article:publisher\" content=\"https:\/\/www.facebook.com\/chateaulanerthe\" \/>\n<meta property=\"article:modified_time\" content=\"2024-06-12T11:19:24+00:00\" \/>\n<meta property=\"og:image\" content=\"https:\/\/www.domainesrichard.fr\/chateau-la-nerthe\/wp-content\/uploads\/sites\/3\/2023\/05\/LA-NERTHE-CHT-LA-NERTHE-ROUGE.jpg\" \/>\n\t<meta property=\"og:image:width\" content=\"600\" \/>\n\t<meta property=\"og:image:height\" content=\"600\" \/>\n\t<meta property=\"og:image:type\" content=\"image\/jpeg\" \/>\n<meta name=\"twitter:card\" content=\"summary_large_image\" \/>\n<meta name=\"twitter:label1\" content=\"Dur\u00e9e de lecture estim\u00e9e\" \/>\n\t<meta name=\"twitter:data1\" content=\"1 minute\" \/>\n<script type=\"application\/ld+json\" class=\"yoast-schema-graph\">{\"@context\":\"https:\/\/schema.org\",\"@graph\":[{\"@type\":\"WebPage\",\"@id\":\"https:\/\/www.domainesrichard.fr\/chateau-la-nerthe\/vin\/chateau-la-nerthe-2017-rouge\/\",\"url\":\"https:\/\/www.domainesrichard.fr\/chateau-la-nerthe\/vin\/chateau-la-nerthe-2017-rouge\/\",\"name\":\"Ch\u00e2teauneuf-du-Pape 2017 - Ch\u00e2teau La Nerthe\",\"isPartOf\":{\"@id\":\"https:\/\/www.domainesrichard.fr\/chateau-la-nerthe\/#website\"},\"primaryImageOfPage\":{\"@id\":\"https:\/\/www.domainesrichard.fr\/chateau-la-nerthe\/vin\/chateau-la-nerthe-2017-rouge\/#primaryimage\"},\"image\":{\"@id\":\"https:\/\/www.domainesrichard.fr\/chateau-la-nerthe\/vin\/chateau-la-nerthe-2017-rouge\/#primaryimage\"},\"thumbnailUrl\":\"https:\/\/www.domainesrichard.fr\/chateau-la-nerthe\/wp-content\/uploads\/sites\/3\/2023\/05\/LA-NERTHE-CHT-LA-NERTHE-ROUGE.jpg\",\"datePublished\":\"2021-11-19T13:45:47+00:00\",\"dateModified\":\"2024-06-12T11:19:24+00:00\",\"description\":\"Le Ch\u00e2teauneuf-du-Pape rouge 2017 est l\u2019\u00e2me des vins du Ch\u00e2teau La Nerthe. Il r\u00e9pr\u00e9sente l\u2019expression enti\u00e8re de la complexit\u00e9 de Ch\u00e2teauneuf-du-Pape.\",\"breadcrumb\":{\"@id\":\"https:\/\/www.domainesrichard.fr\/chateau-la-nerthe\/vin\/chateau-la-nerthe-2017-rouge\/#breadcrumb\"},\"inLanguage\":\"fr-FR\",\"potentialAction\":[{\"@type\":\"ReadAction\",\"target\":[\"https:\/\/www.domainesrichard.fr\/chateau-la-nerthe\/vin\/chateau-la-nerthe-2017-rouge\/\"]}]},{\"@type\":\"ImageObject\",\"inLanguage\":\"fr-FR\",\"@id\":\"https:\/\/www.domainesrichard.fr\/chateau-la-nerthe\/vin\/chateau-la-nerthe-2017-rouge\/#primaryimage\",\"url\":\"https:\/\/www.domainesrichard.fr\/chateau-la-nerthe\/wp-content\/uploads\/sites\/3\/2023\/05\/LA-NERTHE-CHT-LA-NERTHE-ROUGE.jpg\",\"contentUrl\":\"https:\/\/www.domainesrichard.fr\/chateau-la-nerthe\/wp-content\/uploads\/sites\/3\/2023\/05\/LA-NERTHE-CHT-LA-NERTHE-ROUGE.jpg\",\"width\":600,\"height\":600,\"caption\":\"Ch\u00e2teau la Nerthe rouge\"},{\"@type\":\"BreadcrumbList\",\"@id\":\"https:\/\/www.domainesrichard.fr\/chateau-la-nerthe\/vin\/chateau-la-nerthe-2017-rouge\/#breadcrumb\",\"itemListElement\":[{\"@type\":\"ListItem\",\"position\":1,\"name\":\"Vins\",\"item\":\"https:\/\/www.domainesrichard.fr\/chateau-la-nerthe\/vins\/\"},{\"@type\":\"ListItem\",\"position\":2,\"name\":\"Ch\u00e2teau La Nerthe 2017\"}]},{\"@type\":\"WebSite\",\"@id\":\"https:\/\/www.domainesrichard.fr\/chateau-la-nerthe\/#website\",\"url\":\"https:\/\/www.domainesrichard.fr\/chateau-la-nerthe\/\",\"name\":\"Ch\u00e2teau La Nerthe\",\"description\":\"Cinq si\u00e8cles d&#039;\u00e9l\u00e9gance\",\"publisher\":{\"@id\":\"https:\/\/www.domainesrichard.fr\/chateau-la-nerthe\/#organization\"},\"potentialAction\":[{\"@type\":\"SearchAction\",\"target\":{\"@type\":\"EntryPoint\",\"urlTemplate\":\"https:\/\/www.domainesrichard.fr\/chateau-la-nerthe\/?s={search_term_string}\"},\"query-input\":{\"@type\":\"PropertyValueSpecification\",\"valueRequired\":true,\"valueName\":\"search_term_string\"}}],\"inLanguage\":\"fr-FR\"},{\"@type\":\"Organization\",\"@id\":\"https:\/\/www.domainesrichard.fr\/chateau-la-nerthe\/#organization\",\"name\":\"Ch\u00e2teau la Nerthe\",\"url\":\"https:\/\/www.domainesrichard.fr\/chateau-la-nerthe\/\",\"logo\":{\"@type\":\"ImageObject\",\"inLanguage\":\"fr-FR\",\"@id\":\"https:\/\/www.domainesrichard.fr\/chateau-la-nerthe\/#\/schema\/logo\/image\/\",\"url\":\"https:\/\/www.domainesrichard.fr\/chateau-la-nerthe\/wp-content\/uploads\/sites\/3\/2021\/11\/Chateau-la-nerthe-logo.png\",\"contentUrl\":\"https:\/\/www.domainesrichard.fr\/chateau-la-nerthe\/wp-content\/uploads\/sites\/3\/2021\/11\/Chateau-la-nerthe-logo.png\",\"width\":600,\"height\":248,\"caption\":\"Ch\u00e2teau la Nerthe\"},\"image\":{\"@id\":\"https:\/\/www.domainesrichard.fr\/chateau-la-nerthe\/#\/schema\/logo\/image\/\"},\"sameAs\":[\"https:\/\/www.facebook.com\/chateaulanerthe\",\"https:\/\/www.instagram.com\/chateaulanerthe\/\",\"https:\/\/www.linkedin.com\/company\/domaines-richard\",\"https:\/\/www.youtube.com\/channel\/UCDjz3rnEynVj6l199P3Y9Cg\"]}]}<\/script>\n<!-- \/ Yoast SEO plugin. -->","yoast_head_json":{"title":"Ch\u00e2teauneuf-du-Pape 2017 - Ch\u00e2teau La Nerthe","description":"Le Ch\u00e2teauneuf-du-Pape rouge 2017 est l\u2019\u00e2me des vins du Ch\u00e2teau La Nerthe. Il r\u00e9pr\u00e9sente l\u2019expression enti\u00e8re de la complexit\u00e9 de Ch\u00e2teauneuf-du-Pape.","robots":{"index":"index","follow":"follow","max-snippet":"max-snippet:-1","max-image-preview":"max-image-preview:large","max-video-preview":"max-video-preview:-1"},"canonical":"https:\/\/www.domainesrichard.fr\/chateau-la-nerthe\/vin\/chateau-la-nerthe-2017-rouge\/","og_locale":"fr_FR","og_type":"article","og_title":"false","og_description":"Le Ch\u00e2teauneuf-du-Pape rouge 2017 est l\u2019\u00e2me des vins du Ch\u00e2teau La Nerthe. Il r\u00e9pr\u00e9sente l\u2019expression enti\u00e8re de la complexit\u00e9 de Ch\u00e2teauneuf-du-Pape.","og_url":"https:\/\/www.domainesrichard.fr\/chateau-la-nerthe\/vin\/chateau-la-nerthe-2017-rouge\/","og_site_name":"Ch\u00e2teau La Nerthe","article_publisher":"https:\/\/www.facebook.com\/chateaulanerthe","article_modified_time":"2024-06-12T11:19:24+00:00","og_image":[{"width":600,"height":600,"url":"https:\/\/www.domainesrichard.fr\/chateau-la-nerthe\/wp-content\/uploads\/sites\/3\/2023\/05\/LA-NERTHE-CHT-LA-NERTHE-ROUGE.jpg","type":"image\/jpeg"}],"twitter_card":"summary_large_image","twitter_misc":{"Dur\u00e9e de lecture estim\u00e9e":"1 minute"},"schema":{"@context":"https:\/\/schema.org","@graph":[{"@type":"WebPage","@id":"https:\/\/www.domainesrichard.fr\/chateau-la-nerthe\/vin\/chateau-la-nerthe-2017-rouge\/","url":"https:\/\/www.domainesrichard.fr\/chateau-la-nerthe\/vin\/chateau-la-nerthe-2017-rouge\/","name":"Ch\u00e2teauneuf-du-Pape 2017 - Ch\u00e2teau La Nerthe","isPartOf":{"@id":"https:\/\/www.domainesrichard.fr\/chateau-la-nerthe\/#website"},"primaryImageOfPage":{"@id":"https:\/\/www.domainesrichard.fr\/chateau-la-nerthe\/vin\/chateau-la-nerthe-2017-rouge\/#primaryimage"},"image":{"@id":"https:\/\/www.domainesrichard.fr\/chateau-la-nerthe\/vin\/chateau-la-nerthe-2017-rouge\/#primaryimage"},"thumbnailUrl":"https:\/\/www.domainesrichard.fr\/chateau-la-nerthe\/wp-content\/uploads\/sites\/3\/2023\/05\/LA-NERTHE-CHT-LA-NERTHE-ROUGE.jpg","datePublished":"2021-11-19T13:45:47+00:00","dateModified":"2024-06-12T11:19:24+00:00","description":"Le Ch\u00e2teauneuf-du-Pape rouge 2017 est l\u2019\u00e2me des vins du Ch\u00e2teau La Nerthe. Il r\u00e9pr\u00e9sente l\u2019expression enti\u00e8re de la complexit\u00e9 de Ch\u00e2teauneuf-du-Pape.","breadcrumb":{"@id":"https:\/\/www.domainesrichard.fr\/chateau-la-nerthe\/vin\/chateau-la-nerthe-2017-rouge\/#breadcrumb"},"inLanguage":"fr-FR","potentialAction":[{"@type":"ReadAction","target":["https:\/\/www.domainesrichard.fr\/chateau-la-nerthe\/vin\/chateau-la-nerthe-2017-rouge\/"]}]},{"@type":"ImageObject","inLanguage":"fr-FR","@id":"https:\/\/www.domainesrichard.fr\/chateau-la-nerthe\/vin\/chateau-la-nerthe-2017-rouge\/#primaryimage","url":"https:\/\/www.domainesrichard.fr\/chateau-la-nerthe\/wp-content\/uploads\/sites\/3\/2023\/05\/LA-NERTHE-CHT-LA-NERTHE-ROUGE.jpg","contentUrl":"https:\/\/www.domainesrichard.fr\/chateau-la-nerthe\/wp-content\/uploads\/sites\/3\/2023\/05\/LA-NERTHE-CHT-LA-NERTHE-ROUGE.jpg","width":600,"height":600,"caption":"Ch\u00e2teau la Nerthe rouge"},{"@type":"BreadcrumbList","@id":"https:\/\/www.domainesrichard.fr\/chateau-la-nerthe\/vin\/chateau-la-nerthe-2017-rouge\/#breadcrumb","itemListElement":[{"@type":"ListItem","position":1,"name":"Vins","item":"https:\/\/www.domainesrichard.fr\/chateau-la-nerthe\/vins\/"},{"@type":"ListItem","position":2,"name":"Ch\u00e2teau La Nerthe 2017"}]},{"@type":"WebSite","@id":"https:\/\/www.domainesrichard.fr\/chateau-la-nerthe\/#website","url":"https:\/\/www.domainesrichard.fr\/chateau-la-nerthe\/","name":"Ch\u00e2teau La Nerthe","description":"Cinq si\u00e8cles d&#039;\u00e9l\u00e9gance","publisher":{"@id":"https:\/\/www.domainesrichard.fr\/chateau-la-nerthe\/#organization"},"potentialAction":[{"@type":"SearchAction","target":{"@type":"EntryPoint","urlTemplate":"https:\/\/www.domainesrichard.fr\/chateau-la-nerthe\/?s={search_term_string}"},"query-input":{"@type":"PropertyValueSpecification","valueRequired":true,"valueName":"search_term_string"}}],"inLanguage":"fr-FR"},{"@type":"Organization","@id":"https:\/\/www.domainesrichard.fr\/chateau-la-nerthe\/#organization","name":"Ch\u00e2teau la Nerthe","url":"https:\/\/www.domainesrichard.fr\/chateau-la-nerthe\/","logo":{"@type":"ImageObject","inLanguage":"fr-FR","@id":"https:\/\/www.domainesrichard.fr\/chateau-la-nerthe\/#\/schema\/logo\/image\/","url":"https:\/\/www.domainesrichard.fr\/chateau-la-nerthe\/wp-content\/uploads\/sites\/3\/2021\/11\/Chateau-la-nerthe-logo.png","contentUrl":"https:\/\/www.domainesrichard.fr\/chateau-la-nerthe\/wp-content\/uploads\/sites\/3\/2021\/11\/Chateau-la-nerthe-logo.png","width":600,"height":248,"caption":"Ch\u00e2teau la Nerthe"},"image":{"@id":"https:\/\/www.domainesrichard.fr\/chateau-la-nerthe\/#\/schema\/logo\/image\/"},"sameAs":["https:\/\/www.facebook.com\/chateaulanerthe","https:\/\/www.instagram.com\/chateaulanerthe\/","https:\/\/www.linkedin.com\/company\/domaines-richard","https:\/\/www.youtube.com\/channel\/UCDjz3rnEynVj6l199P3Y9Cg"]}]}},"_links":{"self":[{"href":"https:\/\/www.domainesrichard.fr\/chateau-la-nerthe\/wp-json\/wp\/v2\/product\/233","targetHints":{"allow":["GET"]}}],"collection":[{"href":"https:\/\/www.domainesrichard.fr\/chateau-la-nerthe\/wp-json\/wp\/v2\/product"}],"about":[{"href":"https:\/\/www.domainesrichard.fr\/chateau-la-nerthe\/wp-json\/wp\/v2\/types\/product"}],"wp:featuredmedia":[{"embeddable":true,"href":"https:\/\/www.domainesrichard.fr\/chateau-la-nerthe\/wp-json\/wp\/v2\/media\/3332"}],"wp:attachment":[{"href":"https:\/\/www.domainesrichard.fr\/chateau-la-nerthe\/wp-json\/wp\/v2\/media?parent=233"}],"wp:term":[{"taxonomy":"product_brand","embeddable":true,"href":"https:\/\/www.domainesrichard.fr\/chateau-la-nerthe\/wp-json\/wp\/v2\/product_brand?post=233"},{"taxonomy":"product_cat","embeddable":true,"href":"https:\/\/www.domainesrichard.fr\/chateau-la-nerthe\/wp-json\/wp\/v2\/product_cat?post=233"},{"taxonomy":"product_tag","embeddable":true,"href":"https:\/\/www.domainesrichard.fr\/chateau-la-nerthe\/wp-json\/wp\/v2\/product_tag?post=233"}],"curies":[{"name":"wp","href":"https:\/\/api.w.org\/{rel}","templated":true}]}}