{"id":119,"date":"2022-04-26T10:43:35","date_gmt":"2022-04-26T08:51:55","guid":{"rendered":"https:\/\/www.domainesrichard.fr\/chateau-victoria\/?post_type=product&#038;p=119"},"modified":"2023-07-03T14:57:24","modified_gmt":"2023-07-03T12:57:24","slug":"victoria-ii-2020","status":"publish","type":"product","link":"https:\/\/www.domainesrichard.fr\/chateau-victoria\/en\/wine\/victoria-ii-2020\/","title":{"rendered":"Victoria II <span class='vintage the_title'>2020<\/span>"},"content":{"rendered":"<p>On this land covered with pebbly gravel, Ch\u00e2teau Victoria&#8217;s second wine reveals the fruit&#8217;s intensity. With the signature Bordeaux blend of merlot, cabernet sauvignon, and petit verdot, this cuv\u00e9e\u00a0holds all the passion and warmth of these young grapes with striking red fruit notes.<\/p>","protected":false},"excerpt":{"rendered":"<p>On this land covered with pebbly gravel, Ch\u00e2teau Victoria&#8217;s second wine reveals the fruit&#8217;s intensity. With the signature Bordeaux blend of merlot, cabernet sauvignon, and petit verdot, this cuv\u00e9e\u00a0holds all the passion and warmth of these young grapes with striking red fruit notes.<\/p>","protected":false},"featured_media":601,"template":"","meta":{"_acf_changed":false},"product_brand":[],"product_cat":[53],"product_tag":[],"class_list":{"0":"post-119","1":"product","2":"type-product","3":"status-publish","4":"has-post-thumbnail","6":"product_cat-victoria-ii-en","8":"first","9":"instock","10":"taxable","11":"shipping-taxable","12":"purchasable","13":"product-type-simple"},"acf":[],"yoast_head":"<!-- This site is optimized with the Yoast SEO plugin v27.0 - https:\/\/yoast.com\/product\/yoast-seo-wordpress\/ -->\n<title>Ch\u00e2teau Victoria Haut-M\u00e9doc Victoria II 2020<\/title>\n<meta name=\"description\" content=\"Victoria II is Ch\u00e2teau Victoria&#039;s second wine produced in the Haut-M\u00e9doc region. A fiery wine with very expressive red fruit notes.\" \/>\n<meta name=\"robots\" content=\"index, follow, max-snippet:-1, max-image-preview:large, max-video-preview:-1\" \/>\n<link rel=\"canonical\" href=\"https:\/\/www.domainesrichard.fr\/chateau-victoria\/en\/wine\/victoria-ii-2020\/\" \/>\n<meta property=\"og:locale\" content=\"en_US\" \/>\n<meta property=\"og:type\" content=\"article\" \/>\n<meta property=\"og:title\" content=\"Ch\u00e2teau Victoria Haut-M\u00e9doc Victoria II 2020\" \/>\n<meta property=\"og:description\" content=\"Victoria II is Ch\u00e2teau Victoria&#039;s second wine produced in the Haut-M\u00e9doc region. A fiery wine with very expressive red fruit notes.\" \/>\n<meta property=\"og:url\" content=\"https:\/\/www.domainesrichard.fr\/chateau-victoria\/en\/wine\/victoria-ii-2020\/\" \/>\n<meta property=\"og:site_name\" content=\"Ch\u00e2teau Victoria\" \/>\n<meta property=\"article:publisher\" content=\"https:\/\/www.facebook.com\/domainesrichard\" \/>\n<meta property=\"article:modified_time\" content=\"2023-07-03T12:57:24+00:00\" \/>\n<meta property=\"og:image\" content=\"https:\/\/www.domainesrichard.fr\/chateau-victoria\/wp-content\/uploads\/sites\/7\/2022\/04\/VICTORIA-VICTORIA-II.jpg\" \/>\n\t<meta property=\"og:image:width\" content=\"600\" \/>\n\t<meta property=\"og:image:height\" content=\"600\" \/>\n\t<meta property=\"og:image:type\" content=\"image\/jpeg\" \/>\n<meta name=\"twitter:card\" content=\"summary_large_image\" \/>\n<meta name=\"twitter:label1\" content=\"Est. reading time\" \/>\n\t<meta name=\"twitter:data1\" content=\"1 minute\" \/>\n<script type=\"application\/ld+json\" class=\"yoast-schema-graph\">{\"@context\":\"https:\/\/schema.org\",\"@graph\":[{\"@type\":\"WebPage\",\"@id\":\"https:\/\/www.domainesrichard.fr\/chateau-victoria\/en\/wine\/victoria-ii-2020\/\",\"url\":\"https:\/\/www.domainesrichard.fr\/chateau-victoria\/en\/wine\/victoria-ii-2020\/\",\"name\":\"Ch\u00e2teau Victoria Haut-M\u00e9doc Victoria II 2020\",\"isPartOf\":{\"@id\":\"https:\/\/www.domainesrichard.fr\/chateau-victoria\/en\/#website\"},\"primaryImageOfPage\":{\"@id\":\"https:\/\/www.domainesrichard.fr\/chateau-victoria\/en\/wine\/victoria-ii-2020\/#primaryimage\"},\"image\":{\"@id\":\"https:\/\/www.domainesrichard.fr\/chateau-victoria\/en\/wine\/victoria-ii-2020\/#primaryimage\"},\"thumbnailUrl\":\"https:\/\/www.domainesrichard.fr\/chateau-victoria\/wp-content\/uploads\/sites\/7\/2022\/04\/VICTORIA-VICTORIA-II.jpg\",\"datePublished\":\"2022-04-26T08:51:55+00:00\",\"dateModified\":\"2023-07-03T12:57:24+00:00\",\"description\":\"Victoria II is Ch\u00e2teau Victoria's second wine produced in the Haut-M\u00e9doc region. A fiery wine with very expressive red fruit notes.\",\"breadcrumb\":{\"@id\":\"https:\/\/www.domainesrichard.fr\/chateau-victoria\/en\/wine\/victoria-ii-2020\/#breadcrumb\"},\"inLanguage\":\"en-US\",\"potentialAction\":[{\"@type\":\"ReadAction\",\"target\":[\"https:\/\/www.domainesrichard.fr\/chateau-victoria\/en\/wine\/victoria-ii-2020\/\"]}]},{\"@type\":\"ImageObject\",\"inLanguage\":\"en-US\",\"@id\":\"https:\/\/www.domainesrichard.fr\/chateau-victoria\/en\/wine\/victoria-ii-2020\/#primaryimage\",\"url\":\"https:\/\/www.domainesrichard.fr\/chateau-victoria\/wp-content\/uploads\/sites\/7\/2022\/04\/VICTORIA-VICTORIA-II.jpg\",\"contentUrl\":\"https:\/\/www.domainesrichard.fr\/chateau-victoria\/wp-content\/uploads\/sites\/7\/2022\/04\/VICTORIA-VICTORIA-II.jpg\",\"width\":600,\"height\":600},{\"@type\":\"BreadcrumbList\",\"@id\":\"https:\/\/www.domainesrichard.fr\/chateau-victoria\/en\/wine\/victoria-ii-2020\/#breadcrumb\",\"itemListElement\":[{\"@type\":\"ListItem\",\"position\":1,\"name\":\"Wines\",\"item\":\"https:\/\/www.domainesrichard.fr\/chateau-victoria\/vins\/\"},{\"@type\":\"ListItem\",\"position\":2,\"name\":\"Victoria II 2020\"}]},{\"@type\":\"WebSite\",\"@id\":\"https:\/\/www.domainesrichard.fr\/chateau-victoria\/en\/#website\",\"url\":\"https:\/\/www.domainesrichard.fr\/chateau-victoria\/en\/\",\"name\":\"Ch\u00e2teau Victoria\",\"description\":\"Un haut m\u00e9doc confidentiel\",\"publisher\":{\"@id\":\"https:\/\/www.domainesrichard.fr\/chateau-victoria\/en\/#organization\"},\"potentialAction\":[{\"@type\":\"SearchAction\",\"target\":{\"@type\":\"EntryPoint\",\"urlTemplate\":\"https:\/\/www.domainesrichard.fr\/chateau-victoria\/en\/?s={search_term_string}\"},\"query-input\":{\"@type\":\"PropertyValueSpecification\",\"valueRequired\":true,\"valueName\":\"search_term_string\"}}],\"inLanguage\":\"en-US\"},{\"@type\":\"Organization\",\"@id\":\"https:\/\/www.domainesrichard.fr\/chateau-victoria\/en\/#organization\",\"name\":\"Ch\u00e2teau Victoria\",\"url\":\"https:\/\/www.domainesrichard.fr\/chateau-victoria\/en\/\",\"logo\":{\"@type\":\"ImageObject\",\"inLanguage\":\"en-US\",\"@id\":\"https:\/\/www.domainesrichard.fr\/chateau-victoria\/en\/#\/schema\/logo\/image\/\",\"url\":\"https:\/\/www.domainesrichard.fr\/chateau-victoria\/wp-content\/uploads\/sites\/7\/2022\/03\/Chateau-Victoria-logo.png\",\"contentUrl\":\"https:\/\/www.domainesrichard.fr\/chateau-victoria\/wp-content\/uploads\/sites\/7\/2022\/03\/Chateau-Victoria-logo.png\",\"width\":600,\"height\":365,\"caption\":\"Ch\u00e2teau Victoria\"},\"image\":{\"@id\":\"https:\/\/www.domainesrichard.fr\/chateau-victoria\/en\/#\/schema\/logo\/image\/\"},\"sameAs\":[\"https:\/\/www.facebook.com\/domainesrichard\",\"https:\/\/www.instagram.com\/domainesrichard\",\"https:\/\/www.linkedin.com\/company\/domaines-richard\"]}]}<\/script>\n<!-- \/ Yoast SEO plugin. -->","yoast_head_json":{"title":"Ch\u00e2teau Victoria Haut-M\u00e9doc Victoria II 2020","description":"Victoria II is Ch\u00e2teau Victoria's second wine produced in the Haut-M\u00e9doc region. A fiery wine with very expressive red fruit notes.","robots":{"index":"index","follow":"follow","max-snippet":"max-snippet:-1","max-image-preview":"max-image-preview:large","max-video-preview":"max-video-preview:-1"},"canonical":"https:\/\/www.domainesrichard.fr\/chateau-victoria\/en\/wine\/victoria-ii-2020\/","og_locale":"en_US","og_type":"article","og_title":"Ch\u00e2teau Victoria Haut-M\u00e9doc Victoria II 2020","og_description":"Victoria II is Ch\u00e2teau Victoria's second wine produced in the Haut-M\u00e9doc region. A fiery wine with very expressive red fruit notes.","og_url":"https:\/\/www.domainesrichard.fr\/chateau-victoria\/en\/wine\/victoria-ii-2020\/","og_site_name":"Ch\u00e2teau Victoria","article_publisher":"https:\/\/www.facebook.com\/domainesrichard","article_modified_time":"2023-07-03T12:57:24+00:00","og_image":[{"width":600,"height":600,"url":"https:\/\/www.domainesrichard.fr\/chateau-victoria\/wp-content\/uploads\/sites\/7\/2022\/04\/VICTORIA-VICTORIA-II.jpg","type":"image\/jpeg"}],"twitter_card":"summary_large_image","twitter_misc":{"Est. reading time":"1 minute"},"schema":{"@context":"https:\/\/schema.org","@graph":[{"@type":"WebPage","@id":"https:\/\/www.domainesrichard.fr\/chateau-victoria\/en\/wine\/victoria-ii-2020\/","url":"https:\/\/www.domainesrichard.fr\/chateau-victoria\/en\/wine\/victoria-ii-2020\/","name":"Ch\u00e2teau Victoria Haut-M\u00e9doc Victoria II 2020","isPartOf":{"@id":"https:\/\/www.domainesrichard.fr\/chateau-victoria\/en\/#website"},"primaryImageOfPage":{"@id":"https:\/\/www.domainesrichard.fr\/chateau-victoria\/en\/wine\/victoria-ii-2020\/#primaryimage"},"image":{"@id":"https:\/\/www.domainesrichard.fr\/chateau-victoria\/en\/wine\/victoria-ii-2020\/#primaryimage"},"thumbnailUrl":"https:\/\/www.domainesrichard.fr\/chateau-victoria\/wp-content\/uploads\/sites\/7\/2022\/04\/VICTORIA-VICTORIA-II.jpg","datePublished":"2022-04-26T08:51:55+00:00","dateModified":"2023-07-03T12:57:24+00:00","description":"Victoria II is Ch\u00e2teau Victoria's second wine produced in the Haut-M\u00e9doc region. A fiery wine with very expressive red fruit notes.","breadcrumb":{"@id":"https:\/\/www.domainesrichard.fr\/chateau-victoria\/en\/wine\/victoria-ii-2020\/#breadcrumb"},"inLanguage":"en-US","potentialAction":[{"@type":"ReadAction","target":["https:\/\/www.domainesrichard.fr\/chateau-victoria\/en\/wine\/victoria-ii-2020\/"]}]},{"@type":"ImageObject","inLanguage":"en-US","@id":"https:\/\/www.domainesrichard.fr\/chateau-victoria\/en\/wine\/victoria-ii-2020\/#primaryimage","url":"https:\/\/www.domainesrichard.fr\/chateau-victoria\/wp-content\/uploads\/sites\/7\/2022\/04\/VICTORIA-VICTORIA-II.jpg","contentUrl":"https:\/\/www.domainesrichard.fr\/chateau-victoria\/wp-content\/uploads\/sites\/7\/2022\/04\/VICTORIA-VICTORIA-II.jpg","width":600,"height":600},{"@type":"BreadcrumbList","@id":"https:\/\/www.domainesrichard.fr\/chateau-victoria\/en\/wine\/victoria-ii-2020\/#breadcrumb","itemListElement":[{"@type":"ListItem","position":1,"name":"Wines","item":"https:\/\/www.domainesrichard.fr\/chateau-victoria\/vins\/"},{"@type":"ListItem","position":2,"name":"Victoria II 2020"}]},{"@type":"WebSite","@id":"https:\/\/www.domainesrichard.fr\/chateau-victoria\/en\/#website","url":"https:\/\/www.domainesrichard.fr\/chateau-victoria\/en\/","name":"Ch\u00e2teau Victoria","description":"Un haut m\u00e9doc confidentiel","publisher":{"@id":"https:\/\/www.domainesrichard.fr\/chateau-victoria\/en\/#organization"},"potentialAction":[{"@type":"SearchAction","target":{"@type":"EntryPoint","urlTemplate":"https:\/\/www.domainesrichard.fr\/chateau-victoria\/en\/?s={search_term_string}"},"query-input":{"@type":"PropertyValueSpecification","valueRequired":true,"valueName":"search_term_string"}}],"inLanguage":"en-US"},{"@type":"Organization","@id":"https:\/\/www.domainesrichard.fr\/chateau-victoria\/en\/#organization","name":"Ch\u00e2teau Victoria","url":"https:\/\/www.domainesrichard.fr\/chateau-victoria\/en\/","logo":{"@type":"ImageObject","inLanguage":"en-US","@id":"https:\/\/www.domainesrichard.fr\/chateau-victoria\/en\/#\/schema\/logo\/image\/","url":"https:\/\/www.domainesrichard.fr\/chateau-victoria\/wp-content\/uploads\/sites\/7\/2022\/03\/Chateau-Victoria-logo.png","contentUrl":"https:\/\/www.domainesrichard.fr\/chateau-victoria\/wp-content\/uploads\/sites\/7\/2022\/03\/Chateau-Victoria-logo.png","width":600,"height":365,"caption":"Ch\u00e2teau Victoria"},"image":{"@id":"https:\/\/www.domainesrichard.fr\/chateau-victoria\/en\/#\/schema\/logo\/image\/"},"sameAs":["https:\/\/www.facebook.com\/domainesrichard","https:\/\/www.instagram.com\/domainesrichard","https:\/\/www.linkedin.com\/company\/domaines-richard"]}]}},"_links":{"self":[{"href":"https:\/\/www.domainesrichard.fr\/chateau-victoria\/en\/wp-json\/wp\/v2\/product\/119","targetHints":{"allow":["GET"]}}],"collection":[{"href":"https:\/\/www.domainesrichard.fr\/chateau-victoria\/en\/wp-json\/wp\/v2\/product"}],"about":[{"href":"https:\/\/www.domainesrichard.fr\/chateau-victoria\/en\/wp-json\/wp\/v2\/types\/product"}],"wp:featuredmedia":[{"embeddable":true,"href":"https:\/\/www.domainesrichard.fr\/chateau-victoria\/en\/wp-json\/wp\/v2\/media\/601"}],"wp:attachment":[{"href":"https:\/\/www.domainesrichard.fr\/chateau-victoria\/en\/wp-json\/wp\/v2\/media?parent=119"}],"wp:term":[{"taxonomy":"product_brand","embeddable":true,"href":"https:\/\/www.domainesrichard.fr\/chateau-victoria\/en\/wp-json\/wp\/v2\/product_brand?post=119"},{"taxonomy":"product_cat","embeddable":true,"href":"https:\/\/www.domainesrichard.fr\/chateau-victoria\/en\/wp-json\/wp\/v2\/product_cat?post=119"},{"taxonomy":"product_tag","embeddable":true,"href":"https:\/\/www.domainesrichard.fr\/chateau-victoria\/en\/wp-json\/wp\/v2\/product_tag?post=119"}],"curies":[{"name":"wp","href":"https:\/\/api.w.org\/{rel}","templated":true}]}}