{"id":126,"date":"2022-04-26T10:43:38","date_gmt":"2022-04-26T09:02:42","guid":{"rendered":"https:\/\/www.domainesrichard.fr\/chateau-victoria\/?post_type=product&#038;p=126"},"modified":"2022-04-26T11:02:42","modified_gmt":"2022-04-26T09:02:42","slug":"la-croix-de-victoria-2016","status":"publish","type":"product","link":"https:\/\/www.domainesrichard.fr\/chateau-victoria\/en\/wine\/la-croix-de-victoria-2016\/","title":{"rendered":"La Croix de Victoria <span class='vintage the_title'>2016<\/span>"},"content":{"rendered":"<p>Located in the middle of the vineyard, the cross of Victoria, elevated by stones, is just two hundred meters from the castle. This wine is only a few years old and emerged from the combination of merlot, cabernet sauvignon, and petit verdot. To be enjoyed in moderation and paired with grilled meats!<\/p>","protected":false},"excerpt":{"rendered":"<p>Located in the middle of the vineyard, the cross of Victoria, elevated by stones, is just two hundred meters from the castle. This wine is only a few years old and emerged from the combination of merlot, cabernet sauvignon, and petit verdot. To be enjoyed in moderation and paired with grilled meats!<\/p>","protected":false},"featured_media":32,"template":"","meta":{"_acf_changed":false},"product_brand":[],"product_cat":[52],"product_tag":[],"class_list":{"0":"post-126","1":"product","2":"type-product","3":"status-publish","4":"has-post-thumbnail","6":"product_cat-la-croix-de-victoria-en","8":"first","9":"instock","10":"taxable","11":"shipping-taxable","12":"purchasable","13":"product-type-simple"},"acf":[],"yoast_head":"<!-- This site is optimized with the Yoast SEO plugin v27.0 - https:\/\/yoast.com\/product\/yoast-seo-wordpress\/ -->\n<title>Ch\u00e2teau Victoria Haut-M\u00e9doc La Croix de Victoria 2016<\/title>\n<meta name=\"description\" content=\"Ch\u00e2teau Victoria Haut-M\u00e9doc La Croix de Victoria 2016 is a deliciously fruity wine of immediate delight. To be enjoyed with grilled meats!\" \/>\n<meta name=\"robots\" content=\"index, follow, max-snippet:-1, max-image-preview:large, max-video-preview:-1\" \/>\n<link rel=\"canonical\" href=\"https:\/\/www.domainesrichard.fr\/chateau-victoria\/en\/wine\/la-croix-de-victoria-2016\/\" \/>\n<meta property=\"og:locale\" content=\"en_US\" \/>\n<meta property=\"og:type\" content=\"article\" \/>\n<meta property=\"og:title\" content=\"Ch\u00e2teau Victoria Haut-M\u00e9doc La Croix de Victoria 2016\" \/>\n<meta property=\"og:description\" content=\"Ch\u00e2teau Victoria Haut-M\u00e9doc La Croix de Victoria 2016 is a deliciously fruity wine of immediate delight. To be enjoyed with grilled meats!\" \/>\n<meta property=\"og:url\" content=\"https:\/\/www.domainesrichard.fr\/chateau-victoria\/en\/wine\/la-croix-de-victoria-2016\/\" \/>\n<meta property=\"og:site_name\" content=\"Ch\u00e2teau Victoria\" \/>\n<meta property=\"article:publisher\" content=\"https:\/\/www.facebook.com\/domainesrichard\" \/>\n<meta property=\"og:image\" content=\"https:\/\/www.domainesrichard.fr\/chateau-victoria\/wp-content\/uploads\/sites\/7\/2022\/04\/CROIX-DE-VICTPRIA-3.jpg\" \/>\n\t<meta property=\"og:image:width\" content=\"874\" \/>\n\t<meta property=\"og:image:height\" content=\"600\" \/>\n\t<meta property=\"og:image:type\" content=\"image\/jpeg\" \/>\n<meta name=\"twitter:card\" content=\"summary_large_image\" \/>\n<script type=\"application\/ld+json\" class=\"yoast-schema-graph\">{\"@context\":\"https:\/\/schema.org\",\"@graph\":[{\"@type\":\"WebPage\",\"@id\":\"https:\/\/www.domainesrichard.fr\/chateau-victoria\/en\/wine\/la-croix-de-victoria-2016\/\",\"url\":\"https:\/\/www.domainesrichard.fr\/chateau-victoria\/en\/wine\/la-croix-de-victoria-2016\/\",\"name\":\"Ch\u00e2teau Victoria Haut-M\u00e9doc La Croix de Victoria 2016\",\"isPartOf\":{\"@id\":\"https:\/\/www.domainesrichard.fr\/chateau-victoria\/en\/#website\"},\"primaryImageOfPage\":{\"@id\":\"https:\/\/www.domainesrichard.fr\/chateau-victoria\/en\/wine\/la-croix-de-victoria-2016\/#primaryimage\"},\"image\":{\"@id\":\"https:\/\/www.domainesrichard.fr\/chateau-victoria\/en\/wine\/la-croix-de-victoria-2016\/#primaryimage\"},\"thumbnailUrl\":\"https:\/\/www.domainesrichard.fr\/chateau-victoria\/wp-content\/uploads\/sites\/7\/2022\/04\/CROIX-DE-VICTPRIA-3.jpg\",\"datePublished\":\"2022-04-26T09:02:42+00:00\",\"description\":\"Ch\u00e2teau Victoria Haut-M\u00e9doc La Croix de Victoria 2016 is a deliciously fruity wine of immediate delight. To be enjoyed with grilled meats!\",\"breadcrumb\":{\"@id\":\"https:\/\/www.domainesrichard.fr\/chateau-victoria\/en\/wine\/la-croix-de-victoria-2016\/#breadcrumb\"},\"inLanguage\":\"en-US\",\"potentialAction\":[{\"@type\":\"ReadAction\",\"target\":[\"https:\/\/www.domainesrichard.fr\/chateau-victoria\/en\/wine\/la-croix-de-victoria-2016\/\"]}]},{\"@type\":\"ImageObject\",\"inLanguage\":\"en-US\",\"@id\":\"https:\/\/www.domainesrichard.fr\/chateau-victoria\/en\/wine\/la-croix-de-victoria-2016\/#primaryimage\",\"url\":\"https:\/\/www.domainesrichard.fr\/chateau-victoria\/wp-content\/uploads\/sites\/7\/2022\/04\/CROIX-DE-VICTPRIA-3.jpg\",\"contentUrl\":\"https:\/\/www.domainesrichard.fr\/chateau-victoria\/wp-content\/uploads\/sites\/7\/2022\/04\/CROIX-DE-VICTPRIA-3.jpg\",\"width\":874,\"height\":600,\"caption\":\"Crois de Victoria\"},{\"@type\":\"BreadcrumbList\",\"@id\":\"https:\/\/www.domainesrichard.fr\/chateau-victoria\/en\/wine\/la-croix-de-victoria-2016\/#breadcrumb\",\"itemListElement\":[{\"@type\":\"ListItem\",\"position\":1,\"name\":\"Wines\",\"item\":\"https:\/\/www.domainesrichard.fr\/chateau-victoria\/vins\/\"},{\"@type\":\"ListItem\",\"position\":2,\"name\":\"La Croix de Victoria 2016\"}]},{\"@type\":\"WebSite\",\"@id\":\"https:\/\/www.domainesrichard.fr\/chateau-victoria\/en\/#website\",\"url\":\"https:\/\/www.domainesrichard.fr\/chateau-victoria\/en\/\",\"name\":\"Ch\u00e2teau Victoria\",\"description\":\"Un haut m\u00e9doc confidentiel\",\"publisher\":{\"@id\":\"https:\/\/www.domainesrichard.fr\/chateau-victoria\/en\/#organization\"},\"potentialAction\":[{\"@type\":\"SearchAction\",\"target\":{\"@type\":\"EntryPoint\",\"urlTemplate\":\"https:\/\/www.domainesrichard.fr\/chateau-victoria\/en\/?s={search_term_string}\"},\"query-input\":{\"@type\":\"PropertyValueSpecification\",\"valueRequired\":true,\"valueName\":\"search_term_string\"}}],\"inLanguage\":\"en-US\"},{\"@type\":\"Organization\",\"@id\":\"https:\/\/www.domainesrichard.fr\/chateau-victoria\/en\/#organization\",\"name\":\"Ch\u00e2teau Victoria\",\"url\":\"https:\/\/www.domainesrichard.fr\/chateau-victoria\/en\/\",\"logo\":{\"@type\":\"ImageObject\",\"inLanguage\":\"en-US\",\"@id\":\"https:\/\/www.domainesrichard.fr\/chateau-victoria\/en\/#\/schema\/logo\/image\/\",\"url\":\"https:\/\/www.domainesrichard.fr\/chateau-victoria\/wp-content\/uploads\/sites\/7\/2022\/03\/Chateau-Victoria-logo.png\",\"contentUrl\":\"https:\/\/www.domainesrichard.fr\/chateau-victoria\/wp-content\/uploads\/sites\/7\/2022\/03\/Chateau-Victoria-logo.png\",\"width\":600,\"height\":365,\"caption\":\"Ch\u00e2teau Victoria\"},\"image\":{\"@id\":\"https:\/\/www.domainesrichard.fr\/chateau-victoria\/en\/#\/schema\/logo\/image\/\"},\"sameAs\":[\"https:\/\/www.facebook.com\/domainesrichard\",\"https:\/\/www.instagram.com\/domainesrichard\",\"https:\/\/www.linkedin.com\/company\/domaines-richard\"]}]}<\/script>\n<!-- \/ Yoast SEO plugin. -->","yoast_head_json":{"title":"Ch\u00e2teau Victoria Haut-M\u00e9doc La Croix de Victoria 2016","description":"Ch\u00e2teau Victoria Haut-M\u00e9doc La Croix de Victoria 2016 is a deliciously fruity wine of immediate delight. To be enjoyed with grilled meats!","robots":{"index":"index","follow":"follow","max-snippet":"max-snippet:-1","max-image-preview":"max-image-preview:large","max-video-preview":"max-video-preview:-1"},"canonical":"https:\/\/www.domainesrichard.fr\/chateau-victoria\/en\/wine\/la-croix-de-victoria-2016\/","og_locale":"en_US","og_type":"article","og_title":"Ch\u00e2teau Victoria Haut-M\u00e9doc La Croix de Victoria 2016","og_description":"Ch\u00e2teau Victoria Haut-M\u00e9doc La Croix de Victoria 2016 is a deliciously fruity wine of immediate delight. To be enjoyed with grilled meats!","og_url":"https:\/\/www.domainesrichard.fr\/chateau-victoria\/en\/wine\/la-croix-de-victoria-2016\/","og_site_name":"Ch\u00e2teau Victoria","article_publisher":"https:\/\/www.facebook.com\/domainesrichard","og_image":[{"width":874,"height":600,"url":"https:\/\/www.domainesrichard.fr\/chateau-victoria\/wp-content\/uploads\/sites\/7\/2022\/04\/CROIX-DE-VICTPRIA-3.jpg","type":"image\/jpeg"}],"twitter_card":"summary_large_image","schema":{"@context":"https:\/\/schema.org","@graph":[{"@type":"WebPage","@id":"https:\/\/www.domainesrichard.fr\/chateau-victoria\/en\/wine\/la-croix-de-victoria-2016\/","url":"https:\/\/www.domainesrichard.fr\/chateau-victoria\/en\/wine\/la-croix-de-victoria-2016\/","name":"Ch\u00e2teau Victoria Haut-M\u00e9doc La Croix de Victoria 2016","isPartOf":{"@id":"https:\/\/www.domainesrichard.fr\/chateau-victoria\/en\/#website"},"primaryImageOfPage":{"@id":"https:\/\/www.domainesrichard.fr\/chateau-victoria\/en\/wine\/la-croix-de-victoria-2016\/#primaryimage"},"image":{"@id":"https:\/\/www.domainesrichard.fr\/chateau-victoria\/en\/wine\/la-croix-de-victoria-2016\/#primaryimage"},"thumbnailUrl":"https:\/\/www.domainesrichard.fr\/chateau-victoria\/wp-content\/uploads\/sites\/7\/2022\/04\/CROIX-DE-VICTPRIA-3.jpg","datePublished":"2022-04-26T09:02:42+00:00","description":"Ch\u00e2teau Victoria Haut-M\u00e9doc La Croix de Victoria 2016 is a deliciously fruity wine of immediate delight. To be enjoyed with grilled meats!","breadcrumb":{"@id":"https:\/\/www.domainesrichard.fr\/chateau-victoria\/en\/wine\/la-croix-de-victoria-2016\/#breadcrumb"},"inLanguage":"en-US","potentialAction":[{"@type":"ReadAction","target":["https:\/\/www.domainesrichard.fr\/chateau-victoria\/en\/wine\/la-croix-de-victoria-2016\/"]}]},{"@type":"ImageObject","inLanguage":"en-US","@id":"https:\/\/www.domainesrichard.fr\/chateau-victoria\/en\/wine\/la-croix-de-victoria-2016\/#primaryimage","url":"https:\/\/www.domainesrichard.fr\/chateau-victoria\/wp-content\/uploads\/sites\/7\/2022\/04\/CROIX-DE-VICTPRIA-3.jpg","contentUrl":"https:\/\/www.domainesrichard.fr\/chateau-victoria\/wp-content\/uploads\/sites\/7\/2022\/04\/CROIX-DE-VICTPRIA-3.jpg","width":874,"height":600,"caption":"Crois de Victoria"},{"@type":"BreadcrumbList","@id":"https:\/\/www.domainesrichard.fr\/chateau-victoria\/en\/wine\/la-croix-de-victoria-2016\/#breadcrumb","itemListElement":[{"@type":"ListItem","position":1,"name":"Wines","item":"https:\/\/www.domainesrichard.fr\/chateau-victoria\/vins\/"},{"@type":"ListItem","position":2,"name":"La Croix de Victoria 2016"}]},{"@type":"WebSite","@id":"https:\/\/www.domainesrichard.fr\/chateau-victoria\/en\/#website","url":"https:\/\/www.domainesrichard.fr\/chateau-victoria\/en\/","name":"Ch\u00e2teau Victoria","description":"Un haut m\u00e9doc confidentiel","publisher":{"@id":"https:\/\/www.domainesrichard.fr\/chateau-victoria\/en\/#organization"},"potentialAction":[{"@type":"SearchAction","target":{"@type":"EntryPoint","urlTemplate":"https:\/\/www.domainesrichard.fr\/chateau-victoria\/en\/?s={search_term_string}"},"query-input":{"@type":"PropertyValueSpecification","valueRequired":true,"valueName":"search_term_string"}}],"inLanguage":"en-US"},{"@type":"Organization","@id":"https:\/\/www.domainesrichard.fr\/chateau-victoria\/en\/#organization","name":"Ch\u00e2teau Victoria","url":"https:\/\/www.domainesrichard.fr\/chateau-victoria\/en\/","logo":{"@type":"ImageObject","inLanguage":"en-US","@id":"https:\/\/www.domainesrichard.fr\/chateau-victoria\/en\/#\/schema\/logo\/image\/","url":"https:\/\/www.domainesrichard.fr\/chateau-victoria\/wp-content\/uploads\/sites\/7\/2022\/03\/Chateau-Victoria-logo.png","contentUrl":"https:\/\/www.domainesrichard.fr\/chateau-victoria\/wp-content\/uploads\/sites\/7\/2022\/03\/Chateau-Victoria-logo.png","width":600,"height":365,"caption":"Ch\u00e2teau Victoria"},"image":{"@id":"https:\/\/www.domainesrichard.fr\/chateau-victoria\/en\/#\/schema\/logo\/image\/"},"sameAs":["https:\/\/www.facebook.com\/domainesrichard","https:\/\/www.instagram.com\/domainesrichard","https:\/\/www.linkedin.com\/company\/domaines-richard"]}]}},"_links":{"self":[{"href":"https:\/\/www.domainesrichard.fr\/chateau-victoria\/en\/wp-json\/wp\/v2\/product\/126","targetHints":{"allow":["GET"]}}],"collection":[{"href":"https:\/\/www.domainesrichard.fr\/chateau-victoria\/en\/wp-json\/wp\/v2\/product"}],"about":[{"href":"https:\/\/www.domainesrichard.fr\/chateau-victoria\/en\/wp-json\/wp\/v2\/types\/product"}],"wp:featuredmedia":[{"embeddable":true,"href":"https:\/\/www.domainesrichard.fr\/chateau-victoria\/en\/wp-json\/wp\/v2\/media\/32"}],"wp:attachment":[{"href":"https:\/\/www.domainesrichard.fr\/chateau-victoria\/en\/wp-json\/wp\/v2\/media?parent=126"}],"wp:term":[{"taxonomy":"product_brand","embeddable":true,"href":"https:\/\/www.domainesrichard.fr\/chateau-victoria\/en\/wp-json\/wp\/v2\/product_brand?post=126"},{"taxonomy":"product_cat","embeddable":true,"href":"https:\/\/www.domainesrichard.fr\/chateau-victoria\/en\/wp-json\/wp\/v2\/product_cat?post=126"},{"taxonomy":"product_tag","embeddable":true,"href":"https:\/\/www.domainesrichard.fr\/chateau-victoria\/en\/wp-json\/wp\/v2\/product_tag?post=126"}],"curies":[{"name":"wp","href":"https:\/\/api.w.org\/{rel}","templated":true}]}}