{"id":100,"date":"2022-04-26T10:30:23","date_gmt":"2022-04-26T08:30:23","guid":{"rendered":"https:\/\/www.domainesrichard.fr\/chateau-victoria\/?post_type=product&#038;p=100"},"modified":"2024-06-12T16:15:55","modified_gmt":"2024-06-12T14:15:55","slug":"chateau-victoria-2018","status":"publish","type":"product","link":"https:\/\/www.domainesrichard.fr\/chateau-victoria\/vin\/chateau-victoria-2018\/","title":{"rendered":"Ch\u00e2teau Victoria <span class='vintage the_title'>2018<\/span>"},"content":{"rendered":"<p>La singularit\u00e9 de ce Cru Bourgeois tient \u00e0 son terroir de petites graves sur lesquels sont plant\u00e9s cabernet sauvignon et merlot. Un nom bien choisi pour ce ch\u00e2teau dont le style n\u2019est pas sans \u00e9voquer la douceur de vivre et l\u2019\u00e9l\u00e9gance de l\u2019Angleterre d\u2019antan.<\/p>","protected":false},"excerpt":{"rendered":"<p>La singularit\u00e9 de ce Cru Bourgeois tient \u00e0 son terroir de petites graves sur lesquels sont plant\u00e9s cabernet sauvignon et merlot. Un nom bien choisi pour ce ch\u00e2teau dont le style n\u2019est pas sans \u00e9voquer la douceur de vivre et l\u2019\u00e9l\u00e9gance de l\u2019Angleterre d\u2019antan.<\/p>","protected":false},"featured_media":29,"template":"","meta":{"_acf_changed":false},"product_brand":[],"product_cat":[45],"product_tag":[],"class_list":{"0":"post-100","1":"product","2":"type-product","3":"status-publish","4":"has-post-thumbnail","6":"product_cat-chateau-victoria","8":"first","9":"instock","10":"taxable","11":"shipping-taxable","12":"purchasable","13":"product-type-simple"},"acf":[],"yoast_head":"<!-- This site is optimized with the Yoast SEO plugin v27.0 - https:\/\/yoast.com\/product\/yoast-seo-wordpress\/ -->\n<title>Ch\u00e2teau Victoria Haut-M\u00e9doc Cru Bourgeois 2018<\/title>\n<meta name=\"description\" content=\"Ch\u00e2teau Victoria Haut-M\u00e9doc Cru Bourgeois 2018 est un assemblage de cabernet sauvignon et merlot. Un vin rac\u00e9 qui propose \u00e0 la fois force et finesse.\" \/>\n<meta name=\"robots\" content=\"index, follow, max-snippet:-1, max-image-preview:large, max-video-preview:-1\" \/>\n<link rel=\"canonical\" href=\"https:\/\/www.domainesrichard.fr\/chateau-victoria\/vin\/chateau-victoria-2018\/\" \/>\n<meta property=\"og:locale\" content=\"fr_FR\" \/>\n<meta property=\"og:type\" content=\"article\" \/>\n<meta property=\"og:title\" content=\"Ch\u00e2teau Victoria Haut-M\u00e9doc Cru Bourgeois 2018\" \/>\n<meta property=\"og:description\" content=\"Ch\u00e2teau Victoria Haut-M\u00e9doc Cru Bourgeois 2018 est un assemblage de cabernet sauvignon et merlot. Un vin rac\u00e9 qui propose \u00e0 la fois force et finesse.\" \/>\n<meta property=\"og:url\" content=\"https:\/\/www.domainesrichard.fr\/chateau-victoria\/vin\/chateau-victoria-2018\/\" \/>\n<meta property=\"og:site_name\" content=\"Ch\u00e2teau Victoria\" \/>\n<meta property=\"article:publisher\" content=\"https:\/\/www.facebook.com\/domainesrichard\" \/>\n<meta property=\"article:modified_time\" content=\"2024-06-12T14:15:55+00:00\" \/>\n<meta property=\"og:image\" content=\"https:\/\/www.domainesrichard.fr\/chateau-victoria\/wp-content\/uploads\/sites\/7\/2022\/04\/CHATEAU-VICTORIA-3.jpg\" \/>\n\t<meta property=\"og:image:width\" content=\"411\" \/>\n\t<meta property=\"og:image:height\" content=\"600\" \/>\n\t<meta property=\"og:image:type\" content=\"image\/jpeg\" \/>\n<meta name=\"twitter:card\" content=\"summary_large_image\" \/>\n<meta name=\"twitter:label1\" content=\"Dur\u00e9e de lecture estim\u00e9e\" \/>\n\t<meta name=\"twitter:data1\" content=\"1 minute\" \/>\n<script type=\"application\/ld+json\" class=\"yoast-schema-graph\">{\"@context\":\"https:\/\/schema.org\",\"@graph\":[{\"@type\":\"WebPage\",\"@id\":\"https:\/\/www.domainesrichard.fr\/chateau-victoria\/vin\/chateau-victoria-2018\/\",\"url\":\"https:\/\/www.domainesrichard.fr\/chateau-victoria\/vin\/chateau-victoria-2018\/\",\"name\":\"Ch\u00e2teau Victoria Haut-M\u00e9doc Cru Bourgeois 2018\",\"isPartOf\":{\"@id\":\"https:\/\/www.domainesrichard.fr\/chateau-victoria\/#website\"},\"primaryImageOfPage\":{\"@id\":\"https:\/\/www.domainesrichard.fr\/chateau-victoria\/vin\/chateau-victoria-2018\/#primaryimage\"},\"image\":{\"@id\":\"https:\/\/www.domainesrichard.fr\/chateau-victoria\/vin\/chateau-victoria-2018\/#primaryimage\"},\"thumbnailUrl\":\"https:\/\/www.domainesrichard.fr\/chateau-victoria\/wp-content\/uploads\/sites\/7\/2022\/04\/CHATEAU-VICTORIA-3.jpg\",\"datePublished\":\"2022-04-26T08:30:23+00:00\",\"dateModified\":\"2024-06-12T14:15:55+00:00\",\"description\":\"Ch\u00e2teau Victoria Haut-M\u00e9doc Cru Bourgeois 2018 est un assemblage de cabernet sauvignon et merlot. Un vin rac\u00e9 qui propose \u00e0 la fois force et finesse.\",\"breadcrumb\":{\"@id\":\"https:\/\/www.domainesrichard.fr\/chateau-victoria\/vin\/chateau-victoria-2018\/#breadcrumb\"},\"inLanguage\":\"fr-FR\",\"potentialAction\":[{\"@type\":\"ReadAction\",\"target\":[\"https:\/\/www.domainesrichard.fr\/chateau-victoria\/vin\/chateau-victoria-2018\/\"]}]},{\"@type\":\"ImageObject\",\"inLanguage\":\"fr-FR\",\"@id\":\"https:\/\/www.domainesrichard.fr\/chateau-victoria\/vin\/chateau-victoria-2018\/#primaryimage\",\"url\":\"https:\/\/www.domainesrichard.fr\/chateau-victoria\/wp-content\/uploads\/sites\/7\/2022\/04\/CHATEAU-VICTORIA-3.jpg\",\"contentUrl\":\"https:\/\/www.domainesrichard.fr\/chateau-victoria\/wp-content\/uploads\/sites\/7\/2022\/04\/CHATEAU-VICTORIA-3.jpg\",\"width\":411,\"height\":600,\"caption\":\"Ch\u00e2teau Victoria\"},{\"@type\":\"BreadcrumbList\",\"@id\":\"https:\/\/www.domainesrichard.fr\/chateau-victoria\/vin\/chateau-victoria-2018\/#breadcrumb\",\"itemListElement\":[{\"@type\":\"ListItem\",\"position\":1,\"name\":\"Vins\",\"item\":\"https:\/\/www.domainesrichard.fr\/chateau-victoria\/vins\/\"},{\"@type\":\"ListItem\",\"position\":2,\"name\":\"Ch\u00e2teau Victoria 2018\"}]},{\"@type\":\"WebSite\",\"@id\":\"https:\/\/www.domainesrichard.fr\/chateau-victoria\/#website\",\"url\":\"https:\/\/www.domainesrichard.fr\/chateau-victoria\/\",\"name\":\"Ch\u00e2teau Victoria\",\"description\":\"Un haut m\u00e9doc confidentiel\",\"publisher\":{\"@id\":\"https:\/\/www.domainesrichard.fr\/chateau-victoria\/#organization\"},\"potentialAction\":[{\"@type\":\"SearchAction\",\"target\":{\"@type\":\"EntryPoint\",\"urlTemplate\":\"https:\/\/www.domainesrichard.fr\/chateau-victoria\/?s={search_term_string}\"},\"query-input\":{\"@type\":\"PropertyValueSpecification\",\"valueRequired\":true,\"valueName\":\"search_term_string\"}}],\"inLanguage\":\"fr-FR\"},{\"@type\":\"Organization\",\"@id\":\"https:\/\/www.domainesrichard.fr\/chateau-victoria\/#organization\",\"name\":\"Ch\u00e2teau Victoria\",\"url\":\"https:\/\/www.domainesrichard.fr\/chateau-victoria\/\",\"logo\":{\"@type\":\"ImageObject\",\"inLanguage\":\"fr-FR\",\"@id\":\"https:\/\/www.domainesrichard.fr\/chateau-victoria\/#\/schema\/logo\/image\/\",\"url\":\"https:\/\/www.domainesrichard.fr\/chateau-victoria\/wp-content\/uploads\/sites\/7\/2022\/03\/Chateau-Victoria-logo.png\",\"contentUrl\":\"https:\/\/www.domainesrichard.fr\/chateau-victoria\/wp-content\/uploads\/sites\/7\/2022\/03\/Chateau-Victoria-logo.png\",\"width\":600,\"height\":365,\"caption\":\"Ch\u00e2teau Victoria\"},\"image\":{\"@id\":\"https:\/\/www.domainesrichard.fr\/chateau-victoria\/#\/schema\/logo\/image\/\"},\"sameAs\":[\"https:\/\/www.facebook.com\/domainesrichard\",\"https:\/\/www.instagram.com\/domainesrichard\",\"https:\/\/www.linkedin.com\/company\/domaines-richard\"]}]}<\/script>\n<!-- \/ Yoast SEO plugin. -->","yoast_head_json":{"title":"Ch\u00e2teau Victoria Haut-M\u00e9doc Cru Bourgeois 2018","description":"Ch\u00e2teau Victoria Haut-M\u00e9doc Cru Bourgeois 2018 est un assemblage de cabernet sauvignon et merlot. Un vin rac\u00e9 qui propose \u00e0 la fois force et finesse.","robots":{"index":"index","follow":"follow","max-snippet":"max-snippet:-1","max-image-preview":"max-image-preview:large","max-video-preview":"max-video-preview:-1"},"canonical":"https:\/\/www.domainesrichard.fr\/chateau-victoria\/vin\/chateau-victoria-2018\/","og_locale":"fr_FR","og_type":"article","og_title":"Ch\u00e2teau Victoria Haut-M\u00e9doc Cru Bourgeois 2018","og_description":"Ch\u00e2teau Victoria Haut-M\u00e9doc Cru Bourgeois 2018 est un assemblage de cabernet sauvignon et merlot. Un vin rac\u00e9 qui propose \u00e0 la fois force et finesse.","og_url":"https:\/\/www.domainesrichard.fr\/chateau-victoria\/vin\/chateau-victoria-2018\/","og_site_name":"Ch\u00e2teau Victoria","article_publisher":"https:\/\/www.facebook.com\/domainesrichard","article_modified_time":"2024-06-12T14:15:55+00:00","og_image":[{"width":411,"height":600,"url":"https:\/\/www.domainesrichard.fr\/chateau-victoria\/wp-content\/uploads\/sites\/7\/2022\/04\/CHATEAU-VICTORIA-3.jpg","type":"image\/jpeg"}],"twitter_card":"summary_large_image","twitter_misc":{"Dur\u00e9e de lecture estim\u00e9e":"1 minute"},"schema":{"@context":"https:\/\/schema.org","@graph":[{"@type":"WebPage","@id":"https:\/\/www.domainesrichard.fr\/chateau-victoria\/vin\/chateau-victoria-2018\/","url":"https:\/\/www.domainesrichard.fr\/chateau-victoria\/vin\/chateau-victoria-2018\/","name":"Ch\u00e2teau Victoria Haut-M\u00e9doc Cru Bourgeois 2018","isPartOf":{"@id":"https:\/\/www.domainesrichard.fr\/chateau-victoria\/#website"},"primaryImageOfPage":{"@id":"https:\/\/www.domainesrichard.fr\/chateau-victoria\/vin\/chateau-victoria-2018\/#primaryimage"},"image":{"@id":"https:\/\/www.domainesrichard.fr\/chateau-victoria\/vin\/chateau-victoria-2018\/#primaryimage"},"thumbnailUrl":"https:\/\/www.domainesrichard.fr\/chateau-victoria\/wp-content\/uploads\/sites\/7\/2022\/04\/CHATEAU-VICTORIA-3.jpg","datePublished":"2022-04-26T08:30:23+00:00","dateModified":"2024-06-12T14:15:55+00:00","description":"Ch\u00e2teau Victoria Haut-M\u00e9doc Cru Bourgeois 2018 est un assemblage de cabernet sauvignon et merlot. Un vin rac\u00e9 qui propose \u00e0 la fois force et finesse.","breadcrumb":{"@id":"https:\/\/www.domainesrichard.fr\/chateau-victoria\/vin\/chateau-victoria-2018\/#breadcrumb"},"inLanguage":"fr-FR","potentialAction":[{"@type":"ReadAction","target":["https:\/\/www.domainesrichard.fr\/chateau-victoria\/vin\/chateau-victoria-2018\/"]}]},{"@type":"ImageObject","inLanguage":"fr-FR","@id":"https:\/\/www.domainesrichard.fr\/chateau-victoria\/vin\/chateau-victoria-2018\/#primaryimage","url":"https:\/\/www.domainesrichard.fr\/chateau-victoria\/wp-content\/uploads\/sites\/7\/2022\/04\/CHATEAU-VICTORIA-3.jpg","contentUrl":"https:\/\/www.domainesrichard.fr\/chateau-victoria\/wp-content\/uploads\/sites\/7\/2022\/04\/CHATEAU-VICTORIA-3.jpg","width":411,"height":600,"caption":"Ch\u00e2teau Victoria"},{"@type":"BreadcrumbList","@id":"https:\/\/www.domainesrichard.fr\/chateau-victoria\/vin\/chateau-victoria-2018\/#breadcrumb","itemListElement":[{"@type":"ListItem","position":1,"name":"Vins","item":"https:\/\/www.domainesrichard.fr\/chateau-victoria\/vins\/"},{"@type":"ListItem","position":2,"name":"Ch\u00e2teau Victoria 2018"}]},{"@type":"WebSite","@id":"https:\/\/www.domainesrichard.fr\/chateau-victoria\/#website","url":"https:\/\/www.domainesrichard.fr\/chateau-victoria\/","name":"Ch\u00e2teau Victoria","description":"Un haut m\u00e9doc confidentiel","publisher":{"@id":"https:\/\/www.domainesrichard.fr\/chateau-victoria\/#organization"},"potentialAction":[{"@type":"SearchAction","target":{"@type":"EntryPoint","urlTemplate":"https:\/\/www.domainesrichard.fr\/chateau-victoria\/?s={search_term_string}"},"query-input":{"@type":"PropertyValueSpecification","valueRequired":true,"valueName":"search_term_string"}}],"inLanguage":"fr-FR"},{"@type":"Organization","@id":"https:\/\/www.domainesrichard.fr\/chateau-victoria\/#organization","name":"Ch\u00e2teau Victoria","url":"https:\/\/www.domainesrichard.fr\/chateau-victoria\/","logo":{"@type":"ImageObject","inLanguage":"fr-FR","@id":"https:\/\/www.domainesrichard.fr\/chateau-victoria\/#\/schema\/logo\/image\/","url":"https:\/\/www.domainesrichard.fr\/chateau-victoria\/wp-content\/uploads\/sites\/7\/2022\/03\/Chateau-Victoria-logo.png","contentUrl":"https:\/\/www.domainesrichard.fr\/chateau-victoria\/wp-content\/uploads\/sites\/7\/2022\/03\/Chateau-Victoria-logo.png","width":600,"height":365,"caption":"Ch\u00e2teau Victoria"},"image":{"@id":"https:\/\/www.domainesrichard.fr\/chateau-victoria\/#\/schema\/logo\/image\/"},"sameAs":["https:\/\/www.facebook.com\/domainesrichard","https:\/\/www.instagram.com\/domainesrichard","https:\/\/www.linkedin.com\/company\/domaines-richard"]}]}},"_links":{"self":[{"href":"https:\/\/www.domainesrichard.fr\/chateau-victoria\/wp-json\/wp\/v2\/product\/100","targetHints":{"allow":["GET"]}}],"collection":[{"href":"https:\/\/www.domainesrichard.fr\/chateau-victoria\/wp-json\/wp\/v2\/product"}],"about":[{"href":"https:\/\/www.domainesrichard.fr\/chateau-victoria\/wp-json\/wp\/v2\/types\/product"}],"wp:featuredmedia":[{"embeddable":true,"href":"https:\/\/www.domainesrichard.fr\/chateau-victoria\/wp-json\/wp\/v2\/media\/29"}],"wp:attachment":[{"href":"https:\/\/www.domainesrichard.fr\/chateau-victoria\/wp-json\/wp\/v2\/media?parent=100"}],"wp:term":[{"taxonomy":"product_brand","embeddable":true,"href":"https:\/\/www.domainesrichard.fr\/chateau-victoria\/wp-json\/wp\/v2\/product_brand?post=100"},{"taxonomy":"product_cat","embeddable":true,"href":"https:\/\/www.domainesrichard.fr\/chateau-victoria\/wp-json\/wp\/v2\/product_cat?post=100"},{"taxonomy":"product_tag","embeddable":true,"href":"https:\/\/www.domainesrichard.fr\/chateau-victoria\/wp-json\/wp\/v2\/product_tag?post=100"}],"curies":[{"name":"wp","href":"https:\/\/api.w.org\/{rel}","templated":true}]}}