{"id":108,"date":"2022-04-26T10:43:35","date_gmt":"2022-04-26T08:43:35","guid":{"rendered":"https:\/\/www.domainesrichard.fr\/chateau-victoria\/produit\/victoria-ii\/"},"modified":"2024-06-12T16:13:49","modified_gmt":"2024-06-12T14:13:49","slug":"victoria-ii-2020","status":"publish","type":"product","link":"https:\/\/www.domainesrichard.fr\/chateau-victoria\/vin\/victoria-ii-2020\/","title":{"rendered":"Victoria II <span class='vintage the_title'>2020<\/span>"},"content":{"rendered":"<p>L\u00e0-bas sur cette terre de petites graves c\u2019est l\u2019intensit\u00e9 du fruit qui se r\u00e9v\u00e8le au travers du second vin du Ch\u00e2teau Victoria. Sign\u00e9e par cet assemblage si bordelais de merlot, cabernet sauvignon et petit verdot, cette cuv\u00e9e garde toute la fougue et la chaleur de ces jeunes raisins aux notes de fruits rouges tr\u00e8s expressives.<\/p>","protected":false},"excerpt":{"rendered":"<p>L\u00e0-bas sur cette terre de petites graves c\u2019est l\u2019intensit\u00e9 du fruit qui se r\u00e9v\u00e8le au travers du second vin du Ch\u00e2teau Victoria. Sign\u00e9e par cet assemblage si bordelais de merlot, cabernet sauvignon et petit verdot, cette cuv\u00e9e garde toute la fougue et la chaleur de ces jeunes raisins aux notes de fruits rouges tr\u00e8s expressives.<\/p>","protected":false},"featured_media":600,"template":"","meta":{"_acf_changed":false},"product_brand":[],"product_cat":[46],"product_tag":[],"class_list":{"0":"post-108","1":"product","2":"type-product","3":"status-publish","4":"has-post-thumbnail","6":"product_cat-victoria-ii","8":"first","9":"instock","10":"taxable","11":"shipping-taxable","12":"purchasable","13":"product-type-simple"},"acf":[],"yoast_head":"<!-- This site is optimized with the Yoast SEO plugin v27.0 - https:\/\/yoast.com\/product\/yoast-seo-wordpress\/ -->\n<title>Ch\u00e2teau Victoria Haut-M\u00e9doc Victoria II 2020<\/title>\n<meta name=\"description\" content=\"Victoria II est le second vin du Ch\u00e2teau Victoria, situ\u00e9 sur l&#039;appellation Haut-M\u00e9doc. Un vin fougueux aux notes de fruits rouges tr\u00e8s expressives.\" \/>\n<meta name=\"robots\" content=\"index, follow, max-snippet:-1, max-image-preview:large, max-video-preview:-1\" \/>\n<link rel=\"canonical\" href=\"https:\/\/www.domainesrichard.fr\/chateau-victoria\/vin\/victoria-ii-2020\/\" \/>\n<meta property=\"og:locale\" content=\"fr_FR\" \/>\n<meta property=\"og:type\" content=\"article\" \/>\n<meta property=\"og:title\" content=\"Ch\u00e2teau Victoria Haut-M\u00e9doc Victoria II 2020\" \/>\n<meta property=\"og:description\" content=\"Victoria II est le second vin du Ch\u00e2teau Victoria, situ\u00e9 sur l&#039;appellation Haut-M\u00e9doc. Un vin fougueux aux notes de fruits rouges tr\u00e8s expressives.\" \/>\n<meta property=\"og:url\" content=\"https:\/\/www.domainesrichard.fr\/chateau-victoria\/vin\/victoria-ii-2020\/\" \/>\n<meta property=\"og:site_name\" content=\"Ch\u00e2teau Victoria\" \/>\n<meta property=\"article:publisher\" content=\"https:\/\/www.facebook.com\/domainesrichard\" \/>\n<meta property=\"article:modified_time\" content=\"2024-06-12T14:13:49+00:00\" \/>\n<meta property=\"og:image\" content=\"https:\/\/www.domainesrichard.fr\/chateau-victoria\/wp-content\/uploads\/sites\/7\/2022\/04\/VICTORIA-VICTORIA-II.jpg\" \/>\n\t<meta property=\"og:image:width\" content=\"600\" \/>\n\t<meta property=\"og:image:height\" content=\"600\" \/>\n\t<meta property=\"og:image:type\" content=\"image\/jpeg\" \/>\n<meta name=\"twitter:card\" content=\"summary_large_image\" \/>\n<meta name=\"twitter:label1\" content=\"Dur\u00e9e de lecture estim\u00e9e\" \/>\n\t<meta name=\"twitter:data1\" content=\"1 minute\" \/>\n<script type=\"application\/ld+json\" class=\"yoast-schema-graph\">{\"@context\":\"https:\/\/schema.org\",\"@graph\":[{\"@type\":\"WebPage\",\"@id\":\"https:\/\/www.domainesrichard.fr\/chateau-victoria\/vin\/victoria-ii-2020\/\",\"url\":\"https:\/\/www.domainesrichard.fr\/chateau-victoria\/vin\/victoria-ii-2020\/\",\"name\":\"Ch\u00e2teau Victoria Haut-M\u00e9doc Victoria II 2020\",\"isPartOf\":{\"@id\":\"https:\/\/www.domainesrichard.fr\/chateau-victoria\/#website\"},\"primaryImageOfPage\":{\"@id\":\"https:\/\/www.domainesrichard.fr\/chateau-victoria\/vin\/victoria-ii-2020\/#primaryimage\"},\"image\":{\"@id\":\"https:\/\/www.domainesrichard.fr\/chateau-victoria\/vin\/victoria-ii-2020\/#primaryimage\"},\"thumbnailUrl\":\"https:\/\/www.domainesrichard.fr\/chateau-victoria\/wp-content\/uploads\/sites\/7\/2022\/04\/VICTORIA-VICTORIA-II.jpg\",\"datePublished\":\"2022-04-26T08:43:35+00:00\",\"dateModified\":\"2024-06-12T14:13:49+00:00\",\"description\":\"Victoria II est le second vin du Ch\u00e2teau Victoria, situ\u00e9 sur l'appellation Haut-M\u00e9doc. Un vin fougueux aux notes de fruits rouges tr\u00e8s expressives.\",\"breadcrumb\":{\"@id\":\"https:\/\/www.domainesrichard.fr\/chateau-victoria\/vin\/victoria-ii-2020\/#breadcrumb\"},\"inLanguage\":\"fr-FR\",\"potentialAction\":[{\"@type\":\"ReadAction\",\"target\":[\"https:\/\/www.domainesrichard.fr\/chateau-victoria\/vin\/victoria-ii-2020\/\"]}]},{\"@type\":\"ImageObject\",\"inLanguage\":\"fr-FR\",\"@id\":\"https:\/\/www.domainesrichard.fr\/chateau-victoria\/vin\/victoria-ii-2020\/#primaryimage\",\"url\":\"https:\/\/www.domainesrichard.fr\/chateau-victoria\/wp-content\/uploads\/sites\/7\/2022\/04\/VICTORIA-VICTORIA-II.jpg\",\"contentUrl\":\"https:\/\/www.domainesrichard.fr\/chateau-victoria\/wp-content\/uploads\/sites\/7\/2022\/04\/VICTORIA-VICTORIA-II.jpg\",\"width\":600,\"height\":600},{\"@type\":\"BreadcrumbList\",\"@id\":\"https:\/\/www.domainesrichard.fr\/chateau-victoria\/vin\/victoria-ii-2020\/#breadcrumb\",\"itemListElement\":[{\"@type\":\"ListItem\",\"position\":1,\"name\":\"Vins\",\"item\":\"https:\/\/www.domainesrichard.fr\/chateau-victoria\/vins\/\"},{\"@type\":\"ListItem\",\"position\":2,\"name\":\"Victoria II 2020\"}]},{\"@type\":\"WebSite\",\"@id\":\"https:\/\/www.domainesrichard.fr\/chateau-victoria\/#website\",\"url\":\"https:\/\/www.domainesrichard.fr\/chateau-victoria\/\",\"name\":\"Ch\u00e2teau Victoria\",\"description\":\"Un haut m\u00e9doc confidentiel\",\"publisher\":{\"@id\":\"https:\/\/www.domainesrichard.fr\/chateau-victoria\/#organization\"},\"potentialAction\":[{\"@type\":\"SearchAction\",\"target\":{\"@type\":\"EntryPoint\",\"urlTemplate\":\"https:\/\/www.domainesrichard.fr\/chateau-victoria\/?s={search_term_string}\"},\"query-input\":{\"@type\":\"PropertyValueSpecification\",\"valueRequired\":true,\"valueName\":\"search_term_string\"}}],\"inLanguage\":\"fr-FR\"},{\"@type\":\"Organization\",\"@id\":\"https:\/\/www.domainesrichard.fr\/chateau-victoria\/#organization\",\"name\":\"Ch\u00e2teau Victoria\",\"url\":\"https:\/\/www.domainesrichard.fr\/chateau-victoria\/\",\"logo\":{\"@type\":\"ImageObject\",\"inLanguage\":\"fr-FR\",\"@id\":\"https:\/\/www.domainesrichard.fr\/chateau-victoria\/#\/schema\/logo\/image\/\",\"url\":\"https:\/\/www.domainesrichard.fr\/chateau-victoria\/wp-content\/uploads\/sites\/7\/2022\/03\/Chateau-Victoria-logo.png\",\"contentUrl\":\"https:\/\/www.domainesrichard.fr\/chateau-victoria\/wp-content\/uploads\/sites\/7\/2022\/03\/Chateau-Victoria-logo.png\",\"width\":600,\"height\":365,\"caption\":\"Ch\u00e2teau Victoria\"},\"image\":{\"@id\":\"https:\/\/www.domainesrichard.fr\/chateau-victoria\/#\/schema\/logo\/image\/\"},\"sameAs\":[\"https:\/\/www.facebook.com\/domainesrichard\",\"https:\/\/www.instagram.com\/domainesrichard\",\"https:\/\/www.linkedin.com\/company\/domaines-richard\"]}]}<\/script>\n<!-- \/ Yoast SEO plugin. -->","yoast_head_json":{"title":"Ch\u00e2teau Victoria Haut-M\u00e9doc Victoria II 2020","description":"Victoria II est le second vin du Ch\u00e2teau Victoria, situ\u00e9 sur l'appellation Haut-M\u00e9doc. Un vin fougueux aux notes de fruits rouges tr\u00e8s expressives.","robots":{"index":"index","follow":"follow","max-snippet":"max-snippet:-1","max-image-preview":"max-image-preview:large","max-video-preview":"max-video-preview:-1"},"canonical":"https:\/\/www.domainesrichard.fr\/chateau-victoria\/vin\/victoria-ii-2020\/","og_locale":"fr_FR","og_type":"article","og_title":"Ch\u00e2teau Victoria Haut-M\u00e9doc Victoria II 2020","og_description":"Victoria II est le second vin du Ch\u00e2teau Victoria, situ\u00e9 sur l'appellation Haut-M\u00e9doc. Un vin fougueux aux notes de fruits rouges tr\u00e8s expressives.","og_url":"https:\/\/www.domainesrichard.fr\/chateau-victoria\/vin\/victoria-ii-2020\/","og_site_name":"Ch\u00e2teau Victoria","article_publisher":"https:\/\/www.facebook.com\/domainesrichard","article_modified_time":"2024-06-12T14:13:49+00:00","og_image":[{"width":600,"height":600,"url":"https:\/\/www.domainesrichard.fr\/chateau-victoria\/wp-content\/uploads\/sites\/7\/2022\/04\/VICTORIA-VICTORIA-II.jpg","type":"image\/jpeg"}],"twitter_card":"summary_large_image","twitter_misc":{"Dur\u00e9e de lecture estim\u00e9e":"1 minute"},"schema":{"@context":"https:\/\/schema.org","@graph":[{"@type":"WebPage","@id":"https:\/\/www.domainesrichard.fr\/chateau-victoria\/vin\/victoria-ii-2020\/","url":"https:\/\/www.domainesrichard.fr\/chateau-victoria\/vin\/victoria-ii-2020\/","name":"Ch\u00e2teau Victoria Haut-M\u00e9doc Victoria II 2020","isPartOf":{"@id":"https:\/\/www.domainesrichard.fr\/chateau-victoria\/#website"},"primaryImageOfPage":{"@id":"https:\/\/www.domainesrichard.fr\/chateau-victoria\/vin\/victoria-ii-2020\/#primaryimage"},"image":{"@id":"https:\/\/www.domainesrichard.fr\/chateau-victoria\/vin\/victoria-ii-2020\/#primaryimage"},"thumbnailUrl":"https:\/\/www.domainesrichard.fr\/chateau-victoria\/wp-content\/uploads\/sites\/7\/2022\/04\/VICTORIA-VICTORIA-II.jpg","datePublished":"2022-04-26T08:43:35+00:00","dateModified":"2024-06-12T14:13:49+00:00","description":"Victoria II est le second vin du Ch\u00e2teau Victoria, situ\u00e9 sur l'appellation Haut-M\u00e9doc. Un vin fougueux aux notes de fruits rouges tr\u00e8s expressives.","breadcrumb":{"@id":"https:\/\/www.domainesrichard.fr\/chateau-victoria\/vin\/victoria-ii-2020\/#breadcrumb"},"inLanguage":"fr-FR","potentialAction":[{"@type":"ReadAction","target":["https:\/\/www.domainesrichard.fr\/chateau-victoria\/vin\/victoria-ii-2020\/"]}]},{"@type":"ImageObject","inLanguage":"fr-FR","@id":"https:\/\/www.domainesrichard.fr\/chateau-victoria\/vin\/victoria-ii-2020\/#primaryimage","url":"https:\/\/www.domainesrichard.fr\/chateau-victoria\/wp-content\/uploads\/sites\/7\/2022\/04\/VICTORIA-VICTORIA-II.jpg","contentUrl":"https:\/\/www.domainesrichard.fr\/chateau-victoria\/wp-content\/uploads\/sites\/7\/2022\/04\/VICTORIA-VICTORIA-II.jpg","width":600,"height":600},{"@type":"BreadcrumbList","@id":"https:\/\/www.domainesrichard.fr\/chateau-victoria\/vin\/victoria-ii-2020\/#breadcrumb","itemListElement":[{"@type":"ListItem","position":1,"name":"Vins","item":"https:\/\/www.domainesrichard.fr\/chateau-victoria\/vins\/"},{"@type":"ListItem","position":2,"name":"Victoria II 2020"}]},{"@type":"WebSite","@id":"https:\/\/www.domainesrichard.fr\/chateau-victoria\/#website","url":"https:\/\/www.domainesrichard.fr\/chateau-victoria\/","name":"Ch\u00e2teau Victoria","description":"Un haut m\u00e9doc confidentiel","publisher":{"@id":"https:\/\/www.domainesrichard.fr\/chateau-victoria\/#organization"},"potentialAction":[{"@type":"SearchAction","target":{"@type":"EntryPoint","urlTemplate":"https:\/\/www.domainesrichard.fr\/chateau-victoria\/?s={search_term_string}"},"query-input":{"@type":"PropertyValueSpecification","valueRequired":true,"valueName":"search_term_string"}}],"inLanguage":"fr-FR"},{"@type":"Organization","@id":"https:\/\/www.domainesrichard.fr\/chateau-victoria\/#organization","name":"Ch\u00e2teau Victoria","url":"https:\/\/www.domainesrichard.fr\/chateau-victoria\/","logo":{"@type":"ImageObject","inLanguage":"fr-FR","@id":"https:\/\/www.domainesrichard.fr\/chateau-victoria\/#\/schema\/logo\/image\/","url":"https:\/\/www.domainesrichard.fr\/chateau-victoria\/wp-content\/uploads\/sites\/7\/2022\/03\/Chateau-Victoria-logo.png","contentUrl":"https:\/\/www.domainesrichard.fr\/chateau-victoria\/wp-content\/uploads\/sites\/7\/2022\/03\/Chateau-Victoria-logo.png","width":600,"height":365,"caption":"Ch\u00e2teau Victoria"},"image":{"@id":"https:\/\/www.domainesrichard.fr\/chateau-victoria\/#\/schema\/logo\/image\/"},"sameAs":["https:\/\/www.facebook.com\/domainesrichard","https:\/\/www.instagram.com\/domainesrichard","https:\/\/www.linkedin.com\/company\/domaines-richard"]}]}},"_links":{"self":[{"href":"https:\/\/www.domainesrichard.fr\/chateau-victoria\/wp-json\/wp\/v2\/product\/108","targetHints":{"allow":["GET"]}}],"collection":[{"href":"https:\/\/www.domainesrichard.fr\/chateau-victoria\/wp-json\/wp\/v2\/product"}],"about":[{"href":"https:\/\/www.domainesrichard.fr\/chateau-victoria\/wp-json\/wp\/v2\/types\/product"}],"wp:featuredmedia":[{"embeddable":true,"href":"https:\/\/www.domainesrichard.fr\/chateau-victoria\/wp-json\/wp\/v2\/media\/600"}],"wp:attachment":[{"href":"https:\/\/www.domainesrichard.fr\/chateau-victoria\/wp-json\/wp\/v2\/media?parent=108"}],"wp:term":[{"taxonomy":"product_brand","embeddable":true,"href":"https:\/\/www.domainesrichard.fr\/chateau-victoria\/wp-json\/wp\/v2\/product_brand?post=108"},{"taxonomy":"product_cat","embeddable":true,"href":"https:\/\/www.domainesrichard.fr\/chateau-victoria\/wp-json\/wp\/v2\/product_cat?post=108"},{"taxonomy":"product_tag","embeddable":true,"href":"https:\/\/www.domainesrichard.fr\/chateau-victoria\/wp-json\/wp\/v2\/product_tag?post=108"}],"curies":[{"name":"wp","href":"https:\/\/api.w.org\/{rel}","templated":true}]}}