{"id":112,"date":"2022-04-26T10:43:38","date_gmt":"2022-04-26T08:43:38","guid":{"rendered":"https:\/\/www.domainesrichard.fr\/chateau-victoria\/produit\/chateau-le-bourdieu-vertheuil\/"},"modified":"2022-05-20T14:55:45","modified_gmt":"2022-05-20T12:55:45","slug":"chateau-le-bourdieu-vertheuil-2016","status":"publish","type":"product","link":"https:\/\/www.domainesrichard.fr\/chateau-victoria\/vin\/chateau-le-bourdieu-vertheuil-2016\/","title":{"rendered":"Ch\u00e2teau Le Bourdieu Vertheuil <span class='vintage the_title'>2016<\/span>"},"content":{"rendered":"<p>Le Bourdieu Vertheuil est un des plus anciens lieux viticoles puisque d\u00e8s le XI e si\u00e8cle, une abbaye est construite, les moines d\u00e9boisent et y plantent la vigne. Depuis, c\u2019est le m\u00eame vignoble qui produit une seule et unique cuv\u00e9e, devenue Cru Bourgeois d\u00e8s 1936. Un vin de caract\u00e8re sign\u00e9 par un assemblage de merlot, cabernet sauvignon et petit verdot. \u00c0 d\u00e9guster sur des viandes puissantes et tendres\u00a0!<\/p>","protected":false},"excerpt":{"rendered":"<p>Le Bourdieu Vertheuil est un des plus anciens lieux viticoles puisque d\u00e8s le XI e si\u00e8cle, une abbaye est construite, les moines d\u00e9boisent et y plantent la vigne. Depuis, c\u2019est le m\u00eame vignoble qui produit une seule et unique cuv\u00e9e, devenue Cru Bourgeois d\u00e8s 1936. Un vin de caract\u00e8re sign\u00e9 par un assemblage de merlot, [&hellip;]<\/p>","protected":false},"featured_media":35,"template":"","meta":{"_acf_changed":false},"product_brand":[],"product_cat":[42],"product_tag":[],"class_list":{"0":"post-112","1":"product","2":"type-product","3":"status-publish","4":"has-post-thumbnail","6":"product_cat-chateau-le-bourdieu-vertheuil","8":"first","9":"instock","10":"taxable","11":"shipping-taxable","12":"purchasable","13":"product-type-simple"},"acf":[],"yoast_head":"<!-- This site is optimized with the Yoast SEO plugin v27.5 - https:\/\/yoast.com\/product\/yoast-seo-wordpress\/ -->\n<title>Ch\u00e2teau Le Bourdieu Vertheuil Haut-M\u00e9doc Cru Bourgeois 2016<\/title>\n<meta name=\"description\" content=\"Ch\u00e2teau Le Bourdieu Vertheuil Haut-M\u00e9doc Cru Bourgeois 2016 : un vin de caract\u00e8re sign\u00e9 par un assemblage de merlot, cabernet sauvignon et petit verdot.\" \/>\n<meta name=\"robots\" content=\"index, follow, max-snippet:-1, max-image-preview:large, max-video-preview:-1\" \/>\n<link rel=\"canonical\" href=\"https:\/\/www.domainesrichard.fr\/chateau-victoria\/vin\/chateau-le-bourdieu-vertheuil-2016\/\" \/>\n<meta property=\"og:locale\" content=\"fr_FR\" \/>\n<meta property=\"og:type\" content=\"article\" \/>\n<meta property=\"og:title\" content=\"Ch\u00e2teau Le Bourdieu Vertheuil Haut-M\u00e9doc Cru Bourgeois 2016\" \/>\n<meta property=\"og:description\" content=\"Ch\u00e2teau Le Bourdieu Vertheuil Haut-M\u00e9doc Cru Bourgeois 2016 : un vin de caract\u00e8re sign\u00e9 par un assemblage de merlot, cabernet sauvignon et petit verdot.\" \/>\n<meta property=\"og:url\" content=\"https:\/\/www.domainesrichard.fr\/chateau-victoria\/vin\/chateau-le-bourdieu-vertheuil-2016\/\" \/>\n<meta property=\"og:site_name\" content=\"Ch\u00e2teau Victoria\" \/>\n<meta property=\"article:publisher\" content=\"https:\/\/www.facebook.com\/domainesrichard\" \/>\n<meta property=\"article:modified_time\" content=\"2022-05-20T12:55:45+00:00\" \/>\n<meta property=\"og:image\" content=\"https:\/\/www.domainesrichard.fr\/chateau-victoria\/wp-content\/uploads\/sites\/7\/2022\/04\/chateau-le-bourdieu-verthueil.jpeg\" \/>\n\t<meta property=\"og:image:width\" content=\"430\" \/>\n\t<meta property=\"og:image:height\" content=\"600\" \/>\n\t<meta property=\"og:image:type\" content=\"image\/jpeg\" \/>\n<meta name=\"twitter:card\" content=\"summary_large_image\" \/>\n<script type=\"application\/ld+json\" class=\"yoast-schema-graph\">{\"@context\":\"https:\\\/\\\/schema.org\",\"@graph\":[{\"@type\":\"WebPage\",\"@id\":\"https:\\\/\\\/www.domainesrichard.fr\\\/chateau-victoria\\\/vin\\\/chateau-le-bourdieu-vertheuil-2016\\\/\",\"url\":\"https:\\\/\\\/www.domainesrichard.fr\\\/chateau-victoria\\\/vin\\\/chateau-le-bourdieu-vertheuil-2016\\\/\",\"name\":\"Ch\u00e2teau Le Bourdieu Vertheuil Haut-M\u00e9doc Cru Bourgeois 2016\",\"isPartOf\":{\"@id\":\"https:\\\/\\\/www.domainesrichard.fr\\\/chateau-victoria\\\/#website\"},\"primaryImageOfPage\":{\"@id\":\"https:\\\/\\\/www.domainesrichard.fr\\\/chateau-victoria\\\/vin\\\/chateau-le-bourdieu-vertheuil-2016\\\/#primaryimage\"},\"image\":{\"@id\":\"https:\\\/\\\/www.domainesrichard.fr\\\/chateau-victoria\\\/vin\\\/chateau-le-bourdieu-vertheuil-2016\\\/#primaryimage\"},\"thumbnailUrl\":\"https:\\\/\\\/www.domainesrichard.fr\\\/chateau-victoria\\\/wp-content\\\/uploads\\\/sites\\\/7\\\/2022\\\/04\\\/chateau-le-bourdieu-verthueil.jpeg\",\"datePublished\":\"2022-04-26T08:43:38+00:00\",\"dateModified\":\"2022-05-20T12:55:45+00:00\",\"description\":\"Ch\u00e2teau Le Bourdieu Vertheuil Haut-M\u00e9doc Cru Bourgeois 2016 : un vin de caract\u00e8re sign\u00e9 par un assemblage de merlot, cabernet sauvignon et petit verdot.\",\"breadcrumb\":{\"@id\":\"https:\\\/\\\/www.domainesrichard.fr\\\/chateau-victoria\\\/vin\\\/chateau-le-bourdieu-vertheuil-2016\\\/#breadcrumb\"},\"inLanguage\":\"fr-FR\",\"potentialAction\":[{\"@type\":\"ReadAction\",\"target\":[\"https:\\\/\\\/www.domainesrichard.fr\\\/chateau-victoria\\\/vin\\\/chateau-le-bourdieu-vertheuil-2016\\\/\"]}]},{\"@type\":\"ImageObject\",\"inLanguage\":\"fr-FR\",\"@id\":\"https:\\\/\\\/www.domainesrichard.fr\\\/chateau-victoria\\\/vin\\\/chateau-le-bourdieu-vertheuil-2016\\\/#primaryimage\",\"url\":\"https:\\\/\\\/www.domainesrichard.fr\\\/chateau-victoria\\\/wp-content\\\/uploads\\\/sites\\\/7\\\/2022\\\/04\\\/chateau-le-bourdieu-verthueil.jpeg\",\"contentUrl\":\"https:\\\/\\\/www.domainesrichard.fr\\\/chateau-victoria\\\/wp-content\\\/uploads\\\/sites\\\/7\\\/2022\\\/04\\\/chateau-le-bourdieu-verthueil.jpeg\",\"width\":430,\"height\":600,\"caption\":\"Ch\u00e2teau le Bourdieu Verthueil\"},{\"@type\":\"BreadcrumbList\",\"@id\":\"https:\\\/\\\/www.domainesrichard.fr\\\/chateau-victoria\\\/vin\\\/chateau-le-bourdieu-vertheuil-2016\\\/#breadcrumb\",\"itemListElement\":[{\"@type\":\"ListItem\",\"position\":1,\"name\":\"Vins\",\"item\":\"https:\\\/\\\/www.domainesrichard.fr\\\/chateau-victoria\\\/vins\\\/\"},{\"@type\":\"ListItem\",\"position\":2,\"name\":\"Ch\u00e2teau Le Bourdieu Vertheuil 2016\"}]},{\"@type\":\"WebSite\",\"@id\":\"https:\\\/\\\/www.domainesrichard.fr\\\/chateau-victoria\\\/#website\",\"url\":\"https:\\\/\\\/www.domainesrichard.fr\\\/chateau-victoria\\\/\",\"name\":\"Ch\u00e2teau Victoria\",\"description\":\"Un haut m\u00e9doc confidentiel\",\"publisher\":{\"@id\":\"https:\\\/\\\/www.domainesrichard.fr\\\/chateau-victoria\\\/#organization\"},\"potentialAction\":[{\"@type\":\"SearchAction\",\"target\":{\"@type\":\"EntryPoint\",\"urlTemplate\":\"https:\\\/\\\/www.domainesrichard.fr\\\/chateau-victoria\\\/?s={search_term_string}\"},\"query-input\":{\"@type\":\"PropertyValueSpecification\",\"valueRequired\":true,\"valueName\":\"search_term_string\"}}],\"inLanguage\":\"fr-FR\"},{\"@type\":\"Organization\",\"@id\":\"https:\\\/\\\/www.domainesrichard.fr\\\/chateau-victoria\\\/#organization\",\"name\":\"Ch\u00e2teau Victoria\",\"url\":\"https:\\\/\\\/www.domainesrichard.fr\\\/chateau-victoria\\\/\",\"logo\":{\"@type\":\"ImageObject\",\"inLanguage\":\"fr-FR\",\"@id\":\"https:\\\/\\\/www.domainesrichard.fr\\\/chateau-victoria\\\/#\\\/schema\\\/logo\\\/image\\\/\",\"url\":\"https:\\\/\\\/www.domainesrichard.fr\\\/chateau-victoria\\\/wp-content\\\/uploads\\\/sites\\\/7\\\/2022\\\/03\\\/Chateau-Victoria-logo.png\",\"contentUrl\":\"https:\\\/\\\/www.domainesrichard.fr\\\/chateau-victoria\\\/wp-content\\\/uploads\\\/sites\\\/7\\\/2022\\\/03\\\/Chateau-Victoria-logo.png\",\"width\":600,\"height\":365,\"caption\":\"Ch\u00e2teau Victoria\"},\"image\":{\"@id\":\"https:\\\/\\\/www.domainesrichard.fr\\\/chateau-victoria\\\/#\\\/schema\\\/logo\\\/image\\\/\"},\"sameAs\":[\"https:\\\/\\\/www.facebook.com\\\/domainesrichard\",\"https:\\\/\\\/www.instagram.com\\\/domainesrichard\",\"https:\\\/\\\/www.linkedin.com\\\/company\\\/domaines-richard\"]}]}<\/script>\n<!-- \/ Yoast SEO plugin. -->","yoast_head_json":{"title":"Ch\u00e2teau Le Bourdieu Vertheuil Haut-M\u00e9doc Cru Bourgeois 2016","description":"Ch\u00e2teau Le Bourdieu Vertheuil Haut-M\u00e9doc Cru Bourgeois 2016 : un vin de caract\u00e8re sign\u00e9 par un assemblage de merlot, cabernet sauvignon et petit verdot.","robots":{"index":"index","follow":"follow","max-snippet":"max-snippet:-1","max-image-preview":"max-image-preview:large","max-video-preview":"max-video-preview:-1"},"canonical":"https:\/\/www.domainesrichard.fr\/chateau-victoria\/vin\/chateau-le-bourdieu-vertheuil-2016\/","og_locale":"fr_FR","og_type":"article","og_title":"Ch\u00e2teau Le Bourdieu Vertheuil Haut-M\u00e9doc Cru Bourgeois 2016","og_description":"Ch\u00e2teau Le Bourdieu Vertheuil Haut-M\u00e9doc Cru Bourgeois 2016 : un vin de caract\u00e8re sign\u00e9 par un assemblage de merlot, cabernet sauvignon et petit verdot.","og_url":"https:\/\/www.domainesrichard.fr\/chateau-victoria\/vin\/chateau-le-bourdieu-vertheuil-2016\/","og_site_name":"Ch\u00e2teau Victoria","article_publisher":"https:\/\/www.facebook.com\/domainesrichard","article_modified_time":"2022-05-20T12:55:45+00:00","og_image":[{"width":430,"height":600,"url":"https:\/\/www.domainesrichard.fr\/chateau-victoria\/wp-content\/uploads\/sites\/7\/2022\/04\/chateau-le-bourdieu-verthueil.jpeg","type":"image\/jpeg"}],"twitter_card":"summary_large_image","schema":{"@context":"https:\/\/schema.org","@graph":[{"@type":"WebPage","@id":"https:\/\/www.domainesrichard.fr\/chateau-victoria\/vin\/chateau-le-bourdieu-vertheuil-2016\/","url":"https:\/\/www.domainesrichard.fr\/chateau-victoria\/vin\/chateau-le-bourdieu-vertheuil-2016\/","name":"Ch\u00e2teau Le Bourdieu Vertheuil Haut-M\u00e9doc Cru Bourgeois 2016","isPartOf":{"@id":"https:\/\/www.domainesrichard.fr\/chateau-victoria\/#website"},"primaryImageOfPage":{"@id":"https:\/\/www.domainesrichard.fr\/chateau-victoria\/vin\/chateau-le-bourdieu-vertheuil-2016\/#primaryimage"},"image":{"@id":"https:\/\/www.domainesrichard.fr\/chateau-victoria\/vin\/chateau-le-bourdieu-vertheuil-2016\/#primaryimage"},"thumbnailUrl":"https:\/\/www.domainesrichard.fr\/chateau-victoria\/wp-content\/uploads\/sites\/7\/2022\/04\/chateau-le-bourdieu-verthueil.jpeg","datePublished":"2022-04-26T08:43:38+00:00","dateModified":"2022-05-20T12:55:45+00:00","description":"Ch\u00e2teau Le Bourdieu Vertheuil Haut-M\u00e9doc Cru Bourgeois 2016 : un vin de caract\u00e8re sign\u00e9 par un assemblage de merlot, cabernet sauvignon et petit verdot.","breadcrumb":{"@id":"https:\/\/www.domainesrichard.fr\/chateau-victoria\/vin\/chateau-le-bourdieu-vertheuil-2016\/#breadcrumb"},"inLanguage":"fr-FR","potentialAction":[{"@type":"ReadAction","target":["https:\/\/www.domainesrichard.fr\/chateau-victoria\/vin\/chateau-le-bourdieu-vertheuil-2016\/"]}]},{"@type":"ImageObject","inLanguage":"fr-FR","@id":"https:\/\/www.domainesrichard.fr\/chateau-victoria\/vin\/chateau-le-bourdieu-vertheuil-2016\/#primaryimage","url":"https:\/\/www.domainesrichard.fr\/chateau-victoria\/wp-content\/uploads\/sites\/7\/2022\/04\/chateau-le-bourdieu-verthueil.jpeg","contentUrl":"https:\/\/www.domainesrichard.fr\/chateau-victoria\/wp-content\/uploads\/sites\/7\/2022\/04\/chateau-le-bourdieu-verthueil.jpeg","width":430,"height":600,"caption":"Ch\u00e2teau le Bourdieu Verthueil"},{"@type":"BreadcrumbList","@id":"https:\/\/www.domainesrichard.fr\/chateau-victoria\/vin\/chateau-le-bourdieu-vertheuil-2016\/#breadcrumb","itemListElement":[{"@type":"ListItem","position":1,"name":"Vins","item":"https:\/\/www.domainesrichard.fr\/chateau-victoria\/vins\/"},{"@type":"ListItem","position":2,"name":"Ch\u00e2teau Le Bourdieu Vertheuil 2016"}]},{"@type":"WebSite","@id":"https:\/\/www.domainesrichard.fr\/chateau-victoria\/#website","url":"https:\/\/www.domainesrichard.fr\/chateau-victoria\/","name":"Ch\u00e2teau Victoria","description":"Un haut m\u00e9doc confidentiel","publisher":{"@id":"https:\/\/www.domainesrichard.fr\/chateau-victoria\/#organization"},"potentialAction":[{"@type":"SearchAction","target":{"@type":"EntryPoint","urlTemplate":"https:\/\/www.domainesrichard.fr\/chateau-victoria\/?s={search_term_string}"},"query-input":{"@type":"PropertyValueSpecification","valueRequired":true,"valueName":"search_term_string"}}],"inLanguage":"fr-FR"},{"@type":"Organization","@id":"https:\/\/www.domainesrichard.fr\/chateau-victoria\/#organization","name":"Ch\u00e2teau Victoria","url":"https:\/\/www.domainesrichard.fr\/chateau-victoria\/","logo":{"@type":"ImageObject","inLanguage":"fr-FR","@id":"https:\/\/www.domainesrichard.fr\/chateau-victoria\/#\/schema\/logo\/image\/","url":"https:\/\/www.domainesrichard.fr\/chateau-victoria\/wp-content\/uploads\/sites\/7\/2022\/03\/Chateau-Victoria-logo.png","contentUrl":"https:\/\/www.domainesrichard.fr\/chateau-victoria\/wp-content\/uploads\/sites\/7\/2022\/03\/Chateau-Victoria-logo.png","width":600,"height":365,"caption":"Ch\u00e2teau Victoria"},"image":{"@id":"https:\/\/www.domainesrichard.fr\/chateau-victoria\/#\/schema\/logo\/image\/"},"sameAs":["https:\/\/www.facebook.com\/domainesrichard","https:\/\/www.instagram.com\/domainesrichard","https:\/\/www.linkedin.com\/company\/domaines-richard"]}]}},"_links":{"self":[{"href":"https:\/\/www.domainesrichard.fr\/chateau-victoria\/wp-json\/wp\/v2\/product\/112","targetHints":{"allow":["GET"]}}],"collection":[{"href":"https:\/\/www.domainesrichard.fr\/chateau-victoria\/wp-json\/wp\/v2\/product"}],"about":[{"href":"https:\/\/www.domainesrichard.fr\/chateau-victoria\/wp-json\/wp\/v2\/types\/product"}],"wp:featuredmedia":[{"embeddable":true,"href":"https:\/\/www.domainesrichard.fr\/chateau-victoria\/wp-json\/wp\/v2\/media\/35"}],"wp:attachment":[{"href":"https:\/\/www.domainesrichard.fr\/chateau-victoria\/wp-json\/wp\/v2\/media?parent=112"}],"wp:term":[{"taxonomy":"product_brand","embeddable":true,"href":"https:\/\/www.domainesrichard.fr\/chateau-victoria\/wp-json\/wp\/v2\/product_brand?post=112"},{"taxonomy":"product_cat","embeddable":true,"href":"https:\/\/www.domainesrichard.fr\/chateau-victoria\/wp-json\/wp\/v2\/product_cat?post=112"},{"taxonomy":"product_tag","embeddable":true,"href":"https:\/\/www.domainesrichard.fr\/chateau-victoria\/wp-json\/wp\/v2\/product_tag?post=112"}],"curies":[{"name":"wp","href":"https:\/\/api.w.org\/{rel}","templated":true}]}}