{"id":183,"date":"2025-05-20T17:44:56","date_gmt":"2025-05-20T15:44:56","guid":{"rendered":"https:\/\/www.domainesrichard.fr\/curius\/?post_type=product&#038;p=183"},"modified":"2025-05-23T10:59:06","modified_gmt":"2025-05-23T08:59:06","slug":"cuvee-a-fleur-de-peau","status":"publish","type":"product","link":"https:\/\/www.domainesrichard.fr\/curius\/en\/wine\/cuvee-a-fleur-de-peau\/","title":{"rendered":"Cuv\u00e9e \u00c0 fleur de peau <span class='vintage the_title'><\/span>"},"content":{"rendered":"<p>Ros\u00e9 wine evokes moments of relaxation by the seaside. This summer scene \u2014 beach hut, palm tree, and umbrella pine \u2014 instantly brings to mind the sweetness of holidays, the warmth of the sun, and shared moments of leisure. Here, the cat is fully immersed in this suspended moment: wearing sunglasses, glass in paw; it embodies simple, carefree pleasure.<\/p>","protected":false},"excerpt":{"rendered":"<p>Ros\u00e9 wine evokes moments of relaxation by the seaside. This summer scene \u2014 beach hut, palm tree, and umbrella pine \u2014 instantly brings to mind the sweetness of holidays, the warmth of the sun, and shared moments of leisure. Here, the cat is fully immersed in this suspended moment: wearing sunglasses, glass in paw; it [&hellip;]<\/p>","protected":false},"featured_media":285,"template":"","meta":{"_acf_changed":false},"product_brand":[],"product_cat":[31],"product_tag":[],"class_list":{"0":"post-183","1":"product","2":"type-product","3":"status-publish","4":"has-post-thumbnail","6":"product_cat-curius-en","8":"first","9":"instock","10":"shipping-taxable","11":"purchasable","12":"product-type-simple"},"acf":[],"yoast_head":"<!-- This site is optimized with the Yoast SEO plugin v27.0 - https:\/\/yoast.com\/product\/yoast-seo-wordpress\/ -->\n<title>Cuv\u00e9e \u00c0 fleur de peau - &quot;Curius&quot; - Cr\u00e9ation Richard<\/title>\n<meta name=\"robots\" content=\"index, follow, max-snippet:-1, max-image-preview:large, max-video-preview:-1\" \/>\n<link rel=\"canonical\" href=\"https:\/\/www.domainesrichard.fr\/curius\/en\/wine\/cuvee-a-fleur-de-peau\/\" \/>\n<meta property=\"og:locale\" content=\"en_US\" \/>\n<meta property=\"og:type\" content=\"article\" \/>\n<meta property=\"og:title\" content=\"Cuv\u00e9e \u00c0 fleur de peau - &quot;Curius&quot; - Cr\u00e9ation Richard\" \/>\n<meta property=\"og:description\" content=\"Ros\u00e9 wine evokes moments of relaxation by the seaside. This summer scene \u2014 beach hut, palm tree, and umbrella pine \u2014 instantly brings to mind the sweetness of holidays, the warmth of the sun, and shared moments of leisure. Here, the cat is fully immersed in this suspended moment: wearing sunglasses, glass in paw; it [&hellip;]\" \/>\n<meta property=\"og:url\" content=\"https:\/\/www.domainesrichard.fr\/curius\/en\/wine\/cuvee-a-fleur-de-peau\/\" \/>\n<meta property=\"og:site_name\" content=\"&quot;Curius&quot; - Cr\u00e9ation Richard\" \/>\n<meta property=\"article:publisher\" content=\"https:\/\/www.facebook.com\/domainesrichard\" \/>\n<meta property=\"article:modified_time\" content=\"2025-05-23T08:59:06+00:00\" \/>\n<meta property=\"og:image\" content=\"https:\/\/www.domainesrichard.fr\/curius\/wp-content\/uploads\/sites\/10\/2026\/03\/A-Fleur-De-Peau.png\" \/>\n\t<meta property=\"og:image:width\" content=\"600\" \/>\n\t<meta property=\"og:image:height\" content=\"600\" \/>\n\t<meta property=\"og:image:type\" content=\"image\/png\" \/>\n<meta name=\"twitter:card\" content=\"summary_large_image\" \/>\n<meta name=\"twitter:label1\" content=\"Est. reading time\" \/>\n\t<meta name=\"twitter:data1\" content=\"1 minute\" \/>\n<script type=\"application\/ld+json\" class=\"yoast-schema-graph\">{\"@context\":\"https:\/\/schema.org\",\"@graph\":[{\"@type\":\"WebPage\",\"@id\":\"https:\/\/www.domainesrichard.fr\/curius\/en\/wine\/cuvee-a-fleur-de-peau\/\",\"url\":\"https:\/\/www.domainesrichard.fr\/curius\/en\/wine\/cuvee-a-fleur-de-peau\/\",\"name\":\"Cuv\u00e9e \u00c0 fleur de peau - &quot;Curius&quot; - Cr\u00e9ation Richard\",\"isPartOf\":{\"@id\":\"https:\/\/www.domainesrichard.fr\/curius\/en\/#website\"},\"primaryImageOfPage\":{\"@id\":\"https:\/\/www.domainesrichard.fr\/curius\/en\/wine\/cuvee-a-fleur-de-peau\/#primaryimage\"},\"image\":{\"@id\":\"https:\/\/www.domainesrichard.fr\/curius\/en\/wine\/cuvee-a-fleur-de-peau\/#primaryimage\"},\"thumbnailUrl\":\"https:\/\/www.domainesrichard.fr\/curius\/wp-content\/uploads\/sites\/10\/2026\/03\/A-Fleur-De-Peau.png\",\"datePublished\":\"2025-05-20T15:44:56+00:00\",\"dateModified\":\"2025-05-23T08:59:06+00:00\",\"breadcrumb\":{\"@id\":\"https:\/\/www.domainesrichard.fr\/curius\/en\/wine\/cuvee-a-fleur-de-peau\/#breadcrumb\"},\"inLanguage\":\"en-US\",\"potentialAction\":[{\"@type\":\"ReadAction\",\"target\":[\"https:\/\/www.domainesrichard.fr\/curius\/en\/wine\/cuvee-a-fleur-de-peau\/\"]}]},{\"@type\":\"ImageObject\",\"inLanguage\":\"en-US\",\"@id\":\"https:\/\/www.domainesrichard.fr\/curius\/en\/wine\/cuvee-a-fleur-de-peau\/#primaryimage\",\"url\":\"https:\/\/www.domainesrichard.fr\/curius\/wp-content\/uploads\/sites\/10\/2026\/03\/A-Fleur-De-Peau.png\",\"contentUrl\":\"https:\/\/www.domainesrichard.fr\/curius\/wp-content\/uploads\/sites\/10\/2026\/03\/A-Fleur-De-Peau.png\",\"width\":600,\"height\":600},{\"@type\":\"BreadcrumbList\",\"@id\":\"https:\/\/www.domainesrichard.fr\/curius\/en\/wine\/cuvee-a-fleur-de-peau\/#breadcrumb\",\"itemListElement\":[{\"@type\":\"ListItem\",\"position\":1,\"name\":\"Accueil\",\"item\":\"https:\/\/www.domainesrichard.fr\/curius\/en\/\"},{\"@type\":\"ListItem\",\"position\":2,\"name\":\"Wines\",\"item\":\"https:\/\/www.domainesrichard.fr\/curius\/en\/wines\/\"},{\"@type\":\"ListItem\",\"position\":3,\"name\":\"Cuv\u00e9e \u00c0 fleur de peau\"}]},{\"@type\":\"WebSite\",\"@id\":\"https:\/\/www.domainesrichard.fr\/curius\/en\/#website\",\"url\":\"https:\/\/www.domainesrichard.fr\/curius\/en\/\",\"name\":\"\\\"Curius\\\" - Cr\u00e9ation Richard\",\"description\":\"Les vins qui vous emm\u00e8nent loin\",\"publisher\":{\"@id\":\"https:\/\/www.domainesrichard.fr\/curius\/en\/#organization\"},\"potentialAction\":[{\"@type\":\"SearchAction\",\"target\":{\"@type\":\"EntryPoint\",\"urlTemplate\":\"https:\/\/www.domainesrichard.fr\/curius\/en\/?s={search_term_string}\"},\"query-input\":{\"@type\":\"PropertyValueSpecification\",\"valueRequired\":true,\"valueName\":\"search_term_string\"}}],\"inLanguage\":\"en-US\"},{\"@type\":\"Organization\",\"@id\":\"https:\/\/www.domainesrichard.fr\/curius\/en\/#organization\",\"name\":\"\\\"Curius\\\" - Cr\u00e9ation Richard\",\"url\":\"https:\/\/www.domainesrichard.fr\/curius\/en\/\",\"logo\":{\"@type\":\"ImageObject\",\"inLanguage\":\"en-US\",\"@id\":\"https:\/\/www.domainesrichard.fr\/curius\/en\/#\/schema\/logo\/image\/\",\"url\":\"https:\/\/www.domainesrichard.fr\/curius\/wp-content\/uploads\/sites\/10\/2025\/05\/favicon.png\",\"contentUrl\":\"https:\/\/www.domainesrichard.fr\/curius\/wp-content\/uploads\/sites\/10\/2025\/05\/favicon.png\",\"width\":512,\"height\":512,\"caption\":\"\\\"Curius\\\" - Cr\u00e9ation Richard\"},\"image\":{\"@id\":\"https:\/\/www.domainesrichard.fr\/curius\/en\/#\/schema\/logo\/image\/\"},\"sameAs\":[\"https:\/\/www.facebook.com\/domainesrichard\",\"https:\/\/www.instagram.com\/domainesrichard\",\"https:\/\/www.linkedin.com\/company\/domaines-richard\"]}]}<\/script>\n<!-- \/ Yoast SEO plugin. -->","yoast_head_json":{"title":"Cuv\u00e9e \u00c0 fleur de peau - &quot;Curius&quot; - Cr\u00e9ation Richard","robots":{"index":"index","follow":"follow","max-snippet":"max-snippet:-1","max-image-preview":"max-image-preview:large","max-video-preview":"max-video-preview:-1"},"canonical":"https:\/\/www.domainesrichard.fr\/curius\/en\/wine\/cuvee-a-fleur-de-peau\/","og_locale":"en_US","og_type":"article","og_title":"Cuv\u00e9e \u00c0 fleur de peau - &quot;Curius&quot; - Cr\u00e9ation Richard","og_description":"Ros\u00e9 wine evokes moments of relaxation by the seaside. This summer scene \u2014 beach hut, palm tree, and umbrella pine \u2014 instantly brings to mind the sweetness of holidays, the warmth of the sun, and shared moments of leisure. Here, the cat is fully immersed in this suspended moment: wearing sunglasses, glass in paw; it [&hellip;]","og_url":"https:\/\/www.domainesrichard.fr\/curius\/en\/wine\/cuvee-a-fleur-de-peau\/","og_site_name":"&quot;Curius&quot; - Cr\u00e9ation Richard","article_publisher":"https:\/\/www.facebook.com\/domainesrichard","article_modified_time":"2025-05-23T08:59:06+00:00","og_image":[{"width":600,"height":600,"url":"https:\/\/www.domainesrichard.fr\/curius\/wp-content\/uploads\/sites\/10\/2026\/03\/A-Fleur-De-Peau.png","type":"image\/png"}],"twitter_card":"summary_large_image","twitter_misc":{"Est. reading time":"1 minute"},"schema":{"@context":"https:\/\/schema.org","@graph":[{"@type":"WebPage","@id":"https:\/\/www.domainesrichard.fr\/curius\/en\/wine\/cuvee-a-fleur-de-peau\/","url":"https:\/\/www.domainesrichard.fr\/curius\/en\/wine\/cuvee-a-fleur-de-peau\/","name":"Cuv\u00e9e \u00c0 fleur de peau - &quot;Curius&quot; - Cr\u00e9ation Richard","isPartOf":{"@id":"https:\/\/www.domainesrichard.fr\/curius\/en\/#website"},"primaryImageOfPage":{"@id":"https:\/\/www.domainesrichard.fr\/curius\/en\/wine\/cuvee-a-fleur-de-peau\/#primaryimage"},"image":{"@id":"https:\/\/www.domainesrichard.fr\/curius\/en\/wine\/cuvee-a-fleur-de-peau\/#primaryimage"},"thumbnailUrl":"https:\/\/www.domainesrichard.fr\/curius\/wp-content\/uploads\/sites\/10\/2026\/03\/A-Fleur-De-Peau.png","datePublished":"2025-05-20T15:44:56+00:00","dateModified":"2025-05-23T08:59:06+00:00","breadcrumb":{"@id":"https:\/\/www.domainesrichard.fr\/curius\/en\/wine\/cuvee-a-fleur-de-peau\/#breadcrumb"},"inLanguage":"en-US","potentialAction":[{"@type":"ReadAction","target":["https:\/\/www.domainesrichard.fr\/curius\/en\/wine\/cuvee-a-fleur-de-peau\/"]}]},{"@type":"ImageObject","inLanguage":"en-US","@id":"https:\/\/www.domainesrichard.fr\/curius\/en\/wine\/cuvee-a-fleur-de-peau\/#primaryimage","url":"https:\/\/www.domainesrichard.fr\/curius\/wp-content\/uploads\/sites\/10\/2026\/03\/A-Fleur-De-Peau.png","contentUrl":"https:\/\/www.domainesrichard.fr\/curius\/wp-content\/uploads\/sites\/10\/2026\/03\/A-Fleur-De-Peau.png","width":600,"height":600},{"@type":"BreadcrumbList","@id":"https:\/\/www.domainesrichard.fr\/curius\/en\/wine\/cuvee-a-fleur-de-peau\/#breadcrumb","itemListElement":[{"@type":"ListItem","position":1,"name":"Accueil","item":"https:\/\/www.domainesrichard.fr\/curius\/en\/"},{"@type":"ListItem","position":2,"name":"Wines","item":"https:\/\/www.domainesrichard.fr\/curius\/en\/wines\/"},{"@type":"ListItem","position":3,"name":"Cuv\u00e9e \u00c0 fleur de peau"}]},{"@type":"WebSite","@id":"https:\/\/www.domainesrichard.fr\/curius\/en\/#website","url":"https:\/\/www.domainesrichard.fr\/curius\/en\/","name":"\"Curius\" - Cr\u00e9ation Richard","description":"Les vins qui vous emm\u00e8nent loin","publisher":{"@id":"https:\/\/www.domainesrichard.fr\/curius\/en\/#organization"},"potentialAction":[{"@type":"SearchAction","target":{"@type":"EntryPoint","urlTemplate":"https:\/\/www.domainesrichard.fr\/curius\/en\/?s={search_term_string}"},"query-input":{"@type":"PropertyValueSpecification","valueRequired":true,"valueName":"search_term_string"}}],"inLanguage":"en-US"},{"@type":"Organization","@id":"https:\/\/www.domainesrichard.fr\/curius\/en\/#organization","name":"\"Curius\" - Cr\u00e9ation Richard","url":"https:\/\/www.domainesrichard.fr\/curius\/en\/","logo":{"@type":"ImageObject","inLanguage":"en-US","@id":"https:\/\/www.domainesrichard.fr\/curius\/en\/#\/schema\/logo\/image\/","url":"https:\/\/www.domainesrichard.fr\/curius\/wp-content\/uploads\/sites\/10\/2025\/05\/favicon.png","contentUrl":"https:\/\/www.domainesrichard.fr\/curius\/wp-content\/uploads\/sites\/10\/2025\/05\/favicon.png","width":512,"height":512,"caption":"\"Curius\" - Cr\u00e9ation Richard"},"image":{"@id":"https:\/\/www.domainesrichard.fr\/curius\/en\/#\/schema\/logo\/image\/"},"sameAs":["https:\/\/www.facebook.com\/domainesrichard","https:\/\/www.instagram.com\/domainesrichard","https:\/\/www.linkedin.com\/company\/domaines-richard"]}]}},"_links":{"self":[{"href":"https:\/\/www.domainesrichard.fr\/curius\/en\/wp-json\/wp\/v2\/product\/183","targetHints":{"allow":["GET"]}}],"collection":[{"href":"https:\/\/www.domainesrichard.fr\/curius\/en\/wp-json\/wp\/v2\/product"}],"about":[{"href":"https:\/\/www.domainesrichard.fr\/curius\/en\/wp-json\/wp\/v2\/types\/product"}],"wp:featuredmedia":[{"embeddable":true,"href":"https:\/\/www.domainesrichard.fr\/curius\/en\/wp-json\/wp\/v2\/media\/285"}],"wp:attachment":[{"href":"https:\/\/www.domainesrichard.fr\/curius\/en\/wp-json\/wp\/v2\/media?parent=183"}],"wp:term":[{"taxonomy":"product_brand","embeddable":true,"href":"https:\/\/www.domainesrichard.fr\/curius\/en\/wp-json\/wp\/v2\/product_brand?post=183"},{"taxonomy":"product_cat","embeddable":true,"href":"https:\/\/www.domainesrichard.fr\/curius\/en\/wp-json\/wp\/v2\/product_cat?post=183"},{"taxonomy":"product_tag","embeddable":true,"href":"https:\/\/www.domainesrichard.fr\/curius\/en\/wp-json\/wp\/v2\/product_tag?post=183"}],"curies":[{"name":"wp","href":"https:\/\/api.w.org\/{rel}","templated":true}]}}