{"id":187,"date":"2025-05-22T17:47:25","date_gmt":"2025-05-22T15:47:25","guid":{"rendered":"https:\/\/www.domainesrichard.fr\/curius\/?post_type=product&#038;p=187"},"modified":"2025-05-23T11:04:36","modified_gmt":"2025-05-23T09:04:36","slug":"cuvee-lechappee-belle","status":"publish","type":"product","link":"https:\/\/www.domainesrichard.fr\/curius\/en\/wine\/cuvee-lechappee-belle\/","title":{"rendered":"Cuv\u00e9e L\u2019\u00c9chapp\u00e9e belle <span class='vintage the_title'><\/span>"},"content":{"rendered":"<p>The house evokes a living space where wine naturally finds itplace in simple, joyful moments. The hands reaching for glasses, the bottleand the cat embody conviviality, curiosity, and freedom. The dog on a skateboard &#8211; a funny and unexpected detail &#8211; symbolizes the lighthearted ancarefree spirit of an \u00e9chapp\u00e9e belle, much like this white wine.<\/p>","protected":false},"excerpt":{"rendered":"<p>The house evokes a living space where wine naturally finds itplace in simple, joyful moments. The hands reaching for glasses, the bottleand the cat embody conviviality, curiosity, and freedom. The dog on a skateboard &#8211; a funny and unexpected detail &#8211; symbolizes the lighthearted ancarefree spirit of an \u00e9chapp\u00e9e belle, much like this white wine.<\/p>","protected":false},"featured_media":291,"template":"","meta":{"_acf_changed":false},"product_brand":[],"product_cat":[31],"product_tag":[],"class_list":{"0":"post-187","1":"product","2":"type-product","3":"status-publish","4":"has-post-thumbnail","6":"product_cat-curius-en","8":"first","9":"instock","10":"shipping-taxable","11":"purchasable","12":"product-type-simple"},"acf":[],"yoast_head":"<!-- This site is optimized with the Yoast SEO plugin v27.0 - https:\/\/yoast.com\/product\/yoast-seo-wordpress\/ -->\n<title>Cuv\u00e9e L\u2019\u00c9chapp\u00e9e belle - &quot;Curius&quot; - Cr\u00e9ation Richard<\/title>\n<meta name=\"robots\" content=\"index, follow, max-snippet:-1, max-image-preview:large, max-video-preview:-1\" \/>\n<link rel=\"canonical\" href=\"https:\/\/www.domainesrichard.fr\/curius\/en\/wine\/cuvee-lechappee-belle\/\" \/>\n<meta property=\"og:locale\" content=\"en_US\" \/>\n<meta property=\"og:type\" content=\"article\" \/>\n<meta property=\"og:title\" content=\"Cuv\u00e9e L\u2019\u00c9chapp\u00e9e belle - &quot;Curius&quot; - Cr\u00e9ation Richard\" \/>\n<meta property=\"og:description\" content=\"The house evokes a living space where wine naturally finds itplace in simple, joyful moments. The hands reaching for glasses, the bottleand the cat embody conviviality, curiosity, and freedom. The dog on a skateboard &#8211; a funny and unexpected detail &#8211; symbolizes the lighthearted ancarefree spirit of an \u00e9chapp\u00e9e belle, much like this white wine.\" \/>\n<meta property=\"og:url\" content=\"https:\/\/www.domainesrichard.fr\/curius\/en\/wine\/cuvee-lechappee-belle\/\" \/>\n<meta property=\"og:site_name\" content=\"&quot;Curius&quot; - Cr\u00e9ation Richard\" \/>\n<meta property=\"article:publisher\" content=\"https:\/\/www.facebook.com\/domainesrichard\" \/>\n<meta property=\"article:modified_time\" content=\"2025-05-23T09:04:36+00:00\" \/>\n<meta property=\"og:image\" content=\"https:\/\/www.domainesrichard.fr\/curius\/wp-content\/uploads\/sites\/10\/2026\/03\/Echappe-Belle.png\" \/>\n\t<meta property=\"og:image:width\" content=\"600\" \/>\n\t<meta property=\"og:image:height\" content=\"600\" \/>\n\t<meta property=\"og:image:type\" content=\"image\/png\" \/>\n<meta name=\"twitter:card\" content=\"summary_large_image\" \/>\n<meta name=\"twitter:label1\" content=\"Est. reading time\" \/>\n\t<meta name=\"twitter:data1\" content=\"1 minute\" \/>\n<script type=\"application\/ld+json\" class=\"yoast-schema-graph\">{\"@context\":\"https:\/\/schema.org\",\"@graph\":[{\"@type\":\"WebPage\",\"@id\":\"https:\/\/www.domainesrichard.fr\/curius\/en\/wine\/cuvee-lechappee-belle\/\",\"url\":\"https:\/\/www.domainesrichard.fr\/curius\/en\/wine\/cuvee-lechappee-belle\/\",\"name\":\"Cuv\u00e9e L\u2019\u00c9chapp\u00e9e belle - &quot;Curius&quot; - Cr\u00e9ation Richard\",\"isPartOf\":{\"@id\":\"https:\/\/www.domainesrichard.fr\/curius\/en\/#website\"},\"primaryImageOfPage\":{\"@id\":\"https:\/\/www.domainesrichard.fr\/curius\/en\/wine\/cuvee-lechappee-belle\/#primaryimage\"},\"image\":{\"@id\":\"https:\/\/www.domainesrichard.fr\/curius\/en\/wine\/cuvee-lechappee-belle\/#primaryimage\"},\"thumbnailUrl\":\"https:\/\/www.domainesrichard.fr\/curius\/wp-content\/uploads\/sites\/10\/2026\/03\/Echappe-Belle.png\",\"datePublished\":\"2025-05-22T15:47:25+00:00\",\"dateModified\":\"2025-05-23T09:04:36+00:00\",\"breadcrumb\":{\"@id\":\"https:\/\/www.domainesrichard.fr\/curius\/en\/wine\/cuvee-lechappee-belle\/#breadcrumb\"},\"inLanguage\":\"en-US\",\"potentialAction\":[{\"@type\":\"ReadAction\",\"target\":[\"https:\/\/www.domainesrichard.fr\/curius\/en\/wine\/cuvee-lechappee-belle\/\"]}]},{\"@type\":\"ImageObject\",\"inLanguage\":\"en-US\",\"@id\":\"https:\/\/www.domainesrichard.fr\/curius\/en\/wine\/cuvee-lechappee-belle\/#primaryimage\",\"url\":\"https:\/\/www.domainesrichard.fr\/curius\/wp-content\/uploads\/sites\/10\/2026\/03\/Echappe-Belle.png\",\"contentUrl\":\"https:\/\/www.domainesrichard.fr\/curius\/wp-content\/uploads\/sites\/10\/2026\/03\/Echappe-Belle.png\",\"width\":600,\"height\":600},{\"@type\":\"BreadcrumbList\",\"@id\":\"https:\/\/www.domainesrichard.fr\/curius\/en\/wine\/cuvee-lechappee-belle\/#breadcrumb\",\"itemListElement\":[{\"@type\":\"ListItem\",\"position\":1,\"name\":\"Accueil\",\"item\":\"https:\/\/www.domainesrichard.fr\/curius\/en\/\"},{\"@type\":\"ListItem\",\"position\":2,\"name\":\"Wines\",\"item\":\"https:\/\/www.domainesrichard.fr\/curius\/en\/wines\/\"},{\"@type\":\"ListItem\",\"position\":3,\"name\":\"Cuv\u00e9e L\u2019\u00c9chapp\u00e9e belle\"}]},{\"@type\":\"WebSite\",\"@id\":\"https:\/\/www.domainesrichard.fr\/curius\/en\/#website\",\"url\":\"https:\/\/www.domainesrichard.fr\/curius\/en\/\",\"name\":\"\\\"Curius\\\" - Cr\u00e9ation Richard\",\"description\":\"Les vins qui vous emm\u00e8nent loin\",\"publisher\":{\"@id\":\"https:\/\/www.domainesrichard.fr\/curius\/en\/#organization\"},\"potentialAction\":[{\"@type\":\"SearchAction\",\"target\":{\"@type\":\"EntryPoint\",\"urlTemplate\":\"https:\/\/www.domainesrichard.fr\/curius\/en\/?s={search_term_string}\"},\"query-input\":{\"@type\":\"PropertyValueSpecification\",\"valueRequired\":true,\"valueName\":\"search_term_string\"}}],\"inLanguage\":\"en-US\"},{\"@type\":\"Organization\",\"@id\":\"https:\/\/www.domainesrichard.fr\/curius\/en\/#organization\",\"name\":\"\\\"Curius\\\" - Cr\u00e9ation Richard\",\"url\":\"https:\/\/www.domainesrichard.fr\/curius\/en\/\",\"logo\":{\"@type\":\"ImageObject\",\"inLanguage\":\"en-US\",\"@id\":\"https:\/\/www.domainesrichard.fr\/curius\/en\/#\/schema\/logo\/image\/\",\"url\":\"https:\/\/www.domainesrichard.fr\/curius\/wp-content\/uploads\/sites\/10\/2025\/05\/favicon.png\",\"contentUrl\":\"https:\/\/www.domainesrichard.fr\/curius\/wp-content\/uploads\/sites\/10\/2025\/05\/favicon.png\",\"width\":512,\"height\":512,\"caption\":\"\\\"Curius\\\" - Cr\u00e9ation Richard\"},\"image\":{\"@id\":\"https:\/\/www.domainesrichard.fr\/curius\/en\/#\/schema\/logo\/image\/\"},\"sameAs\":[\"https:\/\/www.facebook.com\/domainesrichard\",\"https:\/\/www.instagram.com\/domainesrichard\",\"https:\/\/www.linkedin.com\/company\/domaines-richard\"]}]}<\/script>\n<!-- \/ Yoast SEO plugin. -->","yoast_head_json":{"title":"Cuv\u00e9e L\u2019\u00c9chapp\u00e9e belle - &quot;Curius&quot; - Cr\u00e9ation Richard","robots":{"index":"index","follow":"follow","max-snippet":"max-snippet:-1","max-image-preview":"max-image-preview:large","max-video-preview":"max-video-preview:-1"},"canonical":"https:\/\/www.domainesrichard.fr\/curius\/en\/wine\/cuvee-lechappee-belle\/","og_locale":"en_US","og_type":"article","og_title":"Cuv\u00e9e L\u2019\u00c9chapp\u00e9e belle - &quot;Curius&quot; - Cr\u00e9ation Richard","og_description":"The house evokes a living space where wine naturally finds itplace in simple, joyful moments. The hands reaching for glasses, the bottleand the cat embody conviviality, curiosity, and freedom. The dog on a skateboard &#8211; a funny and unexpected detail &#8211; symbolizes the lighthearted ancarefree spirit of an \u00e9chapp\u00e9e belle, much like this white wine.","og_url":"https:\/\/www.domainesrichard.fr\/curius\/en\/wine\/cuvee-lechappee-belle\/","og_site_name":"&quot;Curius&quot; - Cr\u00e9ation Richard","article_publisher":"https:\/\/www.facebook.com\/domainesrichard","article_modified_time":"2025-05-23T09:04:36+00:00","og_image":[{"width":600,"height":600,"url":"https:\/\/www.domainesrichard.fr\/curius\/wp-content\/uploads\/sites\/10\/2026\/03\/Echappe-Belle.png","type":"image\/png"}],"twitter_card":"summary_large_image","twitter_misc":{"Est. reading time":"1 minute"},"schema":{"@context":"https:\/\/schema.org","@graph":[{"@type":"WebPage","@id":"https:\/\/www.domainesrichard.fr\/curius\/en\/wine\/cuvee-lechappee-belle\/","url":"https:\/\/www.domainesrichard.fr\/curius\/en\/wine\/cuvee-lechappee-belle\/","name":"Cuv\u00e9e L\u2019\u00c9chapp\u00e9e belle - &quot;Curius&quot; - Cr\u00e9ation Richard","isPartOf":{"@id":"https:\/\/www.domainesrichard.fr\/curius\/en\/#website"},"primaryImageOfPage":{"@id":"https:\/\/www.domainesrichard.fr\/curius\/en\/wine\/cuvee-lechappee-belle\/#primaryimage"},"image":{"@id":"https:\/\/www.domainesrichard.fr\/curius\/en\/wine\/cuvee-lechappee-belle\/#primaryimage"},"thumbnailUrl":"https:\/\/www.domainesrichard.fr\/curius\/wp-content\/uploads\/sites\/10\/2026\/03\/Echappe-Belle.png","datePublished":"2025-05-22T15:47:25+00:00","dateModified":"2025-05-23T09:04:36+00:00","breadcrumb":{"@id":"https:\/\/www.domainesrichard.fr\/curius\/en\/wine\/cuvee-lechappee-belle\/#breadcrumb"},"inLanguage":"en-US","potentialAction":[{"@type":"ReadAction","target":["https:\/\/www.domainesrichard.fr\/curius\/en\/wine\/cuvee-lechappee-belle\/"]}]},{"@type":"ImageObject","inLanguage":"en-US","@id":"https:\/\/www.domainesrichard.fr\/curius\/en\/wine\/cuvee-lechappee-belle\/#primaryimage","url":"https:\/\/www.domainesrichard.fr\/curius\/wp-content\/uploads\/sites\/10\/2026\/03\/Echappe-Belle.png","contentUrl":"https:\/\/www.domainesrichard.fr\/curius\/wp-content\/uploads\/sites\/10\/2026\/03\/Echappe-Belle.png","width":600,"height":600},{"@type":"BreadcrumbList","@id":"https:\/\/www.domainesrichard.fr\/curius\/en\/wine\/cuvee-lechappee-belle\/#breadcrumb","itemListElement":[{"@type":"ListItem","position":1,"name":"Accueil","item":"https:\/\/www.domainesrichard.fr\/curius\/en\/"},{"@type":"ListItem","position":2,"name":"Wines","item":"https:\/\/www.domainesrichard.fr\/curius\/en\/wines\/"},{"@type":"ListItem","position":3,"name":"Cuv\u00e9e L\u2019\u00c9chapp\u00e9e belle"}]},{"@type":"WebSite","@id":"https:\/\/www.domainesrichard.fr\/curius\/en\/#website","url":"https:\/\/www.domainesrichard.fr\/curius\/en\/","name":"\"Curius\" - Cr\u00e9ation Richard","description":"Les vins qui vous emm\u00e8nent loin","publisher":{"@id":"https:\/\/www.domainesrichard.fr\/curius\/en\/#organization"},"potentialAction":[{"@type":"SearchAction","target":{"@type":"EntryPoint","urlTemplate":"https:\/\/www.domainesrichard.fr\/curius\/en\/?s={search_term_string}"},"query-input":{"@type":"PropertyValueSpecification","valueRequired":true,"valueName":"search_term_string"}}],"inLanguage":"en-US"},{"@type":"Organization","@id":"https:\/\/www.domainesrichard.fr\/curius\/en\/#organization","name":"\"Curius\" - Cr\u00e9ation Richard","url":"https:\/\/www.domainesrichard.fr\/curius\/en\/","logo":{"@type":"ImageObject","inLanguage":"en-US","@id":"https:\/\/www.domainesrichard.fr\/curius\/en\/#\/schema\/logo\/image\/","url":"https:\/\/www.domainesrichard.fr\/curius\/wp-content\/uploads\/sites\/10\/2025\/05\/favicon.png","contentUrl":"https:\/\/www.domainesrichard.fr\/curius\/wp-content\/uploads\/sites\/10\/2025\/05\/favicon.png","width":512,"height":512,"caption":"\"Curius\" - Cr\u00e9ation Richard"},"image":{"@id":"https:\/\/www.domainesrichard.fr\/curius\/en\/#\/schema\/logo\/image\/"},"sameAs":["https:\/\/www.facebook.com\/domainesrichard","https:\/\/www.instagram.com\/domainesrichard","https:\/\/www.linkedin.com\/company\/domaines-richard"]}]}},"_links":{"self":[{"href":"https:\/\/www.domainesrichard.fr\/curius\/en\/wp-json\/wp\/v2\/product\/187","targetHints":{"allow":["GET"]}}],"collection":[{"href":"https:\/\/www.domainesrichard.fr\/curius\/en\/wp-json\/wp\/v2\/product"}],"about":[{"href":"https:\/\/www.domainesrichard.fr\/curius\/en\/wp-json\/wp\/v2\/types\/product"}],"wp:featuredmedia":[{"embeddable":true,"href":"https:\/\/www.domainesrichard.fr\/curius\/en\/wp-json\/wp\/v2\/media\/291"}],"wp:attachment":[{"href":"https:\/\/www.domainesrichard.fr\/curius\/en\/wp-json\/wp\/v2\/media?parent=187"}],"wp:term":[{"taxonomy":"product_brand","embeddable":true,"href":"https:\/\/www.domainesrichard.fr\/curius\/en\/wp-json\/wp\/v2\/product_brand?post=187"},{"taxonomy":"product_cat","embeddable":true,"href":"https:\/\/www.domainesrichard.fr\/curius\/en\/wp-json\/wp\/v2\/product_cat?post=187"},{"taxonomy":"product_tag","embeddable":true,"href":"https:\/\/www.domainesrichard.fr\/curius\/en\/wp-json\/wp\/v2\/product_tag?post=187"}],"curies":[{"name":"wp","href":"https:\/\/api.w.org\/{rel}","templated":true}]}}