{"id":845,"date":"2022-06-10T10:44:53","date_gmt":"2022-06-10T08:44:53","guid":{"rendered":"https:\/\/www.domainesrichard.fr\/?page_id=845"},"modified":"2025-05-16T10:56:56","modified_gmt":"2025-05-16T08:56:56","slug":"disclaimer","status":"publish","type":"page","link":"https:\/\/www.domainesrichard.fr\/en\/disclaimer\/","title":{"rendered":"Disclaimer"},"content":{"rendered":"\t\t<div data-elementor-type=\"wp-page\" data-elementor-id=\"845\" class=\"elementor elementor-845 elementor-843\" data-elementor-post-type=\"page\">\n\t\t\t\t\t\t<section class=\"elementor-section elementor-top-section elementor-element elementor-element-1a44d57 elementor-section-boxed elementor-section-height-default elementor-section-height-default qodef-elementor-content-no qodef-elementor-overlay-no\" data-id=\"1a44d57\" data-element_type=\"section\" data-e-type=\"section\">\n\t\t\t\t\t\t<div class=\"elementor-container elementor-column-gap-default\">\n\t\t\t\t\t<div class=\"elementor-column elementor-col-100 elementor-top-column elementor-element elementor-element-67b3cfe\" data-id=\"67b3cfe\" data-element_type=\"column\" data-e-type=\"column\">\n\t\t\t<div class=\"elementor-widget-wrap elementor-element-populated\">\n\t\t\t\t\t\t<div class=\"elementor-element elementor-element-ce63348 elementor-widget elementor-widget-text-editor\" data-id=\"ce63348\" data-element_type=\"widget\" data-e-type=\"widget\" data-widget_type=\"text-editor.default\">\n\t\t\t\t<div class=\"elementor-widget-container\">\n\t\t\t\t\t\t\t\t\t<p><strong>Publisher<\/strong><\/p><p>This site is published by Soci\u00e9t\u00e9 Civile Agricole Ch\u00e2teau La Nerthe, Ch\u00e2teau La Nerthe, headquartered route de Sorgues 84230 Ch\u00e2teauneuf-du-Pape, registered in the Avignon Trade and Companies Register under number: D 783&nbsp;222&nbsp;565,<\/p><p>Intracommunity VAT number: FR41783222565<\/p><p>\u00a0<\/p><p><strong>Director of publication:<\/strong><br \/>R\u00e9mi Jean, <a href=\"tel:+33490835904\">04 90 83 59 04<\/a>, <a href=\"mailto:contact@chateaulanerthe.fr\">contact@chateaulanerthe.fr<\/a><\/p><p>\u00a0<\/p><p><strong>Design and production<\/strong><\/p><p><a href=\"https:\/\/www.preambulles.com\/\" target=\"_blank\" rel=\"noopener\">Agence Pr\u00e9ambulles<\/a><\/p><p>\u00a0<\/p><p><strong>Hosting<\/strong><\/p><p>This site is hosted by:<br \/>IONOS SARL<br \/>RCS: B 431&nbsp;303&nbsp;775<br \/>7 PLACE DE LA GARE<br \/>57200 SARREGUEMINES<br \/>FRANCE<br \/>Tel&nbsp;: <a href=\"tel:+33970 808 911\">0970 808&nbsp;911<\/a><br \/><a href=\"https:\/\/www.ionos.fr\" target=\"_blank\" rel=\"noopener\">www.ionos.fr<\/a><\/p><p>\u00a0<\/p><p><strong>Intellectual property<\/strong><\/p><p><b>&#8211; <em>Site components<\/em><\/b><br \/>The Vendor retains all intellectual property rights to the photographs, presentations, studies, drawings, models, prototypes, etc., produced (even at the Customer&#8217;s request) with a view to supplying the Products to the Customer.<\/p><p>The Customer therefore refrains from reproducing or exploiting the said photographs, presentations, studies, drawings, models and prototypes, etc., without the Vendor&#8217;s express, prior, written authorization, which may be subject to a financial consideration.<\/p><p>The content of the Site is the exclusive property of the Vendor. Any partial or total reproduction of this content is strictly forbidden, unless expressly authorized by the Vendor, and may constitute an infringement of copyright.<\/p><p><b>&#8211; <em>Trademarks and distinctive signs<\/em><\/b><br \/>Unless otherwise specified, all trademarks used are proprietary and reserved.<\/p><p><b>&#8211; <em>Photo \/ Video credits<\/em><\/b><br \/>Julien Abellan<br \/>Hugo Moussy<\/p><p>\u00a0<\/p><p><strong>Personal data processing<\/strong><\/p><p>Please consult our <span style=\"text-decoration: underline;\"><a href=\"https:\/\/www.domainesrichard.fr\/en\/privacy-policy\/\">Privacy Policy<\/a><\/span>.<\/p><p>\u00a0<\/p><p><strong>Use of cookies<\/strong><\/p><p>The CAPS Portal may ask you to accept cookies. A cookie is a piece of information placed on your hard disk by the server of the site you are visiting. It contains a number of data items that are stored on your computer in a simple text file that a server accesses to read and record information. Some parts of this site cannot be used without accepting cookies.<\/p><p>Our cookies may collect personal data, in particular to improve your visitor and customer experience.<\/p><p>For more information, see our <span style=\"text-decoration: underline;\"><a href=\"https:\/\/www.domainesrichard.fr\/en\/cookies-policy\/\">Cookie Policy<\/a><\/span>.<\/p>\t\t\t\t\t\t\t\t<\/div>\n\t\t\t\t<\/div>\n\t\t\t\t\t<\/div>\n\t\t<\/div>\n\t\t\t\t\t<\/div>\n\t\t<\/section>\n\t\t\t\t<\/div>","protected":false},"excerpt":{"rendered":"<p>Publisher This site is published by Soci\u00e9t\u00e9 Civile Agricole Ch\u00e2teau La Nerthe, Ch\u00e2teau La Nerthe, headquartered route de Sorgues 84230 Ch\u00e2teauneuf-du-Pape, registered in the Avignon Trade and Companies Register under number: D 783&nbsp;222&nbsp;565, Intracommunity VAT number: FR41783222565 \u00a0 Director of publication:R\u00e9mi Jean, 04 90 83 59 04, contact@chateaulanerthe.fr \u00a0 Design and production Agence Pr\u00e9ambulles \u00a0 [&hellip;]<\/p>","protected":false},"author":1,"featured_media":0,"parent":0,"menu_order":0,"comment_status":"closed","ping_status":"closed","template":"","meta":{"_acf_changed":false,"footnotes":""},"class_list":["post-845","page","type-page","status-publish","hentry"],"acf":[],"yoast_head":"<!-- This site is optimized with the Yoast SEO plugin v27.0 - https:\/\/yoast.com\/product\/yoast-seo-wordpress\/ -->\n<title>Disclaimer - Domaines Richard<\/title>\n<meta name=\"robots\" content=\"noindex, follow\" \/>\n<meta property=\"og:locale\" content=\"en_US\" \/>\n<meta property=\"og:type\" content=\"article\" \/>\n<meta property=\"og:title\" content=\"Disclaimer - Domaines Richard\" \/>\n<meta property=\"og:description\" content=\"Publisher This site is published by Soci\u00e9t\u00e9 Civile Agricole Ch\u00e2teau La Nerthe, Ch\u00e2teau La Nerthe, headquartered route de Sorgues 84230 Ch\u00e2teauneuf-du-Pape, registered in the Avignon Trade and Companies Register under number: D 783&nbsp;222&nbsp;565, Intracommunity VAT number: FR41783222565 \u00a0 Director of publication:R\u00e9mi Jean, 04 90 83 59 04, contact@chateaulanerthe.fr \u00a0 Design and production Agence Pr\u00e9ambulles \u00a0 [&hellip;]\" \/>\n<meta property=\"og:url\" content=\"https:\/\/www.domainesrichard.fr\/en\/disclaimer\/\" \/>\n<meta property=\"og:site_name\" content=\"Domaines Richard\" \/>\n<meta property=\"article:publisher\" content=\"https:\/\/www.facebook.com\/domainesrichard\" \/>\n<meta property=\"article:modified_time\" content=\"2025-05-16T08:56:56+00:00\" \/>\n<meta name=\"twitter:card\" content=\"summary_large_image\" \/>\n<meta name=\"twitter:label1\" content=\"Est. reading time\" \/>\n\t<meta name=\"twitter:data1\" content=\"2 minutes\" \/>\n<script type=\"application\/ld+json\" class=\"yoast-schema-graph\">{\"@context\":\"https:\/\/schema.org\",\"@graph\":[{\"@type\":\"WebPage\",\"@id\":\"https:\/\/www.domainesrichard.fr\/en\/disclaimer\/\",\"url\":\"https:\/\/www.domainesrichard.fr\/en\/disclaimer\/\",\"name\":\"Disclaimer - Domaines Richard\",\"isPartOf\":{\"@id\":\"https:\/\/www.domainesrichard.fr\/en\/#website\"},\"datePublished\":\"2022-06-10T08:44:53+00:00\",\"dateModified\":\"2025-05-16T08:56:56+00:00\",\"breadcrumb\":{\"@id\":\"https:\/\/www.domainesrichard.fr\/en\/disclaimer\/#breadcrumb\"},\"inLanguage\":\"en-US\",\"potentialAction\":[{\"@type\":\"ReadAction\",\"target\":[\"https:\/\/www.domainesrichard.fr\/en\/disclaimer\/\"]}]},{\"@type\":\"BreadcrumbList\",\"@id\":\"https:\/\/www.domainesrichard.fr\/en\/disclaimer\/#breadcrumb\",\"itemListElement\":[{\"@type\":\"ListItem\",\"position\":1,\"name\":\"Home\",\"item\":\"https:\/\/www.domainesrichard.fr\/en\/\"},{\"@type\":\"ListItem\",\"position\":2,\"name\":\"Disclaimer\"}]},{\"@type\":\"WebSite\",\"@id\":\"https:\/\/www.domainesrichard.fr\/en\/#website\",\"url\":\"https:\/\/www.domainesrichard.fr\/en\/\",\"name\":\"Domaines Richard\",\"description\":\"Imaginer, R\u00e9v\u00e9ler, Pr\u00e9server\",\"publisher\":{\"@id\":\"https:\/\/www.domainesrichard.fr\/en\/#organization\"},\"potentialAction\":[{\"@type\":\"SearchAction\",\"target\":{\"@type\":\"EntryPoint\",\"urlTemplate\":\"https:\/\/www.domainesrichard.fr\/en\/?s={search_term_string}\"},\"query-input\":{\"@type\":\"PropertyValueSpecification\",\"valueRequired\":true,\"valueName\":\"search_term_string\"}}],\"inLanguage\":\"en-US\"},{\"@type\":\"Organization\",\"@id\":\"https:\/\/www.domainesrichard.fr\/en\/#organization\",\"name\":\"Domaines Richard\",\"url\":\"https:\/\/www.domainesrichard.fr\/en\/\",\"logo\":{\"@type\":\"ImageObject\",\"inLanguage\":\"en-US\",\"@id\":\"https:\/\/www.domainesrichard.fr\/en\/#\/schema\/logo\/image\/\",\"url\":\"https:\/\/www.domainesrichard.fr\/wp-content\/uploads\/2021\/10\/favicon.png\",\"contentUrl\":\"https:\/\/www.domainesrichard.fr\/wp-content\/uploads\/2021\/10\/favicon.png\",\"width\":512,\"height\":512,\"caption\":\"Domaines Richard\"},\"image\":{\"@id\":\"https:\/\/www.domainesrichard.fr\/en\/#\/schema\/logo\/image\/\"},\"sameAs\":[\"https:\/\/www.facebook.com\/domainesrichard\",\"https:\/\/www.instagram.com\/domainesrichard\",\"https:\/\/www.linkedin.com\/company\/domaines-richard\"]}]}<\/script>\n<!-- \/ Yoast SEO plugin. -->","yoast_head_json":{"title":"Disclaimer - Domaines Richard","robots":{"index":"noindex","follow":"follow"},"og_locale":"en_US","og_type":"article","og_title":"Disclaimer - Domaines Richard","og_description":"Publisher This site is published by Soci\u00e9t\u00e9 Civile Agricole Ch\u00e2teau La Nerthe, Ch\u00e2teau La Nerthe, headquartered route de Sorgues 84230 Ch\u00e2teauneuf-du-Pape, registered in the Avignon Trade and Companies Register under number: D 783&nbsp;222&nbsp;565, Intracommunity VAT number: FR41783222565 \u00a0 Director of publication:R\u00e9mi Jean, 04 90 83 59 04, contact@chateaulanerthe.fr \u00a0 Design and production Agence Pr\u00e9ambulles \u00a0 [&hellip;]","og_url":"https:\/\/www.domainesrichard.fr\/en\/disclaimer\/","og_site_name":"Domaines Richard","article_publisher":"https:\/\/www.facebook.com\/domainesrichard","article_modified_time":"2025-05-16T08:56:56+00:00","twitter_card":"summary_large_image","twitter_misc":{"Est. reading time":"2 minutes"},"schema":{"@context":"https:\/\/schema.org","@graph":[{"@type":"WebPage","@id":"https:\/\/www.domainesrichard.fr\/en\/disclaimer\/","url":"https:\/\/www.domainesrichard.fr\/en\/disclaimer\/","name":"Disclaimer - Domaines Richard","isPartOf":{"@id":"https:\/\/www.domainesrichard.fr\/en\/#website"},"datePublished":"2022-06-10T08:44:53+00:00","dateModified":"2025-05-16T08:56:56+00:00","breadcrumb":{"@id":"https:\/\/www.domainesrichard.fr\/en\/disclaimer\/#breadcrumb"},"inLanguage":"en-US","potentialAction":[{"@type":"ReadAction","target":["https:\/\/www.domainesrichard.fr\/en\/disclaimer\/"]}]},{"@type":"BreadcrumbList","@id":"https:\/\/www.domainesrichard.fr\/en\/disclaimer\/#breadcrumb","itemListElement":[{"@type":"ListItem","position":1,"name":"Home","item":"https:\/\/www.domainesrichard.fr\/en\/"},{"@type":"ListItem","position":2,"name":"Disclaimer"}]},{"@type":"WebSite","@id":"https:\/\/www.domainesrichard.fr\/en\/#website","url":"https:\/\/www.domainesrichard.fr\/en\/","name":"Domaines Richard","description":"Imaginer, R\u00e9v\u00e9ler, Pr\u00e9server","publisher":{"@id":"https:\/\/www.domainesrichard.fr\/en\/#organization"},"potentialAction":[{"@type":"SearchAction","target":{"@type":"EntryPoint","urlTemplate":"https:\/\/www.domainesrichard.fr\/en\/?s={search_term_string}"},"query-input":{"@type":"PropertyValueSpecification","valueRequired":true,"valueName":"search_term_string"}}],"inLanguage":"en-US"},{"@type":"Organization","@id":"https:\/\/www.domainesrichard.fr\/en\/#organization","name":"Domaines Richard","url":"https:\/\/www.domainesrichard.fr\/en\/","logo":{"@type":"ImageObject","inLanguage":"en-US","@id":"https:\/\/www.domainesrichard.fr\/en\/#\/schema\/logo\/image\/","url":"https:\/\/www.domainesrichard.fr\/wp-content\/uploads\/2021\/10\/favicon.png","contentUrl":"https:\/\/www.domainesrichard.fr\/wp-content\/uploads\/2021\/10\/favicon.png","width":512,"height":512,"caption":"Domaines Richard"},"image":{"@id":"https:\/\/www.domainesrichard.fr\/en\/#\/schema\/logo\/image\/"},"sameAs":["https:\/\/www.facebook.com\/domainesrichard","https:\/\/www.instagram.com\/domainesrichard","https:\/\/www.linkedin.com\/company\/domaines-richard"]}]}},"_links":{"self":[{"href":"https:\/\/www.domainesrichard.fr\/en\/wp-json\/wp\/v2\/pages\/845","targetHints":{"allow":["GET"]}}],"collection":[{"href":"https:\/\/www.domainesrichard.fr\/en\/wp-json\/wp\/v2\/pages"}],"about":[{"href":"https:\/\/www.domainesrichard.fr\/en\/wp-json\/wp\/v2\/types\/page"}],"author":[{"embeddable":true,"href":"https:\/\/www.domainesrichard.fr\/en\/wp-json\/wp\/v2\/users\/1"}],"replies":[{"embeddable":true,"href":"https:\/\/www.domainesrichard.fr\/en\/wp-json\/wp\/v2\/comments?post=845"}],"version-history":[{"count":10,"href":"https:\/\/www.domainesrichard.fr\/en\/wp-json\/wp\/v2\/pages\/845\/revisions"}],"predecessor-version":[{"id":9018,"href":"https:\/\/www.domainesrichard.fr\/en\/wp-json\/wp\/v2\/pages\/845\/revisions\/9018"}],"wp:attachment":[{"href":"https:\/\/www.domainesrichard.fr\/en\/wp-json\/wp\/v2\/media?parent=845"}],"curies":[{"name":"wp","href":"https:\/\/api.w.org\/{rel}","templated":true}]}}