{"id":493,"date":"2023-07-03T10:57:39","date_gmt":"2023-07-03T08:57:39","guid":{"rendered":"https:\/\/www.domainesrichard.fr\/prieure-de-montezargues\/?post_type=product&#038;p=493"},"modified":"2024-06-21T15:36:52","modified_gmt":"2024-06-21T13:36:52","slug":"prieure-de-montezargues-2022","status":"publish","type":"product","link":"https:\/\/www.domainesrichard.fr\/prieure-de-montezargues\/en\/wine\/prieure-de-montezargues-2022\/","title":{"rendered":"Prieur\u00e9 de Mont\u00e9zargues <span class='vintage the_title'>2022<\/span>"},"content":{"rendered":"<p>This is the full expression of Tavel, even after a decade. Monks have cultivated vines here since the twelfth century. Since then, the Prieur\u00e9 de Mont\u00e9zargues has gained in finesse and freshness. The Americans are enjoying it, and so is the rest of the world.<br \/>\nTo experience all the emotion of this gourmet ros\u00e9, enjoy it alongside summer dishes, Provencal classics, or exotic cuisine.<\/p>","protected":false},"excerpt":{"rendered":"<p>This is the full expression of Tavel, even after a decade. Monks have cultivated vines here since the twelfth century. Since then, the Prieur\u00e9 de Mont\u00e9zargues has gained in finesse and freshness. The Americans are enjoying it, and so is the rest of the world. To experience all the emotion of this gourmet ros\u00e9, enjoy [&hellip;]<\/p>","protected":false},"featured_media":559,"template":"","meta":{"_acf_changed":false},"product_brand":[],"product_cat":[34],"product_tag":[],"class_list":{"0":"post-493","1":"product","2":"type-product","3":"status-publish","4":"has-post-thumbnail","6":"product_cat-tavel-en","8":"first","9":"instock","10":"taxable","11":"shipping-taxable","12":"purchasable","13":"product-type-simple"},"acf":[],"yoast_head":"<!-- This site is optimized with the Yoast SEO plugin v27.5 - https:\/\/yoast.com\/product\/yoast-seo-wordpress\/ -->\n<title>Tavel Ros\u00e9 - Prieur\u00e9 de Mont\u00e9zargues 2022<\/title>\n<meta name=\"description\" content=\"A Tavel with finesse, elegance and freshness. A ros\u00e9 for aging or fine dining, to be enjoyed with summer dishes or Provencal classics.\" \/>\n<meta name=\"robots\" content=\"index, follow, max-snippet:-1, max-image-preview:large, max-video-preview:-1\" \/>\n<link rel=\"canonical\" href=\"https:\/\/www.domainesrichard.fr\/prieure-de-montezargues\/en\/wine\/prieure-de-montezargues-2022\/\" \/>\n<meta property=\"og:locale\" content=\"en_US\" \/>\n<meta property=\"og:type\" content=\"article\" \/>\n<meta property=\"og:title\" content=\"Tavel Ros\u00e9 - Prieur\u00e9 de Mont\u00e9zargues 2022\" \/>\n<meta property=\"og:description\" content=\"A Tavel with finesse, elegance and freshness. A ros\u00e9 for aging or fine dining, to be enjoyed with summer dishes or Provencal classics.\" \/>\n<meta property=\"og:url\" content=\"https:\/\/www.domainesrichard.fr\/prieure-de-montezargues\/en\/wine\/prieure-de-montezargues-2022\/\" \/>\n<meta property=\"og:site_name\" content=\"Prieur\u00e9 de Mont\u00e9zargues\" \/>\n<meta property=\"article:publisher\" content=\"https:\/\/www.facebook.com\/prieuredemontezargues\" \/>\n<meta property=\"article:modified_time\" content=\"2024-06-21T13:36:52+00:00\" \/>\n<meta property=\"og:image\" content=\"https:\/\/www.domainesrichard.fr\/prieure-de-montezargues\/wp-content\/uploads\/sites\/4\/2022\/09\/MONTEZARGUES-TAVEL-ROSE.jpg\" \/>\n\t<meta property=\"og:image:width\" content=\"600\" \/>\n\t<meta property=\"og:image:height\" content=\"600\" \/>\n\t<meta property=\"og:image:type\" content=\"image\/jpeg\" \/>\n<meta name=\"twitter:card\" content=\"summary_large_image\" \/>\n<meta name=\"twitter:label1\" content=\"Est. reading time\" \/>\n\t<meta name=\"twitter:data1\" content=\"1 minute\" \/>\n<script type=\"application\/ld+json\" class=\"yoast-schema-graph\">{\"@context\":\"https:\\\/\\\/schema.org\",\"@graph\":[{\"@type\":\"WebPage\",\"@id\":\"https:\\\/\\\/www.domainesrichard.fr\\\/prieure-de-montezargues\\\/en\\\/wine\\\/prieure-de-montezargues-2022\\\/\",\"url\":\"https:\\\/\\\/www.domainesrichard.fr\\\/prieure-de-montezargues\\\/en\\\/wine\\\/prieure-de-montezargues-2022\\\/\",\"name\":\"Tavel Ros\u00e9 - Prieur\u00e9 de Mont\u00e9zargues 2022\",\"isPartOf\":{\"@id\":\"https:\\\/\\\/www.domainesrichard.fr\\\/prieure-de-montezargues\\\/en\\\/#website\"},\"primaryImageOfPage\":{\"@id\":\"https:\\\/\\\/www.domainesrichard.fr\\\/prieure-de-montezargues\\\/en\\\/wine\\\/prieure-de-montezargues-2022\\\/#primaryimage\"},\"image\":{\"@id\":\"https:\\\/\\\/www.domainesrichard.fr\\\/prieure-de-montezargues\\\/en\\\/wine\\\/prieure-de-montezargues-2022\\\/#primaryimage\"},\"thumbnailUrl\":\"https:\\\/\\\/www.domainesrichard.fr\\\/prieure-de-montezargues\\\/wp-content\\\/uploads\\\/sites\\\/4\\\/2022\\\/09\\\/MONTEZARGUES-TAVEL-ROSE.jpg\",\"datePublished\":\"2023-07-03T08:57:39+00:00\",\"dateModified\":\"2024-06-21T13:36:52+00:00\",\"description\":\"A Tavel with finesse, elegance and freshness. A ros\u00e9 for aging or fine dining, to be enjoyed with summer dishes or Provencal classics.\",\"breadcrumb\":{\"@id\":\"https:\\\/\\\/www.domainesrichard.fr\\\/prieure-de-montezargues\\\/en\\\/wine\\\/prieure-de-montezargues-2022\\\/#breadcrumb\"},\"inLanguage\":\"en-US\",\"potentialAction\":[{\"@type\":\"ReadAction\",\"target\":[\"https:\\\/\\\/www.domainesrichard.fr\\\/prieure-de-montezargues\\\/en\\\/wine\\\/prieure-de-montezargues-2022\\\/\"]}]},{\"@type\":\"ImageObject\",\"inLanguage\":\"en-US\",\"@id\":\"https:\\\/\\\/www.domainesrichard.fr\\\/prieure-de-montezargues\\\/en\\\/wine\\\/prieure-de-montezargues-2022\\\/#primaryimage\",\"url\":\"https:\\\/\\\/www.domainesrichard.fr\\\/prieure-de-montezargues\\\/wp-content\\\/uploads\\\/sites\\\/4\\\/2022\\\/09\\\/MONTEZARGUES-TAVEL-ROSE.jpg\",\"contentUrl\":\"https:\\\/\\\/www.domainesrichard.fr\\\/prieure-de-montezargues\\\/wp-content\\\/uploads\\\/sites\\\/4\\\/2022\\\/09\\\/MONTEZARGUES-TAVEL-ROSE.jpg\",\"width\":600,\"height\":600,\"caption\":\"Prieur\u00e9 de Mont\u00e9zargues\"},{\"@type\":\"BreadcrumbList\",\"@id\":\"https:\\\/\\\/www.domainesrichard.fr\\\/prieure-de-montezargues\\\/en\\\/wine\\\/prieure-de-montezargues-2022\\\/#breadcrumb\",\"itemListElement\":[{\"@type\":\"ListItem\",\"position\":1,\"name\":\"Wine\",\"item\":\"https:\\\/\\\/www.domainesrichard.fr\\\/prieure-de-montezargues\\\/vins\\\/\"},{\"@type\":\"ListItem\",\"position\":2,\"name\":\"Prieur\u00e9 de Mont\u00e9zargues 2022\"}]},{\"@type\":\"WebSite\",\"@id\":\"https:\\\/\\\/www.domainesrichard.fr\\\/prieure-de-montezargues\\\/en\\\/#website\",\"url\":\"https:\\\/\\\/www.domainesrichard.fr\\\/prieure-de-montezargues\\\/en\\\/\",\"name\":\"Prieur\u00e9 de Mont\u00e9zargues\",\"description\":\"Un \u00e9den proven\u00e7al\",\"publisher\":{\"@id\":\"https:\\\/\\\/www.domainesrichard.fr\\\/prieure-de-montezargues\\\/en\\\/#organization\"},\"potentialAction\":[{\"@type\":\"SearchAction\",\"target\":{\"@type\":\"EntryPoint\",\"urlTemplate\":\"https:\\\/\\\/www.domainesrichard.fr\\\/prieure-de-montezargues\\\/en\\\/?s={search_term_string}\"},\"query-input\":{\"@type\":\"PropertyValueSpecification\",\"valueRequired\":true,\"valueName\":\"search_term_string\"}}],\"inLanguage\":\"en-US\"},{\"@type\":\"Organization\",\"@id\":\"https:\\\/\\\/www.domainesrichard.fr\\\/prieure-de-montezargues\\\/en\\\/#organization\",\"name\":\"Prieur\u00e9 de Mont\u00e9zargues\",\"url\":\"https:\\\/\\\/www.domainesrichard.fr\\\/prieure-de-montezargues\\\/en\\\/\",\"logo\":{\"@type\":\"ImageObject\",\"inLanguage\":\"en-US\",\"@id\":\"https:\\\/\\\/www.domainesrichard.fr\\\/prieure-de-montezargues\\\/en\\\/#\\\/schema\\\/logo\\\/image\\\/\",\"url\":\"https:\\\/\\\/www.domainesrichard.fr\\\/prieure-de-montezargues\\\/wp-content\\\/uploads\\\/sites\\\/4\\\/2022\\\/03\\\/Prieure-de-montezargues-logo.png\",\"contentUrl\":\"https:\\\/\\\/www.domainesrichard.fr\\\/prieure-de-montezargues\\\/wp-content\\\/uploads\\\/sites\\\/4\\\/2022\\\/03\\\/Prieure-de-montezargues-logo.png\",\"width\":600,\"height\":221,\"caption\":\"Prieur\u00e9 de Mont\u00e9zargues\"},\"image\":{\"@id\":\"https:\\\/\\\/www.domainesrichard.fr\\\/prieure-de-montezargues\\\/en\\\/#\\\/schema\\\/logo\\\/image\\\/\"},\"sameAs\":[\"https:\\\/\\\/www.facebook.com\\\/prieuredemontezargues\",\"https:\\\/\\\/www.instagram.com\\\/prieuredemontezargues\",\"https:\\\/\\\/www.linkedin.com\\\/company\\\/domaines-richard\"]}]}<\/script>\n<!-- \/ Yoast SEO plugin. -->","yoast_head_json":{"title":"Tavel Ros\u00e9 - Prieur\u00e9 de Mont\u00e9zargues 2022","description":"A Tavel with finesse, elegance and freshness. A ros\u00e9 for aging or fine dining, to be enjoyed with summer dishes or Provencal classics.","robots":{"index":"index","follow":"follow","max-snippet":"max-snippet:-1","max-image-preview":"max-image-preview:large","max-video-preview":"max-video-preview:-1"},"canonical":"https:\/\/www.domainesrichard.fr\/prieure-de-montezargues\/en\/wine\/prieure-de-montezargues-2022\/","og_locale":"en_US","og_type":"article","og_title":"Tavel Ros\u00e9 - Prieur\u00e9 de Mont\u00e9zargues 2022","og_description":"A Tavel with finesse, elegance and freshness. A ros\u00e9 for aging or fine dining, to be enjoyed with summer dishes or Provencal classics.","og_url":"https:\/\/www.domainesrichard.fr\/prieure-de-montezargues\/en\/wine\/prieure-de-montezargues-2022\/","og_site_name":"Prieur\u00e9 de Mont\u00e9zargues","article_publisher":"https:\/\/www.facebook.com\/prieuredemontezargues","article_modified_time":"2024-06-21T13:36:52+00:00","og_image":[{"width":600,"height":600,"url":"https:\/\/www.domainesrichard.fr\/prieure-de-montezargues\/wp-content\/uploads\/sites\/4\/2022\/09\/MONTEZARGUES-TAVEL-ROSE.jpg","type":"image\/jpeg"}],"twitter_card":"summary_large_image","twitter_misc":{"Est. reading time":"1 minute"},"schema":{"@context":"https:\/\/schema.org","@graph":[{"@type":"WebPage","@id":"https:\/\/www.domainesrichard.fr\/prieure-de-montezargues\/en\/wine\/prieure-de-montezargues-2022\/","url":"https:\/\/www.domainesrichard.fr\/prieure-de-montezargues\/en\/wine\/prieure-de-montezargues-2022\/","name":"Tavel Ros\u00e9 - Prieur\u00e9 de Mont\u00e9zargues 2022","isPartOf":{"@id":"https:\/\/www.domainesrichard.fr\/prieure-de-montezargues\/en\/#website"},"primaryImageOfPage":{"@id":"https:\/\/www.domainesrichard.fr\/prieure-de-montezargues\/en\/wine\/prieure-de-montezargues-2022\/#primaryimage"},"image":{"@id":"https:\/\/www.domainesrichard.fr\/prieure-de-montezargues\/en\/wine\/prieure-de-montezargues-2022\/#primaryimage"},"thumbnailUrl":"https:\/\/www.domainesrichard.fr\/prieure-de-montezargues\/wp-content\/uploads\/sites\/4\/2022\/09\/MONTEZARGUES-TAVEL-ROSE.jpg","datePublished":"2023-07-03T08:57:39+00:00","dateModified":"2024-06-21T13:36:52+00:00","description":"A Tavel with finesse, elegance and freshness. A ros\u00e9 for aging or fine dining, to be enjoyed with summer dishes or Provencal classics.","breadcrumb":{"@id":"https:\/\/www.domainesrichard.fr\/prieure-de-montezargues\/en\/wine\/prieure-de-montezargues-2022\/#breadcrumb"},"inLanguage":"en-US","potentialAction":[{"@type":"ReadAction","target":["https:\/\/www.domainesrichard.fr\/prieure-de-montezargues\/en\/wine\/prieure-de-montezargues-2022\/"]}]},{"@type":"ImageObject","inLanguage":"en-US","@id":"https:\/\/www.domainesrichard.fr\/prieure-de-montezargues\/en\/wine\/prieure-de-montezargues-2022\/#primaryimage","url":"https:\/\/www.domainesrichard.fr\/prieure-de-montezargues\/wp-content\/uploads\/sites\/4\/2022\/09\/MONTEZARGUES-TAVEL-ROSE.jpg","contentUrl":"https:\/\/www.domainesrichard.fr\/prieure-de-montezargues\/wp-content\/uploads\/sites\/4\/2022\/09\/MONTEZARGUES-TAVEL-ROSE.jpg","width":600,"height":600,"caption":"Prieur\u00e9 de Mont\u00e9zargues"},{"@type":"BreadcrumbList","@id":"https:\/\/www.domainesrichard.fr\/prieure-de-montezargues\/en\/wine\/prieure-de-montezargues-2022\/#breadcrumb","itemListElement":[{"@type":"ListItem","position":1,"name":"Wine","item":"https:\/\/www.domainesrichard.fr\/prieure-de-montezargues\/vins\/"},{"@type":"ListItem","position":2,"name":"Prieur\u00e9 de Mont\u00e9zargues 2022"}]},{"@type":"WebSite","@id":"https:\/\/www.domainesrichard.fr\/prieure-de-montezargues\/en\/#website","url":"https:\/\/www.domainesrichard.fr\/prieure-de-montezargues\/en\/","name":"Prieur\u00e9 de Mont\u00e9zargues","description":"Un \u00e9den proven\u00e7al","publisher":{"@id":"https:\/\/www.domainesrichard.fr\/prieure-de-montezargues\/en\/#organization"},"potentialAction":[{"@type":"SearchAction","target":{"@type":"EntryPoint","urlTemplate":"https:\/\/www.domainesrichard.fr\/prieure-de-montezargues\/en\/?s={search_term_string}"},"query-input":{"@type":"PropertyValueSpecification","valueRequired":true,"valueName":"search_term_string"}}],"inLanguage":"en-US"},{"@type":"Organization","@id":"https:\/\/www.domainesrichard.fr\/prieure-de-montezargues\/en\/#organization","name":"Prieur\u00e9 de Mont\u00e9zargues","url":"https:\/\/www.domainesrichard.fr\/prieure-de-montezargues\/en\/","logo":{"@type":"ImageObject","inLanguage":"en-US","@id":"https:\/\/www.domainesrichard.fr\/prieure-de-montezargues\/en\/#\/schema\/logo\/image\/","url":"https:\/\/www.domainesrichard.fr\/prieure-de-montezargues\/wp-content\/uploads\/sites\/4\/2022\/03\/Prieure-de-montezargues-logo.png","contentUrl":"https:\/\/www.domainesrichard.fr\/prieure-de-montezargues\/wp-content\/uploads\/sites\/4\/2022\/03\/Prieure-de-montezargues-logo.png","width":600,"height":221,"caption":"Prieur\u00e9 de Mont\u00e9zargues"},"image":{"@id":"https:\/\/www.domainesrichard.fr\/prieure-de-montezargues\/en\/#\/schema\/logo\/image\/"},"sameAs":["https:\/\/www.facebook.com\/prieuredemontezargues","https:\/\/www.instagram.com\/prieuredemontezargues","https:\/\/www.linkedin.com\/company\/domaines-richard"]}]}},"_links":{"self":[{"href":"https:\/\/www.domainesrichard.fr\/prieure-de-montezargues\/en\/wp-json\/wp\/v2\/product\/493","targetHints":{"allow":["GET"]}}],"collection":[{"href":"https:\/\/www.domainesrichard.fr\/prieure-de-montezargues\/en\/wp-json\/wp\/v2\/product"}],"about":[{"href":"https:\/\/www.domainesrichard.fr\/prieure-de-montezargues\/en\/wp-json\/wp\/v2\/types\/product"}],"wp:featuredmedia":[{"embeddable":true,"href":"https:\/\/www.domainesrichard.fr\/prieure-de-montezargues\/en\/wp-json\/wp\/v2\/media\/559"}],"wp:attachment":[{"href":"https:\/\/www.domainesrichard.fr\/prieure-de-montezargues\/en\/wp-json\/wp\/v2\/media?parent=493"}],"wp:term":[{"taxonomy":"product_brand","embeddable":true,"href":"https:\/\/www.domainesrichard.fr\/prieure-de-montezargues\/en\/wp-json\/wp\/v2\/product_brand?post=493"},{"taxonomy":"product_cat","embeddable":true,"href":"https:\/\/www.domainesrichard.fr\/prieure-de-montezargues\/en\/wp-json\/wp\/v2\/product_cat?post=493"},{"taxonomy":"product_tag","embeddable":true,"href":"https:\/\/www.domainesrichard.fr\/prieure-de-montezargues\/en\/wp-json\/wp\/v2\/product_tag?post=493"}],"curies":[{"name":"wp","href":"https:\/\/api.w.org\/{rel}","templated":true}]}}