{"id":367,"date":"2022-06-14T14:10:38","date_gmt":"2022-06-14T12:10:38","guid":{"rendered":"https:\/\/www.domainesrichard.fr\/prieure-de-montezargues\/?page_id=367"},"modified":"2022-06-14T14:32:43","modified_gmt":"2022-06-14T12:32:43","slug":"mentions-legales","status":"publish","type":"page","link":"https:\/\/www.domainesrichard.fr\/prieure-de-montezargues\/mentions-legales\/","title":{"rendered":"Mentions l\u00e9gales"},"content":{"rendered":"\t\t<div data-elementor-type=\"wp-page\" data-elementor-id=\"367\" class=\"elementor elementor-367\" data-elementor-post-type=\"page\">\n\t\t\t\t\t\t<section class=\"elementor-section elementor-top-section elementor-element elementor-element-ade7497 elementor-section-boxed elementor-section-height-default elementor-section-height-default qodef-elementor-content-no qodef-elementor-overlay-no\" data-id=\"ade7497\" data-element_type=\"section\" data-e-type=\"section\">\n\t\t\t\t\t\t<div class=\"elementor-container elementor-column-gap-default\">\n\t\t\t\t\t<div class=\"elementor-column elementor-col-100 elementor-top-column elementor-element elementor-element-888917d\" data-id=\"888917d\" data-element_type=\"column\" data-e-type=\"column\">\n\t\t\t<div class=\"elementor-widget-wrap elementor-element-populated\">\n\t\t\t\t\t\t<div class=\"elementor-element elementor-element-82fd199 elementor-widget elementor-widget-text-editor\" data-id=\"82fd199\" data-element_type=\"widget\" data-e-type=\"widget\" data-widget_type=\"text-editor.default\">\n\t\t\t\t<div class=\"elementor-widget-container\">\n\t\t\t\t\t\t\t\t\t<p><b>Editeur <\/b><\/p><p>Ce site est \u00e9dit\u00e9 par le Groupement Agricole Foncier et Familiale Prieur\u00e9 de Mont\u00e9zargues, Prieur\u00e9 de Mont\u00e9zargues ayant pour si\u00e8ge social Prieur\u00e9 de Mont\u00e9zargues, 30126 Tavel, enregistr\u00e9e au registre du commerce et des soci\u00e9t\u00e9s de N\u00eemes sous le num\u00e9ro\u00a0: D 443\u00a0944 186,\u00a0<\/p><p>Num\u00e9ro de TVA Intracommunautaire\u00a0: FR66443944186<\/p><p>\u00a0<\/p><p><b>Directeur de la publication <\/b> :<br \/>R\u00e9mi Jean, <a href=\"tel:+33466500448\">04 66 50 04 48<\/a>, <a href=\"mailto:contact@prieuredemontezargues.fr\">contact@prieuredemontezargues.fr<\/a><\/p><p><b>Design et r\u00e9alisation<\/b><\/p><p><a href=\"https:\/\/www.preambulles.com\/\" target=\"_blank\" rel=\"noopener\">Agence Pr\u00e9ambulles<\/a><\/p><p><b>H\u00e9bergeur<\/b><\/p><p>Ce site est h\u00e9berg\u00e9 par:<br \/>IONOS SARL<br \/>RCS: B 431&nbsp;303&nbsp;775<br \/>7 PLACE DE LA GARE<br \/>57200 SARREGUEMINES<br \/>FRANCE<br \/>Tel&nbsp;: <a href=\"tel:+33970 808 911\">0970 808&nbsp;911<\/a><br \/><a href=\"https:\/\/www.ionos.fr\" target=\"_blank\" rel=\"noopener\">www.ionos.fr<\/a><\/p><p><b>Propri\u00e9t\u00e9 intellectuelle<\/b><\/p><ul><li aria-level=\"1\"><b><i>El\u00e9ments constitutifs du site <\/i><\/b><\/li><\/ul><p>Le Vendeur reste propri\u00e9taire de tous les droits de propri\u00e9t\u00e9 intellectuelle sur les photographies, pr\u00e9sentations, \u00e9tudes, dessins, mod\u00e8les, prototypes, etc, r\u00e9alis\u00e9s (m\u00eame \u00e0 la demande du Client) en vue de la fourniture des Produits au Client.<\/p><p>Le Client s&rsquo;interdit donc toute reproduction ou exploitation desdites photographies, pr\u00e9sentations, \u00e9tudes, dessins, mod\u00e8les et prototypes, etc, sans l&rsquo;autorisation expresse, \u00e9crite et pr\u00e9alable du Vendeur qui peut la conditionner \u00e0 une contrepartie financi\u00e8re.<\/p><p>Le contenu du Site est la propri\u00e9t\u00e9 exclusive du Vendeur. Toute reproduction partielle ou totale de ce contenu est strictement interdite, sauf autorisation expresse du Vendeur, et peut \u00eatre constitutive du d\u00e9lit de contrefa\u00e7on.<\/p><ul><li aria-level=\"1\"><b><i>Marques et signes distinctifs<\/i><\/b><\/li><\/ul><p>Sauf pr\u00e9cision contraire, toutes les marques utilis\u00e9es sont propri\u00e9taires et r\u00e9serv\u00e9s.<\/p><p><b>Traitement des donn\u00e9es personnelles <\/b><\/p><p>Vous \u00eates invit\u00e9 \u00e0 consulter <span style=\"text-decoration: underline;\"><a href=\"https:\/\/www.domainesrichard.fr\/prieure-de-montezargues\/politique-de-confidentialite\/\">la Politique de Confidentialit\u00e9<\/a><\/span>.<\/p><p><b>Utilisation de cookies <\/b><\/p><p>Le Portail CAPS peut- \u00eatre amen\u00e9 \u00e0 vous demander l\u2019acceptation des cookies. Un cookies est une information d\u00e9pos\u00e9e sur votre disque dur par le serveur du site que vous visitez. Il contient plusieurs donn\u00e9es qui sont stock\u00e9es sur votre ordinateur dans un simple fichier texte auquel un serveur acc\u00e8de pour lire et enregistrer des informations. Certaines parties de ce site ne peuvent \u00eatre fonctionnelles sans l\u2019acceptation de cookies.<\/p><p>Nos cookies peuvent r\u00e9colter des donn\u00e9es personnelles notamment pour am\u00e9liorer votre exp\u00e9rience visiteur et client.<\/p><p>Pour plus d\u2019information voir <span style=\"text-decoration: underline;\"><a href=\"https:\/\/www.domainesrichard.fr\/prieure-de-montezargues\/politique-de-cookies\/\">la Politique de cookies<\/a><\/span>.<\/p>\t\t\t\t\t\t\t\t<\/div>\n\t\t\t\t<\/div>\n\t\t\t\t\t<\/div>\n\t\t<\/div>\n\t\t\t\t\t<\/div>\n\t\t<\/section>\n\t\t\t\t<\/div>","protected":false},"excerpt":{"rendered":"<p>Editeur Ce site est \u00e9dit\u00e9 par le Groupement Agricole Foncier et Familiale Prieur\u00e9 de Mont\u00e9zargues, Prieur\u00e9 de Mont\u00e9zargues ayant pour si\u00e8ge social Prieur\u00e9 de Mont\u00e9zargues, 30126 Tavel, enregistr\u00e9e au registre du commerce et des soci\u00e9t\u00e9s de N\u00eemes sous le num\u00e9ro\u00a0: D 443\u00a0944 186,\u00a0 Num\u00e9ro de TVA Intracommunautaire\u00a0: FR66443944186 \u00a0 Directeur de la publication&nbsp;:R\u00e9mi Jean, [&hellip;]<\/p>","protected":false},"author":1,"featured_media":0,"parent":0,"menu_order":0,"comment_status":"closed","ping_status":"closed","template":"","meta":{"_acf_changed":false,"footnotes":""},"class_list":["post-367","page","type-page","status-publish","hentry"],"acf":[],"yoast_head":"<!-- This site is optimized with the Yoast SEO plugin v27.0 - https:\/\/yoast.com\/product\/yoast-seo-wordpress\/ -->\n<title>Mentions l\u00e9gales - Prieur\u00e9 de Mont\u00e9zargues<\/title>\n<meta name=\"robots\" content=\"noindex, follow\" \/>\n<meta property=\"og:locale\" content=\"fr_FR\" \/>\n<meta property=\"og:type\" content=\"article\" \/>\n<meta property=\"og:title\" content=\"Mentions l\u00e9gales - Prieur\u00e9 de Mont\u00e9zargues\" \/>\n<meta property=\"og:description\" content=\"Editeur Ce site est \u00e9dit\u00e9 par le Groupement Agricole Foncier et Familiale Prieur\u00e9 de Mont\u00e9zargues, Prieur\u00e9 de Mont\u00e9zargues ayant pour si\u00e8ge social Prieur\u00e9 de Mont\u00e9zargues, 30126 Tavel, enregistr\u00e9e au registre du commerce et des soci\u00e9t\u00e9s de N\u00eemes sous le num\u00e9ro\u00a0: D 443\u00a0944 186,\u00a0 Num\u00e9ro de TVA Intracommunautaire\u00a0: FR66443944186 \u00a0 Directeur de la publication :R\u00e9mi Jean, [&hellip;]\" \/>\n<meta property=\"og:url\" content=\"https:\/\/www.domainesrichard.fr\/prieure-de-montezargues\/mentions-legales\/\" \/>\n<meta property=\"og:site_name\" content=\"Prieur\u00e9 de Mont\u00e9zargues\" \/>\n<meta property=\"article:publisher\" content=\"https:\/\/www.facebook.com\/prieuredemontezargues\" \/>\n<meta property=\"article:modified_time\" content=\"2022-06-14T12:32:43+00:00\" \/>\n<meta name=\"twitter:card\" content=\"summary_large_image\" \/>\n<meta name=\"twitter:label1\" content=\"Dur\u00e9e de lecture estim\u00e9e\" \/>\n\t<meta name=\"twitter:data1\" content=\"2 minutes\" \/>\n<script type=\"application\/ld+json\" class=\"yoast-schema-graph\">{\"@context\":\"https:\/\/schema.org\",\"@graph\":[{\"@type\":\"WebPage\",\"@id\":\"https:\/\/www.domainesrichard.fr\/prieure-de-montezargues\/mentions-legales\/\",\"url\":\"https:\/\/www.domainesrichard.fr\/prieure-de-montezargues\/mentions-legales\/\",\"name\":\"Mentions l\u00e9gales - Prieur\u00e9 de Mont\u00e9zargues\",\"isPartOf\":{\"@id\":\"https:\/\/www.domainesrichard.fr\/prieure-de-montezargues\/#website\"},\"datePublished\":\"2022-06-14T12:10:38+00:00\",\"dateModified\":\"2022-06-14T12:32:43+00:00\",\"inLanguage\":\"fr-FR\",\"potentialAction\":[{\"@type\":\"ReadAction\",\"target\":[\"https:\/\/www.domainesrichard.fr\/prieure-de-montezargues\/mentions-legales\/\"]}]},{\"@type\":\"WebSite\",\"@id\":\"https:\/\/www.domainesrichard.fr\/prieure-de-montezargues\/#website\",\"url\":\"https:\/\/www.domainesrichard.fr\/prieure-de-montezargues\/\",\"name\":\"Prieur\u00e9 de Mont\u00e9zargues\",\"description\":\"Un \u00e9den proven\u00e7al\",\"publisher\":{\"@id\":\"https:\/\/www.domainesrichard.fr\/prieure-de-montezargues\/#organization\"},\"potentialAction\":[{\"@type\":\"SearchAction\",\"target\":{\"@type\":\"EntryPoint\",\"urlTemplate\":\"https:\/\/www.domainesrichard.fr\/prieure-de-montezargues\/?s={search_term_string}\"},\"query-input\":{\"@type\":\"PropertyValueSpecification\",\"valueRequired\":true,\"valueName\":\"search_term_string\"}}],\"inLanguage\":\"fr-FR\"},{\"@type\":\"Organization\",\"@id\":\"https:\/\/www.domainesrichard.fr\/prieure-de-montezargues\/#organization\",\"name\":\"Prieur\u00e9 de Mont\u00e9zargues\",\"url\":\"https:\/\/www.domainesrichard.fr\/prieure-de-montezargues\/\",\"logo\":{\"@type\":\"ImageObject\",\"inLanguage\":\"fr-FR\",\"@id\":\"https:\/\/www.domainesrichard.fr\/prieure-de-montezargues\/#\/schema\/logo\/image\/\",\"url\":\"https:\/\/www.domainesrichard.fr\/prieure-de-montezargues\/wp-content\/uploads\/sites\/4\/2022\/03\/Prieure-de-montezargues-logo.png\",\"contentUrl\":\"https:\/\/www.domainesrichard.fr\/prieure-de-montezargues\/wp-content\/uploads\/sites\/4\/2022\/03\/Prieure-de-montezargues-logo.png\",\"width\":600,\"height\":221,\"caption\":\"Prieur\u00e9 de Mont\u00e9zargues\"},\"image\":{\"@id\":\"https:\/\/www.domainesrichard.fr\/prieure-de-montezargues\/#\/schema\/logo\/image\/\"},\"sameAs\":[\"https:\/\/www.facebook.com\/prieuredemontezargues\",\"https:\/\/www.instagram.com\/prieuredemontezargues\",\"https:\/\/www.linkedin.com\/company\/domaines-richard\"]}]}<\/script>\n<!-- \/ Yoast SEO plugin. -->","yoast_head_json":{"title":"Mentions l\u00e9gales - Prieur\u00e9 de Mont\u00e9zargues","robots":{"index":"noindex","follow":"follow"},"og_locale":"fr_FR","og_type":"article","og_title":"Mentions l\u00e9gales - Prieur\u00e9 de Mont\u00e9zargues","og_description":"Editeur Ce site est \u00e9dit\u00e9 par le Groupement Agricole Foncier et Familiale Prieur\u00e9 de Mont\u00e9zargues, Prieur\u00e9 de Mont\u00e9zargues ayant pour si\u00e8ge social Prieur\u00e9 de Mont\u00e9zargues, 30126 Tavel, enregistr\u00e9e au registre du commerce et des soci\u00e9t\u00e9s de N\u00eemes sous le num\u00e9ro\u00a0: D 443\u00a0944 186,\u00a0 Num\u00e9ro de TVA Intracommunautaire\u00a0: FR66443944186 \u00a0 Directeur de la publication :R\u00e9mi Jean, [&hellip;]","og_url":"https:\/\/www.domainesrichard.fr\/prieure-de-montezargues\/mentions-legales\/","og_site_name":"Prieur\u00e9 de Mont\u00e9zargues","article_publisher":"https:\/\/www.facebook.com\/prieuredemontezargues","article_modified_time":"2022-06-14T12:32:43+00:00","twitter_card":"summary_large_image","twitter_misc":{"Dur\u00e9e de lecture estim\u00e9e":"2 minutes"},"schema":{"@context":"https:\/\/schema.org","@graph":[{"@type":"WebPage","@id":"https:\/\/www.domainesrichard.fr\/prieure-de-montezargues\/mentions-legales\/","url":"https:\/\/www.domainesrichard.fr\/prieure-de-montezargues\/mentions-legales\/","name":"Mentions l\u00e9gales - Prieur\u00e9 de Mont\u00e9zargues","isPartOf":{"@id":"https:\/\/www.domainesrichard.fr\/prieure-de-montezargues\/#website"},"datePublished":"2022-06-14T12:10:38+00:00","dateModified":"2022-06-14T12:32:43+00:00","inLanguage":"fr-FR","potentialAction":[{"@type":"ReadAction","target":["https:\/\/www.domainesrichard.fr\/prieure-de-montezargues\/mentions-legales\/"]}]},{"@type":"WebSite","@id":"https:\/\/www.domainesrichard.fr\/prieure-de-montezargues\/#website","url":"https:\/\/www.domainesrichard.fr\/prieure-de-montezargues\/","name":"Prieur\u00e9 de Mont\u00e9zargues","description":"Un \u00e9den proven\u00e7al","publisher":{"@id":"https:\/\/www.domainesrichard.fr\/prieure-de-montezargues\/#organization"},"potentialAction":[{"@type":"SearchAction","target":{"@type":"EntryPoint","urlTemplate":"https:\/\/www.domainesrichard.fr\/prieure-de-montezargues\/?s={search_term_string}"},"query-input":{"@type":"PropertyValueSpecification","valueRequired":true,"valueName":"search_term_string"}}],"inLanguage":"fr-FR"},{"@type":"Organization","@id":"https:\/\/www.domainesrichard.fr\/prieure-de-montezargues\/#organization","name":"Prieur\u00e9 de Mont\u00e9zargues","url":"https:\/\/www.domainesrichard.fr\/prieure-de-montezargues\/","logo":{"@type":"ImageObject","inLanguage":"fr-FR","@id":"https:\/\/www.domainesrichard.fr\/prieure-de-montezargues\/#\/schema\/logo\/image\/","url":"https:\/\/www.domainesrichard.fr\/prieure-de-montezargues\/wp-content\/uploads\/sites\/4\/2022\/03\/Prieure-de-montezargues-logo.png","contentUrl":"https:\/\/www.domainesrichard.fr\/prieure-de-montezargues\/wp-content\/uploads\/sites\/4\/2022\/03\/Prieure-de-montezargues-logo.png","width":600,"height":221,"caption":"Prieur\u00e9 de Mont\u00e9zargues"},"image":{"@id":"https:\/\/www.domainesrichard.fr\/prieure-de-montezargues\/#\/schema\/logo\/image\/"},"sameAs":["https:\/\/www.facebook.com\/prieuredemontezargues","https:\/\/www.instagram.com\/prieuredemontezargues","https:\/\/www.linkedin.com\/company\/domaines-richard"]}]}},"_links":{"self":[{"href":"https:\/\/www.domainesrichard.fr\/prieure-de-montezargues\/wp-json\/wp\/v2\/pages\/367","targetHints":{"allow":["GET"]}}],"collection":[{"href":"https:\/\/www.domainesrichard.fr\/prieure-de-montezargues\/wp-json\/wp\/v2\/pages"}],"about":[{"href":"https:\/\/www.domainesrichard.fr\/prieure-de-montezargues\/wp-json\/wp\/v2\/types\/page"}],"author":[{"embeddable":true,"href":"https:\/\/www.domainesrichard.fr\/prieure-de-montezargues\/wp-json\/wp\/v2\/users\/1"}],"replies":[{"embeddable":true,"href":"https:\/\/www.domainesrichard.fr\/prieure-de-montezargues\/wp-json\/wp\/v2\/comments?post=367"}],"version-history":[{"count":0,"href":"https:\/\/www.domainesrichard.fr\/prieure-de-montezargues\/wp-json\/wp\/v2\/pages\/367\/revisions"}],"wp:attachment":[{"href":"https:\/\/www.domainesrichard.fr\/prieure-de-montezargues\/wp-json\/wp\/v2\/media?parent=367"}],"curies":[{"name":"wp","href":"https:\/\/api.w.org\/{rel}","templated":true}]}}