{"id":567,"date":"2024-06-21T15:28:36","date_gmt":"2024-06-21T13:28:36","guid":{"rendered":"https:\/\/www.domainesrichard.fr\/prieure-de-montezargues\/?post_type=product&#038;p=567"},"modified":"2024-06-21T15:31:15","modified_gmt":"2024-06-21T13:31:15","slug":"prieure-de-montezargues-2023","status":"publish","type":"product","link":"https:\/\/www.domainesrichard.fr\/prieure-de-montezargues\/vin\/prieure-de-montezargues-2023\/","title":{"rendered":"Prieur\u00e9 de Mont\u00e9zargues <span class='vintage the_title'>2023<\/span>"},"content":{"rendered":"<p>C\u2019est l\u00e0 o\u00f9 l\u2019expression de Tavel se r\u00e9v\u00e8le m\u00eame apr\u00e8s 10 ans. L\u00e0 o\u00f9 les moines cultivent d\u00e8s le XII\u00e8me si\u00e8cle la vigne. Depuis, le Prieur\u00e9 de Mont\u00e9zargues a gagn\u00e9 en finesse, en \u00e9l\u00e9gance et en fra\u00eecheur. Les Am\u00e9ricains le d\u00e9gustent, le reste du monde aussi.<br \/>\nIl suffit de le d\u00e9guster avec des plats estivaux, des classiques proven\u00e7aux ou de la cuisine exotique pour ressentir toute l\u2019\u00e9motion de ce ros\u00e9 de gastronomie.<\/p>","protected":false},"excerpt":{"rendered":"<p>C\u2019est l\u00e0 o\u00f9 l\u2019expression de Tavel se r\u00e9v\u00e8le m\u00eame apr\u00e8s 10 ans. L\u00e0 o\u00f9 les moines cultivent d\u00e8s le XII\u00e8me si\u00e8cle la vigne. Depuis, le Prieur\u00e9 de Mont\u00e9zargues a gagn\u00e9 en finesse, en \u00e9l\u00e9gance et en fra\u00eecheur. Les Am\u00e9ricains le d\u00e9gustent, le reste du monde aussi. Il suffit de le d\u00e9guster avec des plats estivaux, [&hellip;]<\/p>","protected":false},"featured_media":558,"template":"","meta":{"_acf_changed":false},"product_brand":[],"product_cat":[31],"product_tag":[],"class_list":{"0":"post-567","1":"product","2":"type-product","3":"status-publish","4":"has-post-thumbnail","6":"product_cat-tavel","8":"first","9":"instock","10":"taxable","11":"shipping-taxable","12":"purchasable","13":"product-type-simple"},"acf":[],"yoast_head":"<!-- This site is optimized with the Yoast SEO plugin v27.5 - https:\/\/yoast.com\/product\/yoast-seo-wordpress\/ -->\n<title>Tavel Ros\u00e9 - Prieur\u00e9 de Mont\u00e9zargues 2023<\/title>\n<meta name=\"description\" content=\"Un Tavel tout en finesse, \u00e9l\u00e9gance et fra\u00eecheur. Un ros\u00e9 de garde et de gastronomie \u00e0 d\u00e9guster avec des plats estivaux ou des classiques proven\u00e7aux.\" \/>\n<meta name=\"robots\" content=\"index, follow, max-snippet:-1, max-image-preview:large, max-video-preview:-1\" \/>\n<link rel=\"canonical\" href=\"https:\/\/www.domainesrichard.fr\/prieure-de-montezargues\/vin\/prieure-de-montezargues-2023\/\" \/>\n<meta property=\"og:locale\" content=\"fr_FR\" \/>\n<meta property=\"og:type\" content=\"article\" \/>\n<meta property=\"og:title\" content=\"Tavel Ros\u00e9 - Prieur\u00e9 de Mont\u00e9zargues 2023\" \/>\n<meta property=\"og:description\" content=\"Un Tavel tout en finesse, \u00e9l\u00e9gance et fra\u00eecheur. Un ros\u00e9 de garde et de gastronomie \u00e0 d\u00e9guster avec des plats estivaux ou des classiques proven\u00e7aux.\" \/>\n<meta property=\"og:url\" content=\"https:\/\/www.domainesrichard.fr\/prieure-de-montezargues\/vin\/prieure-de-montezargues-2023\/\" \/>\n<meta property=\"og:site_name\" content=\"Prieur\u00e9 de Mont\u00e9zargues\" \/>\n<meta property=\"article:publisher\" content=\"https:\/\/www.facebook.com\/prieuredemontezargues\" \/>\n<meta property=\"article:modified_time\" content=\"2024-06-21T13:31:15+00:00\" \/>\n<meta property=\"og:image\" content=\"https:\/\/www.domainesrichard.fr\/prieure-de-montezargues\/wp-content\/uploads\/sites\/4\/2022\/09\/MONTEZARGUES-TAVEL-ROSE.jpg\" \/>\n\t<meta property=\"og:image:width\" content=\"600\" \/>\n\t<meta property=\"og:image:height\" content=\"600\" \/>\n\t<meta property=\"og:image:type\" content=\"image\/jpeg\" \/>\n<meta name=\"twitter:card\" content=\"summary_large_image\" \/>\n<meta name=\"twitter:label1\" content=\"Dur\u00e9e de lecture estim\u00e9e\" \/>\n\t<meta name=\"twitter:data1\" content=\"1 minute\" \/>\n<script type=\"application\/ld+json\" class=\"yoast-schema-graph\">{\"@context\":\"https:\\\/\\\/schema.org\",\"@graph\":[{\"@type\":\"WebPage\",\"@id\":\"https:\\\/\\\/www.domainesrichard.fr\\\/prieure-de-montezargues\\\/vin\\\/prieure-de-montezargues-2023\\\/\",\"url\":\"https:\\\/\\\/www.domainesrichard.fr\\\/prieure-de-montezargues\\\/vin\\\/prieure-de-montezargues-2023\\\/\",\"name\":\"Tavel Ros\u00e9 - Prieur\u00e9 de Mont\u00e9zargues 2023\",\"isPartOf\":{\"@id\":\"https:\\\/\\\/www.domainesrichard.fr\\\/prieure-de-montezargues\\\/#website\"},\"primaryImageOfPage\":{\"@id\":\"https:\\\/\\\/www.domainesrichard.fr\\\/prieure-de-montezargues\\\/vin\\\/prieure-de-montezargues-2023\\\/#primaryimage\"},\"image\":{\"@id\":\"https:\\\/\\\/www.domainesrichard.fr\\\/prieure-de-montezargues\\\/vin\\\/prieure-de-montezargues-2023\\\/#primaryimage\"},\"thumbnailUrl\":\"https:\\\/\\\/www.domainesrichard.fr\\\/prieure-de-montezargues\\\/wp-content\\\/uploads\\\/sites\\\/4\\\/2022\\\/09\\\/MONTEZARGUES-TAVEL-ROSE.jpg\",\"datePublished\":\"2024-06-21T13:28:36+00:00\",\"dateModified\":\"2024-06-21T13:31:15+00:00\",\"description\":\"Un Tavel tout en finesse, \u00e9l\u00e9gance et fra\u00eecheur. Un ros\u00e9 de garde et de gastronomie \u00e0 d\u00e9guster avec des plats estivaux ou des classiques proven\u00e7aux.\",\"breadcrumb\":{\"@id\":\"https:\\\/\\\/www.domainesrichard.fr\\\/prieure-de-montezargues\\\/vin\\\/prieure-de-montezargues-2023\\\/#breadcrumb\"},\"inLanguage\":\"fr-FR\",\"potentialAction\":[{\"@type\":\"ReadAction\",\"target\":[\"https:\\\/\\\/www.domainesrichard.fr\\\/prieure-de-montezargues\\\/vin\\\/prieure-de-montezargues-2023\\\/\"]}]},{\"@type\":\"ImageObject\",\"inLanguage\":\"fr-FR\",\"@id\":\"https:\\\/\\\/www.domainesrichard.fr\\\/prieure-de-montezargues\\\/vin\\\/prieure-de-montezargues-2023\\\/#primaryimage\",\"url\":\"https:\\\/\\\/www.domainesrichard.fr\\\/prieure-de-montezargues\\\/wp-content\\\/uploads\\\/sites\\\/4\\\/2022\\\/09\\\/MONTEZARGUES-TAVEL-ROSE.jpg\",\"contentUrl\":\"https:\\\/\\\/www.domainesrichard.fr\\\/prieure-de-montezargues\\\/wp-content\\\/uploads\\\/sites\\\/4\\\/2022\\\/09\\\/MONTEZARGUES-TAVEL-ROSE.jpg\",\"width\":600,\"height\":600,\"caption\":\"Prieur\u00e9 de Mont\u00e9zargues\"},{\"@type\":\"BreadcrumbList\",\"@id\":\"https:\\\/\\\/www.domainesrichard.fr\\\/prieure-de-montezargues\\\/vin\\\/prieure-de-montezargues-2023\\\/#breadcrumb\",\"itemListElement\":[{\"@type\":\"ListItem\",\"position\":1,\"name\":\"Vin\",\"item\":\"https:\\\/\\\/www.domainesrichard.fr\\\/prieure-de-montezargues\\\/vins\\\/\"},{\"@type\":\"ListItem\",\"position\":2,\"name\":\"Prieur\u00e9 de Mont\u00e9zargues 2023\"}]},{\"@type\":\"WebSite\",\"@id\":\"https:\\\/\\\/www.domainesrichard.fr\\\/prieure-de-montezargues\\\/#website\",\"url\":\"https:\\\/\\\/www.domainesrichard.fr\\\/prieure-de-montezargues\\\/\",\"name\":\"Prieur\u00e9 de Mont\u00e9zargues\",\"description\":\"Un \u00e9den proven\u00e7al\",\"publisher\":{\"@id\":\"https:\\\/\\\/www.domainesrichard.fr\\\/prieure-de-montezargues\\\/#organization\"},\"potentialAction\":[{\"@type\":\"SearchAction\",\"target\":{\"@type\":\"EntryPoint\",\"urlTemplate\":\"https:\\\/\\\/www.domainesrichard.fr\\\/prieure-de-montezargues\\\/?s={search_term_string}\"},\"query-input\":{\"@type\":\"PropertyValueSpecification\",\"valueRequired\":true,\"valueName\":\"search_term_string\"}}],\"inLanguage\":\"fr-FR\"},{\"@type\":\"Organization\",\"@id\":\"https:\\\/\\\/www.domainesrichard.fr\\\/prieure-de-montezargues\\\/#organization\",\"name\":\"Prieur\u00e9 de Mont\u00e9zargues\",\"url\":\"https:\\\/\\\/www.domainesrichard.fr\\\/prieure-de-montezargues\\\/\",\"logo\":{\"@type\":\"ImageObject\",\"inLanguage\":\"fr-FR\",\"@id\":\"https:\\\/\\\/www.domainesrichard.fr\\\/prieure-de-montezargues\\\/#\\\/schema\\\/logo\\\/image\\\/\",\"url\":\"https:\\\/\\\/www.domainesrichard.fr\\\/prieure-de-montezargues\\\/wp-content\\\/uploads\\\/sites\\\/4\\\/2022\\\/03\\\/Prieure-de-montezargues-logo.png\",\"contentUrl\":\"https:\\\/\\\/www.domainesrichard.fr\\\/prieure-de-montezargues\\\/wp-content\\\/uploads\\\/sites\\\/4\\\/2022\\\/03\\\/Prieure-de-montezargues-logo.png\",\"width\":600,\"height\":221,\"caption\":\"Prieur\u00e9 de Mont\u00e9zargues\"},\"image\":{\"@id\":\"https:\\\/\\\/www.domainesrichard.fr\\\/prieure-de-montezargues\\\/#\\\/schema\\\/logo\\\/image\\\/\"},\"sameAs\":[\"https:\\\/\\\/www.facebook.com\\\/prieuredemontezargues\",\"https:\\\/\\\/www.instagram.com\\\/prieuredemontezargues\",\"https:\\\/\\\/www.linkedin.com\\\/company\\\/domaines-richard\"]}]}<\/script>\n<!-- \/ Yoast SEO plugin. -->","yoast_head_json":{"title":"Tavel Ros\u00e9 - Prieur\u00e9 de Mont\u00e9zargues 2023","description":"Un Tavel tout en finesse, \u00e9l\u00e9gance et fra\u00eecheur. Un ros\u00e9 de garde et de gastronomie \u00e0 d\u00e9guster avec des plats estivaux ou des classiques proven\u00e7aux.","robots":{"index":"index","follow":"follow","max-snippet":"max-snippet:-1","max-image-preview":"max-image-preview:large","max-video-preview":"max-video-preview:-1"},"canonical":"https:\/\/www.domainesrichard.fr\/prieure-de-montezargues\/vin\/prieure-de-montezargues-2023\/","og_locale":"fr_FR","og_type":"article","og_title":"Tavel Ros\u00e9 - Prieur\u00e9 de Mont\u00e9zargues 2023","og_description":"Un Tavel tout en finesse, \u00e9l\u00e9gance et fra\u00eecheur. Un ros\u00e9 de garde et de gastronomie \u00e0 d\u00e9guster avec des plats estivaux ou des classiques proven\u00e7aux.","og_url":"https:\/\/www.domainesrichard.fr\/prieure-de-montezargues\/vin\/prieure-de-montezargues-2023\/","og_site_name":"Prieur\u00e9 de Mont\u00e9zargues","article_publisher":"https:\/\/www.facebook.com\/prieuredemontezargues","article_modified_time":"2024-06-21T13:31:15+00:00","og_image":[{"width":600,"height":600,"url":"https:\/\/www.domainesrichard.fr\/prieure-de-montezargues\/wp-content\/uploads\/sites\/4\/2022\/09\/MONTEZARGUES-TAVEL-ROSE.jpg","type":"image\/jpeg"}],"twitter_card":"summary_large_image","twitter_misc":{"Dur\u00e9e de lecture estim\u00e9e":"1 minute"},"schema":{"@context":"https:\/\/schema.org","@graph":[{"@type":"WebPage","@id":"https:\/\/www.domainesrichard.fr\/prieure-de-montezargues\/vin\/prieure-de-montezargues-2023\/","url":"https:\/\/www.domainesrichard.fr\/prieure-de-montezargues\/vin\/prieure-de-montezargues-2023\/","name":"Tavel Ros\u00e9 - Prieur\u00e9 de Mont\u00e9zargues 2023","isPartOf":{"@id":"https:\/\/www.domainesrichard.fr\/prieure-de-montezargues\/#website"},"primaryImageOfPage":{"@id":"https:\/\/www.domainesrichard.fr\/prieure-de-montezargues\/vin\/prieure-de-montezargues-2023\/#primaryimage"},"image":{"@id":"https:\/\/www.domainesrichard.fr\/prieure-de-montezargues\/vin\/prieure-de-montezargues-2023\/#primaryimage"},"thumbnailUrl":"https:\/\/www.domainesrichard.fr\/prieure-de-montezargues\/wp-content\/uploads\/sites\/4\/2022\/09\/MONTEZARGUES-TAVEL-ROSE.jpg","datePublished":"2024-06-21T13:28:36+00:00","dateModified":"2024-06-21T13:31:15+00:00","description":"Un Tavel tout en finesse, \u00e9l\u00e9gance et fra\u00eecheur. Un ros\u00e9 de garde et de gastronomie \u00e0 d\u00e9guster avec des plats estivaux ou des classiques proven\u00e7aux.","breadcrumb":{"@id":"https:\/\/www.domainesrichard.fr\/prieure-de-montezargues\/vin\/prieure-de-montezargues-2023\/#breadcrumb"},"inLanguage":"fr-FR","potentialAction":[{"@type":"ReadAction","target":["https:\/\/www.domainesrichard.fr\/prieure-de-montezargues\/vin\/prieure-de-montezargues-2023\/"]}]},{"@type":"ImageObject","inLanguage":"fr-FR","@id":"https:\/\/www.domainesrichard.fr\/prieure-de-montezargues\/vin\/prieure-de-montezargues-2023\/#primaryimage","url":"https:\/\/www.domainesrichard.fr\/prieure-de-montezargues\/wp-content\/uploads\/sites\/4\/2022\/09\/MONTEZARGUES-TAVEL-ROSE.jpg","contentUrl":"https:\/\/www.domainesrichard.fr\/prieure-de-montezargues\/wp-content\/uploads\/sites\/4\/2022\/09\/MONTEZARGUES-TAVEL-ROSE.jpg","width":600,"height":600,"caption":"Prieur\u00e9 de Mont\u00e9zargues"},{"@type":"BreadcrumbList","@id":"https:\/\/www.domainesrichard.fr\/prieure-de-montezargues\/vin\/prieure-de-montezargues-2023\/#breadcrumb","itemListElement":[{"@type":"ListItem","position":1,"name":"Vin","item":"https:\/\/www.domainesrichard.fr\/prieure-de-montezargues\/vins\/"},{"@type":"ListItem","position":2,"name":"Prieur\u00e9 de Mont\u00e9zargues 2023"}]},{"@type":"WebSite","@id":"https:\/\/www.domainesrichard.fr\/prieure-de-montezargues\/#website","url":"https:\/\/www.domainesrichard.fr\/prieure-de-montezargues\/","name":"Prieur\u00e9 de Mont\u00e9zargues","description":"Un \u00e9den proven\u00e7al","publisher":{"@id":"https:\/\/www.domainesrichard.fr\/prieure-de-montezargues\/#organization"},"potentialAction":[{"@type":"SearchAction","target":{"@type":"EntryPoint","urlTemplate":"https:\/\/www.domainesrichard.fr\/prieure-de-montezargues\/?s={search_term_string}"},"query-input":{"@type":"PropertyValueSpecification","valueRequired":true,"valueName":"search_term_string"}}],"inLanguage":"fr-FR"},{"@type":"Organization","@id":"https:\/\/www.domainesrichard.fr\/prieure-de-montezargues\/#organization","name":"Prieur\u00e9 de Mont\u00e9zargues","url":"https:\/\/www.domainesrichard.fr\/prieure-de-montezargues\/","logo":{"@type":"ImageObject","inLanguage":"fr-FR","@id":"https:\/\/www.domainesrichard.fr\/prieure-de-montezargues\/#\/schema\/logo\/image\/","url":"https:\/\/www.domainesrichard.fr\/prieure-de-montezargues\/wp-content\/uploads\/sites\/4\/2022\/03\/Prieure-de-montezargues-logo.png","contentUrl":"https:\/\/www.domainesrichard.fr\/prieure-de-montezargues\/wp-content\/uploads\/sites\/4\/2022\/03\/Prieure-de-montezargues-logo.png","width":600,"height":221,"caption":"Prieur\u00e9 de Mont\u00e9zargues"},"image":{"@id":"https:\/\/www.domainesrichard.fr\/prieure-de-montezargues\/#\/schema\/logo\/image\/"},"sameAs":["https:\/\/www.facebook.com\/prieuredemontezargues","https:\/\/www.instagram.com\/prieuredemontezargues","https:\/\/www.linkedin.com\/company\/domaines-richard"]}]}},"_links":{"self":[{"href":"https:\/\/www.domainesrichard.fr\/prieure-de-montezargues\/wp-json\/wp\/v2\/product\/567","targetHints":{"allow":["GET"]}}],"collection":[{"href":"https:\/\/www.domainesrichard.fr\/prieure-de-montezargues\/wp-json\/wp\/v2\/product"}],"about":[{"href":"https:\/\/www.domainesrichard.fr\/prieure-de-montezargues\/wp-json\/wp\/v2\/types\/product"}],"wp:featuredmedia":[{"embeddable":true,"href":"https:\/\/www.domainesrichard.fr\/prieure-de-montezargues\/wp-json\/wp\/v2\/media\/558"}],"wp:attachment":[{"href":"https:\/\/www.domainesrichard.fr\/prieure-de-montezargues\/wp-json\/wp\/v2\/media?parent=567"}],"wp:term":[{"taxonomy":"product_brand","embeddable":true,"href":"https:\/\/www.domainesrichard.fr\/prieure-de-montezargues\/wp-json\/wp\/v2\/product_brand?post=567"},{"taxonomy":"product_cat","embeddable":true,"href":"https:\/\/www.domainesrichard.fr\/prieure-de-montezargues\/wp-json\/wp\/v2\/product_cat?post=567"},{"taxonomy":"product_tag","embeddable":true,"href":"https:\/\/www.domainesrichard.fr\/prieure-de-montezargues\/wp-json\/wp\/v2\/product_tag?post=567"}],"curies":[{"name":"wp","href":"https:\/\/api.w.org\/{rel}","templated":true}]}}